{"id":969,"date":"2019-02-01T23:10:55","date_gmt":"2019-02-01T23:10:55","guid":{"rendered":"http:\/\/consignostage.wpenginepowered.com\/?page_id=969"},"modified":"2019-02-01T23:12:21","modified_gmt":"2019-02-01T23:12:21","slug":"creer-et-utiliser-un-modele","status":"publish","type":"page","link":"https:\/\/consignocloud.com\/fr\/creer-et-utiliser-un-modele\/","title":{"rendered":"Cr\u00e9er et utiliser un mod\u00e8le"},"content":{"rendered":"<div class=\"wpb-content-wrapper\"><p>[vc_row el_class=\u00a0\u00bbhelp-text-block\u00a0\u00bb][vc_column][vc_column_text el_class=\u00a0\u00bbhelp-title\u00a0\u00bb]<\/p>\n<h1 style=\"text-align: center;\">AIDE<\/h1>\n<p>[\/vc_column_text][vc_column_text el_class=\u00a0\u00bbhelp-subtitle\u00a0\u00bb]<\/p>\n<h2 style=\"text-align: center;\">Guide d\u2019utilisation de ConsignO Cloud<\/h2>\n<p>[\/vc_column_text][\/vc_column][\/vc_row][vc_row el_class=\u00a0\u00bbhelp-text-block\u00a0\u00bb][vc_column][vc_column_text el_class=\u00a0\u00bbhelp-title-text\u00a0\u00bb]<\/p>\n<h3 style=\"text-align: center;\">Cr\u00e9er et utiliser un mod\u00e8le<\/h3>\n<p>[\/vc_column_text][vc_raw_html]JTNDcCUzRURpc3BvbmlibGUlMjBhdmVjJTIwJTNBJTIwJTNDc3BhbiUyMGNsYXNzJTNEJTIydHlwZS1wcm9kdWN0LWluc2lkZSUyMiUzRSUzQ2klMjBjbGFzcyUzRCUyMmZhcyUyMGZhLWNpcmNsZSUyMGJsYWNrJTIyJTNFJTNDJTJGaSUzRSUyMEZvcmZhaXQlMjBpbmRpdmlkdWVsJTIwJTNDaSUyMGNsYXNzJTNEJTIyZmFzJTIwZmEtY2lyY2xlJTIwYmx1ZSUyMiUzRSUzQyUyRmklM0UlMjBGb3JmYWl0JTIwYWZmYWlyZXMlMjAlM0NpJTIwY2xhc3MlM0QlMjJmYXMlMjBmYS1jaXJjbGUlMjBvcmFuZ2UlMjIlM0UlM0MlMkZpJTNFJTIwRm9yZmFpdCUyMGVudHJlcHJpc2UlM0MlMkZzcGFuJTNFJTNDJTJGcCUzRQ==[\/vc_raw_html][vc_column_text el_class=\u00a0\u00bbhelp-highlights-title\u00a0\u00bb]<\/p>\n<h3><strong>CR\u00c9ATION D&rsquo;UN MOD\u00c8LE<\/strong><\/h3>\n<p>[\/vc_column_text][vc_column_text]1. Dans la barre lat\u00e9rale gauche, cliquez sur l&rsquo;ic\u00f4ne<strong>\u00a0<\/strong>de<strong> mod\u00e8le<\/strong>\u00a0\u00e0 partir du tableau de bord.[\/vc_column_text][vc_single_image image=\u00a0\u00bb970&Prime; img_size=\u00a0\u00bbfull\u00a0\u00bb el_class=\u00a0\u00bbhelp-highlights-img\u00a0\u00bb][vc_column_text]2. Cliquez sur\u00a0<strong>Nouveau mod\u00e8le<\/strong>.[\/vc_column_text][vc_single_image image=\u00a0\u00bb972&Prime; img_size=\u00a0\u00bbfull\u00a0\u00bb el_class=\u00a0\u00bbhelp-highlights-img\u00a0\u00bb][vc_column_text]3. Une fois les param\u00e8tres d\u00e9finis, cliquez sur <strong>Sauvegarder. <\/strong>Voici un exemple de mod\u00e8le de projet comportant <u>un signataire d\u00e9fini, sans zone de signature sp\u00e9cifi\u00e9e<\/u><span style=\"text-decoration: underline;\">.<\/span>[\/vc_column_text][vc_single_image image=\u00a0\u00bb974&Prime; img_size=\u00a0\u00bbfull\u00a0\u00bb el_class=\u00a0\u00bbhelp-highlights-img\u00a0\u00bb][vc_single_image image=\u00a0\u00bb976&Prime; img_size=\u00a0\u00bbfull\u00a0\u00bb el_class=\u00a0\u00bbhelp-highlights-img\u00a0\u00bb][vc_column_text]4. Afin d&rsquo;utiliser un mod\u00e8le de projet sauvegard\u00e9, cliquez sur l&rsquo;ic\u00f4ne <strong>Utiliser ce mod\u00e8le<\/strong>.[\/vc_column_text][vc_single_image image=\u00a0\u00bb978&Prime; img_size=\u00a0\u00bbfull\u00a0\u00bb el_class=\u00a0\u00bbhelp-highlights-img\u00a0\u00bb][vc_column_text]5. Une fois les modifications entr\u00e9es (s&rsquo;il y a lieu), lancez le projet en cliquant sur\u00a0<strong>Lancer<\/strong>.[\/vc_column_text][vc_single_image image=\u00a0\u00bb980&Prime; img_size=\u00a0\u00bbfull\u00a0\u00bb el_class=\u00a0\u00bbhelp-highlights-img\u00a0\u00bb][vc_column_text]6. Vous pouvez \u00e9galement cr\u00e9er un projet \u00e0 partir d\u2019un mod\u00e8le depuis le tableau de bord en cliquant sur la\u00a0<strong>fl\u00e8che<\/strong>\u00a0du menu d\u00e9roulant Nouveau projet.[\/vc_column_text][vc_single_image image=\u00a0\u00bb982&Prime; img_size=\u00a0\u00bbfull\u00a0\u00bb el_class=\u00a0\u00bbhelp-highlights-img\u00a0\u00bb][vc_single_image image=\u00a0\u00bb984&Prime; img_size=\u00a0\u00bbfull\u00a0\u00bb el_class=\u00a0\u00bbhelp-highlights-img\u00a0\u00bb][vc_column_text el_class=\u00a0\u00bbhelp-highlights-title\u00a0\u00bb]<\/p>\n<h3><strong>TYPES DE MOD\u00c8LES<\/strong><\/h3>\n<p>[\/vc_column_text][vc_column_text]1. A) Voici un exemple de mod\u00e8le de projet comportant <u>un signataire d\u00e9fini, sans zone de signature sp\u00e9cifi\u00e9e.<\/u>[\/vc_column_text][vc_single_image image=\u00a0\u00bb986&Prime; img_size=\u00a0\u00bbfull\u00a0\u00bb el_class=\u00a0\u00bbhelp-highlights-img\u00a0\u00bb][vc_column_text]1. B) Voici un exemple de mod\u00e8le de projet pour lequel <u>un signataire et une zone de signature ont \u00e9t\u00e9 d\u00e9finis.<\/u>[\/vc_column_text][vc_single_image image=\u00a0\u00bb988&Prime; img_size=\u00a0\u00bbfull\u00a0\u00bb el_class=\u00a0\u00bbhelp-highlights-img\u00a0\u00bb][vc_column_text]1. C) Voici un exemple de mod\u00e8le de projet pour lequel <u>un signataire a \u00e9t\u00e9 d\u00e9fini.<\/u>[\/vc_column_text][vc_single_image image=\u00a0\u00bb990&Prime; img_size=\u00a0\u00bbfull\u00a0\u00bb el_class=\u00a0\u00bbhelp-highlights-img\u00a0\u00bb][vc_column_text]1. D) Voici un exemple de mod\u00e8le de projet\u00a0comportant <u>un document, sans signataire d\u00e9fini.<\/u>[\/vc_column_text][vc_single_image image=\u00a0\u00bb992&Prime; img_size=\u00a0\u00bbfull\u00a0\u00bb el_class=\u00a0\u00bbhelp-highlights-img\u00a0\u00bb][vc_column_text]2. Vous pouvez \u00e9galement cr\u00e9er un mod\u00e8le avec un signataire \u00ab\u00a0ind\u00e9fini\u00a0\u00bb. Voici un exemple de mod\u00e8le de projet comportant\u00a0<u>un document, un signataire d\u00e9fini et un signataire ind\u00e9fini.<\/u>\u00a0Pour ajouter un signataire ind\u00e9fini, cliquez sur la <strong>fl\u00e8che <\/strong>du menu d\u00e9roulant Signataires.[\/vc_column_text][vc_single_image image=\u00a0\u00bb994&Prime; img_size=\u00a0\u00bbfull\u00a0\u00bb el_class=\u00a0\u00bbhelp-highlights-img\u00a0\u00bb][vc_column_text]3. S\u00e9lectionnez\u00a0<strong>Signataire ind\u00e9fini<\/strong>.[\/vc_column_text][vc_single_image image=\u00a0\u00bb996&Prime; img_size=\u00a0\u00bbfull\u00a0\u00bb el_class=\u00a0\u00bbhelp-highlights-img\u00a0\u00bb][vc_column_text]4. Remplissez le champ, puis cliquez sur\u00a0<strong>Sauvegarder<\/strong>.[\/vc_column_text][vc_single_image image=\u00a0\u00bb998&Prime; img_size=\u00a0\u00bbfull\u00a0\u00bb el_class=\u00a0\u00bbhelp-highlights-img\u00a0\u00bb][vc_single_image image=\u00a0\u00bb1000&Prime; img_size=\u00a0\u00bbfull\u00a0\u00bb el_class=\u00a0\u00bbhelp-highlights-img\u00a0\u00bb][vc_column_text]5. Une fois que vous serez en mesure de d\u00e9finir le signataire, cliquez sur l&rsquo;ic\u00f4ne du\u00a0<strong>personnage<\/strong>.[\/vc_column_text][vc_single_image image=\u00a0\u00bb1002&Prime; img_size=\u00a0\u00bbfull\u00a0\u00bb el_class=\u00a0\u00bbhelp-highlights-img\u00a0\u00bb][vc_column_text]6. Vous pourrez alors assigner le r\u00f4le \u00e0 un contact du carnet d&rsquo;adresses (comme dans l\u2019exemple ci-dessous) ou \u00e0 un nouveau signataire. Cliquez sur\u00a0<strong>Assigner<\/strong>\u00a0pour confirmer.[\/vc_column_text][vc_single_image image=\u00a0\u00bb1004&Prime; img_size=\u00a0\u00bbfull\u00a0\u00bb el_class=\u00a0\u00bbhelp-highlights-img\u00a0\u00bb][vc_single_image image=\u00a0\u00bb1006&Prime; img_size=\u00a0\u00bbfull\u00a0\u00bb el_class=\u00a0\u00bbhelp-highlights-img\u00a0\u00bb][vc_column_text el_class=\u00a0\u00bbhelp-highlights-title\u00a0\u00bb]<\/p>\n<h3><strong>MODIFICATION D&rsquo;UN MOD\u00c8LE<\/strong><\/h3>\n<p>[\/vc_column_text][vc_column_text]1. Cliquez sur l&rsquo;ic\u00f4ne du\u00a0<strong>crayon<\/strong>\u00a0\u00e0 partir du\u00a0tableau de bord.[\/vc_column_text][vc_single_image image=\u00a0\u00bb1008&Prime; img_size=\u00a0\u00bbfull\u00a0\u00bb el_class=\u00a0\u00bbhelp-highlights-img\u00a0\u00bb][vc_column_text]2. Apportez les modifications n\u00e9cessaires. Vous pouvez \u00e9galement modifier la dur\u00e9e d\u2019un projet qui n\u2019est pas expir\u00e9 dans les param\u00e8tres du mod\u00e8le utilis\u00e9. Pour ce faire, cliquez sur la\u00a0<strong>fl\u00e8che<\/strong>\u00a0du menu d\u00e9roulant vous permettant d\u2019entrer la dur\u00e9e.[\/vc_column_text][vc_single_image image=\u00a0\u00bb1010&Prime; img_size=\u00a0\u00bbfull\u00a0\u00bb el_class=\u00a0\u00bbhelp-highlights-img\u00a0\u00bb][vc_column_text]3. Une fois les modifications entr\u00e9es, cliquez sur\u00a0<strong>Appliquer<\/strong>.[\/vc_column_text][vc_single_image image=\u00a0\u00bb1012&Prime; img_size=\u00a0\u00bbfull\u00a0\u00bb el_class=\u00a0\u00bbhelp-highlights-img\u00a0\u00bb][vc_column_text el_class=\u00a0\u00bbhelp-highlights-title\u00a0\u00bb]<\/p>\n<h3><strong>SUPPRESSION D&rsquo;UN MOD\u00c8LE<\/strong><\/h3>\n<p>[\/vc_column_text][vc_column_text]1. Cliquez sur l&rsquo;ic\u00f4ne de la\u00a0<strong>corbeille<\/strong>\u00a0\u00e0 partir du tableau de bord.[\/vc_column_text][vc_single_image image=\u00a0\u00bb1014&Prime; img_size=\u00a0\u00bbfull\u00a0\u00bb el_class=\u00a0\u00bbhelp-highlights-img\u00a0\u00bb][vc_column_text]2. Confirmez l&rsquo;action en cliquant sur\u00a0<strong>Supprimer<\/strong>.[\/vc_column_text][vc_single_image image=\u00a0\u00bb1016&Prime; img_size=\u00a0\u00bbfull\u00a0\u00bb el_class=\u00a0\u00bbhelp-highlights-img\u00a0\u00bb][vc_single_image image=\u00a0\u00bb1018&Prime; img_size=\u00a0\u00bbfull\u00a0\u00bb el_class=\u00a0\u00bbhelp-highlights-img\u00a0\u00bb][vc_empty_space height=\u00a0\u00bb80px\u00a0\u00bb][\/vc_column][\/vc_row]<\/p>\n<\/div>","protected":false},"excerpt":{"rendered":"<p>[vc_row el_class=\u00a0\u00bbhelp-text-block\u00a0\u00bb][vc_column][vc_column_text el_class=\u00a0\u00bbhelp-title\u00a0\u00bb] AIDE [\/vc_column_text][vc_column_text el_class=\u00a0\u00bbhelp-subtitle\u00a0\u00bb] Guide d\u2019utilisation de ConsignO Cloud [\/vc_column_text][\/vc_column][\/vc_row][vc_row el_class=\u00a0\u00bbhelp-text-block\u00a0\u00bb][vc_column][vc_column_text el_class=\u00a0\u00bbhelp-title-text\u00a0\u00bb] Cr\u00e9er et utiliser un mod\u00e8le [\/vc_column_text][vc_raw_html]JTNDcCUzRURpc3BvbmlibGUlMjBhdmVjJTIwJTNBJTIwJTNDc3BhbiUyMGNsYXNzJTNEJTIydHlwZS1wcm9kdWN0LWluc2lkZSUyMiUzRSUzQ2klMjBjbGFzcyUzRCUyMmZhcyUyMGZhLWNpcmNsZSUyMGJsYWNrJTIyJTNFJTNDJTJGaSUzRSUyMEZvcmZhaXQlMjBpbmRpdmlkdWVsJTIwJTNDaSUyMGNsYXNzJTNEJTIyZmFzJTIwZmEtY2lyY2xlJTIwYmx1ZSUyMiUzRSUzQyUyRmklM0UlMjBGb3JmYWl0JTIwYWZmYWlyZXMlMjAlM0NpJTIwY2xhc3MlM0QlMjJmYXMlMjBmYS1jaXJjbGUlMjBvcmFuZ2UlMjIlM0UlM0MlMkZpJTNFJTIwRm9yZmFpdCUyMGVudHJlcHJpc2UlM0MlMkZzcGFuJTNFJTNDJTJGcCUzRQ==[\/vc_raw_html][vc_column_text el_class=\u00a0\u00bbhelp-highlights-title\u00a0\u00bb] CR\u00c9ATION D&rsquo;UN MOD\u00c8LE [\/vc_column_text][vc_column_text]1. Dans la barre lat\u00e9rale gauche, cliquez sur l&rsquo;ic\u00f4ne\u00a0de mod\u00e8le\u00a0\u00e0 partir du tableau de bord.[\/vc_column_text][vc_single_image image=\u00a0\u00bb970&Prime; img_size=\u00a0\u00bbfull\u00a0\u00bb el_class=\u00a0\u00bbhelp-highlights-img\u00a0\u00bb][vc_column_text]2. Cliquez sur\u00a0Nouveau mod\u00e8le.[\/vc_column_text][vc_single_image image=\u00a0\u00bb972&Prime; img_size=\u00a0\u00bbfull\u00a0\u00bb el_class=\u00a0\u00bbhelp-highlights-img\u00a0\u00bb][vc_column_text]3. Une fois les param\u00e8tres d\u00e9finis, cliquez sur&hellip;<\/p>\n","protected":false},"author":7,"featured_media":0,"parent":0,"menu_order":0,"comment_status":"closed","ping_status":"closed","template":"","meta":{"footnotes":""},"class_list":["post-969","page","type-page","status-publish","hentry","description-off"],"_links":{"self":[{"href":"https:\/\/consignocloud.com\/fr\/wp-json\/wp\/v2\/pages\/969","targetHints":{"allow":["GET"]}}],"collection":[{"href":"https:\/\/consignocloud.com\/fr\/wp-json\/wp\/v2\/pages"}],"about":[{"href":"https:\/\/consignocloud.com\/fr\/wp-json\/wp\/v2\/types\/page"}],"author":[{"embeddable":true,"href":"https:\/\/consignocloud.com\/fr\/wp-json\/wp\/v2\/users\/7"}],"replies":[{"embeddable":true,"href":"https:\/\/consignocloud.com\/fr\/wp-json\/wp\/v2\/comments?post=969"}],"version-history":[{"count":0,"href":"https:\/\/consignocloud.com\/fr\/wp-json\/wp\/v2\/pages\/969\/revisions"}],"wp:attachment":[{"href":"https:\/\/consignocloud.com\/fr\/wp-json\/wp\/v2\/media?parent=969"}],"curies":[{"name":"wp","href":"https:\/\/api.w.org\/{rel}","templated":true}]}}