{"id":924,"date":"2019-02-01T21:31:56","date_gmt":"2019-02-01T21:31:56","guid":{"rendered":"http:\/\/consignostage.wpenginepowered.com\/?page_id=924"},"modified":"2019-02-01T21:32:38","modified_gmt":"2019-02-01T21:32:38","slug":"le-tableau-de-bord","status":"publish","type":"page","link":"https:\/\/consignocloud.com\/fr\/le-tableau-de-bord\/","title":{"rendered":"Le tableau de bord"},"content":{"rendered":"<div class=\"wpb-content-wrapper\"><p>[vc_row el_class=\u00a0\u00bbhelp-text-block\u00a0\u00bb][vc_column][vc_column_text el_class=\u00a0\u00bbhelp-title\u00a0\u00bb]<\/p>\n<h1 style=\"text-align: center;\">AIDE<\/h1>\n<p>[\/vc_column_text][vc_column_text el_class=\u00a0\u00bbhelp-subtitle\u00a0\u00bb]<\/p>\n<h2 style=\"text-align: center;\">Guide d\u2019utilisation de ConsignO Cloud<\/h2>\n<p>[\/vc_column_text][\/vc_column][\/vc_row][vc_row el_class=\u00a0\u00bbhelp-text-block\u00a0\u00bb][vc_column][vc_column_text el_class=\u00a0\u00bbhelp-title-text\u00a0\u00bb]<\/p>\n<h3 style=\"text-align: center;\">Le tableau de bord<\/h3>\n<p>[\/vc_column_text][vc_raw_html]JTNDcCUzRURpc3BvbmlibGUlMjBhdmVjJTIwJTNBJTIwJTNDc3BhbiUyMGNsYXNzJTNEJTIydHlwZS1wcm9kdWN0LWluc2lkZSUyMiUzRSUzQ2klMjBjbGFzcyUzRCUyMmZhcyUyMGZhLWNpcmNsZSUyMGJsYWNrJTIyJTNFJTNDJTJGaSUzRSUyMEZvcmZhaXQlMjBpbmRpdmlkdWVsJTIwJTNDaSUyMGNsYXNzJTNEJTIyZmFzJTIwZmEtY2lyY2xlJTIwYmx1ZSUyMiUzRSUzQyUyRmklM0UlMjBGb3JmYWl0JTIwYWZmYWlyZXMlMjAlM0NpJTIwY2xhc3MlM0QlMjJmYXMlMjBmYS1jaXJjbGUlMjBvcmFuZ2UlMjIlM0UlM0MlMkZpJTNFJTIwRm9yZmFpdCUyMGVudHJlcHJpc2UlM0MlMkZzcGFuJTNFJTNDJTJGcCUzRQ==[\/vc_raw_html][vc_column_text]Voici une repr\u00e9sentation du tableau de bord de ConsignO Cloud :[\/vc_column_text][vc_single_image image=\u00a0\u00bb925&Prime; img_size=\u00a0\u00bbfull\u00a0\u00bb el_class=\u00a0\u00bbhelp-highlights-img\u00a0\u00bb][vc_column_text el_class=\u00a0\u00bbhelp-highlights-title\u00a0\u00bb]<\/p>\n<h3><b>RECHERCHE<\/b><\/h3>\n<p>[\/vc_column_text][vc_column_text]1. Dans le <strong>champ de recherche<\/strong>, entrez le nom du projet recherch\u00e9.[\/vc_column_text][vc_single_image image=\u00a0\u00bb927&Prime; img_size=\u00a0\u00bbfull\u00a0\u00bb el_class=\u00a0\u00bbhelp-highlights-img\u00a0\u00bb][vc_column_text el_class=\u00a0\u00bbhelp-highlights-title\u00a0\u00bb]<\/p>\n<h3><strong>ORDRE DES PROJETS<\/strong><\/h3>\n<p>[\/vc_column_text][vc_column_text]1. Cliquez sur\u00a0<strong>Nom<\/strong>\u00a0pour afficher les projets par ordre alphab\u00e9tique de nom (de A \u00e0 Z ou de Z \u00e0 A).[\/vc_column_text][vc_single_image image=\u00a0\u00bb929&Prime; img_size=\u00a0\u00bbfull\u00a0\u00bb el_class=\u00a0\u00bbhelp-highlights-img\u00a0\u00bb][vc_single_image image=\u00a0\u00bb931&Prime; img_size=\u00a0\u00bbfull\u00a0\u00bb el_class=\u00a0\u00bbhelp-highlights-img\u00a0\u00bb][vc_column_text]2.\u00a0Cliquez sur\u00a0<strong>Statut<\/strong>\u00a0pour afficher les projets par ordre alphab\u00e9tique de statut (de A \u00e0 Z ou de Z \u00e0 A).[\/vc_column_text][vc_column_text]Les diff\u00e9rents statuts sont :<\/p>\n<ul>\n<li>Brouillon \u2013 Le projet de signature a \u00e9t\u00e9 sauvegard\u00e9, mais il n&rsquo;a pas encore \u00e9t\u00e9 lanc\u00e9.<\/li>\n<li>En cours \u2013 Le projet de signature a \u00e9t\u00e9 lanc\u00e9, et le ou les premiers signataires ont re\u00e7u une notification les invitant \u00e0 signer le document.<\/li>\n<li>Expir\u00e9 \u2013 Le projet de signature a atteint sa date d&rsquo;expiration, et au moins un signataire n\u2019a pas sign\u00e9.<\/li>\n<li>Termin\u00e9 \u2013 Le projet de signature est termin\u00e9, et tous les signataires ont sign\u00e9. Le journal d&rsquo;audit ainsi que les documents sign\u00e9s sont disponibles.<\/li>\n<li>Refus\u00e9 \u2013 Un des signataires a refus\u00e9 de signer. Le projet est suspendu.<\/li>\n<li>\u00c0 signer \u2013 Le projet de signature requiert la signature du gestionnaire de projet.<\/li>\n<\/ul>\n<p>[\/vc_column_text][vc_single_image image=\u00a0\u00bb933&Prime; img_size=\u00a0\u00bbfull\u00a0\u00bb el_class=\u00a0\u00bbhelp-highlights-img\u00a0\u00bb][vc_single_image image=\u00a0\u00bb935&Prime; img_size=\u00a0\u00bbfull\u00a0\u00bb el_class=\u00a0\u00bbhelp-highlights-img\u00a0\u00bb][vc_column_text]3. Cliquez sur la fl\u00e8che du menu d\u00e9roulant\u00a0<strong>Tous<\/strong>, puis s\u00e9lectionnez un statut pour afficher vos projets par statut.[\/vc_column_text][vc_single_image image=\u00a0\u00bb937&Prime; img_size=\u00a0\u00bbfull\u00a0\u00bb el_class=\u00a0\u00bbhelp-highlights-img\u00a0\u00bb][vc_column_text el_class=\u00a0\u00bbhelp-highlights-title\u00a0\u00bb]<\/p>\n<h3><strong>D\u00c9TAILS DES PROJETS<\/strong><\/h3>\n<p>[\/vc_column_text][vc_column_text]1.\u00a0Sous la colonne\u00a0<strong>D\u00e9tails<\/strong>,\u00a0cliquez sur l&rsquo;hyperlien d&rsquo;un projet afin de conna\u00eetre les d\u00e9tails concernant l&rsquo;avancement des signatures.[\/vc_column_text][vc_single_image image=\u00a0\u00bb939&Prime; img_size=\u00a0\u00bbfull\u00a0\u00bb el_class=\u00a0\u00bbhelp-highlights-img\u00a0\u00bb][vc_column_text el_class=\u00a0\u00bbhelp-highlights-txt\u00a0\u00bb]<strong><img loading=\"lazy\" decoding=\"async\" class=\"alignnone size-full wp-image-871\" src=\"http:\/\/consignocloud.com\/wp-content\/uploads\/2019\/02\/icon-infos-small.png\" alt=\"\" width=\"16\" height=\"16\" \/><\/strong>\u00a0Le statut de signature de chaque signataire s\u2019affiche sous la colonne\u00a0<strong>Statut<\/strong>. La colonne\u00a0<strong>Rappel<\/strong> indique quand la prochaine notification automatique sera envoy\u00e9e.[\/vc_column_text][vc_single_image image=\u00a0\u00bb941&Prime; img_size=\u00a0\u00bbfull\u00a0\u00bb el_class=\u00a0\u00bbhelp-highlights-img\u00a0\u00bb][vc_column_text el_class=\u00a0\u00bbhelp-highlights-title\u00a0\u00bb]<\/p>\n<h3>LES IC\u00d4NES<\/h3>\n<p>[\/vc_column_text][vc_column_text]1.\u00a0Pour un projet \u00ab\u00a0Refus\u00e9\u00a0\u00bb, cliquez sur l&rsquo;ic\u00f4ne de<strong>\u00a0l&rsquo;\u0153il<\/strong>\u00a0pour conna\u00eetre la raison du refus.[\/vc_column_text][vc_single_image image=\u00a0\u00bb943&Prime; img_size=\u00a0\u00bbfull\u00a0\u00bb el_class=\u00a0\u00bbhelp-highlights-img\u00a0\u00bb][vc_single_image image=\u00a0\u00bb945&Prime; img_size=\u00a0\u00bbfull\u00a0\u00bb el_class=\u00a0\u00bbhelp-highlights-img\u00a0\u00bb][vc_column_text]2. Pour un projet \u00ab\u00a0En cours\u00a0\u00bb ou \u00ab\u00a0Brouillon\u00a0\u00bb, cliquez sur l&rsquo;ic\u00f4ne du\u00a0<strong>crayon<\/strong>\u00a0afin de modifier le projet.[\/vc_column_text][vc_single_image image=\u00a0\u00bb947&Prime; img_size=\u00a0\u00bbfull\u00a0\u00bb el_class=\u00a0\u00bbhelp-highlights-img\u00a0\u00bb][vc_column_text]3. Pour un projet \u00ab\u00a0Brouillon\u00a0\u00bb, cliquez sur l&rsquo;ic\u00f4ne de\u00a0<strong>l&rsquo;avion en papier<\/strong>\u00a0pour lancer le projet.[\/vc_column_text][vc_single_image image=\u00a0\u00bb949&Prime; img_size=\u00a0\u00bbfull\u00a0\u00bb el_class=\u00a0\u00bbhelp-highlights-img\u00a0\u00bb][vc_column_text]4. Pour un projet \u00ab\u00a0En cours\u00a0\u00bb, cliquez sur l&rsquo;ic\u00f4ne du\u00a0<strong>doigt point\u00e9<\/strong>\u00a0afin d&rsquo;envoyer un rappel aux signataires \u00e0 qui le tour est venu de signer. Cette fonction peut \u00eatre utilis\u00e9e par le gestionnaire de projet lorsque celui-ci croit que le signataire a oubli\u00e9 le projet ou n&rsquo;a pas re\u00e7u le premier courriel de notification.[\/vc_column_text][vc_single_image image=\u00a0\u00bb951&Prime; img_size=\u00a0\u00bbfull\u00a0\u00bb el_class=\u00a0\u00bbhelp-highlights-img\u00a0\u00bb][vc_column_text]5. Pour un projet \u00ab\u00a0En cours\u00a0\u00bb, cliquez sur l&rsquo;ic\u00f4ne du\u00a0<strong>crochet<\/strong>\u00a0afin de signer le projet \u00e0 partir du tableau de bord. Cette ic\u00f4ne indique au gestionnaire de projet que son tour est venu de signer.[\/vc_column_text][vc_single_image image=\u00a0\u00bb953&Prime; img_size=\u00a0\u00bbfull\u00a0\u00bb el_class=\u00a0\u00bbhelp-highlights-img\u00a0\u00bb][vc_column_text]6. Pour un projet \u00ab\u00a0Termin\u00e9\u00a0\u00bb, cliquez sur l&rsquo;ic\u00f4ne du\u00a0<strong>document<\/strong>\u00a0pour t\u00e9l\u00e9charger le\u00a0journal d&rsquo;audit,\u00a0et sur l&rsquo;ic\u00f4ne du\u00a0<strong>nuage<\/strong>\u00a0pour t\u00e9l\u00e9charger le ou les documents sign\u00e9s.[\/vc_column_text][vc_single_image image=\u00a0\u00bb955&Prime; img_size=\u00a0\u00bbfull\u00a0\u00bb el_class=\u00a0\u00bbhelp-highlights-img\u00a0\u00bb][vc_single_image image=\u00a0\u00bb957&Prime; img_size=\u00a0\u00bbfull\u00a0\u00bb el_class=\u00a0\u00bbhelp-highlights-img\u00a0\u00bb][vc_column_text]7. Cliquez sur l&rsquo;ic\u00f4ne de la\u00a0<strong>corbeille<\/strong>\u00a0afin de supprimer un projet de la liste.[\/vc_column_text][vc_single_image image=\u00a0\u00bb959&Prime; img_size=\u00a0\u00bbfull\u00a0\u00bb el_class=\u00a0\u00bbhelp-highlights-img\u00a0\u00bb][vc_column_text]8.\u00a0Le menu de la barre lat\u00e9rale<\/p>\n<p>Depuis le <strong>menu de la barre lat\u00e9rale<\/strong> \u00e0 gauche de l\u2019\u00e9cran, cliquez sur l&rsquo;ic\u00f4ne du\u00a0<strong>document<\/strong>\u00a0pour cr\u00e9er un mod\u00e8le de projet ou acc\u00e9der \u00e0 la liste des mod\u00e8les de projet.[\/vc_column_text][vc_single_image image=\u00a0\u00bb961&Prime; img_size=\u00a0\u00bbfull\u00a0\u00bb el_class=\u00a0\u00bbhelp-highlights-img\u00a0\u00bb][vc_column_text]Depuis le\u00a0<strong>menu de la barre lat\u00e9rale<\/strong>, cliquez sur l&rsquo;ic\u00f4ne du\u00a0<strong>personnage<\/strong>\u00a0pour retourner au tableau de bord principal.[\/vc_column_text][vc_single_image image=\u00a0\u00bb963&Prime; img_size=\u00a0\u00bbfull\u00a0\u00bb el_class=\u00a0\u00bbhelp-highlights-img\u00a0\u00bb][vc_column_text]9. Cliquez sur la\u00a0<strong>fl\u00e8che<\/strong>\u00a0\u00e0 droite du nombre de projets par page pour choisir le nombre de projets que vous voulez afficher par page.[\/vc_column_text][vc_single_image image=\u00a0\u00bb965&Prime; img_size=\u00a0\u00bbfull\u00a0\u00bb el_class=\u00a0\u00bbhelp-highlights-img\u00a0\u00bb][vc_column_text el_class=\u00a0\u00bbhelp-highlights-title\u00a0\u00bb]<\/p>\n<h3><strong>GESTION DU COMPTE<\/strong><\/h3>\n<p>[\/vc_column_text][vc_column_text]1. Cliquez sur la fl\u00e8che du menu d\u00e9roulant \u00e0 droite de\u00a0<strong>votre nom<\/strong>\u00a0pour g\u00e9rer votre compte.[\/vc_column_text][vc_single_image image=\u00a0\u00bb967&Prime; img_size=\u00a0\u00bbfull\u00a0\u00bb el_class=\u00a0\u00bbhelp-highlights-img\u00a0\u00bb][vc_empty_space height=\u00a0\u00bb80px\u00a0\u00bb][\/vc_column][\/vc_row]<\/p>\n<\/div>","protected":false},"excerpt":{"rendered":"<p>[vc_row el_class=\u00a0\u00bbhelp-text-block\u00a0\u00bb][vc_column][vc_column_text el_class=\u00a0\u00bbhelp-title\u00a0\u00bb] AIDE [\/vc_column_text][vc_column_text el_class=\u00a0\u00bbhelp-subtitle\u00a0\u00bb] Guide d\u2019utilisation de ConsignO Cloud [\/vc_column_text][\/vc_column][\/vc_row][vc_row el_class=\u00a0\u00bbhelp-text-block\u00a0\u00bb][vc_column][vc_column_text el_class=\u00a0\u00bbhelp-title-text\u00a0\u00bb] Le tableau de bord [\/vc_column_text][vc_raw_html]JTNDcCUzRURpc3BvbmlibGUlMjBhdmVjJTIwJTNBJTIwJTNDc3BhbiUyMGNsYXNzJTNEJTIydHlwZS1wcm9kdWN0LWluc2lkZSUyMiUzRSUzQ2klMjBjbGFzcyUzRCUyMmZhcyUyMGZhLWNpcmNsZSUyMGJsYWNrJTIyJTNFJTNDJTJGaSUzRSUyMEZvcmZhaXQlMjBpbmRpdmlkdWVsJTIwJTNDaSUyMGNsYXNzJTNEJTIyZmFzJTIwZmEtY2lyY2xlJTIwYmx1ZSUyMiUzRSUzQyUyRmklM0UlMjBGb3JmYWl0JTIwYWZmYWlyZXMlMjAlM0NpJTIwY2xhc3MlM0QlMjJmYXMlMjBmYS1jaXJjbGUlMjBvcmFuZ2UlMjIlM0UlM0MlMkZpJTNFJTIwRm9yZmFpdCUyMGVudHJlcHJpc2UlM0MlMkZzcGFuJTNFJTNDJTJGcCUzRQ==[\/vc_raw_html][vc_column_text]Voici une repr\u00e9sentation du tableau de bord de ConsignO Cloud :[\/vc_column_text][vc_single_image image=\u00a0\u00bb925&Prime; img_size=\u00a0\u00bbfull\u00a0\u00bb el_class=\u00a0\u00bbhelp-highlights-img\u00a0\u00bb][vc_column_text el_class=\u00a0\u00bbhelp-highlights-title\u00a0\u00bb] RECHERCHE [\/vc_column_text][vc_column_text]1. Dans le champ de recherche, entrez le nom du projet recherch\u00e9.[\/vc_column_text][vc_single_image image=\u00a0\u00bb927&Prime; img_size=\u00a0\u00bbfull\u00a0\u00bb el_class=\u00a0\u00bbhelp-highlights-img\u00a0\u00bb][vc_column_text el_class=\u00a0\u00bbhelp-highlights-title\u00a0\u00bb] ORDRE DES PROJETS [\/vc_column_text][vc_column_text]1. Cliquez&hellip;<\/p>\n","protected":false},"author":29,"featured_media":0,"parent":0,"menu_order":0,"comment_status":"closed","ping_status":"closed","template":"","meta":{"footnotes":""},"class_list":["post-924","page","type-page","status-publish","hentry","description-off"],"_links":{"self":[{"href":"https:\/\/consignocloud.com\/fr\/wp-json\/wp\/v2\/pages\/924","targetHints":{"allow":["GET"]}}],"collection":[{"href":"https:\/\/consignocloud.com\/fr\/wp-json\/wp\/v2\/pages"}],"about":[{"href":"https:\/\/consignocloud.com\/fr\/wp-json\/wp\/v2\/types\/page"}],"author":[{"embeddable":true,"href":"https:\/\/consignocloud.com\/fr\/wp-json\/wp\/v2\/users\/29"}],"replies":[{"embeddable":true,"href":"https:\/\/consignocloud.com\/fr\/wp-json\/wp\/v2\/comments?post=924"}],"version-history":[{"count":0,"href":"https:\/\/consignocloud.com\/fr\/wp-json\/wp\/v2\/pages\/924\/revisions"}],"wp:attachment":[{"href":"https:\/\/consignocloud.com\/fr\/wp-json\/wp\/v2\/media?parent=924"}],"curies":[{"name":"wp","href":"https:\/\/api.w.org\/{rel}","templated":true}]}}