{"id":872,"date":"2019-02-01T19:28:44","date_gmt":"2019-02-01T19:28:44","guid":{"rendered":"http:\/\/consignostage.wpenginepowered.com\/?page_id=872"},"modified":"2019-02-01T20:15:33","modified_gmt":"2019-02-01T20:15:33","slug":"gerer-le-carnet-dadresses","status":"publish","type":"page","link":"https:\/\/consignocloud.com\/fr\/gerer-le-carnet-dadresses\/","title":{"rendered":"G\u00e9rer le carnet d&rsquo;adresses"},"content":{"rendered":"<div class=\"wpb-content-wrapper\"><p>[vc_row el_class=\u00a0\u00bbhelp-text-block\u00a0\u00bb][vc_column][vc_column_text el_class=\u00a0\u00bbhelp-title\u00a0\u00bb]<\/p>\n<h1 style=\"text-align: center;\">AIDE<\/h1>\n<p>[\/vc_column_text][vc_column_text el_class=\u00a0\u00bbhelp-subtitle\u00a0\u00bb]<\/p>\n<h2 style=\"text-align: center;\">Guide d\u2019utilisation de ConsignO Cloud<\/h2>\n<p>[\/vc_column_text][\/vc_column][\/vc_row][vc_row el_class=\u00a0\u00bbhelp-text-block\u00a0\u00bb][vc_column][vc_column_text el_class=\u00a0\u00bbhelp-title-text\u00a0\u00bb]<\/p>\n<h3 style=\"text-align: center;\">G\u00e9rer le carnet d&rsquo;adresses<\/h3>\n<p>[\/vc_column_text][vc_raw_html]JTNDcCUzRURpc3BvbmlibGUlMjBhdmVjJTIwJTNBJTIwJTNDc3BhbiUyMGNsYXNzJTNEJTIydHlwZS1wcm9kdWN0LWluc2lkZSUyMiUzRSUzQ2klMjBjbGFzcyUzRCUyMmZhcyUyMGZhLWNpcmNsZSUyMGJsYWNrJTIyJTNFJTNDJTJGaSUzRSUyMEZvcmZhaXQlMjBpbmRpdmlkdWVsJTIwJTNDaSUyMGNsYXNzJTNEJTIyZmFzJTIwZmEtY2lyY2xlJTIwYmx1ZSUyMiUzRSUzQyUyRmklM0UlMjBGb3JmYWl0JTIwYWZmYWlyZXMlMjAlM0NpJTIwY2xhc3MlM0QlMjJmYXMlMjBmYS1jaXJjbGUlMjBvcmFuZ2UlMjIlM0UlM0MlMkZpJTNFJTIwRm9yZmFpdCUyMGVudHJlcHJpc2UlM0MlMkZzcGFuJTNFJTNDJTJGcCUzRQ==[\/vc_raw_html][vc_column_text]Voici comment g\u00e9rer votre carnet d&rsquo;adresses.[\/vc_column_text][vc_raw_html]JTNDYSUyMG5hbWUlM0QlMjJnZXJlci1zb24tY2FybmV0LWRhZHJlc3NlcyUyMiUyMGNsYXNzJTNEJTIyYW5jaG9yLXRvcCUyMiUzRSUzQyUyRmElM0U=[\/vc_raw_html][vc_column_text el_class=\u00a0\u00bbhelp-highlights-title\u00a0\u00bb]<\/p>\n<h3><strong>AJOUTER UN SIGNATAIRE \u00c0 VOTRE CARNET D&rsquo;ADRESSES<\/strong><\/h3>\n<p>[\/vc_column_text][vc_column_text]1.\u00a0Dans votre tableau de bord, cliquez sur la fl\u00e8che du menu d\u00e9roulant \u00e0 droite de votre nom, puis s\u00e9lectionnez\u00a0<strong>Carnet d&rsquo;adresses<\/strong>.[\/vc_column_text][vc_single_image image=\u00a0\u00bb875&Prime; img_size=\u00a0\u00bbfull\u00a0\u00bb el_class=\u00a0\u00bbhelp-highlights-img\u00a0\u00bb][vc_column_text]2. Cliquez sur le bouton\u00a0<strong>Nouveau<\/strong>\u00a0afin d&rsquo;ajouter un signataire \u00e0 votre carnet d&rsquo;adresses.[\/vc_column_text][vc_single_image image=\u00a0\u00bb877&Prime; img_size=\u00a0\u00bbfull\u00a0\u00bb el_class=\u00a0\u00bbhelp-highlights-img\u00a0\u00bb][vc_column_text]3A.1 S\u00e9lectionnez le type de signature de votre signataire. Voici la marche \u00e0 suivre pour une\u00a0<strong>signature \u00e9lectronique de confiance\u00a0<\/strong>:[\/vc_column_text][vc_single_image image=\u00a0\u00bb879&Prime; img_size=\u00a0\u00bbfull\u00a0\u00bb el_class=\u00a0\u00bbhelp-highlights-img\u00a0\u00bb][vc_column_text]3A.2\u00a0<strong>Remplissez les champs<\/strong>\u00a0en entrant les informations du signataire, puis cliquez sur\u00a0<strong>Suivant<\/strong>.[\/vc_column_text][vc_single_image image=\u00a0\u00bb881&Prime; img_size=\u00a0\u00bbfull\u00a0\u00bb el_class=\u00a0\u00bbhelp-highlights-img\u00a0\u00bb][vc_column_text]3A.3\u00a0<strong>S\u00e9lectionnez<\/strong>\u00a0le second facteur d&rsquo;authentification et la langue de communication du signataire, puis cliquez sur\u00a0<strong>Nouveau<\/strong>.[\/vc_column_text][vc_single_image image=\u00a0\u00bb883&Prime; img_size=\u00a0\u00bbfull\u00a0\u00bb el_class=\u00a0\u00bbhelp-highlights-img\u00a0\u00bb][vc_column_text]Le second facteur d&rsquo;authentification sert \u00e0 rehausser le niveau de confiance quant \u00e0 l&rsquo;identit\u00e9 du signataire. Le signataire recevra d\u2019abord un courriel l&rsquo;invitant \u00e0 signer le document. Lorsqu&rsquo;il cliquera sur le lien du projet de signature, il devra entrer son second facteur d\u2019authentification sur la page de connexion avant de pouvoir acc\u00e9der au document \u00e0 signer.[\/vc_column_text][vc_column_text]<strong>Les trois types de second facteur d&rsquo;authentification<\/strong><\/p>\n<ul>\n<li><strong>SMS <\/strong>: En cliquant sur le lien du projet de signature, le signataire recevra par texto un code qu\u2019il devra entrer sur la page de connexion.<\/li>\n<li><strong>APPEL T\u00c9L\u00c9PHONIQUE <\/strong>: En cliquant sur le lien du projet de signature, le signataire recevra un appel (message automatis\u00e9) l\u2019informant du code \u00e0 entrer sur la page de connexion.<\/li>\n<li><strong>SECRET PARTAG\u00c9 <\/strong>: L&rsquo;instrumentant\/gestionnaire du projet doit choisir une question-r\u00e9ponse secr\u00e8te qui devra \u00eatre connue par le signataire. En cliquant sur le lien du projet de signature, le signataire devra entrer la r\u00e9ponse \u00e0 la question sur la page de connexion.<\/li>\n<\/ul>\n<p>[\/vc_column_text][vc_column_text]3B1. Voici la marche \u00e0 suivre pour une\u00a0<strong>signature num\u00e9rique CertifiO\u00a0:<\/strong>[\/vc_column_text][vc_single_image image=\u00a0\u00bb885&Prime; img_size=\u00a0\u00bbfull\u00a0\u00bb el_class=\u00a0\u00bbhelp-highlights-img\u00a0\u00bb][vc_column_text]3B.2\u00a0<strong>Remplissez les champs<\/strong>\u00a0de recherche en entrant les informations du signataire, puis cliquez sur\u00a0<strong>Rechercher<\/strong>.[\/vc_column_text][vc_column_text el_class=\u00a0\u00bbhelp-highlights-txt\u00a0\u00bb]<em><img loading=\"lazy\" decoding=\"async\" class=\"alignnone size-full wp-image-871\" src=\"http:\/\/consignocloud.com\/wp-content\/uploads\/2019\/02\/icon-infos-small.png\" alt=\"\" width=\"16\" height=\"16\" \/><\/em>\u00a0Il n&rsquo;est pas n\u00e9cessaire de renseigner tous les champs pour lancer une recherche.[\/vc_column_text][vc_single_image image=\u00a0\u00bb887&Prime; img_size=\u00a0\u00bbfull\u00a0\u00bb el_class=\u00a0\u00bbhelp-highlights-img\u00a0\u00bb][vc_column_text]3B.3\u00a0<strong>S\u00e9lectionnez<\/strong>\u00a0le certificat num\u00e9rique du signataire recherch\u00e9, puis cliquez sur\u00a0<strong>S\u00e9lectionner<\/strong>.[\/vc_column_text][vc_single_image image=\u00a0\u00bb889&Prime; img_size=\u00a0\u00bbfull\u00a0\u00bb el_class=\u00a0\u00bbhelp-highlights-img\u00a0\u00bb][vc_column_text]3B.4\u00a0<strong>S\u00e9lectionnez<\/strong>\u00a0le second facteur d&rsquo;authentification et la langue de communication du signataire, puis cliquez sur\u00a0<strong>Nouveau<\/strong>.[\/vc_column_text][vc_single_image image=\u00a0\u00bb891&Prime; img_size=\u00a0\u00bbfull\u00a0\u00bb el_class=\u00a0\u00bbhelp-highlights-img\u00a0\u00bb][vc_column_text el_class=\u00a0\u00bbhelp-highlights-title\u00a0\u00bb]<\/p>\n<h3><strong>MODIFIER LES INFORMATIONS D&rsquo;UN SIGNATAIRE DE VOTRE CARNET D&rsquo;ADRESSES<\/strong><\/h3>\n<p>[\/vc_column_text][vc_column_text]1. Cliquez sur l&rsquo;ic\u00f4ne du\u00a0<strong>crayon<\/strong>\u00a0pour mettre \u00e0 jour les informations du signataire dans votre carnet d&rsquo;adresses.[\/vc_column_text][vc_single_image image=\u00a0\u00bb893&Prime; img_size=\u00a0\u00bbfull\u00a0\u00bb el_class=\u00a0\u00bbhelp-highlights-img\u00a0\u00bb][vc_column_text]2. Apportez les modifications n\u00e9cessaires (nom, adresse de courriel, second facteur d&rsquo;authentification).[\/vc_column_text][vc_single_image image=\u00a0\u00bb895&Prime; img_size=\u00a0\u00bbfull\u00a0\u00bb el_class=\u00a0\u00bbhelp-highlights-img\u00a0\u00bb][vc_single_image image=\u00a0\u00bb897&Prime; img_size=\u00a0\u00bbfull\u00a0\u00bb el_class=\u00a0\u00bbhelp-highlights-img\u00a0\u00bb][vc_column_text el_class=\u00a0\u00bbhelp-highlights-title\u00a0\u00bb]<\/p>\n<h3><strong>SUPPRIMER UN SIGNATAIRE DE VOTRE CARNET D&rsquo;ADRESSES<\/strong><\/h3>\n<p>[\/vc_column_text][vc_column_text]1. Cliquez sur l&rsquo;ic\u00f4ne de la\u00a0<strong>corbeille<\/strong>\u00a0pour\u00a0supprimer un\u00a0signataire de votre carnet d&rsquo;adresses.[\/vc_column_text][vc_single_image image=\u00a0\u00bb899&Prime; img_size=\u00a0\u00bbfull\u00a0\u00bb el_class=\u00a0\u00bbhelp-highlights-img\u00a0\u00bb][vc_column_text]2. Confirmez la suppression du signataire de votre carnet d&rsquo;adresses.[\/vc_column_text][vc_single_image image=\u00a0\u00bb901&Prime; img_size=\u00a0\u00bbfull\u00a0\u00bb el_class=\u00a0\u00bbhelp-highlights-img\u00a0\u00bb][vc_single_image image=\u00a0\u00bb903&Prime; img_size=\u00a0\u00bbfull\u00a0\u00bb el_class=\u00a0\u00bbhelp-highlights-img\u00a0\u00bb][vc_empty_space height=\u00a0\u00bb80px\u00a0\u00bb][\/vc_column][\/vc_row]<\/p>\n<\/div>","protected":false},"excerpt":{"rendered":"<p>[vc_row el_class=\u00a0\u00bbhelp-text-block\u00a0\u00bb][vc_column][vc_column_text el_class=\u00a0\u00bbhelp-title\u00a0\u00bb] AIDE [\/vc_column_text][vc_column_text el_class=\u00a0\u00bbhelp-subtitle\u00a0\u00bb] Guide d\u2019utilisation de ConsignO Cloud [\/vc_column_text][\/vc_column][\/vc_row][vc_row el_class=\u00a0\u00bbhelp-text-block\u00a0\u00bb][vc_column][vc_column_text el_class=\u00a0\u00bbhelp-title-text\u00a0\u00bb] G\u00e9rer le carnet d&rsquo;adresses [\/vc_column_text][vc_raw_html]JTNDcCUzRURpc3BvbmlibGUlMjBhdmVjJTIwJTNBJTIwJTNDc3BhbiUyMGNsYXNzJTNEJTIydHlwZS1wcm9kdWN0LWluc2lkZSUyMiUzRSUzQ2klMjBjbGFzcyUzRCUyMmZhcyUyMGZhLWNpcmNsZSUyMGJsYWNrJTIyJTNFJTNDJTJGaSUzRSUyMEZvcmZhaXQlMjBpbmRpdmlkdWVsJTIwJTNDaSUyMGNsYXNzJTNEJTIyZmFzJTIwZmEtY2lyY2xlJTIwYmx1ZSUyMiUzRSUzQyUyRmklM0UlMjBGb3JmYWl0JTIwYWZmYWlyZXMlMjAlM0NpJTIwY2xhc3MlM0QlMjJmYXMlMjBmYS1jaXJjbGUlMjBvcmFuZ2UlMjIlM0UlM0MlMkZpJTNFJTIwRm9yZmFpdCUyMGVudHJlcHJpc2UlM0MlMkZzcGFuJTNFJTNDJTJGcCUzRQ==[\/vc_raw_html][vc_column_text]Voici comment g\u00e9rer votre carnet d&rsquo;adresses.[\/vc_column_text][vc_raw_html]JTNDYSUyMG5hbWUlM0QlMjJnZXJlci1zb24tY2FybmV0LWRhZHJlc3NlcyUyMiUyMGNsYXNzJTNEJTIyYW5jaG9yLXRvcCUyMiUzRSUzQyUyRmElM0U=[\/vc_raw_html][vc_column_text el_class=\u00a0\u00bbhelp-highlights-title\u00a0\u00bb] AJOUTER UN SIGNATAIRE \u00c0 VOTRE CARNET D&rsquo;ADRESSES [\/vc_column_text][vc_column_text]1.\u00a0Dans votre tableau de bord, cliquez sur la fl\u00e8che du menu d\u00e9roulant \u00e0 droite de votre nom, puis s\u00e9lectionnez\u00a0Carnet d&rsquo;adresses.[\/vc_column_text][vc_single_image image=\u00a0\u00bb875&Prime; img_size=\u00a0\u00bbfull\u00a0\u00bb el_class=\u00a0\u00bbhelp-highlights-img\u00a0\u00bb][vc_column_text]2.&hellip;<\/p>\n","protected":false},"author":29,"featured_media":0,"parent":0,"menu_order":0,"comment_status":"closed","ping_status":"closed","template":"","meta":{"footnotes":""},"class_list":["post-872","page","type-page","status-publish","hentry","description-off"],"_links":{"self":[{"href":"https:\/\/consignocloud.com\/fr\/wp-json\/wp\/v2\/pages\/872","targetHints":{"allow":["GET"]}}],"collection":[{"href":"https:\/\/consignocloud.com\/fr\/wp-json\/wp\/v2\/pages"}],"about":[{"href":"https:\/\/consignocloud.com\/fr\/wp-json\/wp\/v2\/types\/page"}],"author":[{"embeddable":true,"href":"https:\/\/consignocloud.com\/fr\/wp-json\/wp\/v2\/users\/29"}],"replies":[{"embeddable":true,"href":"https:\/\/consignocloud.com\/fr\/wp-json\/wp\/v2\/comments?post=872"}],"version-history":[{"count":0,"href":"https:\/\/consignocloud.com\/fr\/wp-json\/wp\/v2\/pages\/872\/revisions"}],"wp:attachment":[{"href":"https:\/\/consignocloud.com\/fr\/wp-json\/wp\/v2\/media?parent=872"}],"curies":[{"name":"wp","href":"https:\/\/api.w.org\/{rel}","templated":true}]}}