{"id":849,"date":"2019-02-01T19:12:58","date_gmt":"2019-02-01T19:12:58","guid":{"rendered":"http:\/\/consignostage.wpenginepowered.com\/?page_id=849"},"modified":"2021-06-08T14:29:52","modified_gmt":"2021-06-08T19:29:52","slug":"creer-un-projet-de-signature","status":"publish","type":"page","link":"https:\/\/consignocloud.com\/fr\/creer-un-projet-de-signature\/","title":{"rendered":"Cr\u00e9er un projet de signature"},"content":{"rendered":"<div class=\"wpb-content-wrapper\"><p>[vc_row el_class=\u00a0\u00bbhelp-text-block\u00a0\u00bb][vc_column][vc_column_text el_class=\u00a0\u00bbhelp-title\u00a0\u00bb]<\/p>\n<h1 style=\"text-align: center;\">AIDE<\/h1>\n<p>[\/vc_column_text][vc_column_text el_class=\u00a0\u00bbhelp-subtitle\u00a0\u00bb]<\/p>\n<h2 style=\"text-align: center;\">Guide d\u2019utilisation de ConsignO Cloud<\/h2>\n<p>[\/vc_column_text][\/vc_column][\/vc_row][vc_row el_class=\u00a0\u00bbhelp-text-block\u00a0\u00bb][vc_column][vc_column_text el_class=\u00a0\u00bbhelp-title-text\u00a0\u00bb]<\/p>\n<h3 style=\"text-align: center;\">Cr\u00e9er un projet de signature<\/h3>\n<p>[\/vc_column_text][vc_raw_html]JTNDcCUzRURpc3BvbmlibGUlMjBhdmVjJTIwJTNBJTIwJTNDc3BhbiUyMGNsYXNzJTNEJTIydHlwZS1wcm9kdWN0LWluc2lkZSUyMiUzRSUzQ2klMjBjbGFzcyUzRCUyMmZhcyUyMGZhLWNpcmNsZSUyMGJsYWNrJTIyJTNFJTNDJTJGaSUzRSUyMEZvcmZhaXQlMjBpbmRpdmlkdWVsJTIwJTNDaSUyMGNsYXNzJTNEJTIyZmFzJTIwZmEtY2lyY2xlJTIwYmx1ZSUyMiUzRSUzQyUyRmklM0UlMjBGb3JmYWl0JTIwYWZmYWlyZXMlMjAlM0NpJTIwY2xhc3MlM0QlMjJmYXMlMjBmYS1jaXJjbGUlMjBvcmFuZ2UlMjIlM0UlM0MlMkZpJTNFJTIwRm9yZmFpdCUyMGVudHJlcHJpc2UlM0MlMkZzcGFuJTNFJTNDJTJGcCUzRQ==[\/vc_raw_html][vc_column_text]Voici comment cr\u00e9er un projet de signature.<\/p>\n<p>&nbsp;<\/p>\n<p>Depuis le tableau de bord, cliquez sur <b>Nouveau projet<\/b>[\/vc_column_text][vc_single_image image=\u00a0\u00bb850&Prime; img_size=\u00a0\u00bbfull\u00a0\u00bb el_class=\u00a0\u00bbhelp-highlights-img\u00a0\u00bb][vc_column_text]Une page vous permettant de cr\u00e9er un projet de signature vous sera alors pr\u00e9sent\u00e9e :[\/vc_column_text][vc_single_image image=\u00a0\u00bb852&Prime; img_size=\u00a0\u00bbfull\u00a0\u00bb el_class=\u00a0\u00bbhelp-highlights-img\u00a0\u00bb][vc_column_text el_class=\u00a0\u00bbhelp-highlights-title\u00a0\u00bb]<\/p>\n<h3><strong>1- D\u00c9FINIR LES PROPRI\u00c9T\u00c9S DU PROJET DE SIGNATURE<\/strong><\/h3>\n<p>[\/vc_column_text][vc_column_text]Donnez un nom \u00e0 votre projet de signature en remplissant le champ\u00a0<strong>Nom du projet<\/strong>. C&rsquo;est ce nom qui sera communiqu\u00e9 \u00e0 vos signataires et qui s\u2019affichera dans le tableau de bord.[\/vc_column_text][vc_single_image image=\u00a0\u00bb854&Prime; img_size=\u00a0\u00bbfull\u00a0\u00bb el_class=\u00a0\u00bbhelp-highlights-img\u00a0\u00bb][vc_column_text el_class=\u00a0\u00bbhelp-highlights-txt\u00a0\u00bb]<em><img loading=\"lazy\" decoding=\"async\" class=\"alignnone size-full wp-image-870\" src=\"http:\/\/consignocloud.com\/wp-content\/uploads\/2019\/02\/icon-infos-small.png\" alt=\"\" width=\"16\" height=\"16\" \/><\/em>\u00a0Le nom du projet de signature n&rsquo;a pas \u00e0 \u00eatre unique.[\/vc_column_text][vc_column_text]Assignez une\u00a0<strong>Date d&rsquo;expiration<\/strong>\u00a0\u00e0 votre projet de signature[\/vc_column_text][vc_single_image image=\u00a0\u00bb856&Prime; img_size=\u00a0\u00bbfull\u00a0\u00bb el_class=\u00a0\u00bbhelp-highlights-img\u00a0\u00bb][vc_column_text el_class=\u00a0\u00bbhelp-highlights-txt\u00a0\u00bb]<em><img loading=\"lazy\" decoding=\"async\" class=\"alignnone size-full wp-image-870\" src=\"http:\/\/consignocloud.com\/wp-content\/uploads\/2019\/02\/icon-infos-small.png\" alt=\"\" width=\"16\" height=\"16\" \/><\/em>\u00a0La date d&rsquo;expiration est la date d&rsquo;\u00e9ch\u00e9ance qui est communiqu\u00e9e aux signataires d&rsquo;un projet de signature. Une fois la date d&rsquo;expiration atteinte, le projet de signature ne peut plus \u00eatre sign\u00e9. L\u2019instrumentant peut toutefois modifier la date d&rsquo;expiration d\u2019un projet expir\u00e9. Les signataires \u00e0 qui le tour \u00e9tait venu de signer seront alors r\u00e9invit\u00e9s \u00e0 signer.\u00a0La date d&rsquo;expiration par d\u00e9faut<sup>*<\/sup>\u00a0est d\u00e9finie \u00e0 30 jours suivant la date de cr\u00e9ation du projet.[\/vc_column_text][vc_column_text el_class=\u00a0\u00bbhelp-highlights-title\u00a0\u00bb]<\/p>\n<h3><strong>2- T\u00c9L\u00c9VERSER LE DOCUMENT \u00c0 FAIRE SIGNER<\/strong><\/h3>\n<p>[\/vc_column_text][vc_column_text]Chargez le document \u00e0 faire signer en cliquant sur\u00a0<strong>S\u00e9lectionner les fichiers<\/strong>\u00a0ou en glissant directement le fichier dans la zone grise.[\/vc_column_text][vc_column_text el_class=\u00a0\u00bbhelp-highlights\u00a0\u00bb]Remarque: Seuls les fichiers PDF sont accept\u00e9s par la plateforme.[\/vc_column_text][vc_single_image image=\u00a0\u00bb858&Prime; img_size=\u00a0\u00bbfull\u00a0\u00bb el_class=\u00a0\u00bbhelp-highlights-img\u00a0\u00bb][vc_column_text el_class=\u00a0\u00bbhelp-highlights-txt\u00a0\u00bb]<em><img loading=\"lazy\" decoding=\"async\" class=\"alignnone size-full wp-image-870\" src=\"http:\/\/consignocloud.com\/wp-content\/uploads\/2019\/02\/icon-infos-small.png\" alt=\"\" width=\"16\" height=\"16\" \/><\/em> Il est possible de supprimer le document en cliquant sur l&rsquo;ic\u00f4ne de la poubelle situ\u00e9e sur l\u2019onglet du document. Il ne sera toutefois plus possible de le supprimer ou de le remplacer une fois le projet de signature lanc\u00e9.[\/vc_column_text][vc_column_text el_class=\u00a0\u00bbhelp-highlights-title\u00a0\u00bb]<\/p>\n<h3><strong>3- AJOUTER DES SIGNATAIRES AU PROJET DE SIGNATURE<\/strong><\/h3>\n<p>[\/vc_column_text][vc_column_text]Cliquez sur <strong>Signataires<\/strong> afin de d\u00e9finir un nouveau signataire ou pour le s\u00e9lectionner \u00e0 partir de votre carnet d\u2019adresses ConsignO Cloud.<br \/>\nPour d\u00e9finir un <strong>nouveau signataire<\/strong> et choisir le type de signature requis, cliquez sur Nouveau signataire (voir comment <a href=\"https:\/\/consignocloud.com\/fr\/gerer-le-carnet-dadresses\/#gerer-son-carnet-dadresses\" target=\"_blank\" rel=\"noopener\">ajouter un nouveau signataire \u00e0 son carnet d&rsquo;adresses<\/a>)[\/vc_column_text][vc_single_image image=\u00a0\u00bb860&Prime; img_size=\u00a0\u00bbfull\u00a0\u00bb el_class=\u00a0\u00bbhelp-highlights-img\u00a0\u00bb][vc_column_text]Une fois le ou les signataires s\u00e9lectionn\u00e9s, cliquez sur\u00a0<strong>Ajouter<\/strong>.<\/p>\n<p>De retour sur la page de cr\u00e9ation du projet de signature, les signataires s\u00e9lectionn\u00e9s s\u2019afficheront dans la section des participants du projet.[\/vc_column_text][vc_single_image image=\u00a0\u00bb862&Prime; img_size=\u00a0\u00bbfull\u00a0\u00bb el_class=\u00a0\u00bbhelp-highlights-img\u00a0\u00bb][vc_column_text]Vous devez maintenant d\u00e9terminer o\u00f9 s\u2019afficheront les zones de signature de chaque signataire dans votre document.<\/p>\n<p>Pour ce faire, affichez d&rsquo;abord la page o\u00f9 vous voulez ins\u00e9rer la zone de signature en naviguant dans le document avec la souris ou en entrant le num\u00e9ro de la page.<\/p>\n<p>Faites ensuite glisser la zone de signature \u00e0 l\u2019endroit d\u00e9sir\u00e9 (vous devez cliquer sur la zone de signature, la d\u00e9placer en maintenant le bouton de la souris enfonc\u00e9, puis rel\u00e2cher le bouton lorsque la zone de signature est \u00e0 l&rsquo;endroit d\u00e9sir\u00e9 sur le document).[\/vc_column_text][vc_single_image image=\u00a0\u00bb864&Prime; img_size=\u00a0\u00bbfull\u00a0\u00bb el_class=\u00a0\u00bbhelp-highlights-img\u00a0\u00bb][vc_column_text]Une pr\u00e9visualisation de l&rsquo;aspect de signature s\u2019affichera, vous indiquant que la zone de signature a \u00e9t\u00e9 appos\u00e9e.[\/vc_column_text][vc_column_text el_class=\u00a0\u00bbhelp-highlights\u00a0\u00bb]Remarque : La couleur bleue sur la zone de signature indique qu\u2019il s\u2019agit d\u2019une zone \u00e0 signer.[\/vc_column_text][vc_single_image image=\u00a0\u00bb866&Prime; img_size=\u00a0\u00bbfull\u00a0\u00bb el_class=\u00a0\u00bbhelp-highlights-img\u00a0\u00bb][vc_column_text]Pour d\u00e9placer la zone de signature, faites-la glisser \u00e0 l&rsquo;endroit souhait\u00e9 (pour ce faire, vous devez cliquer sur la zone de signature, la d\u00e9placez en maintenant le bouton de la souris enfonc\u00e9, puis rel\u00e2cher le bouton lorsque la zone de signature est \u00e0 l&rsquo;endroit d\u00e9sir\u00e9 sur le document).<\/p>\n<p>Pour retirer la zone de signature, cliquez simplement sur le \u00ab x \u00bb.[\/vc_column_text][vc_column_text el_class=\u00a0\u00bbhelp-highlights-title\u00a0\u00bb]<\/p>\n<h3><strong>4- LANCER LE PROJET DE SIGNATURE<\/strong><\/h3>\n<p>[\/vc_column_text][vc_column_text]Une fois le projet pr\u00eat \u00e0 \u00eatre envoy\u00e9, cliquez sur <strong>Lancer<\/strong>.<\/p>\n<p>Les conditions d&rsquo;utilisation vous seront alors pr\u00e9sent\u00e9es. Cliquez sur\u00a0<strong>J&rsquo;ai lu, j&rsquo;ai compris et j&rsquo;accepte ces conditions<\/strong>\u00a0pour lancer le projet de signature. Le ou les premiers signataires recevront alors une notification les invitant \u00e0 signer \u00e9lectroniquement le projet que vous avez pr\u00e9par\u00e9.[\/vc_column_text][vc_column_text el_class=\u00a0\u00bbhelp-highlights-txt\u00a0\u00bb]<em><img loading=\"lazy\" decoding=\"async\" class=\"alignnone size-full wp-image-870\" src=\"http:\/\/consignocloud.com\/wp-content\/uploads\/2019\/02\/icon-infos-small.png\" alt=\"\" width=\"16\" height=\"16\" \/><\/em> Vous recevrez une notification chaque fois qu\u2019un signataire aura sign\u00e9 le document et une fois le projet termin\u00e9.[\/vc_column_text][vc_single_image image=\u00a0\u00bb868&Prime; img_size=\u00a0\u00bbfull\u00a0\u00bb el_class=\u00a0\u00bbhelp-highlights-img\u00a0\u00bb][vc_column_text]Vous pouvez choisir de ne plus afficher les conditions d&rsquo;utilisation lors de vos prochains projets de signature en cochant la case pr\u00e9vue \u00e0 cet effet.<\/p>\n<p>Si vous n&rsquo;\u00eates pas pr\u00eat \u00e0 lancer votre projet de signature, vous pouvez l&rsquo;enregistrer en tant que brouillon en cliquant sur Sauvegarder. Le projet de signature sera alors accessible via le tableau de bord, et il aura le statut \u00ab Brouillon \u00bb.[\/vc_column_text][vc_column_text]<sup>*\u00a0<\/sup>Les valeurs par d\u00e9faut peuvent \u00eatre diff\u00e9rentes si votre organisation a d\u00e9fini ses propres valeurs par d\u00e9faut.[\/vc_column_text][vc_empty_space height=\u00a0\u00bb80px\u00a0\u00bb][\/vc_column][\/vc_row]<\/p>\n<\/div>","protected":false},"excerpt":{"rendered":"<p>[vc_row el_class=\u00a0\u00bbhelp-text-block\u00a0\u00bb][vc_column][vc_column_text el_class=\u00a0\u00bbhelp-title\u00a0\u00bb] AIDE [\/vc_column_text][vc_column_text el_class=\u00a0\u00bbhelp-subtitle\u00a0\u00bb] Guide d\u2019utilisation de ConsignO Cloud [\/vc_column_text][\/vc_column][\/vc_row][vc_row el_class=\u00a0\u00bbhelp-text-block\u00a0\u00bb][vc_column][vc_column_text el_class=\u00a0\u00bbhelp-title-text\u00a0\u00bb] Cr\u00e9er un projet de signature [\/vc_column_text][vc_raw_html]JTNDcCUzRURpc3BvbmlibGUlMjBhdmVjJTIwJTNBJTIwJTNDc3BhbiUyMGNsYXNzJTNEJTIydHlwZS1wcm9kdWN0LWluc2lkZSUyMiUzRSUzQ2klMjBjbGFzcyUzRCUyMmZhcyUyMGZhLWNpcmNsZSUyMGJsYWNrJTIyJTNFJTNDJTJGaSUzRSUyMEZvcmZhaXQlMjBpbmRpdmlkdWVsJTIwJTNDaSUyMGNsYXNzJTNEJTIyZmFzJTIwZmEtY2lyY2xlJTIwYmx1ZSUyMiUzRSUzQyUyRmklM0UlMjBGb3JmYWl0JTIwYWZmYWlyZXMlMjAlM0NpJTIwY2xhc3MlM0QlMjJmYXMlMjBmYS1jaXJjbGUlMjBvcmFuZ2UlMjIlM0UlM0MlMkZpJTNFJTIwRm9yZmFpdCUyMGVudHJlcHJpc2UlM0MlMkZzcGFuJTNFJTNDJTJGcCUzRQ==[\/vc_raw_html][vc_column_text]Voici comment cr\u00e9er un projet de signature. &nbsp; Depuis le tableau de bord, cliquez sur Nouveau projet[\/vc_column_text][vc_single_image image=\u00a0\u00bb850&Prime; img_size=\u00a0\u00bbfull\u00a0\u00bb el_class=\u00a0\u00bbhelp-highlights-img\u00a0\u00bb][vc_column_text]Une page vous permettant de cr\u00e9er un projet de signature vous sera alors pr\u00e9sent\u00e9e :[\/vc_column_text][vc_single_image image=\u00a0\u00bb852&Prime; img_size=\u00a0\u00bbfull\u00a0\u00bb&hellip;<\/p>\n","protected":false},"author":7,"featured_media":0,"parent":0,"menu_order":0,"comment_status":"closed","ping_status":"closed","template":"","meta":{"footnotes":""},"class_list":["post-849","page","type-page","status-publish","hentry","description-off"],"_links":{"self":[{"href":"https:\/\/consignocloud.com\/fr\/wp-json\/wp\/v2\/pages\/849","targetHints":{"allow":["GET"]}}],"collection":[{"href":"https:\/\/consignocloud.com\/fr\/wp-json\/wp\/v2\/pages"}],"about":[{"href":"https:\/\/consignocloud.com\/fr\/wp-json\/wp\/v2\/types\/page"}],"author":[{"embeddable":true,"href":"https:\/\/consignocloud.com\/fr\/wp-json\/wp\/v2\/users\/7"}],"replies":[{"embeddable":true,"href":"https:\/\/consignocloud.com\/fr\/wp-json\/wp\/v2\/comments?post=849"}],"version-history":[{"count":0,"href":"https:\/\/consignocloud.com\/fr\/wp-json\/wp\/v2\/pages\/849\/revisions"}],"wp:attachment":[{"href":"https:\/\/consignocloud.com\/fr\/wp-json\/wp\/v2\/media?parent=849"}],"curies":[{"name":"wp","href":"https:\/\/api.w.org\/{rel}","templated":true}]}}