{"id":539,"date":"2018-02-08T02:35:39","date_gmt":"2018-02-08T02:35:39","guid":{"rendered":"https:\/\/consignocloud.wpengine.com\/?page_id=539"},"modified":"2018-02-13T01:07:03","modified_gmt":"2018-02-13T01:07:03","slug":"offre-speciale","status":"publish","type":"page","link":"https:\/\/consignocloud.com\/fr\/offre-speciale\/","title":{"rendered":"\u00c9liminez l\u2019attente et les d\u00e9lais de signatures de documents"},"content":{"rendered":"<div class=\"wpb-content-wrapper\"><p>[vc_row][vc_column][vc_column_text el_class=\u00a0\u00bbtitle\u00a0\u00bb]<\/p>\n<h1 style=\"text-align: left;\"><span style=\"color: #343434;\">Gr\u00e2ce \u00e0 ConsignO Cloud, <strong>\u00e9liminez l\u2019attente et les d\u00e9lais<\/strong> de signatures de documents<\/span><\/h1>\n<p>[\/vc_column_text][\/vc_column][\/vc_row][vc_section][vc_row css=\u00a0\u00bb.vc_custom_1508906931618{padding-right: 27px !important;padding-left: 27px !important;}\u00a0\u00bb el_class=\u00a0\u00bbsmaller\u00a0\u00bb][vc_column][vc_column_text]<span style=\"font-weight: 400;\">ConsignO Cloud est une <\/span><b>plateforme Web de signature<\/b><span style=\"font-weight: 400;\"> qui permet de rendre vos projets de signature 100% num\u00e9riques, peu importe que le signataire soit un professionnel, un employ\u00e9, un client, un partenaire ou un citoyen.<\/span>[\/vc_column_text][vc_column_text el_class=\u00a0\u00bblanding-list\u00a0\u00bb]<\/p>\n<ul>\n<li><strong>Simple \u00e0 utiliser<\/strong>\u00a0: Web, tablette, mobile<\/li>\n<li><strong>Fiabilit\u00e9 juridique<\/strong> in\u00e9gal\u00e9e sur le march\u00e9<\/li>\n<li><span style=\"font-weight: 400;\">Gestion de plusieurs <strong>niveaux d\u2019identit\u00e9 num\u00e9rique<\/strong><\/span><\/li>\n<\/ul>\n<p>[\/vc_column_text][vc_column_text el_class=\u00a0\u00bbtext-before-button\u00a0\u00bb]<\/p>\n<p style=\"text-align: center;\">INSCRIVEZ-VOUS POUR B\u00c9N\u00c9FICIER DE 6 MOIS GRATUITS<br \/>\n(VALEUR DE 100$)<\/p>\n<p>[\/vc_column_text][vc_raw_html]JTNDZGl2JTIwY2xhc3MlM0QlMjJidXR0b25zJTIyJTNFJTBBJTNDYSUyMGlkJTNEJTIyYXBwZW5kRW1haWwlMjIlMjBjbGFzcyUzRCUyMm1haW4tYnV0dG9uJTIyJTIwaHJlZiUzRCUyMmh0dHBzJTNBJTJGJTJGY2xvdWQuY29uc2lnbm8uY29tJTJGJTIzJTJGc2lnbnVwJTNGJTI2aWQlM0Q1YTRjZTkzODhjMzlkZjFkMmE1OTZlNmYlMjZlbWFpbCUzRCU1QiU1QkVNQUlMX1RPJTVEJTVEJTIyJTIwdGFyZ2V0JTNEJTIyX2JsYW5rJTIyJTNFQWN0aXZlciUyMENvbnNpZ25PJTIwQ2xvdWQlM0MlMkZhJTNFJTBBJTNDYSUyMGNsYXNzJTNEJTIyc3ViLWJ1dHRvbiUyMiUyMGhyZWYlM0QlMjJodHRwcyUzQSUyRiUyRmNvbnNpZ25vY2xvdWQuY29tJTJGZnIlMkYlMjIlMjB0YXJnZXQlM0QlMjJfYmxhbmslMjIlM0VQbHVzJTIwZCUyN2luZm9zJTNDJTJGYSUzRSUwQSUzQyUyRmRpdiUzRQ==[\/vc_raw_html][vc_column_text css=\u00a0\u00bb.vc_custom_1508908629656{margin-bottom: 0px !important;}\u00a0\u00bb]<\/p>\n<p style=\"text-align: center;\">AUCUNE CARTE DE CR\u00c9DIT REQUISE<\/p>\n<p>[\/vc_column_text][\/vc_column][\/vc_row][\/vc_section][vc_row][vc_column][vc_raw_js]JTNDc2NyaXB0JTIwdHlwZSUzRCUyMnRleHQlMkZqYXZhc2NyaXB0JTIyJTNFJTBBalF1ZXJ5JTI4ZnVuY3Rpb24lMjglMjklMjAlN0IlMEF2YXIlMjBlbWFpbCUyMCUzRCUyMGdldFVybFBhcmFtZXRlciUyOCUyMmVtYWlsJTIyJTI5JTNCJTBBaWYlMjhlbWFpbCUyMCUyMSUzRCUyMCUyMiUyMiUyOSUwQSUyMCUyMGpRdWVyeSUyOCUyMiUyM2FwcGVuZEVtYWlsJTIyJTI5LmF0dHIlMjglMjJocmVmJTIyJTJDJTIwalF1ZXJ5JTI4JTIyJTIzYXBwZW5kRW1haWwlMjIlMjkuYXR0ciUyOCUyMmhyZWYlMjIlMjklMjAlMkIlMjAlMjIlMjZlbWFpbCUzRCUyMiUyQiUyMGVtYWlsJTI5JTNCJTBBJTdEJTI5JTNCJTBBJTBBZnVuY3Rpb24lMjBnZXRVcmxQYXJhbWV0ZXIlMjhuYW1lJTI5JTIwJTdCJTBBJTIwJTIwJTIwJTIwbmFtZSUyMCUzRCUyMG5hbWUucmVwbGFjZSUyOCUyRiU1QiU1QyU1QiU1RCUyRiUyQyUyMCUyNyU1QyU1QyU1QiUyNyUyOS5yZXBsYWNlJTI4JTJGJTVCJTVDJTVEJTVEJTJGJTJDJTIwJTI3JTVDJTVDJTVEJTI3JTI5JTNCJTBBJTIwJTIwJTIwJTIwdmFyJTIwcmVnZXglMjAlM0QlMjBuZXclMjBSZWdFeHAlMjglMjclNUIlNUMlNUMlM0YlMjYlNUQlMjclMjAlMkIlMjBuYW1lJTIwJTJCJTIwJTI3JTNEJTI4JTVCJTVFJTI2JTIzJTVEJTJBJTI5JTI3JTI5JTNCJTBBJTIwJTIwJTIwJTIwdmFyJTIwcmVzdWx0cyUyMCUzRCUyMHJlZ2V4LmV4ZWMlMjhsb2NhdGlvbi5zZWFyY2glMjklM0IlMEElMjAlMjAlMjAlMjByZXR1cm4lMjByZXN1bHRzJTIwJTNEJTNEJTNEJTIwbnVsbCUyMCUzRiUyMCUyNyUyNyUyMCUzQSUyMGRlY29kZVVSSUNvbXBvbmVudCUyOHJlc3VsdHMlNUIxJTVELnJlcGxhY2UlMjglMkYlNUMlMkIlMkZnJTJDJTIwJTI3JTIwJTI3JTI5JTI5JTNCJTBBJTdEJTNCJTBBJTNDJTJGc2NyaXB0JTNF[\/vc_raw_js][\/vc_column][\/vc_row]<\/p>\n<\/div>","protected":false},"excerpt":{"rendered":"<p>[vc_row][vc_column][vc_column_text el_class=\u00a0\u00bbtitle\u00a0\u00bb] Gr\u00e2ce \u00e0 ConsignO Cloud, \u00e9liminez l\u2019attente et les d\u00e9lais de signatures de documents [\/vc_column_text][\/vc_column][\/vc_row][vc_section][vc_row css=\u00a0\u00bb.vc_custom_1508906931618{padding-right: 27px !important;padding-left: 27px !important;}\u00a0\u00bb el_class=\u00a0\u00bbsmaller\u00a0\u00bb][vc_column][vc_column_text]ConsignO Cloud est une plateforme Web de signature qui permet de rendre vos projets de signature 100% num\u00e9riques, peu importe que le signataire soit un professionnel, un employ\u00e9, un client, un partenaire ou un&hellip;<\/p>\n","protected":false},"author":33,"featured_media":0,"parent":0,"menu_order":0,"comment_status":"closed","ping_status":"closed","template":"template-landing-page.php","meta":{"footnotes":""},"class_list":["post-539","page","type-page","status-publish","hentry","description-off"],"_links":{"self":[{"href":"https:\/\/consignocloud.com\/fr\/wp-json\/wp\/v2\/pages\/539","targetHints":{"allow":["GET"]}}],"collection":[{"href":"https:\/\/consignocloud.com\/fr\/wp-json\/wp\/v2\/pages"}],"about":[{"href":"https:\/\/consignocloud.com\/fr\/wp-json\/wp\/v2\/types\/page"}],"author":[{"embeddable":true,"href":"https:\/\/consignocloud.com\/fr\/wp-json\/wp\/v2\/users\/33"}],"replies":[{"embeddable":true,"href":"https:\/\/consignocloud.com\/fr\/wp-json\/wp\/v2\/comments?post=539"}],"version-history":[{"count":0,"href":"https:\/\/consignocloud.com\/fr\/wp-json\/wp\/v2\/pages\/539\/revisions"}],"wp:attachment":[{"href":"https:\/\/consignocloud.com\/fr\/wp-json\/wp\/v2\/media?parent=539"}],"curies":[{"name":"wp","href":"https:\/\/api.w.org\/{rel}","templated":true}]}}