{"id":3980,"date":"2025-07-17T13:25:57","date_gmt":"2025-07-17T18:25:57","guid":{"rendered":"https:\/\/consignostage.wpenginepowered.com\/?page_id=3980"},"modified":"2025-07-18T14:03:00","modified_gmt":"2025-07-18T19:03:00","slug":"comparison-table-adobe-acrobat","status":"publish","type":"page","link":"https:\/\/consignocloud.com\/fr\/comparison-table-adobe-acrobat\/","title":{"rendered":"Comparison Table &#8211; Adobe Acrobat &#8211; FR"},"content":{"rendered":"<div class=\"wpb-content-wrapper\"><p>[vc_section el_class=\u00a0\u00bbsection-max-width trust-us-section\u00a0\u00bb css=\u00a0\u00bb.vc_custom_1749573149005{margin-top: 0px !important;border-top-width: 0px !important;padding-top: 0px !important;padding-bottom: 40px !important;}\u00a0\u00bb][vc_row css=\u00a0\u00bb.vc_custom_1585335552941{margin-top: 0px !important;border-top-width: 0px !important;padding-top: 0px !important;}\u00a0\u00bb][vc_column css_animation=\u00a0\u00bbslideInUp\u00a0\u00bb][vc_column_text css=\u00a0\u00bb\u00a0\u00bb]<\/p>\n<h1 style=\"text-align: center;\"><span style=\"color: #008ad0;\">ConsignO Cloud<\/span> vs Adobe Acrobat<\/h1>\n<p style=\"text-align: center; margin-top: 20px;\">Lorsque vous recherchez une plateforme de signature \u00e9lectronique conforme au plus haut niveau de fiabilit\u00e9 juridique, qui soit facile \u00e0 utiliser, et sp\u00e9cialis\u00e9e pour les gouvernements, municipalit\u00e9s, \u00e9coles et processus de travail des professionnels.<\/p>\n<p>[\/vc_column_text][\/vc_column][\/vc_row][vc_row css=\u00a0\u00bb.vc_custom_1585335552941{margin-top: 0px !important;border-top-width: 0px !important;padding-top: 0px !important;}\u00a0\u00bb][vc_column css_animation=\u00a0\u00bbslideInUp\u00a0\u00bb][vc_column_text css=\u00a0\u00bb\u00a0\u00bb]  <div class=\"fm-comparison-container\">\n    <table class=\"comparison\">\n      <thead>\n        <tr>\n          <th><\/th>\n          <th class=\"product-title\">ConsignO Cloud<\/th>\n          <th class=\"product-title\">Adobe Acrobat<\/th>\n        <\/tr>\n      <\/thead>\n      <tbody>\n                <tr>\n          <td class=\"feature-title\">\n            Prix                          <span class=\"tooltip\">?\n                <span class=\"tooltip-text\">ex. Choix de licences pour les particuliers, petites, moyennes ou grandes entreprises, inclusions des fonctionnalit\u00e9s, options pour signatures de documents illimit\u00e9es ou utilisateurs illimit\u00e9s.<\/span>\n              <\/span>\n                      <\/td>\n          <td>\n            <div class=\"pie\"\n                 style=\"--p:100%;\n                        --c:#4aad10;\n                        border-color:#3f930e;\">\n            <\/div>\n          <\/td>\n          <td>\n            <div class=\"pie\"\n                 style=\"--p:50%;\n                        --c:#e1c423;\n                        border-color:#bfa71f;\">\n            <\/div>\n          <\/td>\n        <\/tr>\n                <tr>\n          <td class=\"feature-title\">\n            Soutien et expertise                          <span class=\"tooltip\">?\n                <span class=\"tooltip-text\">ex. Formation en direct et personnalis\u00e9e, contenus tutoriels sp\u00e9cialis\u00e9s pour les processus sp\u00e9cifiques \u00e0 l&#039;industrie et proc\u00e9dures gouvernementalles officielles.<\/span>\n              <\/span>\n                      <\/td>\n          <td>\n            <div class=\"pie\"\n                 style=\"--p:100%;\n                        --c:#4aad10;\n                        border-color:#3f930e;\">\n            <\/div>\n          <\/td>\n          <td>\n            <div class=\"pie\"\n                 style=\"--p:25%;\n                        --c:#db8606;\n                        border-color:#bb7305;\">\n            <\/div>\n          <\/td>\n        <\/tr>\n                <tr>\n          <td class=\"feature-title\">\n            Fiabilit\u00e9 juridique                          <span class=\"tooltip\">?\n                <span class=\"tooltip-text\">ex. Signatures num\u00e9riques appliqu\u00e9es pour chaque signataire, \u00e9l\u00e9ments de preuve int\u00e9gr\u00e9s dans les signatures elles-m\u00eames, authentification syst\u00e9matique \u00e0 deux facteurs, journal d&#039;audit incluant les documents originaux et sign\u00e9s, journal d&#039;audit s\u00e9curis\u00e9e num\u00e9riquement.<\/span>\n              <\/span>\n                      <\/td>\n          <td>\n            <div class=\"pie\"\n                 style=\"--p:100%;\n                        --c:#4aad10;\n                        border-color:#3f930e;\">\n            <\/div>\n          <\/td>\n          <td>\n            <div class=\"pie\"\n                 style=\"--p:25%;\n                        --c:#db8606;\n                        border-color:#bb7305;\">\n            <\/div>\n          <\/td>\n        <\/tr>\n                <tr>\n          <td class=\"feature-title\">\n            Conformit\u00e9 r\u00e9glementaire                          <span class=\"tooltip\">?\n                <span class=\"tooltip-text\">ex. Conformit\u00e9 aux r\u00e9glementations et directives pour les professionnels tels que les ing\u00e9nieurs, architectes, biologistes, notaires, avocats, ainsi qu&#039;aux lois locales et aux exigences des agences gouvernementales.<\/span>\n              <\/span>\n                      <\/td>\n          <td>\n            <div class=\"pie\"\n                 style=\"--p:100%;\n                        --c:#4aad10;\n                        border-color:#3f930e;\">\n            <\/div>\n          <\/td>\n          <td>\n            <div class=\"pie\"\n                 style=\"--p:25%;\n                        --c:#db8606;\n                        border-color:#bb7305;\">\n            <\/div>\n          <\/td>\n        <\/tr>\n                <tr>\n          <td class=\"feature-title\">\n            Normes de l&#039;industrie                          <span class=\"tooltip\">?\n                <span class=\"tooltip-text\">ex. Respect des normes internationales telles que PAdES LTV, AATL, eIDAS, PIPEDA, horodatage certifi\u00e9, et norme PDF\/A pour l&#039;archivage \u00e0 long terme et r\u00e9trocompatibilit\u00e9.<\/span>\n              <\/span>\n                      <\/td>\n          <td>\n            <div class=\"pie\"\n                 style=\"--p:100%;\n                        --c:#4aad10;\n                        border-color:#3f930e;\">\n            <\/div>\n          <\/td>\n          <td>\n            <div class=\"pie\"\n                 style=\"--p:75%;\n                        --c:#9ec430;\n                        border-color:#86a729;\">\n            <\/div>\n          <\/td>\n        <\/tr>\n                <tr>\n          <td class=\"feature-title\">\n            Productivit\u00e9                          <span class=\"tooltip\">?\n                <span class=\"tooltip-text\">ex. Simplicit\u00e9 d&#039;utilisation, API web pour int\u00e9gration, et fonctionnalit\u00e9s comme les mod\u00e8les, carnets d&#039;adresses, envoi de demandes de signature en lot, d\u00e9l\u00e9gation de signature, messages aux signataires, etc.<\/span>\n              <\/span>\n                      <\/td>\n          <td>\n            <div class=\"pie\"\n                 style=\"--p:100%;\n                        --c:#4aad10;\n                        border-color:#3f930e;\">\n            <\/div>\n          <\/td>\n          <td>\n            <div class=\"pie\"\n                 style=\"--p:75%;\n                        --c:#9ec430;\n                        border-color:#86a729;\">\n            <\/div>\n          <\/td>\n        <\/tr>\n                <tr>\n          <td class=\"feature-title\">\n            Flexibilit\u00e9                          <span class=\"tooltip\">?\n                <span class=\"tooltip-text\">ex. Connecteurs d&#039;applications, prise en charge de certificats r\u00e9glement\u00e9s, haute limite de taille de documents, multilingue, marque blanche, contr\u00f4le des r\u00f4les et permissions, logiciel desktop et c\u00f4t\u00e9 serveur disponibles pour traiter des lots de documents.<\/span>\n              <\/span>\n                      <\/td>\n          <td>\n            <div class=\"pie\"\n                 style=\"--p:100%;\n                        --c:#4aad10;\n                        border-color:#3f930e;\">\n            <\/div>\n          <\/td>\n          <td>\n            <div class=\"pie\"\n                 style=\"--p:50%;\n                        --c:#e1c423;\n                        border-color:#bfa71f;\">\n            <\/div>\n          <\/td>\n        <\/tr>\n                <tr>\n          <td class=\"feature-title\">\n            Compatibilit\u00e9                          <span class=\"tooltip\">?\n                <span class=\"tooltip-text\">ex. Utilisation sur tout appareil, int\u00e9gration avec des fournisseurs de certificats tiers, conservation des signatures pr\u00e9c\u00e9dentes d&#039;autres plateformes ou certificats num\u00e9riques individuels du d\u00e9but \u00e0 la fin.<\/span>\n              <\/span>\n                      <\/td>\n          <td>\n            <div class=\"pie\"\n                 style=\"--p:100%;\n                        --c:#4aad10;\n                        border-color:#3f930e;\">\n            <\/div>\n          <\/td>\n          <td>\n            <div class=\"pie\"\n                 style=\"--p:50%;\n                        --c:#e1c423;\n                        border-color:#bfa71f;\">\n            <\/div>\n          <\/td>\n        <\/tr>\n                <tr>\n          <td class=\"feature-title\">\n            Facilit\u00e9 de v\u00e9rification                          <span class=\"tooltip\">?\n                <span class=\"tooltip-text\">ex. Validation des signatures et de l&#039;int\u00e9grit\u00e9 des documents \u00e0 partir des documents m\u00eames, journal d&#039;audit ind\u00e9pendant des documents sign\u00e9s, v\u00e9rification automatis\u00e9e ou hors ligne.<\/span>\n              <\/span>\n                      <\/td>\n          <td>\n            <div class=\"pie\"\n                 style=\"--p:100%;\n                        --c:#4aad10;\n                        border-color:#3f930e;\">\n            <\/div>\n          <\/td>\n          <td>\n            <div class=\"pie\"\n                 style=\"--p:50%;\n                        --c:#e1c423;\n                        border-color:#bfa71f;\">\n            <\/div>\n          <\/td>\n        <\/tr>\n              <\/tbody>\n    <\/table>\n  <\/div>\n  [\/vc_column_text][\/vc_column][\/vc_row][\/vc_section][vc_section css=\u00a0\u00bb.vc_custom_1749566632325{padding-right: 25px !important;padding-left: 25px !important;}\u00a0\u00bb][vc_row full_width=\u00a0\u00bbstretch_row\u00a0\u00bb bg_type=\u00a0\u00bbgrad\u00a0\u00bb el_class=\u00a0\u00bbsignature-project\u00a0\u00bb bg_grad=\u00a0\u00bbbackground: -webkit-gradient(linear, left top, left bottom, color-stop(0%, #FFFFFF));background: -moz-linear-gradient(top,#FFFFFF 0%);background: -webkit-linear-gradient(top,#FFFFFF 0%);background: -o-linear-gradient(top,#FFFFFF 0%);background: -ms-linear-gradient(top,#FFFFFF 0%);background: linear-gradient(top,#FFFFFF 0%);\u00a0\u00bb][vc_column css_animation=\u00a0\u00bbslideInUp\u00a0\u00bb css=\u00a0\u00bb.vc_custom_1749566705452{padding-bottom: 70px !important;}\u00a0\u00bb][vc_column_text css=\u00a0\u00bb\u00a0\u00bb el_class=\u00a0\u00bbtext-before-button\u00a0\u00bb]<\/p>\n<h1 style=\"text-align: center; font-family: 'Raleway', sans-serif !important; color: #0d8ac8; font-size: 3.5em !important; line-height: 1.25em !important; font-weight: bold !important;\"><strong>CR\u00c9EZ VOTRE PREMIER PROJET DE SIGNATURE \u00c9LECTRONIQUE<\/strong><\/h1>\n<p>[\/vc_column_text][vc_raw_html css=\u00a0\u00bb\u00a0\u00bb]JTNDZGl2JTIwY2xhc3MlM0QlMjJncmVlbi1idXR0b24lMjIlM0UlMEElMjAlMjAlM0NhJTIwaHJlZiUzRCUyMiUyRmZyJTJGZXNzYWktZ3JhdHVpdC0zMC1qb3VycyUyRiUyMiUyMHRhcmdldCUzRCUyMl9ibGFuayUyMiUyMHRpdGxlJTNEJTIyJTIyJTBBJTIwJTIwJTIwJTIwJTIwc3R5bGUlM0QlMjJiYWNrZ3JvdW5kLWNvbG9yJTNBJTIwJTIzNDZDNjRFJTNCJTIwY29sb3IlM0ElMjAlMjNmZmZmZmYlM0IlMjBwYWRkaW5nJTNBJTIwMzBweCUyMDQwcHglM0IlMjB0ZXh0LWRlY29yYXRpb24lM0ElMjBub25lJTNCJTIwZGlzcGxheSUzQSUyMGlubGluZS1ibG9jayUzQiUyMGJvcmRlci1yYWRpdXMlM0ElMjA4cHglM0IlMjBmb250LXNpemUlM0ElMjAyNnB4JTNCJTIwZm9udC13ZWlnaHQlM0ElMjBib2xkJTNCJTIwdGV4dC10cmFuc2Zvcm0lM0ElMjB1cHBlcmNhc2UlM0IlMjBib3gtc2hhZG93JTNBJTIwMCUyMDRweCUyMDEwcHglMjByZ2JhJTI4MCUyQyUyMDAlMkMlMjAwJTJDJTIwMC4yJTI5JTNCJTIwdHJhbnNpdGlvbiUzQSUyMGJhY2tncm91bmQtY29sb3IlMjAwLjNzJTIwZWFzZSUzQiUyMGxpbmUtaGVpZ2h0JTNBJTIwMSUzQiUyMiUzRSUwQSUyMCUyMCUyMCUyMCUzQ3NwYW4lMjBjbGFzcyUzRCUyMmMtaWNvbiUyMGktY2hlY2slMjIlMjBzdHlsZSUzRCUyMm1hcmdpbi1yaWdodCUzQSUyMDEwcHglM0IlMjB2ZXJ0aWNhbC1hbGlnbiUzQSUyMG1pZGRsZSUzQiUyMiUzRSUzQyUyRnNwYW4lM0VFU1NBSSUyMEdSQVRVSVQlMjAzMCUyMEpPVVJTJTBBJTIwJTIwJTNDJTJGYSUzRSUwQSUzQyUyRmRpdiUzRSUwQQ==[\/vc_raw_html][vc_column_text css=\u00a0\u00bb.vc_custom_1749566728806{margin-bottom: 0px !important;}\u00a0\u00bb]<\/p>\n<p style=\"text-align: center;\"><span style=\"color: #1b6d9e;\">SANS ENGAGEMENT &#8211; AUCUNE CARTE DE CR\u00c9DIT REQUISE<\/span><\/p>\n<p>[\/vc_column_text][\/vc_column][\/vc_row][\/vc_section][vc_row full_width=\u00a0\u00bbstretch_row\u00a0\u00bb bg_type=\u00a0\u00bbimage\u00a0\u00bb parallax_style=\u00a0\u00bbvcpb-vz-jquery\u00a0\u00bb bg_image_new=\u00a0\u00bbid^10|url^https:\/\/consignocloud.wpengine.com\/wp-content\/uploads\/2017\/09\/image.jpg|caption^null|alt^null|title^image|description^null\u00a0\u00bb bg_image_repeat=\u00a0\u00bbno-repeat\u00a0\u00bb css=\u00a0\u00bb.vc_custom_1749648557013{margin-top: 25px !important;padding-bottom: 40px !important;}\u00a0\u00bb][vc_column][vc_column_text css_animation=\u00a0\u00bbslideInUp\u00a0\u00bb css=\u00a0\u00bb.vc_custom_1749565259612{padding-top: 50px !important;padding-bottom: 40px !important;}\u00a0\u00bb]<\/p>\n<h1 style=\"text-align: center;\"><strong><span lang=\"fr\" style=\"color: #ffffff;\">Une vaste gamme de fonctionnalit\u00e9s avanc\u00e9es facile \u00e0 utiliser<\/span><\/strong><\/h1>\n<p>[\/vc_column_text][vc_row_inner css=\u00a0\u00bb.vc_custom_1749574692113{background-color: #FFFFFF !important;}\u00a0\u00bb][vc_column_inner width=\u00a0\u00bb1\/2&Prime; offset=\u00a0\u00bbvc_hidden-md vc_hidden-sm vc_hidden-xs\u00a0\u00bb css=\u00a0\u00bb.vc_custom_1749566766803{background-color: #FFFFFF !important;}\u00a0\u00bb][vc_column_text css=\u00a0\u00bb\u00a0\u00bb el_class=\u00a0\u00bbfeatures-list\u00a0\u00bb]<\/p>\n<ul style=\"font-size: 20px;\">\n<li><strong>Cr\u00e9er un projet de signature en quelques clics<\/strong><\/li>\n<li><strong>Lancer un projet de signature et signer des documents \u00e0 partir de votre appareil mobile<\/strong><\/li>\n<li><strong>Choisir le niveau de confiance requis pour l\u2019identit\u00e9 num\u00e9rique<\/strong><\/li>\n<\/ul>\n<p>[\/vc_column_text][\/vc_column_inner][vc_column_inner width=\u00a0\u00bb1\/2&Prime; offset=\u00a0\u00bbvc_hidden-md vc_hidden-sm vc_hidden-xs\u00a0\u00bb css=\u00a0\u00bb.vc_custom_1749566778965{background-color: #FFFFFF !important;}\u00a0\u00bb][vc_column_text css=\u00a0\u00bb\u00a0\u00bb el_class=\u00a0\u00bbfeatures-list\u00a0\u00bb]<\/p>\n<ul style=\"font-size: 20px;\">\n<li><strong>G\u00e9n\u00e9rer des fichiers PDF de qualit\u00e9 d\u2019archivage qui sont conformes aux normes internationales et reconnus par l\u2019industrie<\/strong><br \/>\n<span class=\"small-info\">(ISO 19005, PAdES-LTV, Adobe Approved Trust List)<\/span><\/li>\n<li><strong>Int\u00e9grer ConsignO Cloud \u00e0 vos syst\u00e8mes existants<\/strong><\/li>\n<\/ul>\n<p>[\/vc_column_text][\/vc_column_inner][\/vc_row_inner][vc_row_inner css=\u00a0\u00bb.vc_custom_1749566372105{background-color: #FFFFFF00 !important;}\u00a0\u00bb][vc_column_inner offset=\u00a0\u00bbvc_hidden-lg\u00a0\u00bb][vc_column_text]<\/p>\n<ul>\n<li><strong>Cr\u00e9er un projet de signature en quelques clics<\/strong><\/li>\n<li><strong>Lancer un projet de signature et signer des documents \u00e0 partir de votre appareil mobile<\/strong><\/li>\n<li><strong>Choisir le niveau de confiance requis pour l\u2019identit\u00e9 num\u00e9rique<\/strong><\/li>\n<li><strong>G\u00e9n\u00e9rer des fichiers PDF de qualit\u00e9 d\u2019archivage qui sont conformes aux normes internationales et reconnus par l\u2019industrie<\/strong> <span class=\"small-info\">(ISO 19005, PAdES-LTV, Adobe Approved Trust List)<\/span><\/li>\n<li><strong>Int\u00e9grer ConsignO Cloud \u00e0 vos syst\u00e8mes existants<\/strong><\/li>\n<\/ul>\n<p>[\/vc_column_text][\/vc_column_inner][\/vc_row_inner][vc_row_inner][vc_column_inner][vc_raw_html css=\u00a0\u00bb\u00a0\u00bb]JTNDZGl2JTIwY2xhc3MlM0QlMjJncmVlbi1idXR0b24lMjIlM0UlM0NhJTIwc3R5bGUlM0QlMjJiYWNrZ3JvdW5kLWNvbG9yJTNBJTIzNDY5NUQwJTNCJTIyJTIwY2xhc3MlM0QlMjIlMjIlMjBocmVmJTNEJTIyJTJGZnIlMkZwcmVzZW50YXRpb24lMkYlMjIlMjB0aXRsZSUzRCUyMiUyMiUzRSUzQ3NwYW4lMjBjbGFzcyUzRCUyMmMtaWNvbiUyMGktaW5mbyUyMiUzRSUzQyUyRnNwYW4lM0VWT0lSJTIwTEVTJTIwRCVDMyU4OVRBSUxTJTNDJTJGYSUzRSUzQyUyRmRpdiUzRQ==[\/vc_raw_html][\/vc_column_inner][\/vc_row_inner][\/vc_column][\/vc_row][vc_section full_width=\u00a0\u00bbstretch_row\u00a0\u00bb css=\u00a0\u00bb.vc_custom_1749566965176{padding-top: 40px !important;padding-bottom: 40px !important;background-color: #FFFFFF !important;}\u00a0\u00bb el_class=\u00a0\u00bbvarious-versions-section\u00a0\u00bb][vc_row][vc_column css_animation=\u00a0\u00bbslideInUp\u00a0\u00bb][vc_column_text css=\u00a0\u00bb\u00a0\u00bb]<\/p>\n<h1 style=\"text-align: center;\"><span style=\"color: #0d8ac8;\"><strong>Choisissez le bon forfait pour votre organisation<br \/>\n<\/strong><\/span><\/h1>\n<p>[\/vc_column_text][\/vc_column][\/vc_row][vc_row content_placement=\u00a0\u00bbmiddle\u00a0\u00bb css_animation=\u00a0\u00bbslideInUp\u00a0\u00bb bg_type=\u00a0\u00bbbg_color\u00a0\u00bb bg_color_value=\u00a0\u00bb#ffffff\u00a0\u00bb el_class=\u00a0\u00bbsection-max-width drop-shadow\u00a0\u00bb css=\u00a0\u00bb.vc_custom_1749567827934{margin-bottom: 0px !important;}\u00a0\u00bb][vc_column width=\u00a0\u00bb1\/4&Prime; el_class=\u00a0\u00bbvarious-versions fr\u00a0\u00bb][vc_column_text]<\/p>\n<h4 style=\"text-align: center;\">INDIVIDUEL<\/h4>\n<div class=\"c-title individual\" style=\"text-align: center;\"><strong>9,92\u00a0$\u00a0CA \/ mois factur\u00e9 annuellement<\/strong><\/div>\n<ul>\n<li><strong>Pour les utilisateurs occasionnels avec des projets simples<\/strong><\/li>\n<\/ul>\n<p>[\/vc_column_text][\/vc_column][vc_column width=\u00a0\u00bb1\/4&Prime; el_class=\u00a0\u00bbvarious-versions fr\u00a0\u00bb][vc_column_text]<\/p>\n<h4 style=\"text-align: center;\">AFFAIRES 2<\/h4>\n<div class=\"c-title individual\" style=\"text-align: center;\"><strong>33,25\u00a0$\u00a0CA \/ mois factur\u00e9 annuellement<\/strong><\/div>\n<ul>\n<li><strong>Pour les d\u00e9partements ou petites organisations avec des besoins affaires de base<\/strong><\/li>\n<\/ul>\n<p>[\/vc_column_text][\/vc_column][vc_column width=\u00a0\u00bb1\/4&Prime; el_class=\u00a0\u00bbvarious-versions fr\u00a0\u00bb][vc_column_text]<\/p>\n<h4 style=\"text-align: center;\">AFFAIRES 5 &amp; 20<\/h4>\n<div class=\"c-title individual\" style=\"text-align: center;\"><strong>VOIR PAGE TARIFICATION<\/strong><\/div>\n<ul>\n<li><strong>Pour les organisations qui veulent g\u00e9rer plusieurs utilisateurs, centraliser des activit\u00e9s, partager du contenu commun recherchant une personnalisation de base<\/strong><\/li>\n<\/ul>\n<p>[\/vc_column_text][\/vc_column][vc_column width=\u00a0\u00bb1\/4&Prime; el_class=\u00a0\u00bbvarious-versions fr\u00a0\u00bb][vc_column_text]<\/p>\n<h4 style=\"text-align: center;\">ENTREPRISE<\/h4>\n<div class=\"c-title individual\" style=\"text-align: center;\"><strong>CONTACTEZ-NOUS<\/strong><\/div>\n<ul>\n<li><strong>Pour les organisations qui veulent automatiser leurs processus, int\u00e9grer la signature \u00e0 leur application et qui recherchent un maximum de personnalisation<\/strong><\/li>\n<\/ul>\n<p>[\/vc_column_text][\/vc_column][\/vc_row][vc_row css_animation=\u00a0\u00bbslideInUp\u00a0\u00bb css=\u00a0\u00bb.vc_custom_1749567815702{margin-top: 0px !important;margin-bottom: 0px !important;padding-top: 0px !important;}\u00a0\u00bb el_class=\u00a0\u00bbchoose-the-plan\u00a0\u00bb][vc_column][vc_raw_html css=\u00a0\u00bb\u00a0\u00bb]JTNDZGl2JTIwY2xhc3MlM0QlMjJncmVlbi1idXR0b24lMjIlM0UlM0NhJTIwY2xhc3MlM0QlMjIlMjIlMjBzdHlsZSUzRCUyMmJhY2tncm91bmQtY29sb3IlM0ElMjAlMjM0Njk1RDAlM0IlMjIlMjBocmVmJTNEJTIyJTJGZnIlMkZwcmljaW5nJTJGJTIyJTIwdGl0bGUlM0QlMjIlMjIlM0UlM0NzcGFuJTIwY2xhc3MlM0QlMjJjLWljb24lMjBpLWluZm8lMjIlM0UlM0MlMkZzcGFuJTNFVk9JUiUyMExFUyUyMEQlQzMlODlUQUlMUyUzQyUyRmElM0UlM0MlMkZkaXYlM0U=[\/vc_raw_html][\/vc_column][\/vc_row][\/vc_section]<\/p>\n<\/div>","protected":false},"excerpt":{"rendered":"<p>[vc_section el_class=\u00a0\u00bbsection-max-width trust-us-section\u00a0\u00bb css=\u00a0\u00bb.vc_custom_1749573149005{margin-top: 0px !important;border-top-width: 0px !important;padding-top: 0px !important;padding-bottom: 40px !important;}\u00a0\u00bb][vc_row css=\u00a0\u00bb.vc_custom_1585335552941{margin-top: 0px !important;border-top-width: 0px !important;padding-top: 0px !important;}\u00a0\u00bb][vc_column css_animation=\u00a0\u00bbslideInUp\u00a0\u00bb][vc_column_text css=\u00a0\u00bb\u00a0\u00bb] ConsignO Cloud vs Adobe Acrobat Lorsque vous recherchez une plateforme de signature \u00e9lectronique conforme au plus haut niveau de fiabilit\u00e9 juridique, qui soit facile \u00e0 utiliser, et sp\u00e9cialis\u00e9e pour les gouvernements, municipalit\u00e9s, \u00e9coles et&hellip;<\/p>\n","protected":false},"author":24,"featured_media":0,"parent":0,"menu_order":0,"comment_status":"closed","ping_status":"closed","template":"","meta":{"footnotes":""},"class_list":["post-3980","page","type-page","status-publish","hentry","description-off"],"_links":{"self":[{"href":"https:\/\/consignocloud.com\/fr\/wp-json\/wp\/v2\/pages\/3980","targetHints":{"allow":["GET"]}}],"collection":[{"href":"https:\/\/consignocloud.com\/fr\/wp-json\/wp\/v2\/pages"}],"about":[{"href":"https:\/\/consignocloud.com\/fr\/wp-json\/wp\/v2\/types\/page"}],"author":[{"embeddable":true,"href":"https:\/\/consignocloud.com\/fr\/wp-json\/wp\/v2\/users\/24"}],"replies":[{"embeddable":true,"href":"https:\/\/consignocloud.com\/fr\/wp-json\/wp\/v2\/comments?post=3980"}],"version-history":[{"count":0,"href":"https:\/\/consignocloud.com\/fr\/wp-json\/wp\/v2\/pages\/3980\/revisions"}],"wp:attachment":[{"href":"https:\/\/consignocloud.com\/fr\/wp-json\/wp\/v2\/media?parent=3980"}],"curies":[{"name":"wp","href":"https:\/\/api.w.org\/{rel}","templated":true}]}}