{"id":351,"date":"2017-10-05T00:54:45","date_gmt":"2017-10-05T00:54:45","guid":{"rendered":"https:\/\/consignocloud.wpengine.com\/?page_id=351"},"modified":"2018-08-31T19:08:10","modified_gmt":"2018-08-31T19:08:10","slug":"presentation","status":"publish","type":"page","link":"https:\/\/consignocloud.com\/fr\/presentation\/","title":{"rendered":"Pr\u00e9sentation"},"content":{"rendered":"<div class=\"wpb-content-wrapper\"><p>[vc_row][vc_column][vc_column_text el_class=\u00a0\u00bbraleway-roboto\u00a0\u00bb]<\/p>\n<h1 style=\"text-align: center;\"><span style=\"color: #0d8ac8;\">PR\u00c9SENTATION<\/span><\/h1>\n<p style=\"text-align: center;\"><span style=\"color: #000000;\"><strong>ConsignO Cloud<\/strong> offre une vaste gamme de fonctionnalit\u00e9s r\u00e9pondant aux besoins de votre organisation<\/span><\/p>\n<p>[\/vc_column_text][\/vc_column][\/vc_row][vc_section][vc_row el_class=\u00a0\u00bbshadow overview-tab\u00a0\u00bb css=\u00a0\u00bb.vc_custom_1506798194859{margin-top: 50px !important;padding-top: 35px !important;padding-right: 20px !important;padding-bottom: 35px !important;padding-left: 20px !important;}\u00a0\u00bb][vc_column el_class=\u00a0\u00bboverview\u00a0\u00bb][vc_column_text el_class=\u00a0\u00bboverview-title\u00a0\u00bb]<i class=\"fa fa-check\" aria-hidden=\"true\"><\/i>FACILIT\u00c9 D\u2019UTILISATION[\/vc_column_text][vc_tta_accordion style=\u00a0\u00bbflat\u00a0\u00bb shape=\u00a0\u00bbsquare\u00a0\u00bb spacing=\u00a0\u00bb2&Prime; gap=\u00a0\u00bb10&Prime; active_section=\u00a0\u00bb\u00a0\u00bb el_class=\u00a0\u00bboverview-acc\u00a0\u00bb][vc_tta_section title=\u00a0\u00bbPr\u00e9paration d\u2019un document \u00e0 signer\u00a0\u00bb tab_id=\u00a0\u00bb1506661409479-e3ee6c1d-8c3a\u00a0\u00bb][vc_column_text]<span style=\"font-weight: 400;\">Avec ConsignO Cloud, vous pouvez envoyer un document \u00e0 signer en moins de 10 clics.<\/span>[\/vc_column_text][\/vc_tta_section][vc_tta_section title=\u00a0\u00bbMobilit\u00e9\u00a0\u00bb tab_id=\u00a0\u00bb1506661409480-332c3f4f-def8&Prime;][vc_column_text]<span style=\"font-weight: 400;\">Pr\u00e9parez, lancez et g\u00e9rez vos projets de signature depuis votre t\u00e9l\u00e9phone mobile ou votre tablette.<\/span>[\/vc_column_text][\/vc_tta_section][vc_tta_section title=\u00a0\u00bbSignature \u00e0 distance\u00a0\u00bb tab_id=\u00a0\u00bb1506661579176-1dc41ccf-2249&Prime;][vc_column_text]<span style=\"font-weight: 400;\">Les signataires peuvent consulter le document \u00e0 signer et le signer \u00e9lectroniquement depuis leur t\u00e9l\u00e9phone mobile, leur tablette ou leur ordinateur.<\/span>[\/vc_column_text][\/vc_tta_section][vc_tta_section title=\u00a0\u00bb\u00c9tablissement de l\u2019ordre des signatures\u00a0\u00bb tab_id=\u00a0\u00bb1506661636197-1b9c94e7-8c60&Prime;][vc_column_text]Lors de la pr\u00e9paration d\u2019un document \u00e0 signer, il est facile d\u2019\u00e9tablir l\u2019ordre dans lequel les signataires seront invit\u00e9s \u00e0 signer le document. Il est ainsi possible d\u2019\u00e9tablir un ordre s\u00e9quentiel, des signatures en parall\u00e8le, ou une combinaison des deux. \u00c0 titre d\u2019exemple, une personne pourrait \u00eatre appel\u00e9e \u00e0 signer en premier, puis un groupe de personnes signeraient en parall\u00e8le, puis une derni\u00e8re personne apposerait sa signature.[\/vc_column_text][\/vc_tta_section][vc_tta_section title=\u00a0\u00bbCarnet d\u2019adresses\u00a0\u00bb tab_id=\u00a0\u00bb1506661648143-d99203d1-ce70&Prime;][vc_column_text]<span style=\"font-weight: 400;\">Les signataires ajout\u00e9s \u00e0 un projet de signature sont automatiquement ajout\u00e9s au carnet d&rsquo;adresses, ce qui \u00e9vite d&rsquo;avoir \u00e0 entrer leurs informations \u00e0 chaque projet de signature.<\/span>[\/vc_column_text][\/vc_tta_section][vc_tta_section title=\u00a0\u00bbImportation de contacts\u00a0\u00bb tab_id=\u00a0\u00bb1508946243779-315fda51-981c\u00a0\u00bb][vc_column_text]<\/p>\n<p style=\"margin: 0in; font-family: Calibri; font-size: 11.0pt;\">Permet d\u2019importer des contacts dans le carnet d\u2019adresses.<\/p>\n<p>[\/vc_column_text][\/vc_tta_section][vc_tta_section title=\u00a0\u00bbModification d\u2019un projet\u00a0\u00bb tab_id=\u00a0\u00bb1506661649871-249f8e52-e1c6&Prime;][vc_column_text]<span style=\"font-weight: 400;\">Il est possible de modifier un projet de signature en cours, notamment en modifiant les renseignements relatifs \u00e0 un signataire, de m\u00eame qu\u2019en retirant ou en rempla\u00e7ant un signataire.<\/span>[\/vc_column_text][\/vc_tta_section][vc_tta_section title=\u00a0\u00bbTableau de bord\u00a0\u00bb tab_id=\u00a0\u00bb1506661651346-24f376ef-3a57&Prime;][vc_column_text]<span style=\"font-weight: 400;\">Vue rapide de l&rsquo;ensemble des projets de signature et de leurs statuts.<\/span>[\/vc_column_text][\/vc_tta_section][\/vc_tta_accordion][vc_column_text el_class=\u00a0\u00bboverview-title\u00a0\u00bb]<i class=\"fa fa-check\" aria-hidden=\"true\"><\/i>FIABILIT\u00c9 DES DOCUMENTS[\/vc_column_text][vc_tta_accordion style=\u00a0\u00bbflat\u00a0\u00bb shape=\u00a0\u00bbsquare\u00a0\u00bb spacing=\u00a0\u00bb2&Prime; gap=\u00a0\u00bb10&Prime; active_section=\u00a0\u00bb\u00a0\u00bb el_class=\u00a0\u00bboverview-acc\u00a0\u00bb][vc_tta_section title=\u00a0\u00bbInt\u00e9grit\u00e9 des documents\u00a0\u00bb tab_id=\u00a0\u00bb1506661883828-d56ebcb8-2d41&Prime;][vc_column_text]<\/p>\n<ul>\n<li style=\"font-weight: 400;\"><span style=\"font-weight: 400;\">Afin de pr\u00e9server l&rsquo;int\u00e9grit\u00e9 d\u2019un document original, une signature num\u00e9rique de la plateforme est appos\u00e9e d\u00e8s que le document est t\u00e9l\u00e9vers\u00e9 dans la plateforme. Cela permet de certifier que l&rsquo;int\u00e9grit\u00e9 du document original a \u00e9t\u00e9 pr\u00e9serv\u00e9e et qu\u2019elle sera pr\u00e9serv\u00e9e tout au long du cycle de vie du document.<\/span><\/li>\n<li style=\"font-weight: 400;\"><span style=\"font-weight: 400;\">ConsignO Cloud pr\u00e9serve \u00e9galement l\u2019int\u00e9grit\u00e9 des fichiers joints au document t\u00e9l\u00e9vers\u00e9 ainsi que des signatures num\u00e9riques existantes.<\/span><\/li>\n<\/ul>\n<p>[\/vc_column_text][\/vc_tta_section][vc_tta_section title=\u00a0\u00bbP\u00e9rennit\u00e9 des documents (PDF\/A et PAdES LTV)\u00a0\u00bb tab_id=\u00a0\u00bb1506661883828-7e4346f9-fb0b\u00a0\u00bb][vc_column_text]<span style=\"font-weight: 400;\">La p\u00e9rennit\u00e9 d&rsquo;un document garantit qu&rsquo;il pourra \u00eatre ouvert, lu et authentifi\u00e9 sur de nombreuses d\u00e9cennies. La p\u00e9rennit\u00e9 est assur\u00e9e gr\u00e2ce :<\/span><\/p>\n<ul>\n<li><span style=\"font-weight: 400;\">au format PDF\/A, une norme ISO pour l\u2019archivage \u00e0 long terme des documents \u00e9lectroniques (ISO 19005)<\/span><\/li>\n<li><span style=\"font-weight: 400;\">\u00e0 la norme PAdES LTV (ETSI TS 102 778), qui permet de valider les signatures \u00e0 long terme et de confirmer que celles-ci \u00e9taient valides au moment o\u00f9 elles ont \u00e9t\u00e9 appos\u00e9es, quel que soit le statut actuel du certificat (expir\u00e9 ou r\u00e9voqu\u00e9).<\/span><\/li>\n<\/ul>\n<p>[\/vc_column_text][\/vc_tta_section][vc_tta_section title=\u00a0\u00bbConversion aux normes PDF\/A\u00a0\u00bb tab_id=\u00a0\u00bb1506661921328-1b3a92ba-b8ed\u00a0\u00bb][vc_column_text]<span style=\"font-weight: 400;\">Le format PDF\/A (ISO 19005) est la seule famille de normes \u00e0 garantir pr\u00e9cis\u00e9ment la p\u00e9rennit\u00e9 des documents. ConsignO Cloud permet de convertir les documents en format PDF\/A 1, 2 et 3 et de v\u00e9rifier si un document est conforme \u00e0 ces trois normes.<\/span>[\/vc_column_text][\/vc_tta_section][\/vc_tta_accordion][vc_column_text el_class=\u00a0\u00bboverview-title\u00a0\u00bb]<i class=\"fa fa-check\" aria-hidden=\"true\"><\/i>ADAPT\u00c9 \u00c0 VOS BESOINS[\/vc_column_text][vc_tta_accordion style=\u00a0\u00bbflat\u00a0\u00bb shape=\u00a0\u00bbsquare\u00a0\u00bb spacing=\u00a0\u00bb2&Prime; gap=\u00a0\u00bb10&Prime; active_section=\u00a0\u00bb\u00a0\u00bb el_class=\u00a0\u00bboverview-acc\u00a0\u00bb][vc_tta_section title=\u00a0\u00bbSignatures num\u00e9riques et \u00e9lectroniques\u00a0\u00bb tab_id=\u00a0\u00bb1506662064937-238a4f6b-9f3b\u00a0\u00bb][vc_column_text]<span style=\"font-weight: 400;\">Lorsque vous pr\u00e9parez un document \u00e0 signer, vous pouvez d\u00e9terminer si le signataire doit utiliser une signature num\u00e9rique ou une signature \u00e9lectronique.<\/span>[\/vc_column_text][\/vc_tta_section][vc_tta_section title=\u00a0\u00bb\u00c9tablissement d\u2019une date d\u2019expiration\u00a0\u00bb tab_id=\u00a0\u00bb1506662064938-f47e4741-1316&Prime;][vc_column_text]<span style=\"font-weight: 400;\">La personne qui pr\u00e9pare le document \u00e0 signer peut \u00e9tablir une date d\u2019expiration apr\u00e8s laquelle il ne sera plus possible de signer le document.<\/span>[\/vc_column_text][\/vc_tta_section][vc_tta_section title=\u00a0\u00bbDeuxi\u00e8me facteur d\u2019authentification\u00a0\u00bb tab_id=\u00a0\u00bb1506662064938-0864593c-684b\u00a0\u00bb][vc_column_text]<span style=\"font-weight: 400;\">Au choix de la personne qui fait la demande de signature, le signataire peut \u00eatre authentifi\u00e9 au moyen d&rsquo;un mot de passe unique envoy\u00e9 par <\/span><b>SMS<\/b><span style=\"font-weight: 400;\"> sur son t\u00e9l\u00e9phone cellulaire, d&rsquo;un <\/span><b>appel <\/b><span style=\"font-weight: 400;\">automatis\u00e9 lui fournissant un mot de passe unique ou d&rsquo;un <\/span><b>secret partag\u00e9<\/b><span style=\"font-weight: 400;\">.<\/span>[\/vc_column_text][\/vc_tta_section][vc_tta_section title=\u00a0\u00bbOptions personnalisables\u00a0\u00bb tab_id=\u00a0\u00bb1506662082770-e7ae0986-9c78&Prime;][vc_column_text]<span style=\"font-weight: 400;\">ConsignO Cloud peut \u00eatre personnalis\u00e9 afin de correspondre \u00e0 l&rsquo;image de marque du client.<\/span>[\/vc_column_text][\/vc_tta_section][vc_tta_section title=\u00a0\u00bbInterface API\u00a0\u00bb tab_id=\u00a0\u00bb1506662084343-97e28b69-cbb2&Prime;][vc_column_text]<span style=\"font-weight: 400;\">Les signatures num\u00e9riques peuvent \u00eatre int\u00e9gr\u00e9es \u00e0 vos syst\u00e8mes de production existants gr\u00e2ce \u00e0 une puissante interface API.<\/span>[\/vc_column_text][\/vc_tta_section][\/vc_tta_accordion][vc_column_text el_class=\u00a0\u00bboverview-title\u00a0\u00bb]<i class=\"fa fa-check\" aria-hidden=\"true\"><\/i>ORIGINE ET TRA\u00c7ABILIT\u00c9[\/vc_column_text][vc_tta_accordion style=\u00a0\u00bbflat\u00a0\u00bb shape=\u00a0\u00bbsquare\u00a0\u00bb spacing=\u00a0\u00bb2&Prime; gap=\u00a0\u00bb10&Prime; active_section=\u00a0\u00bb\u00a0\u00bb el_class=\u00a0\u00bboverview-acc\u00a0\u00bb][vc_tta_section title=\u00a0\u00bbJournal d&rsquo;audit inalt\u00e9rable\u00a0\u00bb tab_id=\u00a0\u00bb1506662285970-fb665e68-bf69&Prime;][vc_column_text]<span style=\"font-weight: 400;\">ConsignO Cloud g\u00e9n\u00e8re automatiquement un journal d\u2019audit complet, scell\u00e9 num\u00e9riquement, auquel est incorpor\u00e9 le document sign\u00e9 au format PDF\/A-3 afin de d\u00e9montrer la fiabilit\u00e9 du processus de signature.<\/span>[\/vc_column_text][\/vc_tta_section][vc_tta_section title=\u00a0\u00bbHorodatage certifi\u00e9\u00a0\u00bb tab_id=\u00a0\u00bb1506662285971-b1aa5fe9-3b70&Prime;][vc_column_text]<span style=\"font-weight: 400;\">L\u2019utilisation d\u2019un horodatage certifi\u00e9 garantit que l\u2019heure et la date de signature sont exactes et qu\u2019elles n\u2019ont pas \u00e9t\u00e9 modifi\u00e9es.<\/span>[\/vc_column_text][\/vc_tta_section][vc_tta_section title=\u00a0\u00bbSignatures num\u00e9riques CertifiO\u00a0\u00bb tab_id=\u00a0\u00bb1506662285972-b20e7dba-287c\u00a0\u00bb][vc_column_text]<span style=\"font-weight: 400;\">Les signatures num\u00e9riques sont utilis\u00e9es lorsque des signatures hautement fiables sont requises. Une signature num\u00e9rique comprend la preuve de l&rsquo;identit\u00e9 du signataire ainsi que son affiliation professionnelle ou son affiliation \u00e0 un employeur.<\/span>[\/vc_column_text][\/vc_tta_section][vc_tta_section title=\u00a0\u00bbSignatures \u00e9lectroniques de confiance\u00a0\u00bb tab_id=\u00a0\u00bb1506662285973-63c747ac-5228&Prime;][vc_column_text]<span style=\"font-weight: 400;\">Une signature \u00e9lectronique de confiance est une signature qui est appos\u00e9e \u00e0 un document \u00e0 l&rsquo;aide de la signature cryptographiquement prot\u00e9g\u00e9e de la plateforme. Elle comprend l\u2019identit\u00e9 du signataire et les informations relatives \u00e0 son authentification.<\/span>[\/vc_column_text][\/vc_tta_section][vc_tta_section title=\u00a0\u00bbConformit\u00e9 au programme Adobe Approved Trust List (AATL)\u00a0\u00bb tab_id=\u00a0\u00bb1507166476044-4d8fea17-bb98&Prime;][vc_column_text]<span style=\"font-weight: 400;\">Notarius est la seule entreprise canadienne \u00e0 \u00e9mettre des signatures num\u00e9riques reconnues par Adobe (Adobe Approved Trust List \u2013 AATL) et Microsoft (WebTrust for CA). Ainsi, lorsqu\u2019un document est ouvert dans Adobe Reader, les signatures num\u00e9riques appos\u00e9es \u00e0 l\u2019aide de ConsignO Cloud apparaissent comme valides.<\/span>[\/vc_column_text][\/vc_tta_section][\/vc_tta_accordion][vc_column_text el_class=\u00a0\u00bboverview-title\u00a0\u00bb]<i class=\"fa fa-check\" aria-hidden=\"true\"><\/i>S\u00c9CURIT\u00c9[\/vc_column_text][vc_tta_accordion style=\u00a0\u00bbflat\u00a0\u00bb shape=\u00a0\u00bbsquare\u00a0\u00bb spacing=\u00a0\u00bb2&Prime; gap=\u00a0\u00bb10&Prime; active_section=\u00a0\u00bb\u00a0\u00bb el_class=\u00a0\u00bboverview-acc\u00a0\u00bb][vc_tta_section title=\u00a0\u00bbDocuments crypt\u00e9s\u00a0\u00bb tab_id=\u00a0\u00bb1506662409083-8f201329-c9c4&Prime;][vc_column_text]<span style=\"font-weight: 400;\">Dans l\u2019\u00e9ventualit\u00e9 d\u2019un piratage du serveur sur lequel se trouvent les documents ou d\u2019un acc\u00e8s non autoris\u00e9 \u00e0 celui-ci, il est imp\u00e9ratif que les documents soient crypt\u00e9s afin d\u2019\u00e9viter tout acc\u00e8s non autoris\u00e9 aux documents.<\/span>[\/vc_column_text][\/vc_tta_section][vc_tta_section title=\u00a0\u00bbCryptage des documents en transit\u00a0\u00bb tab_id=\u00a0\u00bb1506662409084-e962daa7-3574&Prime;][vc_column_text]<span style=\"font-weight: 400;\">Le transfert de documents se fait au moyen d\u2019une connexion crypt\u00e9e.<\/span>[\/vc_column_text][\/vc_tta_section][vc_tta_section title=\u00a0\u00bbServeurs situ\u00e9s au Canada\u00a0\u00bb tab_id=\u00a0\u00bb1506662409085-bdf49b94-ce29&Prime;][vc_column_text]<span style=\"font-weight: 400;\">Les documents sont stock\u00e9s sur des serveurs situ\u00e9s au Canada exclusivement.<\/span>[\/vc_column_text][\/vc_tta_section][vc_tta_section title=\u00a0\u00bbAuthentification du signataire\u00a0\u00bb tab_id=\u00a0\u00bb1506662409086-8edc7253-61dc\u00a0\u00bb][vc_column_text]<span style=\"font-weight: 400;\">Un deuxi\u00e8me facteur d&rsquo;authentification emp\u00eache toute personne ayant acc\u00e8s au compte courriel du signataire ou de l\u2019utilisateur d\u2019acc\u00e9der aux documents \u00e0 signer et de les signer au nom du signataire d\u00e9sign\u00e9 \u00e0 son insu.<\/span>[\/vc_column_text][\/vc_tta_section][\/vc_tta_accordion][\/vc_column][\/vc_row][\/vc_section][vc_row css=\u00a0\u00bb.vc_custom_1506842813302{padding-top: 147px !important;padding-bottom: 100px !important;}\u00a0\u00bb][vc_column][vc_column_text el_class=\u00a0\u00bbtext-before-button\u00a0\u00bb]<\/p>\n<h3 style=\"text-align: center;\"><strong>CHOISISSEZ LE FORFAIT QUI CONVIENT \u00c0 VOTRE ORGANISATION<\/strong><\/h3>\n<p>[\/vc_column_text][vc_raw_html]JTNDZGl2JTIwY2xhc3MlM0QlMjJncmVlbi1idXR0b24lMjIlM0UlM0NhJTIwY2xhc3MlM0QlMjIlMjIlMjBocmVmJTNEJTIyJTJGZnIlMkZwcmljaW5nJTJGJTIyJTIwdGl0bGUlM0QlMjIlMjIlM0UlMjQlMjBUQVJJRklDQVRJT04lM0MlMkZhJTNFJTNDJTJGZGl2JTNF[\/vc_raw_html][\/vc_column][\/vc_row][vc_row full_width=\u00a0\u00bbstretch_row\u00a0\u00bb bg_type=\u00a0\u00bbimage\u00a0\u00bb parallax_style=\u00a0\u00bbvcpb-vz-jquery\u00a0\u00bb bg_image_new=\u00a0\u00bbid^10|url^https:\/\/consignocloud.wpengine.com\/wp-content\/uploads\/2017\/09\/image.jpg|caption^null|alt^null|title^image|description^null\u00a0\u00bb bg_image_repeat=\u00a0\u00bbno-repeat\u00a0\u00bb css=\u00a0\u00bb.vc_custom_1506844242203{margin-top: 25px !important;}\u00a0\u00bb el_class=\u00a0\u00bbbottom-banner\u00a0\u00bb][vc_column][vc_column_text css=\u00a0\u00bb.vc_custom_1507343583567{padding-top: 250px !important;padding-bottom: 250px !important;}\u00a0\u00bb]<\/p>\n<h2 style=\"text-align: center;\"><span style=\"color: #ffffff;\"><strong>D\u00e9mocratiser la signature \u00e9lectronique<\/strong><\/span><\/h2>\n<p>[\/vc_column_text][\/vc_column][\/vc_row]<\/p>\n<\/div>","protected":false},"excerpt":{"rendered":"<p>[vc_row][vc_column][vc_column_text el_class=\u00a0\u00bbraleway-roboto\u00a0\u00bb] PR\u00c9SENTATION ConsignO Cloud offre une vaste gamme de fonctionnalit\u00e9s r\u00e9pondant aux besoins de votre organisation [\/vc_column_text][\/vc_column][\/vc_row][vc_section][vc_row el_class=\u00a0\u00bbshadow overview-tab\u00a0\u00bb css=\u00a0\u00bb.vc_custom_1506798194859{margin-top: 50px !important;padding-top: 35px !important;padding-right: 20px !important;padding-bottom: 35px !important;padding-left: 20px !important;}\u00a0\u00bb][vc_column el_class=\u00a0\u00bboverview\u00a0\u00bb][vc_column_text el_class=\u00a0\u00bboverview-title\u00a0\u00bb]FACILIT\u00c9 D\u2019UTILISATION[\/vc_column_text][vc_tta_accordion style=\u00a0\u00bbflat\u00a0\u00bb shape=\u00a0\u00bbsquare\u00a0\u00bb spacing=\u00a0\u00bb2&Prime; gap=\u00a0\u00bb10&Prime; active_section=\u00a0\u00bb\u00a0\u00bb el_class=\u00a0\u00bboverview-acc\u00a0\u00bb][vc_tta_section title=\u00a0\u00bbPr\u00e9paration d\u2019un document \u00e0 signer\u00a0\u00bb tab_id=\u00a0\u00bb1506661409479-e3ee6c1d-8c3a\u00a0\u00bb][vc_column_text]Avec ConsignO Cloud, vous pouvez envoyer un document \u00e0 signer&hellip;<\/p>\n","protected":false},"author":33,"featured_media":0,"parent":0,"menu_order":0,"comment_status":"closed","ping_status":"closed","template":"","meta":{"footnotes":""},"class_list":["post-351","page","type-page","status-publish","hentry","description-off"],"_links":{"self":[{"href":"https:\/\/consignocloud.com\/fr\/wp-json\/wp\/v2\/pages\/351","targetHints":{"allow":["GET"]}}],"collection":[{"href":"https:\/\/consignocloud.com\/fr\/wp-json\/wp\/v2\/pages"}],"about":[{"href":"https:\/\/consignocloud.com\/fr\/wp-json\/wp\/v2\/types\/page"}],"author":[{"embeddable":true,"href":"https:\/\/consignocloud.com\/fr\/wp-json\/wp\/v2\/users\/33"}],"replies":[{"embeddable":true,"href":"https:\/\/consignocloud.com\/fr\/wp-json\/wp\/v2\/comments?post=351"}],"version-history":[{"count":0,"href":"https:\/\/consignocloud.com\/fr\/wp-json\/wp\/v2\/pages\/351\/revisions"}],"wp:attachment":[{"href":"https:\/\/consignocloud.com\/fr\/wp-json\/wp\/v2\/media?parent=351"}],"curies":[{"name":"wp","href":"https:\/\/api.w.org\/{rel}","templated":true}]}}