{"id":2670,"date":"2024-08-20T09:38:48","date_gmt":"2024-08-20T14:38:48","guid":{"rendered":"https:\/\/consignostage.wpenginepowered.com\/?page_id=2670"},"modified":"2024-09-26T14:30:32","modified_gmt":"2024-09-26T19:30:32","slug":"signature-personne","status":"publish","type":"page","link":"https:\/\/consignocloud.com\/fr\/signature-personne\/","title":{"rendered":"Signature en personne"},"content":{"rendered":"<div class=\"wpb-content-wrapper\"><p>[vc_row el_class=\u00a0\u00bbhelp-text-block\u00a0\u00bb][vc_column][vc_column_text el_class=\u00a0\u00bbhelp-title\u00a0\u00bb]<\/p>\n<h1 style=\"text-align: center;\">AIDE<\/h1>\n<p>[\/vc_column_text][vc_column_text el_class=\u00a0\u00bbhelp-subtitle\u00a0\u00bb]<\/p>\n<h2 style=\"text-align: center;\">Guide d\u2019utilisation de ConsignO Cloud<\/h2>\n<p>[\/vc_column_text][\/vc_column][\/vc_row][vc_row el_class=\u00a0\u00bbhelp-text-block\u00a0\u00bb][vc_column][vc_column_text css=\u00a0\u00bb\u00a0\u00bb el_class=\u00a0\u00bbhelp-title-text\u00a0\u00bb]<\/p>\n<h3 style=\"text-align: center;\">Signature en personne<\/h3>\n<p>[\/vc_column_text][vc_raw_html]JTNDcCUzRURpc3BvbmlibGUlMjBhdmVjJTIwJTNBJTIwJTNDc3BhbiUyMGNsYXNzJTNEJTIydHlwZS1wcm9kdWN0LWluc2lkZSUyMiUzRSUzQ2klMjBjbGFzcyUzRCUyMmZhcyUyMGZhLWNpcmNsZSUyMGJsdWUlMjIlM0UlM0MlMkZpJTNFJTIwRm9yZmFpdCUyMGFmZmFpcmVzJTIwJTNDaSUyMGNsYXNzJTNEJTIyZmFzJTIwZmEtY2lyY2xlJTIwb3JhbmdlJTIyJTNFJTNDJTJGaSUzRSUyMEZvcmZhaXQlMjBlbnRyZXByaXNlJTNDJTJGc3BhbiUzRSUzQyUyRnAlM0U=[\/vc_raw_html][vc_column_text css=\u00a0\u00bb\u00a0\u00bb]<\/p>\n<div style=\"background-color: #72c8e1; padding: 20px; border-radius: 3px; color: #fff; width: 100%; margin: 0; box-sizing: border-box;\">\n<h3 style=\"color: #fff;\">Configuration mat\u00e9rielle et consid\u00e9rations<\/h3>\n<p>Pour une exp\u00e9rience de signature optimale, il est recommand\u00e9 d&rsquo;utiliser un \u00e9cran tactile avec un stylet lors des sessions de signature en personne, car l&rsquo;utilisation d&rsquo;une souris ou d&rsquo;un pav\u00e9 tactile est moins agr\u00e9able.<\/p>\n<p>De plus, afin de prot\u00e9ger les donn\u00e9es affich\u00e9es sur le poste de l\u2019instrumentant, il est conseill\u00e9 d\u2019utiliser un <strong>\u00e9cran secondaire en mode \u00e9tendu<\/strong>, et de d\u00e9placer l\u2019onglet de la session de signature sur cet \u00e9cran, \u00e9vitant ainsi l\u2019acc\u00e8s aux donn\u00e9es affich\u00e9es sur l\u2019\u00e9cran de l\u2019instrumentant une fois la signature compl\u00e9t\u00e9e.<\/p>\n<p>Consultez aussi notre <a style=\"color: #fff; text-decoration: underline;\" href=\"https:\/\/consignocloud.com\/help\/faq\/\">FAQ<\/a>.<\/p>\n<\/div>\n<p>[\/vc_column_text][vc_column_text css=\u00a0\u00bb\u00a0\u00bb]La signature en personne permet \u00e0 un instrumentant d&rsquo;exiger que la signature soit ex\u00e9cut\u00e9e en personne dans un projet de signature.[\/vc_column_text][vc_column_text css=\u00a0\u00bb\u00a0\u00bb el_class=\u00a0\u00bbhelp-highlights-title\u00a0\u00bb]<\/p>\n<h3>1. Cr\u00e9ation d\u2019un contact avec signature en personne<\/h3>\n<p>[\/vc_column_text][vc_column_text css=\u00a0\u00bb\u00a0\u00bb]Lors de la cr\u00e9ation ou de la modification d\u2019un contact, il est possible d\u2019indiquer que la signature sera r\u00e9alis\u00e9e en personne.<\/p>\n<p>Dans la fen\u00eatre\u00a0 \u00ab Informations du contact \u00bb, en cochant la case \u00ab Signature sera ex\u00e9cut\u00e9e en personne \u00bb, il est exig\u00e9 que le signataire participe au projet en personne.[\/vc_column_text][vc_column_text css=\u00a0\u00bb\u00a0\u00bb el_class=\u00a0\u00bbhelp-highlights\u00a0\u00bb]<strong>Remarque :<\/strong> Il est important de noter que l&rsquo;adresse courriel du signataire n&rsquo;est pas n\u00e9cessaire pour cr\u00e9er un projet de signature en pr\u00e9sentiel. Toutefois, si vous souhaitez partager le projet une fois sign\u00e9, vous devrez modifier le contact dans le carnet d&rsquo;adresses pour ajouter une adresse courriel.[\/vc_column_text][vc_single_image image=\u00a0\u00bb2673&Prime; img_size=\u00a0\u00bbfull\u00a0\u00bb alignment=\u00a0\u00bbcenter\u00a0\u00bb css=\u00a0\u00bb\u00a0\u00bb el_class=\u00a0\u00bbhelp-highlights-img\u00a0\u00bb][vc_column_text css=\u00a0\u00bb\u00a0\u00bb el_class=\u00a0\u00bbhelp-highlights-title\u00a0\u00bb]<\/p>\n<h3>2. \u00c9tapes cot\u00e9 instrumentant : Le projet de signature avec signataire(s) en personne<\/h3>\n<p>[\/vc_column_text][vc_column_text css=\u00a0\u00bb\u00a0\u00bb]<strong>A. Cr\u00e9er un projet avec un ou plusieurs signataires en personne et lancer le projet<\/strong>[\/vc_column_text][vc_column_text css=\u00a0\u00bb\u00a0\u00bb el_class=\u00a0\u00bbhelp-highlights\u00a0\u00bb]<strong>Note\u00a0:<\/strong> les signataires en personne sont de couleur violette afin de les distinguer des autres types de signataires.[\/vc_column_text][vc_single_image image=\u00a0\u00bb2675&Prime; img_size=\u00a0\u00bbfull\u00a0\u00bb alignment=\u00a0\u00bbcenter\u00a0\u00bb css=\u00a0\u00bb\u00a0\u00bb][vc_column_text css=\u00a0\u00bb\u00a0\u00bb]<strong>B. D\u00e9marrer la session de signature en personne<\/strong><\/p>\n<p>&nbsp;<\/p>\n<p>Se rendre sur le tableau de bord de l\u2019instrumentant et cliquer sur le bouton \u00ab Signer ce projet en personne \u00bb.[\/vc_column_text][vc_single_image image=\u00a0\u00bb2690&Prime; img_size=\u00a0\u00bbfull\u00a0\u00bb alignment=\u00a0\u00bbcenter\u00a0\u00bb css=\u00a0\u00bb\u00a0\u00bb][vc_column_text css=\u00a0\u00bb\u00a0\u00bb]<strong>C. Confirmation du d\u00e9marrage de la session en personne et s\u00e9lection de la personne \u00e0 qui donner le contr\u00f4le de la session \u2013 le signataire<\/strong><\/p>\n<p>&nbsp;<\/p>\n<p>Un message confirme le d\u00e9marrage de la session de signature et le choix du signataire.[\/vc_column_text][vc_single_image image=\u00a0\u00bb2677&Prime; img_size=\u00a0\u00bbfull\u00a0\u00bb alignment=\u00a0\u00bbcenter\u00a0\u00bb css=\u00a0\u00bb\u00a0\u00bb][vc_column_text css=\u00a0\u00bb\u00a0\u00bb]Une nouvelle fen\u00eatre est alors ouverte : l\u2019instrumentant peut \u00e0 pr\u00e9sent donner le contr\u00f4le de la session au signataire.[\/vc_column_text][vc_column_text css=\u00a0\u00bb\u00a0\u00bb el_class=\u00a0\u00bbhelp-highlights-title\u00a0\u00bb]<\/p>\n<h3>3. \u00c9tapes cot\u00e9 signataire<\/h3>\n<p>[\/vc_column_text][vc_column_text css=\u00a0\u00bb\u00a0\u00bb]<strong>A. Confirmation de son identit\u00e9<\/strong><\/p>\n<p>&nbsp;<\/p>\n<p>Dans un premier temps, le signataire doit valider les informations qui lui sont pr\u00e9sent\u00e9es.[\/vc_column_text][vc_single_image image=\u00a0\u00bb2679&Prime; img_size=\u00a0\u00bbfull\u00a0\u00bb alignment=\u00a0\u00bbcenter\u00a0\u00bb css=\u00a0\u00bb\u00a0\u00bb][vc_column_text css=\u00a0\u00bb\u00a0\u00bb]<strong>B. R\u00e9ception d\u2019un facteur d\u2019authentification afin d\u2019acc\u00e9der \u00e0 la chambre de signature<\/strong><\/p>\n<p>&nbsp;<\/p>\n<p>Dans l\u2019exemple ci-dessous, nous avons la r\u00e9ception d\u2019un code SMS comme facteur d\u2019authentification.[\/vc_column_text][vc_column_text css=\u00a0\u00bb\u00a0\u00bb el_class=\u00a0\u00bbhelp-highlights\u00a0\u00bb]<strong>Note :<\/strong> Cette \u00e9tape d\u00e9pend de la configuration de votre organisation, si aucun facteur d\u2019authentification n\u2019est requis pour entrer dans la chambre de signature, cette \u00e9tape ne s\u2019appliquera pas.[\/vc_column_text][vc_single_image image=\u00a0\u00bb2681&Prime; img_size=\u00a0\u00bbfull\u00a0\u00bb alignment=\u00a0\u00bbcenter\u00a0\u00bb css=\u00a0\u00bb\u00a0\u00bb][vc_column_text css=\u00a0\u00bb\u00a0\u00bb]<strong>C. Signature du document<\/strong><\/p>\n<p>&nbsp;<\/p>\n<p>Le signataire doit cliquer sur \u00ab approuver et signer \u00bb pour signer le document.[\/vc_column_text][vc_single_image image=\u00a0\u00bb2683&Prime; img_size=\u00a0\u00bbfull\u00a0\u00bb alignment=\u00a0\u00bbcenter\u00a0\u00bb css=\u00a0\u00bb\u00a0\u00bb][vc_column_text css=\u00a0\u00bb\u00a0\u00bb]<strong>D. Fin de la session de signature<\/strong><\/p>\n<p>&nbsp;<\/p>\n<p>La signature met fin \u00e0 la session de signature en personne et le signataire doit redonner le contr\u00f4le de la session \u00e0 l\u2019instrumentant.[\/vc_column_text][vc_single_image image=\u00a0\u00bb2687&Prime; img_size=\u00a0\u00bbfull\u00a0\u00bb alignment=\u00a0\u00bbcenter\u00a0\u00bb css=\u00a0\u00bb\u00a0\u00bb][vc_empty_space height=\u00a0\u00bb80px\u00a0\u00bb][\/vc_column][\/vc_row]<\/p>\n<\/div>","protected":false},"excerpt":{"rendered":"<p>[vc_row el_class=\u00a0\u00bbhelp-text-block\u00a0\u00bb][vc_column][vc_column_text el_class=\u00a0\u00bbhelp-title\u00a0\u00bb] AIDE [\/vc_column_text][vc_column_text el_class=\u00a0\u00bbhelp-subtitle\u00a0\u00bb] Guide d\u2019utilisation de ConsignO Cloud [\/vc_column_text][\/vc_column][\/vc_row][vc_row el_class=\u00a0\u00bbhelp-text-block\u00a0\u00bb][vc_column][vc_column_text css=\u00a0\u00bb\u00a0\u00bb el_class=\u00a0\u00bbhelp-title-text\u00a0\u00bb] Signature en personne [\/vc_column_text][vc_raw_html]JTNDcCUzRURpc3BvbmlibGUlMjBhdmVjJTIwJTNBJTIwJTNDc3BhbiUyMGNsYXNzJTNEJTIydHlwZS1wcm9kdWN0LWluc2lkZSUyMiUzRSUzQ2klMjBjbGFzcyUzRCUyMmZhcyUyMGZhLWNpcmNsZSUyMGJsdWUlMjIlM0UlM0MlMkZpJTNFJTIwRm9yZmFpdCUyMGFmZmFpcmVzJTIwJTNDaSUyMGNsYXNzJTNEJTIyZmFzJTIwZmEtY2lyY2xlJTIwb3JhbmdlJTIyJTNFJTNDJTJGaSUzRSUyMEZvcmZhaXQlMjBlbnRyZXByaXNlJTNDJTJGc3BhbiUzRSUzQyUyRnAlM0U=[\/vc_raw_html][vc_column_text css=\u00a0\u00bb\u00a0\u00bb] Configuration mat\u00e9rielle et consid\u00e9rations Pour une exp\u00e9rience de signature optimale, il est recommand\u00e9 d&rsquo;utiliser un \u00e9cran tactile avec un stylet lors des sessions de signature en personne, car l&rsquo;utilisation d&rsquo;une souris ou d&rsquo;un pav\u00e9 tactile&hellip;<\/p>\n","protected":false},"author":21,"featured_media":0,"parent":0,"menu_order":0,"comment_status":"closed","ping_status":"closed","template":"","meta":{"footnotes":""},"class_list":["post-2670","page","type-page","status-publish","hentry","description-off"],"_links":{"self":[{"href":"https:\/\/consignocloud.com\/fr\/wp-json\/wp\/v2\/pages\/2670","targetHints":{"allow":["GET"]}}],"collection":[{"href":"https:\/\/consignocloud.com\/fr\/wp-json\/wp\/v2\/pages"}],"about":[{"href":"https:\/\/consignocloud.com\/fr\/wp-json\/wp\/v2\/types\/page"}],"author":[{"embeddable":true,"href":"https:\/\/consignocloud.com\/fr\/wp-json\/wp\/v2\/users\/21"}],"replies":[{"embeddable":true,"href":"https:\/\/consignocloud.com\/fr\/wp-json\/wp\/v2\/comments?post=2670"}],"version-history":[{"count":0,"href":"https:\/\/consignocloud.com\/fr\/wp-json\/wp\/v2\/pages\/2670\/revisions"}],"wp:attachment":[{"href":"https:\/\/consignocloud.com\/fr\/wp-json\/wp\/v2\/media?parent=2670"}],"curies":[{"name":"wp","href":"https:\/\/api.w.org\/{rel}","templated":true}]}}