{"id":2631,"date":"2024-04-24T13:03:57","date_gmt":"2024-04-24T18:03:57","guid":{"rendered":"https:\/\/consignostage.wpenginepowered.com\/?page_id=2631"},"modified":"2024-04-24T14:41:41","modified_gmt":"2024-04-24T19:41:41","slug":"groupe-de-destinataires","status":"publish","type":"page","link":"https:\/\/consignocloud.com\/fr\/groupe-de-destinataires\/","title":{"rendered":"Groupe de destinataires"},"content":{"rendered":"<div class=\"wpb-content-wrapper\"><p>[vc_row el_class=\u00a0\u00bbhelp-text-block\u00a0\u00bb][vc_column][vc_column_text el_class=\u00a0\u00bbhelp-title\u00a0\u00bb]<\/p>\n<h1 style=\"text-align: center;\">AIDE<\/h1>\n<p>[\/vc_column_text][vc_column_text el_class=\u00a0\u00bbhelp-subtitle\u00a0\u00bb]<\/p>\n<h2 style=\"text-align: center;\">Guide d\u2019utilisation de ConsignO Cloud<\/h2>\n<p>[\/vc_column_text][\/vc_column][\/vc_row][vc_row el_class=\u00a0\u00bbhelp-text-block\u00a0\u00bb][vc_column][vc_column_text el_class=\u00a0\u00bbhelp-title-text\u00a0\u00bb]<\/p>\n<h3 style=\"text-align: center;\">Groupe de destinataires<\/h3>\n<p>[\/vc_column_text][vc_raw_html]JTNDcCUzRURpc3BvbmlibGUlMjBhdmVjJTIwJTNBJTIwJTNDc3BhbiUyMGNsYXNzJTNEJTIydHlwZS1wcm9kdWN0LWluc2lkZSUyMiUzRSUzQ2klMjBjbGFzcyUzRCUyMmZhcyUyMGZhLWNpcmNsZSUyMGJsdWUlMjIlM0UlM0MlMkZpJTNFJTIwRm9yZmFpdCUyMGFmZmFpcmVzJTIwJTNDaSUyMGNsYXNzJTNEJTIyZmFzJTIwZmEtY2lyY2xlJTIwb3JhbmdlJTIyJTNFJTNDJTJGaSUzRSUyMEZvcmZhaXQlMjBlbnRyZXByaXNlJTNDJTJGc3BhbiUzRSUzQyUyRnAlM0U=[\/vc_raw_html][vc_column_text]Un groupe de destinataires permet \u00e0 un instrumentant d&rsquo;assigner une signature \u00e0 plusieurs personnes, mais seule la signature d\u2019une personne est n\u00e9cessaire.<\/p>\n<p>Dans la page de cr\u00e9ation d\u2019un projet cliquez sur le bouton d\u2019options \u00ab \u2026 \u00bb afin de faire afficher la fonction de groupe de destinataires[\/vc_column_text][vc_single_image image=\u00a0\u00bb2633&Prime; img_size=\u00a0\u00bbfull\u00a0\u00bb el_class=\u00a0\u00bbhelp-highlights-img\u00a0\u00bb][vc_column_text]Par la suite, veuillez indiquer\u00a0:<\/p>\n<ol>\n<li>le nom du groupe,<\/li>\n<li>s\u00e9lectionnez les signataires \u00e0 ajouter \u00e0 partir du carnet d\u2019adresses ou cr\u00e9ez un nouveau signataire et<\/li>\n<li>cliquez sur \u00ab Cr\u00e9er \u00bb.<\/li>\n<\/ol>\n<p>[\/vc_column_text][vc_single_image image=\u00a0\u00bb2635&Prime; img_size=\u00a0\u00bbfull\u00a0\u00bb el_class=\u00a0\u00bbhelp-highlights-img\u00a0\u00bb][vc_column_text]Le groupe est cr\u00e9\u00e9 et vous pouvez placer la zone sur le document \u00e0 signer[\/vc_column_text][vc_single_image image=\u00a0\u00bb2637&Prime; img_size=\u00a0\u00bbfull\u00a0\u00bb el_class=\u00a0\u00bbhelp-highlights-img\u00a0\u00bb][vc_column_text]<\/p>\n<p class=\"MsoNormal\"><span lang=\"FR\" style=\"mso-ansi-language: FR;\">Le groupe de destinataire se comporte comme tous les signataires : il peut \u00eatre \u00e9dit\u00e9, supprim\u00e9, remplac\u00e9, assign\u00e9 \u00e0 un champ texte, etc.<\/span><\/p>\n<p>[\/vc_column_text][vc_single_image image=\u00a0\u00bb2639&Prime; img_size=\u00a0\u00bbfull\u00a0\u00bb el_class=\u00a0\u00bbhelp-highlights-img\u00a0\u00bb][vc_column_text]Une fois le projet lanc\u00e9, chaque membre du groupe re\u00e7oit un courriel lui demandant de signer un projet de signature.<\/p>\n<p>Comme nous sommes dans un groupe de destinataires, la signature d\u2019un seul membre du groupe est n\u00e9cessaire pour compl\u00e9ter le projet.<\/p>\n<p>La premi\u00e8re personne du groupe qui acc\u00e8de au projet de signature et le signe sera consid\u00e9r\u00e9e comme le signataire du projet.<\/p>\n<p><strong>Astuce :<\/strong> Actuellement, le groupe de destinataires n&rsquo;est pas enregistr\u00e9 dans le carnet d&rsquo;adresses pour une r\u00e9utilisation facile sans avoir \u00e0 le recr\u00e9er. Vous pouvez \u00e9viter cette \u00e9tape en dupliquant ce projet directement depuis le tableau de bord et ainsi r\u00e9utiliser le groupe de destinataires.[\/vc_column_text][vc_empty_space height=\u00a0\u00bb80px\u00a0\u00bb][\/vc_column][\/vc_row]<\/p>\n<\/div>","protected":false},"excerpt":{"rendered":"<p>[vc_row el_class=\u00a0\u00bbhelp-text-block\u00a0\u00bb][vc_column][vc_column_text el_class=\u00a0\u00bbhelp-title\u00a0\u00bb] AIDE [\/vc_column_text][vc_column_text el_class=\u00a0\u00bbhelp-subtitle\u00a0\u00bb] Guide d\u2019utilisation de ConsignO Cloud [\/vc_column_text][\/vc_column][\/vc_row][vc_row el_class=\u00a0\u00bbhelp-text-block\u00a0\u00bb][vc_column][vc_column_text el_class=\u00a0\u00bbhelp-title-text\u00a0\u00bb] Groupe de destinataires [\/vc_column_text][vc_raw_html]JTNDcCUzRURpc3BvbmlibGUlMjBhdmVjJTIwJTNBJTIwJTNDc3BhbiUyMGNsYXNzJTNEJTIydHlwZS1wcm9kdWN0LWluc2lkZSUyMiUzRSUzQ2klMjBjbGFzcyUzRCUyMmZhcyUyMGZhLWNpcmNsZSUyMGJsdWUlMjIlM0UlM0MlMkZpJTNFJTIwRm9yZmFpdCUyMGFmZmFpcmVzJTIwJTNDaSUyMGNsYXNzJTNEJTIyZmFzJTIwZmEtY2lyY2xlJTIwb3JhbmdlJTIyJTNFJTNDJTJGaSUzRSUyMEZvcmZhaXQlMjBlbnRyZXByaXNlJTNDJTJGc3BhbiUzRSUzQyUyRnAlM0U=[\/vc_raw_html][vc_column_text]Un groupe de destinataires permet \u00e0 un instrumentant d&rsquo;assigner une signature \u00e0 plusieurs personnes, mais seule la signature d\u2019une personne est n\u00e9cessaire. Dans la page de cr\u00e9ation d\u2019un projet cliquez sur le bouton d\u2019options \u00ab \u2026 \u00bb afin&hellip;<\/p>\n","protected":false},"author":21,"featured_media":0,"parent":0,"menu_order":0,"comment_status":"closed","ping_status":"closed","template":"","meta":{"footnotes":""},"class_list":["post-2631","page","type-page","status-publish","hentry","description-off"],"_links":{"self":[{"href":"https:\/\/consignocloud.com\/fr\/wp-json\/wp\/v2\/pages\/2631","targetHints":{"allow":["GET"]}}],"collection":[{"href":"https:\/\/consignocloud.com\/fr\/wp-json\/wp\/v2\/pages"}],"about":[{"href":"https:\/\/consignocloud.com\/fr\/wp-json\/wp\/v2\/types\/page"}],"author":[{"embeddable":true,"href":"https:\/\/consignocloud.com\/fr\/wp-json\/wp\/v2\/users\/21"}],"replies":[{"embeddable":true,"href":"https:\/\/consignocloud.com\/fr\/wp-json\/wp\/v2\/comments?post=2631"}],"version-history":[{"count":0,"href":"https:\/\/consignocloud.com\/fr\/wp-json\/wp\/v2\/pages\/2631\/revisions"}],"wp:attachment":[{"href":"https:\/\/consignocloud.com\/fr\/wp-json\/wp\/v2\/media?parent=2631"}],"curies":[{"name":"wp","href":"https:\/\/api.w.org\/{rel}","templated":true}]}}