{"id":2561,"date":"2024-02-28T10:47:32","date_gmt":"2024-02-28T15:47:32","guid":{"rendered":"https:\/\/consignostage.wpenginepowered.com\/?page_id=2561"},"modified":"2024-02-28T10:47:32","modified_gmt":"2024-02-28T15:47:32","slug":"delegation-de-signature","status":"publish","type":"page","link":"https:\/\/consignocloud.com\/fr\/delegation-de-signature\/","title":{"rendered":"D\u00e9l\u00e9gation de signature"},"content":{"rendered":"<div class=\"wpb-content-wrapper\"><p>[vc_row el_class=\u00a0\u00bbhelp-text-block\u00a0\u00bb][vc_column][vc_column_text el_class=\u00a0\u00bbhelp-title\u00a0\u00bb]<\/p>\n<h1 style=\"text-align: center;\">AIDE<\/h1>\n<p>[\/vc_column_text][vc_column_text el_class=\u00a0\u00bbhelp-subtitle\u00a0\u00bb]<\/p>\n<h2 style=\"text-align: center;\">Guide d\u2019utilisation de ConsignO Cloud<\/h2>\n<p>[\/vc_column_text][\/vc_column][\/vc_row][vc_row el_class=\u00a0\u00bbhelp-text-block\u00a0\u00bb][vc_column][vc_column_text el_class=\u00a0\u00bbhelp-title-text\u00a0\u00bb]<\/p>\n<h3 style=\"text-align: center;\">D\u00e9l\u00e9gation de signature<\/h3>\n<p>[\/vc_column_text][vc_raw_html]JTNDcCUzRURpc3BvbmlibGUlMjBhdmVjJTIwJTNBJTIwJTNDc3BhbiUyMGNsYXNzJTNEJTIydHlwZS1wcm9kdWN0LWluc2lkZSUyMiUzRSUzQ2klMjBjbGFzcyUzRCUyMmZhcyUyMGZhLWNpcmNsZSUyMGJsdWUlMjIlM0UlM0MlMkZpJTNFJTIwRm9yZmFpdCUyMGFmZmFpcmVzJTIwJTNDaSUyMGNsYXNzJTNEJTIyZmFzJTIwZmEtY2lyY2xlJTIwb3JhbmdlJTIyJTNFJTNDJTJGaSUzRSUyMEZvcmZhaXQlMjBlbnRyZXByaXNlJTNDJTJGc3BhbiUzRSUzQyUyRnAlM0U=[\/vc_raw_html][vc_column_text]<strong>1- Exp\u00e9rience du signataire : D\u00e9l\u00e9guer la signature<\/strong><\/p>\n<p>La d\u00e9l\u00e9gation de signature permet \u00e0 un signataire de transf\u00e9rer la signature d\u2019un ou des documents d\u2019un projet \u00e0 une autre personne.<\/p>\n<p>Note : La signature peut \u00eatre transf\u00e9r\u00e9e \u00e0 de multiple reprise. Cette action va cr\u00e9er une chaine de d\u00e9l\u00e9gation comprenant les noms des personnes autoris\u00e9es \u00e0 signer le document \u00e0 tout moment.<\/p>\n<p>Dans la chambre de signature, cliquer sur le menu d\u2019options \u00e0 droite du bouton \u00ab Approuver et signer \u00bb et s\u00e9lectionner l\u2019option \u00ab D\u00e9l\u00e9guer \u00e0 une autre personne \u00bb[\/vc_column_text][vc_single_image image=\u00a0\u00bb2563&Prime; img_size=\u00a0\u00bbfull\u00a0\u00bb el_class=\u00a0\u00bbhelp-highlights-img\u00a0\u00bb][vc_column_text]Indiquer ensuite les informations requises du nouveau signataire[\/vc_column_text][vc_single_image image=\u00a0\u00bb2565&Prime; img_size=\u00a0\u00bbfull\u00a0\u00bb el_class=\u00a0\u00bbhelp-highlights-img\u00a0\u00bb][vc_column_text]Puis remplir les informations d\u2019authentification de cette personne[\/vc_column_text][vc_single_image image=\u00a0\u00bb2567&Prime; img_size=\u00a0\u00bbfull\u00a0\u00bb el_class=\u00a0\u00bbhelp-highlights-img\u00a0\u00bb][vc_column_text]Un message de confirmation s\u2019affiche et vous pouvez fermer la fen\u00eatre.[\/vc_column_text][vc_single_image image=\u00a0\u00bb2569&Prime; img_size=\u00a0\u00bbfull\u00a0\u00bb el_class=\u00a0\u00bbhelp-highlights-img\u00a0\u00bb][vc_column_text]La d\u00e9l\u00e9gation de signature est effectu\u00e9e vers une autre personne. Le nouveau signataire recevra un courriel lui indiquant que sa signature est requise dans le projet de signature. Il vous est toujours possible de signer le projet ou encore d\u2019\u00e9diter ou supprimer la d\u00e9l\u00e9gation. Vous pouvez quitter la page.<\/p>\n<p><strong>2- \u00c9dition et suppression de la d\u00e9l\u00e9gation de signature<\/strong><\/p>\n<p>Une fois la d\u00e9l\u00e9gation activ\u00e9e, un signataire d\u00e9l\u00e9gant peut retourner dans la chambre de signature (en cliquant sur le lien re\u00e7u dans le courriel initial l\u2019informant qu\u2019il devait signer un projet de signature) pour \u00e9diter ou supprimer la d\u00e9l\u00e9gation. Une fois dans la chambre de signature, cliquer sur le menu d\u2019options \u00e0 droite du bouton \u00ab Approuver et signer \u00bb et les options d\u2019\u00e9dition et de suppression s\u2019affichent.[\/vc_column_text][vc_single_image image=\u00a0\u00bb2571&Prime; img_size=\u00a0\u00bbfull\u00a0\u00bb el_class=\u00a0\u00bbhelp-highlights-img\u00a0\u00bb][vc_empty_space height=\u00a0\u00bb80px\u00a0\u00bb][\/vc_column][\/vc_row]<\/p>\n<\/div>","protected":false},"excerpt":{"rendered":"<p>[vc_row el_class=\u00a0\u00bbhelp-text-block\u00a0\u00bb][vc_column][vc_column_text el_class=\u00a0\u00bbhelp-title\u00a0\u00bb] AIDE [\/vc_column_text][vc_column_text el_class=\u00a0\u00bbhelp-subtitle\u00a0\u00bb] Guide d\u2019utilisation de ConsignO Cloud [\/vc_column_text][\/vc_column][\/vc_row][vc_row el_class=\u00a0\u00bbhelp-text-block\u00a0\u00bb][vc_column][vc_column_text el_class=\u00a0\u00bbhelp-title-text\u00a0\u00bb] D\u00e9l\u00e9gation de signature [\/vc_column_text][vc_raw_html]JTNDcCUzRURpc3BvbmlibGUlMjBhdmVjJTIwJTNBJTIwJTNDc3BhbiUyMGNsYXNzJTNEJTIydHlwZS1wcm9kdWN0LWluc2lkZSUyMiUzRSUzQ2klMjBjbGFzcyUzRCUyMmZhcyUyMGZhLWNpcmNsZSUyMGJsdWUlMjIlM0UlM0MlMkZpJTNFJTIwRm9yZmFpdCUyMGFmZmFpcmVzJTIwJTNDaSUyMGNsYXNzJTNEJTIyZmFzJTIwZmEtY2lyY2xlJTIwb3JhbmdlJTIyJTNFJTNDJTJGaSUzRSUyMEZvcmZhaXQlMjBlbnRyZXByaXNlJTNDJTJGc3BhbiUzRSUzQyUyRnAlM0U=[\/vc_raw_html][vc_column_text]1- Exp\u00e9rience du signataire : D\u00e9l\u00e9guer la signature La d\u00e9l\u00e9gation de signature permet \u00e0 un signataire de transf\u00e9rer la signature d\u2019un ou des documents d\u2019un projet \u00e0 une autre personne. Note : La signature peut \u00eatre transf\u00e9r\u00e9e \u00e0&hellip;<\/p>\n","protected":false},"author":21,"featured_media":0,"parent":0,"menu_order":0,"comment_status":"closed","ping_status":"closed","template":"","meta":{"footnotes":""},"class_list":["post-2561","page","type-page","status-publish","hentry","description-off"],"_links":{"self":[{"href":"https:\/\/consignocloud.com\/fr\/wp-json\/wp\/v2\/pages\/2561","targetHints":{"allow":["GET"]}}],"collection":[{"href":"https:\/\/consignocloud.com\/fr\/wp-json\/wp\/v2\/pages"}],"about":[{"href":"https:\/\/consignocloud.com\/fr\/wp-json\/wp\/v2\/types\/page"}],"author":[{"embeddable":true,"href":"https:\/\/consignocloud.com\/fr\/wp-json\/wp\/v2\/users\/21"}],"replies":[{"embeddable":true,"href":"https:\/\/consignocloud.com\/fr\/wp-json\/wp\/v2\/comments?post=2561"}],"version-history":[{"count":0,"href":"https:\/\/consignocloud.com\/fr\/wp-json\/wp\/v2\/pages\/2561\/revisions"}],"wp:attachment":[{"href":"https:\/\/consignocloud.com\/fr\/wp-json\/wp\/v2\/media?parent=2561"}],"curies":[{"name":"wp","href":"https:\/\/api.w.org\/{rel}","templated":true}]}}