{"id":2515,"date":"2023-08-04T17:25:10","date_gmt":"2023-08-04T22:25:10","guid":{"rendered":"https:\/\/consignostage.wpenginepowered.com\/?page_id=2515"},"modified":"2023-08-04T17:25:10","modified_gmt":"2023-08-04T22:25:10","slug":"lapprobateur","status":"publish","type":"page","link":"https:\/\/consignocloud.com\/fr\/lapprobateur\/","title":{"rendered":"L&rsquo;approbateur"},"content":{"rendered":"<div class=\"wpb-content-wrapper\"><p>[vc_row el_class=\u00a0\u00bbhelp-text-block\u00a0\u00bb][vc_column][vc_column_text el_class=\u00a0\u00bbhelp-title\u00a0\u00bb]<\/p>\n<h1 style=\"text-align: center;\">AIDE<\/h1>\n<p>[\/vc_column_text][vc_column_text el_class=\u00a0\u00bbhelp-subtitle\u00a0\u00bb]<\/p>\n<h2 style=\"text-align: center;\">Guide d\u2019utilisation de ConsignO Cloud<\/h2>\n<p>[\/vc_column_text][\/vc_column][\/vc_row][vc_row el_class=\u00a0\u00bbhelp-text-block\u00a0\u00bb][vc_column][vc_column_text el_class=\u00a0\u00bbhelp-title-text\u00a0\u00bb]<\/p>\n<h3 style=\"text-align: center;\">Approbateur<\/h3>\n<p>[\/vc_column_text][vc_raw_html]JTNDcCUzRURpc3BvbmlibGUlMjBhdmVjJTIwJTNBJTIwJTNDc3BhbiUyMGNsYXNzJTNEJTIydHlwZS1wcm9kdWN0LWluc2lkZSUyMiUzRSUyMCUzQ2klMjBjbGFzcyUzRCUyMmZhcyUyMGZhLWNpcmNsZSUyMGJsdWUlMjIlM0UlM0MlMkZpJTNFJTIwRm9yZmFpdCUyMGFmZmFpcmVzJTIwJTNDaSUyMGNsYXNzJTNEJTIyZmFzJTIwZmEtY2lyY2xlJTIwb3JhbmdlJTIyJTNFJTNDJTJGaSUzRSUyMEZvcmZhaXQlMjBlbnRyZXByaXNlJTNDJTJGc3BhbiUzRSUzQyUyRnAlM0U=[\/vc_raw_html][vc_column_text]La fonction Approbateur permet de d\u00e9finir une personne qui sera responsable d\u2019approuver le projet de signature ou d\u2019y mettre fin en le refusant. L\u2019approbateur peut \u00eatre ajout\u00e9 \u00e0 n\u2019importe quelle position dans la s\u00e9quence de signature et il sera notifi\u00e9 par courriel lorsque ce sera \u00e0 son tour d\u2019approuver. Il devra s\u2019authentifier pour acc\u00e9der au projet de signature pour ensuite approuver pour permettre au flux de signature de se poursuivre ou bien d\u2019y mettre fin en refusant.<\/p>\n<p>Un projet de signature peut comporter un ou plusieurs approbateurs.<\/p>\n<p>Une autre particularit\u00e9 de l\u2019approbateur est qu\u2019\u00e0 la diff\u00e9rence d\u2019un signataire, l\u2019action d\u2019approbation ne laisse aucune trace sur le document sign\u00e9, Seul le journal d\u2019audit aura une trace de l\u2019approbation.[\/vc_column_text][vc_column_text]1. Ajouter un approbateur et d\u00e9signer-le \u00e0 partir du carnet d\u2019adresses ou en cr\u00e9ant un nouveau contact.[\/vc_column_text][vc_single_image image=\u00a0\u00bb2517&Prime; img_size=\u00a0\u00bbfull\u00a0\u00bb el_class=\u00a0\u00bbhelp-highlights-img\u00a0\u00bb][vc_column_text]2. Placer l\u2019approbateur \u00e0 n\u2019importe quelle \u00e9tape du projet ou entre chaque signataire comme dans l\u2019exemple ci-dessous.[\/vc_column_text][vc_single_image image=\u00a0\u00bb2519&Prime; img_size=\u00a0\u00bbfull\u00a0\u00bb el_class=\u00a0\u00bbhelp-highlights-img\u00a0\u00bb][vc_column_text]3- L\u2019approbateur re\u00e7oit une notification par courriel lorsque c\u2019est son tour de prendre action. Une fois authentifi\u00e9, il a le choix entre \u00ab Approuver \u00bb ou \u00ab Refuser \u00bb le projet soumis.<\/p>\n<p>4- En approuvant, il permet la suite du projet de signature et le prochain participant d\u00e9fini au projet de signature est notifi\u00e9. Si l\u2019approbateur a \u00e9t\u00e9 plac\u00e9 \u00e0 la derni\u00e8re \u00e9tape, son approbation permet la finalisation du projet de signature.<\/p>\n<p>5- En refusant, il met fin au flux de signature et le projet de signature est annul\u00e9. Cet \u00e9tat est final et il ne sera pas possible de relancer ce m\u00eame projet de signature.[\/vc_column_text][vc_empty_space height=\u00a0\u00bb80px\u00a0\u00bb][\/vc_column][\/vc_row]<\/p>\n<\/div>","protected":false},"excerpt":{"rendered":"<p>[vc_row el_class=\u00a0\u00bbhelp-text-block\u00a0\u00bb][vc_column][vc_column_text el_class=\u00a0\u00bbhelp-title\u00a0\u00bb] AIDE [\/vc_column_text][vc_column_text el_class=\u00a0\u00bbhelp-subtitle\u00a0\u00bb] Guide d\u2019utilisation de ConsignO Cloud [\/vc_column_text][\/vc_column][\/vc_row][vc_row el_class=\u00a0\u00bbhelp-text-block\u00a0\u00bb][vc_column][vc_column_text el_class=\u00a0\u00bbhelp-title-text\u00a0\u00bb] Approbateur [\/vc_column_text][vc_raw_html]JTNDcCUzRURpc3BvbmlibGUlMjBhdmVjJTIwJTNBJTIwJTNDc3BhbiUyMGNsYXNzJTNEJTIydHlwZS1wcm9kdWN0LWluc2lkZSUyMiUzRSUyMCUzQ2klMjBjbGFzcyUzRCUyMmZhcyUyMGZhLWNpcmNsZSUyMGJsdWUlMjIlM0UlM0MlMkZpJTNFJTIwRm9yZmFpdCUyMGFmZmFpcmVzJTIwJTNDaSUyMGNsYXNzJTNEJTIyZmFzJTIwZmEtY2lyY2xlJTIwb3JhbmdlJTIyJTNFJTNDJTJGaSUzRSUyMEZvcmZhaXQlMjBlbnRyZXByaXNlJTNDJTJGc3BhbiUzRSUzQyUyRnAlM0U=[\/vc_raw_html][vc_column_text]La fonction Approbateur permet de d\u00e9finir une personne qui sera responsable d\u2019approuver le projet de signature ou d\u2019y mettre fin en le refusant. L\u2019approbateur peut \u00eatre ajout\u00e9 \u00e0 n\u2019importe quelle position dans la s\u00e9quence de signature et il sera notifi\u00e9&hellip;<\/p>\n","protected":false},"author":21,"featured_media":0,"parent":0,"menu_order":0,"comment_status":"closed","ping_status":"closed","template":"","meta":{"footnotes":""},"class_list":["post-2515","page","type-page","status-publish","hentry","description-off"],"_links":{"self":[{"href":"https:\/\/consignocloud.com\/fr\/wp-json\/wp\/v2\/pages\/2515","targetHints":{"allow":["GET"]}}],"collection":[{"href":"https:\/\/consignocloud.com\/fr\/wp-json\/wp\/v2\/pages"}],"about":[{"href":"https:\/\/consignocloud.com\/fr\/wp-json\/wp\/v2\/types\/page"}],"author":[{"embeddable":true,"href":"https:\/\/consignocloud.com\/fr\/wp-json\/wp\/v2\/users\/21"}],"replies":[{"embeddable":true,"href":"https:\/\/consignocloud.com\/fr\/wp-json\/wp\/v2\/comments?post=2515"}],"version-history":[{"count":0,"href":"https:\/\/consignocloud.com\/fr\/wp-json\/wp\/v2\/pages\/2515\/revisions"}],"wp:attachment":[{"href":"https:\/\/consignocloud.com\/fr\/wp-json\/wp\/v2\/media?parent=2515"}],"curies":[{"name":"wp","href":"https:\/\/api.w.org\/{rel}","templated":true}]}}