{"id":2499,"date":"2023-08-04T16:55:00","date_gmt":"2023-08-04T21:55:00","guid":{"rendered":"https:\/\/consignostage.wpenginepowered.com\/?page_id=2499"},"modified":"2023-08-04T17:14:47","modified_gmt":"2023-08-04T22:14:47","slug":"la-personne-a-notifier","status":"publish","type":"page","link":"https:\/\/consignocloud.com\/fr\/la-personne-a-notifier\/","title":{"rendered":"La personne \u00e0 notifier"},"content":{"rendered":"<div class=\"wpb-content-wrapper\"><p>[vc_row el_class=\u00a0\u00bbhelp-text-block\u00a0\u00bb][vc_column][vc_column_text el_class=\u00a0\u00bbhelp-title\u00a0\u00bb]<\/p>\n<h1 style=\"text-align: center;\">AIDE<\/h1>\n<p>[\/vc_column_text][vc_column_text el_class=\u00a0\u00bbhelp-subtitle\u00a0\u00bb]<\/p>\n<h2 style=\"text-align: center;\">Guide d\u2019utilisation de ConsignO Cloud<\/h2>\n<p>[\/vc_column_text][\/vc_column][\/vc_row][vc_row el_class=\u00a0\u00bbhelp-text-block\u00a0\u00bb][vc_column][vc_column_text el_class=\u00a0\u00bbhelp-title-text\u00a0\u00bb]<\/p>\n<h3 style=\"text-align: center;\">Personne \u00e0 notifier<\/h3>\n<p>[\/vc_column_text][vc_raw_html]JTNDcCUzRURpc3BvbmlibGUlMjBhdmVjJTIwJTNBJTIwJTNDc3BhbiUyMGNsYXNzJTNEJTIydHlwZS1wcm9kdWN0LWluc2lkZSUyMiUzRSUyMCUzQ2klMjBjbGFzcyUzRCUyMmZhcyUyMGZhLWNpcmNsZSUyMGJsdWUlMjIlM0UlM0MlMkZpJTNFJTIwRm9yZmFpdCUyMGFmZmFpcmVzJTIwJTNDaSUyMGNsYXNzJTNEJTIyZmFzJTIwZmEtY2lyY2xlJTIwb3JhbmdlJTIyJTNFJTNDJTJGaSUzRSUyMEZvcmZhaXQlMjBlbnRyZXByaXNlJTNDJTJGc3BhbiUzRSUzQyUyRnAlM0U=[\/vc_raw_html][vc_column_text]La fonction \u00ab Personne \u00e0 notifier \u00bb permet de notifier automatiquement une personne d\u00e9finie afin qu\u2019elle puisse acc\u00e9der aux documents du projets de signature compl\u00e9t\u00e9. Cette personne re\u00e7oit alors un courriel lui permettant de t\u00e9l\u00e9charger le projet de signature compl\u00e9t\u00e9, une fois cette derni\u00e8re authentifi\u00e9e.<\/p>\n<p>Une ou plusieurs personnes \u00e0 notifier peuvent \u00eatre d\u00e9finis dans un projet de signature. Cependant, une fois un projet de signature compl\u00e9t\u00e9, il n\u2019est pas possible d\u2019ajouter des personnes \u00e0 notifier, il faut alors utiliser la fonction \u201cTransf\u00e9rer\u201d depuis le tableau de bord.[\/vc_column_text][vc_column_text]1. Ajouter une personne \u00e0 notifier et la designer \u00e0 partir du carnet d\u2019adresses ou en d\u00e9finissant un nouveau contact.[\/vc_column_text][vc_single_image image=\u00a0\u00bb2501&Prime; img_size=\u00a0\u00bbfull\u00a0\u00bb el_class=\u00a0\u00bbhelp-highlights-img\u00a0\u00bb][vc_column_text]2. La section \u00ab Autre personne \u00e0 notifier \u00bb apparait avec les informations de la personne \u00e0 notifier[\/vc_column_text][vc_single_image image=\u00a0\u00bb2503&Prime; img_size=\u00a0\u00bbfull\u00a0\u00bb el_class=\u00a0\u00bbhelp-highlights-img\u00a0\u00bb][vc_column_text]3. Lorsque le projet est compl\u00e9t\u00e9, la personne \u00e0 notifier re\u00e7oit un courriel et peut t\u00e9l\u00e9charger le projet compl\u00e9t\u00e9[\/vc_column_text][vc_single_image image=\u00a0\u00bb2505&Prime; img_size=\u00a0\u00bbfull\u00a0\u00bb el_class=\u00a0\u00bbhelp-highlights-img\u00a0\u00bb][vc_empty_space height=\u00a0\u00bb80px\u00a0\u00bb][\/vc_column][\/vc_row]<\/p>\n<\/div>","protected":false},"excerpt":{"rendered":"<p>[vc_row el_class=\u00a0\u00bbhelp-text-block\u00a0\u00bb][vc_column][vc_column_text el_class=\u00a0\u00bbhelp-title\u00a0\u00bb] AIDE [\/vc_column_text][vc_column_text el_class=\u00a0\u00bbhelp-subtitle\u00a0\u00bb] Guide d\u2019utilisation de ConsignO Cloud [\/vc_column_text][\/vc_column][\/vc_row][vc_row el_class=\u00a0\u00bbhelp-text-block\u00a0\u00bb][vc_column][vc_column_text el_class=\u00a0\u00bbhelp-title-text\u00a0\u00bb] Personne \u00e0 notifier [\/vc_column_text][vc_raw_html]JTNDcCUzRURpc3BvbmlibGUlMjBhdmVjJTIwJTNBJTIwJTNDc3BhbiUyMGNsYXNzJTNEJTIydHlwZS1wcm9kdWN0LWluc2lkZSUyMiUzRSUyMCUzQ2klMjBjbGFzcyUzRCUyMmZhcyUyMGZhLWNpcmNsZSUyMGJsdWUlMjIlM0UlM0MlMkZpJTNFJTIwRm9yZmFpdCUyMGFmZmFpcmVzJTIwJTNDaSUyMGNsYXNzJTNEJTIyZmFzJTIwZmEtY2lyY2xlJTIwb3JhbmdlJTIyJTNFJTNDJTJGaSUzRSUyMEZvcmZhaXQlMjBlbnRyZXByaXNlJTNDJTJGc3BhbiUzRSUzQyUyRnAlM0U=[\/vc_raw_html][vc_column_text]La fonction \u00ab Personne \u00e0 notifier \u00bb permet de notifier automatiquement une personne d\u00e9finie afin qu\u2019elle puisse acc\u00e9der aux documents du projets de signature compl\u00e9t\u00e9. Cette personne re\u00e7oit alors un courriel lui permettant de t\u00e9l\u00e9charger le projet de&hellip;<\/p>\n","protected":false},"author":21,"featured_media":0,"parent":0,"menu_order":0,"comment_status":"closed","ping_status":"closed","template":"","meta":{"footnotes":""},"class_list":["post-2499","page","type-page","status-publish","hentry","description-off"],"_links":{"self":[{"href":"https:\/\/consignocloud.com\/fr\/wp-json\/wp\/v2\/pages\/2499","targetHints":{"allow":["GET"]}}],"collection":[{"href":"https:\/\/consignocloud.com\/fr\/wp-json\/wp\/v2\/pages"}],"about":[{"href":"https:\/\/consignocloud.com\/fr\/wp-json\/wp\/v2\/types\/page"}],"author":[{"embeddable":true,"href":"https:\/\/consignocloud.com\/fr\/wp-json\/wp\/v2\/users\/21"}],"replies":[{"embeddable":true,"href":"https:\/\/consignocloud.com\/fr\/wp-json\/wp\/v2\/comments?post=2499"}],"version-history":[{"count":0,"href":"https:\/\/consignocloud.com\/fr\/wp-json\/wp\/v2\/pages\/2499\/revisions"}],"wp:attachment":[{"href":"https:\/\/consignocloud.com\/fr\/wp-json\/wp\/v2\/media?parent=2499"}],"curies":[{"name":"wp","href":"https:\/\/api.w.org\/{rel}","templated":true}]}}