{"id":2472,"date":"2023-08-04T15:38:28","date_gmt":"2023-08-04T20:38:28","guid":{"rendered":"https:\/\/consignostage.wpenginepowered.com\/?page_id=2472"},"modified":"2023-08-04T15:58:29","modified_gmt":"2023-08-04T20:58:29","slug":"le-champ-texte","status":"publish","type":"page","link":"https:\/\/consignocloud.com\/fr\/le-champ-texte\/","title":{"rendered":"Le champ texte"},"content":{"rendered":"<div class=\"wpb-content-wrapper\"><p>[vc_row el_class=\u00a0\u00bbhelp-text-block\u00a0\u00bb][vc_column][vc_column_text el_class=\u00a0\u00bbhelp-title\u00a0\u00bb]<\/p>\n<h1 style=\"text-align: center;\">AIDE<\/h1>\n<p>[\/vc_column_text][vc_column_text el_class=\u00a0\u00bbhelp-subtitle\u00a0\u00bb]<\/p>\n<h2 style=\"text-align: center;\">Guide d\u2019utilisation de ConsignO Cloud<\/h2>\n<p>[\/vc_column_text][\/vc_column][\/vc_row][vc_row el_class=\u00a0\u00bbhelp-text-block\u00a0\u00bb][vc_column][vc_column_text el_class=\u00a0\u00bbhelp-title-text\u00a0\u00bb]<\/p>\n<h3 style=\"text-align: center;\">Champ de texte<\/h3>\n<p>[\/vc_column_text][vc_raw_html]JTNDcCUzRURpc3BvbmlibGUlMjBhdmVjJTIwJTNBJTIwJTNDc3BhbiUyMGNsYXNzJTNEJTIydHlwZS1wcm9kdWN0LWluc2lkZSUyMiUzRSUzQ2klMjBjbGFzcyUzRCUyMmZhcyUyMGZhLWNpcmNsZSUyMGJsYWNrJTIyJTNFJTNDJTJGaSUzRSUyMEZvcmZhaXQlMjBpbmRpdmlkdWVsJTIwJTNDaSUyMGNsYXNzJTNEJTIyZmFzJTIwZmEtY2lyY2xlJTIwYmx1ZSUyMiUzRSUzQyUyRmklM0UlMjBGb3JmYWl0JTIwYWZmYWlyZXMlMjAlM0NpJTIwY2xhc3MlM0QlMjJmYXMlMjBmYS1jaXJjbGUlMjBvcmFuZ2UlMjIlM0UlM0MlMkZpJTNFJTIwRm9yZmFpdCUyMGVudHJlcHJpc2UlM0MlMkZzcGFuJTNFJTNDJTJGcCUzRQ==[\/vc_raw_html][vc_column_text]Le champ texte permet \u00e0 l\u2019instrumentant de d\u00e9finir une zone de texte libre qu\u2019il assignera \u00e0 une personne responsable de la remplir. Un libell\u00e9 devra \u00eatre d\u00e9fini par l\u2019instrumentant pour chaque champ de texte afin de guider le responsable sur l\u2019information attendue.[\/vc_column_text][vc_column_text]1. Aucun formatage n\u2019est possible autre que le redimensionnement du champ. Ajouter un champ texte.[\/vc_column_text][vc_single_image image=\u00a0\u00bb2474&Prime; img_size=\u00a0\u00bbfull\u00a0\u00bb el_class=\u00a0\u00bbhelp-highlights-img\u00a0\u00bb][vc_column_text]2. Ajouter le texte et sp\u00e9cifier le libell\u00e9 du champ en fonction de l\u2019information attendue. dans l\u2019exemple ci-dessous il est demand\u00e9 d\u2019indiquer la ville de r\u00e9sidence.[\/vc_column_text][vc_single_image image=\u00a0\u00bb2476&Prime; img_size=\u00a0\u00bbfull\u00a0\u00bb el_class=\u00a0\u00bbhelp-highlights-img\u00a0\u00bb][vc_column_text]3. Assigner ensuite le champ \u00e0 un responsable \u00e0 partir du carnet d\u2019adresses ou en cr\u00e9ant un nouveau contact.[\/vc_column_text][vc_column_text]4. Le champ texte apparait dans la section \u00ab zone d\u00e9finie \u00bb, une fois toutes les zones plac\u00e9es sur le document, lancer le projet de signature.[\/vc_column_text][vc_single_image image=\u00a0\u00bb2478&Prime; img_size=\u00a0\u00bbfull\u00a0\u00bb el_class=\u00a0\u00bbhelp-highlights-img\u00a0\u00bb][vc_column_text]5. R\u00e9ception courriel pour signer le projet de signature avec champ texte, cliquer sur le lien pour acc\u00e9der au document, le document indiquera 2 actions \u00e0 compl\u00e9ter<\/p>\n<p>a) Remplir le champ texte[\/vc_column_text][vc_single_image image=\u00a0\u00bb2480&Prime; img_size=\u00a0\u00bbfull\u00a0\u00bb el_class=\u00a0\u00bbhelp-highlights-img\u00a0\u00bb][vc_column_text]b) Compl\u00e9ter le projet de signature en cliquant sur \u00ab Approuver et signer \u00bb, vous constaterez que le nom de la ville apparait \u00e0 pr\u00e9sent dans le document[\/vc_column_text][vc_single_image image=\u00a0\u00bb2482&Prime; img_size=\u00a0\u00bbfull\u00a0\u00bb el_class=\u00a0\u00bbhelp-highlights-img\u00a0\u00bb][vc_column_text]c) Le document final est disponible pour t\u00e9l\u00e9chargement avec la signature et le champ texte compl\u00e9t\u00e9[\/vc_column_text][vc_single_image image=\u00a0\u00bb2484&Prime; img_size=\u00a0\u00bbfull\u00a0\u00bb el_class=\u00a0\u00bbhelp-highlights-img\u00a0\u00bb][vc_empty_space height=\u00a0\u00bb80px\u00a0\u00bb][\/vc_column][\/vc_row]<\/p>\n<\/div>","protected":false},"excerpt":{"rendered":"<p>[vc_row el_class=\u00a0\u00bbhelp-text-block\u00a0\u00bb][vc_column][vc_column_text el_class=\u00a0\u00bbhelp-title\u00a0\u00bb] AIDE [\/vc_column_text][vc_column_text el_class=\u00a0\u00bbhelp-subtitle\u00a0\u00bb] Guide d\u2019utilisation de ConsignO Cloud [\/vc_column_text][\/vc_column][\/vc_row][vc_row el_class=\u00a0\u00bbhelp-text-block\u00a0\u00bb][vc_column][vc_column_text el_class=\u00a0\u00bbhelp-title-text\u00a0\u00bb] Champ de texte [\/vc_column_text][vc_raw_html]JTNDcCUzRURpc3BvbmlibGUlMjBhdmVjJTIwJTNBJTIwJTNDc3BhbiUyMGNsYXNzJTNEJTIydHlwZS1wcm9kdWN0LWluc2lkZSUyMiUzRSUzQ2klMjBjbGFzcyUzRCUyMmZhcyUyMGZhLWNpcmNsZSUyMGJsYWNrJTIyJTNFJTNDJTJGaSUzRSUyMEZvcmZhaXQlMjBpbmRpdmlkdWVsJTIwJTNDaSUyMGNsYXNzJTNEJTIyZmFzJTIwZmEtY2lyY2xlJTIwYmx1ZSUyMiUzRSUzQyUyRmklM0UlMjBGb3JmYWl0JTIwYWZmYWlyZXMlMjAlM0NpJTIwY2xhc3MlM0QlMjJmYXMlMjBmYS1jaXJjbGUlMjBvcmFuZ2UlMjIlM0UlM0MlMkZpJTNFJTIwRm9yZmFpdCUyMGVudHJlcHJpc2UlM0MlMkZzcGFuJTNFJTNDJTJGcCUzRQ==[\/vc_raw_html][vc_column_text]Le champ texte permet \u00e0 l\u2019instrumentant de d\u00e9finir une zone de texte libre qu\u2019il assignera \u00e0 une personne responsable de la remplir. Un libell\u00e9 devra \u00eatre d\u00e9fini par l\u2019instrumentant pour chaque champ de texte afin de guider le&hellip;<\/p>\n","protected":false},"author":21,"featured_media":0,"parent":0,"menu_order":0,"comment_status":"closed","ping_status":"closed","template":"","meta":{"footnotes":""},"class_list":["post-2472","page","type-page","status-publish","hentry","description-off"],"_links":{"self":[{"href":"https:\/\/consignocloud.com\/fr\/wp-json\/wp\/v2\/pages\/2472","targetHints":{"allow":["GET"]}}],"collection":[{"href":"https:\/\/consignocloud.com\/fr\/wp-json\/wp\/v2\/pages"}],"about":[{"href":"https:\/\/consignocloud.com\/fr\/wp-json\/wp\/v2\/types\/page"}],"author":[{"embeddable":true,"href":"https:\/\/consignocloud.com\/fr\/wp-json\/wp\/v2\/users\/21"}],"replies":[{"embeddable":true,"href":"https:\/\/consignocloud.com\/fr\/wp-json\/wp\/v2\/comments?post=2472"}],"version-history":[{"count":0,"href":"https:\/\/consignocloud.com\/fr\/wp-json\/wp\/v2\/pages\/2472\/revisions"}],"wp:attachment":[{"href":"https:\/\/consignocloud.com\/fr\/wp-json\/wp\/v2\/media?parent=2472"}],"curies":[{"name":"wp","href":"https:\/\/api.w.org\/{rel}","templated":true}]}}