{"id":242,"date":"2017-09-19T23:48:41","date_gmt":"2017-09-19T23:48:41","guid":{"rendered":"https:\/\/consignocloud.wpengine.com\/home\/"},"modified":"2025-08-18T11:22:17","modified_gmt":"2025-08-18T16:22:17","slug":"home-2-2","status":"publish","type":"page","link":"https:\/\/consignocloud.com\/fr\/","title":{"rendered":"Accueil"},"content":{"rendered":"<div class=\"wpb-content-wrapper\"><p>[vc_section el_class=\u00a0\u00bbsection-max-width trust-us-section\u00a0\u00bb css=\u00a0\u00bb.vc_custom_1749573149005{margin-top: 0px !important;border-top-width: 0px !important;padding-top: 0px !important;padding-bottom: 40px !important;}\u00a0\u00bb][vc_row css=\u00a0\u00bb.vc_custom_1585335552941{margin-top: 0px !important;border-top-width: 0px !important;padding-top: 0px !important;}\u00a0\u00bb][vc_column css_animation=\u00a0\u00bbslideInUp\u00a0\u00bb][vc_column_text]<\/p>\n<h1 style=\"text-align: center;\"><span style=\"color: #008ad0;\">Pourquoi ConsignO Cloud<\/span><\/h1>\n<p>[\/vc_column_text][\/vc_column][\/vc_row][vc_row][vc_column css_animation=\u00a0\u00bbslideInUp\u00a0\u00bb width=\u00a0\u00bb1\/3&Prime; css=\u00a0\u00bb.vc_custom_1507681836424{padding-right: 30px !important;padding-left: 30px !important;}\u00a0\u00bb][vc_single_image image=\u00a0\u00bb609&Prime; img_size=\u00a0\u00bbfull\u00a0\u00bb alignment=\u00a0\u00bbcenter\u00a0\u00bb el_class=\u00a0\u00bbicon-image\u00a0\u00bb][vc_column_text el_class=\u00a0\u00bbicon-text\u00a0\u00bb]<\/p>\n<h2 style=\"text-align: center;\"><strong>FACILIT\u00c9 D\u2019UTILISATION<\/strong><\/h2>\n<p style=\"text-align: center;\">Aucune installation ni formation n\u2019est requise. <strong>ConsignO Cloud<\/strong> fonctionne avec un simple navigateur Web.<\/p>\n<p>[\/vc_column_text][\/vc_column][vc_column css_animation=\u00a0\u00bbslideInUp\u00a0\u00bb width=\u00a0\u00bb1\/3&Prime; css=\u00a0\u00bb.vc_custom_1507681841170{padding-right: 30px !important;padding-left: 30px !important;}\u00a0\u00bb][vc_single_image image=\u00a0\u00bb610&Prime; img_size=\u00a0\u00bbfull\u00a0\u00bb alignment=\u00a0\u00bbcenter\u00a0\u00bb el_class=\u00a0\u00bbicon-image\u00a0\u00bb][vc_column_text el_class=\u00a0\u00bbicon-text\u00a0\u00bb]<\/p>\n<h2 style=\"text-align: center;\"><strong>FIABILIT\u00c9 JURIDIQUE<\/strong><\/h2>\n<p style=\"text-align: center;\">Les documents sign\u00e9s \u00e0 l\u2019aide de ConsignO Cloud sont admissibles en cour et opposables \u00e0 leurs signataires.<\/p>\n<p>[\/vc_column_text][\/vc_column][vc_column css_animation=\u00a0\u00bbslideInUp\u00a0\u00bb width=\u00a0\u00bb1\/3&Prime; css=\u00a0\u00bb.vc_custom_1507681847096{padding-right: 30px !important;padding-left: 30px !important;}\u00a0\u00bb][vc_single_image image=\u00a0\u00bb611&Prime; img_size=\u00a0\u00bbfull\u00a0\u00bb alignment=\u00a0\u00bbcenter\u00a0\u00bb el_class=\u00a0\u00bbicon-image\u00a0\u00bb][vc_column_text css=\u00a0\u00bb\u00a0\u00bb el_class=\u00a0\u00bbicon-text\u00a0\u00bb]<\/p>\n<h2 style=\"text-align: center;\"><strong>JOURNAL D\u2019AUDIT<\/strong><\/h2>\n<p style=\"text-align: center;\">Journal d\u2019audit automatique, scell\u00e9 num\u00e9riquement, qui incorpore les documents sign\u00e9s (PDF\/A-3) pour une haute fiabilit\u00e9 juridique.<\/p>\n<p>[\/vc_column_text][\/vc_column][\/vc_row][vc_row][vc_column css_animation=\u00a0\u00bbslideInUp\u00a0\u00bb width=\u00a0\u00bb1\/3&Prime; css=\u00a0\u00bb.vc_custom_1749567752244{padding-right: 30px !important;padding-left: 30px !important;}\u00a0\u00bb][vc_single_image image=\u00a0\u00bb612&Prime; img_size=\u00a0\u00bbfull\u00a0\u00bb alignment=\u00a0\u00bbcenter\u00a0\u00bb el_class=\u00a0\u00bbicon-image\u00a0\u00bb][vc_column_text el_class=\u00a0\u00bbicon-text\u00a0\u00bb]<\/p>\n<h2 style=\"text-align: center;\"><strong>P\u00c9RENNIT\u00c9<\/strong><\/h2>\n<p style=\"text-align: center;\">La p\u00e9rennit\u00e9 d\u2019un document garantit qu\u2019il pourra \u00eatre ouvert, lu et authentifi\u00e9 sur de nombreuses d\u00e9cennies.<\/p>\n<p>[\/vc_column_text][\/vc_column][vc_column css_animation=\u00a0\u00bbslideInUp\u00a0\u00bb width=\u00a0\u00bb1\/3&Prime; css=\u00a0\u00bb.vc_custom_1749567768268{padding-right: 30px !important;padding-left: 30px !important;}\u00a0\u00bb][vc_single_image image=\u00a0\u00bb613&Prime; img_size=\u00a0\u00bbfull\u00a0\u00bb alignment=\u00a0\u00bbcenter\u00a0\u00bb el_class=\u00a0\u00bbicon-image\u00a0\u00bb][vc_column_text el_class=\u00a0\u00bbicon-text\u00a0\u00bb]<\/p>\n<h2 style=\"text-align: center;\"><strong>INT\u00c9GRATION<\/strong><\/h2>\n<p style=\"text-align: center;\">La plateforme peut \u00eatre int\u00e9gr\u00e9e aux syst\u00e8mes existants gr\u00e2ce \u00e0 une puissante interface API.<\/p>\n<p>[\/vc_column_text][\/vc_column][vc_column css_animation=\u00a0\u00bbslideInUp\u00a0\u00bb width=\u00a0\u00bb1\/3&Prime; css=\u00a0\u00bb.vc_custom_1749567785458{padding-right: 30px !important;padding-left: 30px !important;}\u00a0\u00bb][vc_single_image image=\u00a0\u00bb614&Prime; img_size=\u00a0\u00bbfull\u00a0\u00bb alignment=\u00a0\u00bbcenter\u00a0\u00bb el_class=\u00a0\u00bbicon-image\u00a0\u00bb][vc_column_text el_class=\u00a0\u00bbicon-text\u00a0\u00bb]<\/p>\n<h2 style=\"text-align: center;\"><strong>SECURIT\u00c9 ET CONFIDENTIALIT\u00c9<\/strong><\/h2>\n<p style=\"text-align: center;\">Les documents sont chiffr\u00e9s et conserv\u00e9s sur de multiples serveurs, au Canada exclusivement.<\/p>\n<p>[\/vc_column_text][\/vc_column][\/vc_row][vc_row css=\u00a0\u00bb.vc_custom_1749573171814{margin-top: 50px !important;margin-bottom: 0px !important;}\u00a0\u00bb][vc_column css_animation=\u00a0\u00bbslideInUp\u00a0\u00bb][vc_column_text css=\u00a0\u00bb\u00a0\u00bb el_class=\u00a0\u00bbtext-before-button\u00a0\u00bb]<\/p>\n<h3 style=\"text-align: center;\"><strong>EN SAVOIR PLUS SUR NOTRE PLATEFORME DE SIGNATURE \u00c9LECTRONIQUE<\/strong><\/h3>\n<p>[\/vc_column_text][vc_raw_html css=\u00a0\u00bb\u00a0\u00bb]JTNDZGl2JTIwY2xhc3MlM0QlMjJncmVlbi1idXR0b24lMjIlM0UlMEElMjAlMjAlM0NhJTIwaHJlZiUzRCUyMiUyRndwLWNvbnRlbnQlMkZ1cGxvYWRzJTJGMjAyMyUyRjAyJTJGRmljaGUtcHJvZHVpdC1Db25zaWduTy1DbG91ZC5wZGYlMjIlMjB0YXJnZXQlM0QlMjJfYmxhbmslMjIlMEElMjAlMjAlMjAlMjAlMjBzdHlsZSUzRCUyMmJhY2tncm91bmQtY29sb3IlM0ElMjAlMjM0Njk1RDAlM0IlMjBjb2xvciUzQSUyMCUyM2ZmZmZmZiUzQiUyMHBhZGRpbmclM0ElMjAyMHB4JTIwNDBweCUzQiUyMHRleHQtZGVjb3JhdGlvbiUzQSUyMG5vbmUlM0IlMjBkaXNwbGF5JTNBJTIwaW5saW5lLWJsb2NrJTNCJTIwYm9yZGVyLXJhZGl1cyUzQSUyMDhweCUzQiUyMGZvbnQtc2l6ZSUzQSUyMDIwcHglM0IlMjBmb250LXdlaWdodCUzQSUyMGJvbGQlM0IlMjB0ZXh0LXRyYW5zZm9ybSUzQSUyMHVwcGVyY2FzZSUzQiUyMGJveC1zaGFkb3clM0ElMjAwJTIwNHB4JTIwMTBweCUyMHJnYmElMjgwJTJDJTIwMCUyQyUyMDAlMkMlMjAwLjIlMjklM0IlMjB0cmFuc2l0aW9uJTNBJTIwYmFja2dyb3VuZC1jb2xvciUyMDAuM3MlMjBlYXNlJTNCJTIwbGluZS1oZWlnaHQlM0ElMjAxJTNCJTIyJTNFJTBBJTIwJTIwJTIwJTIwJTNDc3BhbiUyMGNsYXNzJTNEJTIyYy1pY29uJTIwaS1kb3dubG9hZCUyMiUyMHN0eWxlJTNEJTIybWFyZ2luLXJpZ2h0JTNBJTIwMTBweCUzQiUyMHZlcnRpY2FsLWFsaWduJTNBJTIwbWlkZGxlJTNCJTIyJTNFJTNDJTJGc3BhbiUzRVQlQzMlODlMJUMzJTg5Q0hBUkdFUiUyMExBJTIwQlJPQ0hVUkUlMEElMjAlMjAlM0MlMkZhJTNFJTBBJTNDJTJGZGl2JTNFJTBB[\/vc_raw_html][\/vc_column][\/vc_row][vc_row][vc_column][vc_column_text css=\u00a0\u00bb\u00a0\u00bb el_class=\u00a0\u00bbtext-before-button\u00a0\u00bb]<\/p>\n<h3 style=\"text-align: center; font-weight: bold;\">COMPAREZ-NOUS \u00c0 : <a style=\"color: #0066cc; text-decoration: underline;\" href=\"https:\/\/consignocloud.com\/fr\/comparison-table-docusign\/\">DocuSign<\/a>, <a style=\"color: #0066cc; text-decoration: underline;\" href=\"https:\/\/consignocloud.com\/fr\/comparison-table-adobe-acrobat\/\">Adobe Acrobat<\/a>, <a style=\"color: #0066cc; text-decoration: underline;\" href=\"https:\/\/consignocloud.com\/fr\/comparison-table-onespan\/\">OneSpan<\/a><\/h3>\n<p>[\/vc_column_text][\/vc_column][\/vc_row][\/vc_section][vc_row full_width=\u00a0\u00bbstretch_row\u00a0\u00bb bg_type=\u00a0\u00bbimage\u00a0\u00bb parallax_style=\u00a0\u00bbvcpb-vz-jquery\u00a0\u00bb bg_image_new=\u00a0\u00bbid^10|url^https:\/\/consignocloud.wpengine.com\/wp-content\/uploads\/2017\/09\/image.jpg|caption^null|alt^null|title^image|description^null\u00a0\u00bb bg_image_repeat=\u00a0\u00bbno-repeat\u00a0\u00bb css=\u00a0\u00bb.vc_custom_1749648557013{margin-top: 25px !important;padding-bottom: 40px !important;}\u00a0\u00bb][vc_column][vc_column_text css_animation=\u00a0\u00bbslideInUp\u00a0\u00bb css=\u00a0\u00bb.vc_custom_1749565259612{padding-top: 50px !important;padding-bottom: 40px !important;}\u00a0\u00bb]<\/p>\n<h1 style=\"text-align: center;\"><strong><span lang=\"fr\" style=\"color: #ffffff;\">Une vaste gamme de fonctionnalit\u00e9s avanc\u00e9es facile \u00e0 utiliser<\/span><\/strong><\/h1>\n<p>[\/vc_column_text][vc_row_inner css=\u00a0\u00bb.vc_custom_1749574692113{background-color: #FFFFFF !important;}\u00a0\u00bb][vc_column_inner width=\u00a0\u00bb1\/2&Prime; offset=\u00a0\u00bbvc_hidden-md vc_hidden-sm vc_hidden-xs\u00a0\u00bb css=\u00a0\u00bb.vc_custom_1749566766803{background-color: #FFFFFF !important;}\u00a0\u00bb][vc_column_text css=\u00a0\u00bb\u00a0\u00bb el_class=\u00a0\u00bbfeatures-list\u00a0\u00bb]<\/p>\n<ul style=\"font-size: 20px;\">\n<li><strong>Cr\u00e9er un projet de signature en quelques clics<\/strong><\/li>\n<li><strong>Lancer un projet de signature et signer des documents \u00e0 partir de votre appareil mobile<\/strong><\/li>\n<li><strong>Choisir le niveau de confiance requis pour l\u2019identit\u00e9 num\u00e9rique<\/strong><\/li>\n<\/ul>\n<p>[\/vc_column_text][\/vc_column_inner][vc_column_inner width=\u00a0\u00bb1\/2&Prime; offset=\u00a0\u00bbvc_hidden-md vc_hidden-sm vc_hidden-xs\u00a0\u00bb css=\u00a0\u00bb.vc_custom_1749566778965{background-color: #FFFFFF !important;}\u00a0\u00bb][vc_column_text css=\u00a0\u00bb\u00a0\u00bb el_class=\u00a0\u00bbfeatures-list\u00a0\u00bb]<\/p>\n<ul style=\"font-size: 20px;\">\n<li><strong>G\u00e9n\u00e9rer des fichiers PDF de qualit\u00e9 d\u2019archivage qui sont conformes aux normes internationales et reconnus par l\u2019industrie<\/strong><br \/>\n<span class=\"small-info\">(ISO 19005, PAdES-LTV, Adobe Approved Trust List)<\/span><\/li>\n<li><strong>Int\u00e9grer ConsignO Cloud \u00e0 vos syst\u00e8mes existants<\/strong><\/li>\n<\/ul>\n<p>[\/vc_column_text][\/vc_column_inner][\/vc_row_inner][vc_row_inner css=\u00a0\u00bb.vc_custom_1749566372105{background-color: #FFFFFF00 !important;}\u00a0\u00bb][vc_column_inner offset=\u00a0\u00bbvc_hidden-lg\u00a0\u00bb][vc_column_text]<\/p>\n<ul>\n<li><strong>Cr\u00e9er un projet de signature en quelques clics<\/strong><\/li>\n<li><strong>Lancer un projet de signature et signer des documents \u00e0 partir de votre appareil mobile<\/strong><\/li>\n<li><strong>Choisir le niveau de confiance requis pour l\u2019identit\u00e9 num\u00e9rique<\/strong><\/li>\n<li><strong>G\u00e9n\u00e9rer des fichiers PDF de qualit\u00e9 d\u2019archivage qui sont conformes aux normes internationales et reconnus par l\u2019industrie<\/strong> <span class=\"small-info\">(ISO 19005, PAdES-LTV, Adobe Approved Trust List)<\/span><\/li>\n<li><strong>Int\u00e9grer ConsignO Cloud \u00e0 vos syst\u00e8mes existants<\/strong><\/li>\n<\/ul>\n<p>[\/vc_column_text][\/vc_column_inner][\/vc_row_inner][vc_row_inner][vc_column_inner][vc_raw_html css=\u00a0\u00bb\u00a0\u00bb]JTNDZGl2JTIwY2xhc3MlM0QlMjJncmVlbi1idXR0b24lMjIlM0UlM0NhJTIwc3R5bGUlM0QlMjJiYWNrZ3JvdW5kLWNvbG9yJTNBJTIzNDY5NUQwJTNCJTIyJTIwY2xhc3MlM0QlMjIlMjIlMjBocmVmJTNEJTIyJTJGZnIlMkZwcmVzZW50YXRpb24lMkYlMjIlMjB0aXRsZSUzRCUyMiUyMiUzRSUzQ3NwYW4lMjBjbGFzcyUzRCUyMmMtaWNvbiUyMGktaW5mbyUyMiUzRSUzQyUyRnNwYW4lM0VWT0lSJTIwTEVTJTIwRCVDMyU4OVRBSUxTJTNDJTJGYSUzRSUzQyUyRmRpdiUzRQ==[\/vc_raw_html][\/vc_column_inner][\/vc_row_inner][\/vc_column][\/vc_row][vc_section css=\u00a0\u00bb.vc_custom_1749566632325{padding-right: 25px !important;padding-left: 25px !important;}\u00a0\u00bb][vc_row full_width=\u00a0\u00bbstretch_row\u00a0\u00bb bg_type=\u00a0\u00bbgrad\u00a0\u00bb el_class=\u00a0\u00bbsignature-project\u00a0\u00bb bg_grad=\u00a0\u00bbbackground: -webkit-gradient(linear, left top, left bottom, color-stop(0%, #FFFFFF), color-stop(54%, #F6FFF5), color-stop(100%, #BAE0B8));background: -moz-linear-gradient(top,#FFFFFF 0%,#F6FFF5 54%,#BAE0B8 100%);background: -webkit-linear-gradient(top,#FFFFFF 0%,#F6FFF5 54%,#BAE0B8 100%);background: -o-linear-gradient(top,#FFFFFF 0%,#F6FFF5 54%,#BAE0B8 100%);background: -ms-linear-gradient(top,#FFFFFF 0%,#F6FFF5 54%,#BAE0B8 100%);background: linear-gradient(top,#FFFFFF 0%,#F6FFF5 54%,#BAE0B8 100%);\u00a0\u00bb][vc_column css_animation=\u00a0\u00bbslideInUp\u00a0\u00bb css=\u00a0\u00bb.vc_custom_1749566705452{padding-bottom: 70px !important;}\u00a0\u00bb][vc_column_text css=\u00a0\u00bb\u00a0\u00bb el_class=\u00a0\u00bbtext-before-button\u00a0\u00bb]<\/p>\n<h1 style=\"text-align: center; font-family: 'Raleway', sans-serif !important; color: #0d8ac8; font-size: 3.5em !important; line-height: 1.25em !important; font-weight: bold !important;\"><strong>CR\u00c9EZ VOTRE PREMIER PROJET DE SIGNATURE \u00c9LECTRONIQUE<\/strong><\/h1>\n<p>[\/vc_column_text][vc_raw_html css=\u00a0\u00bb\u00a0\u00bb]JTNDZGl2JTIwY2xhc3MlM0QlMjJncmVlbi1idXR0b24lMjIlM0UlMEElMjAlMjAlM0NhJTIwaHJlZiUzRCUyMiUyRmZyJTJGZXNzYWktZ3JhdHVpdC0zMC1qb3VycyUyRiUyMiUyMHRhcmdldCUzRCUyMl9ibGFuayUyMiUyMHRpdGxlJTNEJTIyJTIyJTBBJTIwJTIwJTIwJTIwJTIwc3R5bGUlM0QlMjJiYWNrZ3JvdW5kLWNvbG9yJTNBJTIwJTIzNDZDNjRFJTNCJTIwY29sb3IlM0ElMjAlMjNmZmZmZmYlM0IlMjBwYWRkaW5nJTNBJTIwNDBweCUyMDYwcHglM0IlMjB0ZXh0LWRlY29yYXRpb24lM0ElMjBub25lJTNCJTIwZGlzcGxheSUzQSUyMGlubGluZS1ibG9jayUzQiUyMGJvcmRlci1yYWRpdXMlM0ElMjA4cHglM0IlMjBmb250LXNpemUlM0ElMjAyMHB4JTNCJTIwZm9udC13ZWlnaHQlM0ElMjBib2xkJTNCJTIwdGV4dC10cmFuc2Zvcm0lM0ElMjB1cHBlcmNhc2UlM0IlMjBib3gtc2hhZG93JTNBJTIwMCUyMDRweCUyMDEwcHglMjByZ2JhJTI4MCUyQyUyMDAlMkMlMjAwJTJDJTIwMC4yJTI5JTNCJTIwdHJhbnNpdGlvbiUzQSUyMGJhY2tncm91bmQtY29sb3IlMjAwLjNzJTIwZWFzZSUzQiUyMGxpbmUtaGVpZ2h0JTNBJTIwMSUzQiUyMiUzRSUwQSUyMCUyMCUyMCUyMCUzQ3NwYW4lMjBjbGFzcyUzRCUyMmMtaWNvbiUyMGktY2hlY2slMjIlMjBzdHlsZSUzRCUyMm1hcmdpbi1yaWdodCUzQSUyMDEwcHglM0IlMjB2ZXJ0aWNhbC1hbGlnbiUzQSUyMG1pZGRsZSUzQiUyMiUzRSUzQyUyRnNwYW4lM0VFU1NBSSUyMEdSQVRVSVQlMjAzMCUyMEpPVVJTJTBBJTIwJTIwJTNDJTJGYSUzRSUwQSUzQyUyRmRpdiUzRSUwQQ==[\/vc_raw_html][vc_column_text css=\u00a0\u00bb.vc_custom_1749566728806{margin-bottom: 0px !important;}\u00a0\u00bb]<\/p>\n<p style=\"text-align: center;\"><span style=\"color: #1b6d9e;\">SANS ENGAGEMENT &#8211; AUCUNE CARTE DE CR\u00c9DIT REQUISE<\/span><\/p>\n<p>[\/vc_column_text][\/vc_column][\/vc_row][\/vc_section][vc_section full_width=\u00a0\u00bbstretch_row\u00a0\u00bb css=\u00a0\u00bb.vc_custom_1749566965176{padding-top: 40px !important;padding-bottom: 40px !important;background-color: #FFFFFF !important;}\u00a0\u00bb el_class=\u00a0\u00bbvarious-versions-section\u00a0\u00bb][vc_row][vc_column css_animation=\u00a0\u00bbslideInUp\u00a0\u00bb][vc_column_text css=\u00a0\u00bb\u00a0\u00bb]<\/p>\n<h1 style=\"text-align: center;\"><span style=\"color: #0d8ac8;\"><strong>Choisissez le bon forfait pour votre organisation<br \/>\n<\/strong><\/span><\/h1>\n<p>[\/vc_column_text][\/vc_column][\/vc_row][vc_row content_placement=\u00a0\u00bbmiddle\u00a0\u00bb css_animation=\u00a0\u00bbslideInUp\u00a0\u00bb bg_type=\u00a0\u00bbbg_color\u00a0\u00bb bg_color_value=\u00a0\u00bb#ffffff\u00a0\u00bb el_class=\u00a0\u00bbsection-max-width drop-shadow\u00a0\u00bb css=\u00a0\u00bb.vc_custom_1749567827934{margin-bottom: 0px !important;}\u00a0\u00bb][vc_column width=\u00a0\u00bb1\/4&Prime; el_class=\u00a0\u00bbvarious-versions fr\u00a0\u00bb][vc_column_text]<\/p>\n<h4 style=\"text-align: center;\">INDIVIDUEL<\/h4>\n<div class=\"c-title individual\" style=\"text-align: center;\"><strong>9,92\u00a0$\u00a0CA \/ mois factur\u00e9 annuellement<\/strong><\/div>\n<ul>\n<li><strong>Pour les utilisateurs occasionnels avec des projets simples<\/strong><\/li>\n<\/ul>\n<p>[\/vc_column_text][\/vc_column][vc_column width=\u00a0\u00bb1\/4&Prime; el_class=\u00a0\u00bbvarious-versions fr\u00a0\u00bb][vc_column_text]<\/p>\n<h4 style=\"text-align: center;\">AFFAIRES 2<\/h4>\n<div class=\"c-title individual\" style=\"text-align: center;\"><strong>33,25\u00a0$\u00a0CA \/ mois factur\u00e9 annuellement<\/strong><\/div>\n<ul>\n<li><strong>Pour les d\u00e9partements ou petites organisations avec des besoins affaires de base<\/strong><\/li>\n<\/ul>\n<p>[\/vc_column_text][\/vc_column][vc_column width=\u00a0\u00bb1\/4&Prime; el_class=\u00a0\u00bbvarious-versions fr\u00a0\u00bb][vc_column_text]<\/p>\n<h4 style=\"text-align: center;\">AFFAIRES 5 &amp; 20<\/h4>\n<div class=\"c-title individual\" style=\"text-align: center;\"><strong>VOIR PAGE TARIFICATION<\/strong><\/div>\n<ul>\n<li><strong>Pour les organisations qui veulent g\u00e9rer plusieurs utilisateurs, centraliser des activit\u00e9s, partager du contenu commun recherchant une personnalisation de base<\/strong><\/li>\n<\/ul>\n<p>[\/vc_column_text][\/vc_column][vc_column width=\u00a0\u00bb1\/4&Prime; el_class=\u00a0\u00bbvarious-versions fr\u00a0\u00bb][vc_column_text]<\/p>\n<h4 style=\"text-align: center;\">ENTREPRISE<\/h4>\n<div class=\"c-title individual\" style=\"text-align: center;\"><strong>CONTACTEZ-NOUS<\/strong><\/div>\n<ul>\n<li><strong>Pour les organisations qui veulent automatiser leurs processus, int\u00e9grer la signature \u00e0 leur application et qui recherchent un maximum de personnalisation<\/strong><\/li>\n<\/ul>\n<p>[\/vc_column_text][\/vc_column][\/vc_row][vc_row css_animation=\u00a0\u00bbslideInUp\u00a0\u00bb css=\u00a0\u00bb.vc_custom_1749567815702{margin-top: 0px !important;margin-bottom: 0px !important;padding-top: 0px !important;}\u00a0\u00bb el_class=\u00a0\u00bbchoose-the-plan\u00a0\u00bb][vc_column][vc_raw_html css=\u00a0\u00bb\u00a0\u00bb]JTNDZGl2JTIwY2xhc3MlM0QlMjJncmVlbi1idXR0b24lMjIlM0UlM0NhJTIwY2xhc3MlM0QlMjIlMjIlMjBzdHlsZSUzRCUyMmJhY2tncm91bmQtY29sb3IlM0ElMjAlMjM0Njk1RDAlM0IlMjIlMjBocmVmJTNEJTIyJTJGZnIlMkZwcmljaW5nJTJGJTIyJTIwdGl0bGUlM0QlMjIlMjIlM0UlM0NzcGFuJTIwY2xhc3MlM0QlMjJjLWljb24lMjBpLWluZm8lMjIlM0UlM0MlMkZzcGFuJTNFVk9JUiUyMExFUyUyMEQlQzMlODlUQUlMUyUzQyUyRmElM0UlM0MlMkZkaXYlM0U=[\/vc_raw_html][\/vc_column][\/vc_row][\/vc_section]<\/p>\n<\/div>","protected":false},"excerpt":{"rendered":"<p>[vc_section el_class=\u00a0\u00bbsection-max-width trust-us-section\u00a0\u00bb css=\u00a0\u00bb.vc_custom_1749573149005{margin-top: 0px !important;border-top-width: 0px !important;padding-top: 0px !important;padding-bottom: 40px !important;}\u00a0\u00bb][vc_row css=\u00a0\u00bb.vc_custom_1585335552941{margin-top: 0px !important;border-top-width: 0px !important;padding-top: 0px !important;}\u00a0\u00bb][vc_column css_animation=\u00a0\u00bbslideInUp\u00a0\u00bb][vc_column_text] Pourquoi ConsignO Cloud [\/vc_column_text][\/vc_column][\/vc_row][vc_row][vc_column css_animation=\u00a0\u00bbslideInUp\u00a0\u00bb width=\u00a0\u00bb1\/3&Prime; css=\u00a0\u00bb.vc_custom_1507681836424{padding-right: 30px !important;padding-left: 30px !important;}\u00a0\u00bb][vc_single_image image=\u00a0\u00bb609&Prime; img_size=\u00a0\u00bbfull\u00a0\u00bb alignment=\u00a0\u00bbcenter\u00a0\u00bb el_class=\u00a0\u00bbicon-image\u00a0\u00bb][vc_column_text el_class=\u00a0\u00bbicon-text\u00a0\u00bb] FACILIT\u00c9 D\u2019UTILISATION Aucune installation ni formation n\u2019est requise. ConsignO Cloud fonctionne avec un simple navigateur Web. [\/vc_column_text][\/vc_column][vc_column css_animation=\u00a0\u00bbslideInUp\u00a0\u00bb width=\u00a0\u00bb1\/3&Prime;&hellip;<\/p>\n","protected":false},"author":33,"featured_media":0,"parent":0,"menu_order":0,"comment_status":"closed","ping_status":"closed","template":"","meta":{"footnotes":""},"class_list":["post-242","page","type-page","status-publish","hentry","description-off"],"_links":{"self":[{"href":"https:\/\/consignocloud.com\/fr\/wp-json\/wp\/v2\/pages\/242","targetHints":{"allow":["GET"]}}],"collection":[{"href":"https:\/\/consignocloud.com\/fr\/wp-json\/wp\/v2\/pages"}],"about":[{"href":"https:\/\/consignocloud.com\/fr\/wp-json\/wp\/v2\/types\/page"}],"author":[{"embeddable":true,"href":"https:\/\/consignocloud.com\/fr\/wp-json\/wp\/v2\/users\/33"}],"replies":[{"embeddable":true,"href":"https:\/\/consignocloud.com\/fr\/wp-json\/wp\/v2\/comments?post=242"}],"version-history":[{"count":0,"href":"https:\/\/consignocloud.com\/fr\/wp-json\/wp\/v2\/pages\/242\/revisions"}],"wp:attachment":[{"href":"https:\/\/consignocloud.com\/fr\/wp-json\/wp\/v2\/media?parent=242"}],"curies":[{"name":"wp","href":"https:\/\/api.w.org\/{rel}","templated":true}]}}