{"id":232,"date":"2017-09-19T23:57:23","date_gmt":"2017-09-19T23:57:23","guid":{"rendered":"https:\/\/consignocloud.wpengine.com\/about\/"},"modified":"2023-07-17T14:40:48","modified_gmt":"2023-07-17T19:40:48","slug":"about","status":"publish","type":"page","link":"https:\/\/consignocloud.com\/fr\/about\/","title":{"rendered":"\u00c0 propos"},"content":{"rendered":"<div class=\"wpb-content-wrapper\"><p>[vc_row][vc_column][vc_column_text]<\/p>\n<h1 style=\"text-align: center;\"><span style=\"color: #0d8ac8;\">QUI EST NOTARIUS<\/span><\/h1>\n<p>[\/vc_column_text][\/vc_column][\/vc_row][vc_row][vc_column width=\u00a0\u00bb1\/4&Prime; el_class=\u00a0\u00bbicon-container\u00a0\u00bb][vc_single_image image=\u00a0\u00bb638&Prime; img_size=\u00a0\u00bbfull\u00a0\u00bb alignment=\u00a0\u00bbcenter\u00a0\u00bb][vc_column_text]<\/p>\n<h2 style=\"text-align: center;\">IDENTIT\u00c9<\/h2>\n<p>[\/vc_column_text][\/vc_column][vc_column width=\u00a0\u00bb1\/4&Prime; el_class=\u00a0\u00bbicon-container\u00a0\u00bb][vc_single_image image=\u00a0\u00bb636&Prime; img_size=\u00a0\u00bbfull\u00a0\u00bb alignment=\u00a0\u00bbcenter\u00a0\u00bb][vc_column_text]<\/p>\n<h2 style=\"text-align: center;\">INT\u00c9GRIT\u00c9<\/h2>\n<p>[\/vc_column_text][\/vc_column][vc_column width=\u00a0\u00bb1\/4&Prime; el_class=\u00a0\u00bbicon-container\u00a0\u00bb][vc_single_image image=\u00a0\u00bb635&Prime; img_size=\u00a0\u00bbfull\u00a0\u00bb alignment=\u00a0\u00bbcenter\u00a0\u00bb][vc_column_text]<\/p>\n<h2 style=\"text-align: center;\">AUTHENTICIT\u00c9<\/h2>\n<p>[\/vc_column_text][\/vc_column][vc_column width=\u00a0\u00bb1\/4&Prime; el_class=\u00a0\u00bbicon-container\u00a0\u00bb][vc_single_image image=\u00a0\u00bb637&Prime; img_size=\u00a0\u00bbfull\u00a0\u00bb alignment=\u00a0\u00bbcenter\u00a0\u00bb][vc_column_text]<\/p>\n<h2 style=\"text-align: center;\">P\u00c9RENNIT\u00c9<\/h2>\n<p>[\/vc_column_text][\/vc_column][\/vc_row][vc_row css=\u00a0\u00bb.vc_custom_1506735950122{margin-top: 50px !important;margin-bottom: 50px !important;}\u00a0\u00bb][vc_column el_class=\u00a0\u00bbabout-text-block\u00a0\u00bb css=\u00a0\u00bb.vc_custom_1506568365201{padding-right: 25px !important;padding-left: 25px !important;}\u00a0\u00bb][vc_column_text]<\/p>\n<h2 style=\"text-align: left;\"><strong>La fiabilit\u00e9 des documents \u2013 au c\u0153ur de notre travail depuis deux d\u00e9cennies<\/strong><\/h2>\n<p>Fond\u00e9e en 1996 par la Chambre des notaires du Qu\u00e9bec, Notarius offre des solutions qui assurent la fiabilit\u00e9 \u00e0 long terme des documents \u00e9lectroniques.<\/p>\n<p>Depuis sa cr\u00e9ation, Notarius s\u2019est positionn\u00e9e comme chef de file sur le march\u00e9 canadien en assurant l\u2019int\u00e9grit\u00e9 et l\u2019authenticit\u00e9 de documents officiels pour des transactions entre de nombreux professionnels, partenaires d\u2019affaires, clients, municipalit\u00e9s et organismes gouvernementaux.<\/p>\n<p>Notarius \u00e9met et g\u00e8re des signatures num\u00e9riques de confiance. Cette initiative de cybers\u00e9curit\u00e9 est con\u00e7ue pour prot\u00e9ger le public et permettre aux professionnels de signer des documents \u00e9lectroniques dont la valeur juridique est la m\u00eame qu\u2019un document papier sign\u00e9 \u00e0 la main.<\/p>\n<p>Utilis\u00e9s par 30 associations professionnelles au Canada, plus de 4000 entreprises et des milliers de professionnels \u00e0 travers le monde, les certificats de signature num\u00e9rique de Notarius sont une solution s\u00fbre, efficace et \u00e9conomique devenue partie int\u00e9grante d\u2019un grand nombre de commerces, de professions et d\u2019organisations.[\/vc_column_text][\/vc_column][\/vc_row][vc_row][vc_column][vc_column_text]<\/p>\n<h1 style=\"text-align: center;\"><span style=\"color: #0d8ac8;\">CERTIFICATIONS<\/span><\/h1>\n<p>[\/vc_column_text][\/vc_column][\/vc_row][vc_row el_class=\u00a0\u00bbaccreditations-text-block\u00a0\u00bb][vc_column][vc_column_text]<\/p>\n<p class=\"MsoNormal\" style=\"margin-bottom: 6.0pt; text-align: justify;\"><span lang=\"FR-CA\">Depuis 1998, l\u2019autorit\u00e9 de certification (AC) Notarius, bas\u00e9e sur une infrastructure \u00e0 cl\u00e9s publiques (ICP), est reconnue et utilis\u00e9e avec confiance par divers organismes gouvernementaux.<\/span><\/p>\n<p class=\"MsoNormal\" style=\"margin-bottom: 6.0pt; text-align: justify;\"><span lang=\"FR-CA\">En 2007, Notarius est devenue la premi\u00e8re autorit\u00e9 de certification en Am\u00e9rique du Nord \u00e0 \u00eatre certifi\u00e9e ISO 27001 (gestion de la s\u00e9curit\u00e9 de l&rsquo;information).<\/span><\/p>\n<p class=\"MsoNormal\" style=\"margin-bottom: 6.0pt; text-align: justify;\"><span lang=\"FR-CA\">En plus d\u2019\u00eatre certifi\u00e9e ISO 27001 et ISO 9001 (gestion de la qualit\u00e9), Notarius est membre des principales organisations li\u00e9es aux tiers de confiance du num\u00e9rique et \u00e0 la durabilit\u00e9 des documents num\u00e9riques (FNTC, DIACC et PDF Association).<\/span><\/p>\n<p class=\"MsoNormal\" style=\"margin-bottom: .0001pt; text-align: justify;\"><span lang=\"FR-CA\">Notarius est la seule entreprise canadienne \u00e0 offrir une signature num\u00e9rique reconnue par <b>Adobe<\/b> (Adobe Approved Trust List \u2013 AATL) et <b>eIDAS<\/b>\u00a0(electronic IDentification Authentication and trust Services). Tous ces partenariats et toutes ces certifications d\u00e9montrent le niveau de qualit\u00e9 et de fiabilit\u00e9 de l\u2019expertise et des solutions offertes par Notarius.<\/span><\/p>\n<p>[\/vc_column_text][\/vc_column][\/vc_row][vc_row full_width=\u00a0\u00bbstretch_row_content_no_spaces\u00a0\u00bb][vc_column][vc_single_image image=\u00a0\u00bb2463&Prime; img_size=\u00a0\u00bbfull\u00a0\u00bb alignment=\u00a0\u00bbcenter\u00a0\u00bb onclick=\u00a0\u00bbimg_link_large\u00a0\u00bb img_link_target=\u00a0\u00bb_blank\u00a0\u00bb el_class=\u00a0\u00bbtimeline\u00a0\u00bb][\/vc_column][\/vc_row][vc_row css=\u00a0\u00bb.vc_custom_1506564628005{margin-top: 50px !important;margin-bottom: 50px !important;}\u00a0\u00bb][vc_column][vc_column_text el_class=\u00a0\u00bbtext-before-button\u00a0\u00bb]<\/p>\n<h3 style=\"text-align: center;\">EN SAVOIR PLUS SUR NOTARIUS<\/h3>\n<p>[\/vc_column_text][vc_raw_html]JTNDZGl2JTIwY2xhc3MlM0QlMjJncmVlbi1idXR0b24lMjIlM0UlM0NhJTIwY2xhc3MlM0QlMjIlMjIlMjBocmVmJTNEJTIyaHR0cHMlM0ElMkYlMkZub3Rhcml1cy5jb20lMkYlMjIlMjB0aXRsZSUzRCUyMiUyMiUyMHRhcmdldCUzRCUyMl9ibGFuayUyMiUzRSUzQ3NwYW4lMjBjbGFzcyUzRCUyMmMtaWNvbiUyMGktbm90YXJpdXMlMjIlM0UlM0MlMkZzcGFuJTNFTk9UQVJJVVMuQ09NJTNDJTJGYSUzRSUzQyUyRmRpdiUzRQ==[\/vc_raw_html][\/vc_column][\/vc_row]<\/p>\n<\/div>","protected":false},"excerpt":{"rendered":"<p>[vc_row][vc_column][vc_column_text] QUI EST NOTARIUS [\/vc_column_text][\/vc_column][\/vc_row][vc_row][vc_column width=\u00a0\u00bb1\/4&Prime; el_class=\u00a0\u00bbicon-container\u00a0\u00bb][vc_single_image image=\u00a0\u00bb638&Prime; img_size=\u00a0\u00bbfull\u00a0\u00bb alignment=\u00a0\u00bbcenter\u00a0\u00bb][vc_column_text] IDENTIT\u00c9 [\/vc_column_text][\/vc_column][vc_column width=\u00a0\u00bb1\/4&Prime; el_class=\u00a0\u00bbicon-container\u00a0\u00bb][vc_single_image image=\u00a0\u00bb636&Prime; img_size=\u00a0\u00bbfull\u00a0\u00bb alignment=\u00a0\u00bbcenter\u00a0\u00bb][vc_column_text] INT\u00c9GRIT\u00c9 [\/vc_column_text][\/vc_column][vc_column width=\u00a0\u00bb1\/4&Prime; el_class=\u00a0\u00bbicon-container\u00a0\u00bb][vc_single_image image=\u00a0\u00bb635&Prime; img_size=\u00a0\u00bbfull\u00a0\u00bb alignment=\u00a0\u00bbcenter\u00a0\u00bb][vc_column_text] AUTHENTICIT\u00c9 [\/vc_column_text][\/vc_column][vc_column width=\u00a0\u00bb1\/4&Prime; el_class=\u00a0\u00bbicon-container\u00a0\u00bb][vc_single_image image=\u00a0\u00bb637&Prime; img_size=\u00a0\u00bbfull\u00a0\u00bb alignment=\u00a0\u00bbcenter\u00a0\u00bb][vc_column_text] P\u00c9RENNIT\u00c9 [\/vc_column_text][\/vc_column][\/vc_row][vc_row css=\u00a0\u00bb.vc_custom_1506735950122{margin-top: 50px !important;margin-bottom: 50px !important;}\u00a0\u00bb][vc_column el_class=\u00a0\u00bbabout-text-block\u00a0\u00bb css=\u00a0\u00bb.vc_custom_1506568365201{padding-right: 25px !important;padding-left: 25px !important;}\u00a0\u00bb][vc_column_text] La fiabilit\u00e9 des documents \u2013 au c\u0153ur de notre travail depuis&hellip;<\/p>\n","protected":false},"author":33,"featured_media":0,"parent":0,"menu_order":0,"comment_status":"closed","ping_status":"closed","template":"","meta":{"footnotes":""},"class_list":["post-232","page","type-page","status-publish","hentry","description-off"],"_links":{"self":[{"href":"https:\/\/consignocloud.com\/fr\/wp-json\/wp\/v2\/pages\/232","targetHints":{"allow":["GET"]}}],"collection":[{"href":"https:\/\/consignocloud.com\/fr\/wp-json\/wp\/v2\/pages"}],"about":[{"href":"https:\/\/consignocloud.com\/fr\/wp-json\/wp\/v2\/types\/page"}],"author":[{"embeddable":true,"href":"https:\/\/consignocloud.com\/fr\/wp-json\/wp\/v2\/users\/33"}],"replies":[{"embeddable":true,"href":"https:\/\/consignocloud.com\/fr\/wp-json\/wp\/v2\/comments?post=232"}],"version-history":[{"count":0,"href":"https:\/\/consignocloud.com\/fr\/wp-json\/wp\/v2\/pages\/232\/revisions"}],"wp:attachment":[{"href":"https:\/\/consignocloud.com\/fr\/wp-json\/wp\/v2\/media?parent=232"}],"curies":[{"name":"wp","href":"https:\/\/api.w.org\/{rel}","templated":true}]}}