{"id":2296,"date":"2022-10-07T08:18:33","date_gmt":"2022-10-07T13:18:33","guid":{"rendered":"https:\/\/consignostage.wpenginepowered.com\/?page_id=2296"},"modified":"2022-10-07T08:18:33","modified_gmt":"2022-10-07T13:18:33","slug":"generer-des-rapports-dutilisation","status":"publish","type":"page","link":"https:\/\/consignocloud.com\/fr\/generer-des-rapports-dutilisation\/","title":{"rendered":"G\u00e9n\u00e9rer des rapports d\u2019utilisation"},"content":{"rendered":"<div class=\"wpb-content-wrapper\"><p>[vc_row el_class=\u00a0\u00bbhelp-text-block\u00a0\u00bb][vc_column][vc_column_text el_class=\u00a0\u00bbhelp-title\u00a0\u00bb]<\/p>\n<h1 style=\"text-align: center;\">AIDE<\/h1>\n<p>[\/vc_column_text][vc_column_text el_class=\u00a0\u00bbhelp-subtitle\u00a0\u00bb]<\/p>\n<h2 style=\"text-align: center;\">Guide d\u2019utilisation de ConsignO Cloud<\/h2>\n<p>[\/vc_column_text][\/vc_column][\/vc_row][vc_row el_class=\u00a0\u00bbhelp-text-block\u00a0\u00bb][vc_column][vc_column_text el_class=\u00a0\u00bbhelp-title-text\u00a0\u00bb]<\/p>\n<h3 style=\"text-align: center;\">G\u00e9n\u00e9rer des rapports d\u2019utilisation<\/h3>\n<p>[\/vc_column_text][vc_raw_html]JTNDcCUzRURpc3BvbmlibGUlMjBhdmVjJTIwJTNBJTIwJTNDc3BhbiUyMGNsYXNzJTNEJTIydHlwZS1wcm9kdWN0LWluc2lkZSUyMiUzRSUyMCUzQ2klMjBjbGFzcyUzRCUyMmZhcyUyMGZhLWNpcmNsZSUyMGJsdWUlMjIlM0UlM0MlMkZpJTNFJTIwRm9yZmFpdCUyMGFmZmFpcmVzJTIwJTNDaSUyMGNsYXNzJTNEJTIyZmFzJTIwZmEtY2lyY2xlJTIwb3JhbmdlJTIyJTNFJTNDJTJGaSUzRSUyMEZvcmZhaXQlMjBlbnRyZXByaXNlJTNDJTJGc3BhbiUzRSUzQyUyRnAlM0U=[\/vc_raw_html][vc_column_text]Seuls les utilisateurs qui d\u00e9tiennent un r\u00f4le <strong>Administrateur<\/strong> ou <strong>Gestionnaire<\/strong> associ\u00e9 \u00e0 un forfait <strong>Affaires<\/strong> ou <strong>Entreprise<\/strong> ont acc\u00e8s \u00e0 l\u2019option de g\u00e9n\u00e9rer des rapports d\u2019utilisation.<\/p>\n<p>1. Vous pouvez acc\u00e9der \u00e0 la page \u00ab Rapports \u00bb en cliquant sur l\u2019ic\u00f4ne Rapports situ\u00e9e dans la barre lat\u00e9rale gauche.[\/vc_column_text][vc_single_image image=\u00a0\u00bb2298&Prime; img_size=\u00a0\u00bbfull\u00a0\u00bb el_class=\u00a0\u00bbhelp-highlights-img\u00a0\u00bb][vc_column_text]2. Sur la page \u00ab Rapports \u00bb :<\/p>\n<ol>\n<li>S\u00e9lectionnez la date de d\u00e9but et la date de fin en utilisant les menus d\u00e9roulants afin de pr\u00e9ciser le mois et l\u2019ann\u00e9e s\u00e9lectionn\u00e9s<br \/>\n<strong>Note<\/strong> : La s\u00e9lection doit se faire sur les mois pass\u00e9s, aucun rapport ne sera produit pour le mois en cours.<\/li>\n<li>Cliquer sur Exporter<\/li>\n<\/ol>\n<p>[\/vc_column_text][vc_single_image image=\u00a0\u00bb2300&Prime; img_size=\u00a0\u00bbfull\u00a0\u00bb el_class=\u00a0\u00bbhelp-highlights-img\u00a0\u00bb][vc_column_text]3. R\u00e9cup\u00e9rez de votre fureteur le dossier zip t\u00e9l\u00e9charg\u00e9 et consultez les rapports g\u00e9n\u00e9r\u00e9s dans une fen\u00eatre explorer[\/vc_column_text][vc_single_image image=\u00a0\u00bb2302&Prime; img_size=\u00a0\u00bbfull\u00a0\u00bb el_class=\u00a0\u00bbhelp-highlights-img\u00a0\u00bb][\/vc_column][\/vc_row]<\/p>\n<\/div>","protected":false},"excerpt":{"rendered":"<p>[vc_row el_class=\u00a0\u00bbhelp-text-block\u00a0\u00bb][vc_column][vc_column_text el_class=\u00a0\u00bbhelp-title\u00a0\u00bb] AIDE [\/vc_column_text][vc_column_text el_class=\u00a0\u00bbhelp-subtitle\u00a0\u00bb] Guide d\u2019utilisation de ConsignO Cloud [\/vc_column_text][\/vc_column][\/vc_row][vc_row el_class=\u00a0\u00bbhelp-text-block\u00a0\u00bb][vc_column][vc_column_text el_class=\u00a0\u00bbhelp-title-text\u00a0\u00bb] G\u00e9n\u00e9rer des rapports d\u2019utilisation [\/vc_column_text][vc_raw_html]JTNDcCUzRURpc3BvbmlibGUlMjBhdmVjJTIwJTNBJTIwJTNDc3BhbiUyMGNsYXNzJTNEJTIydHlwZS1wcm9kdWN0LWluc2lkZSUyMiUzRSUyMCUzQ2klMjBjbGFzcyUzRCUyMmZhcyUyMGZhLWNpcmNsZSUyMGJsdWUlMjIlM0UlM0MlMkZpJTNFJTIwRm9yZmFpdCUyMGFmZmFpcmVzJTIwJTNDaSUyMGNsYXNzJTNEJTIyZmFzJTIwZmEtY2lyY2xlJTIwb3JhbmdlJTIyJTNFJTNDJTJGaSUzRSUyMEZvcmZhaXQlMjBlbnRyZXByaXNlJTNDJTJGc3BhbiUzRSUzQyUyRnAlM0U=[\/vc_raw_html][vc_column_text]Seuls les utilisateurs qui d\u00e9tiennent un r\u00f4le Administrateur ou Gestionnaire associ\u00e9 \u00e0 un forfait Affaires ou Entreprise ont acc\u00e8s \u00e0 l\u2019option de g\u00e9n\u00e9rer des rapports d\u2019utilisation. 1. Vous pouvez acc\u00e9der \u00e0 la page \u00ab Rapports \u00bb en&hellip;<\/p>\n","protected":false},"author":21,"featured_media":0,"parent":0,"menu_order":0,"comment_status":"closed","ping_status":"closed","template":"","meta":{"footnotes":""},"class_list":["post-2296","page","type-page","status-publish","hentry","description-off"],"_links":{"self":[{"href":"https:\/\/consignocloud.com\/fr\/wp-json\/wp\/v2\/pages\/2296","targetHints":{"allow":["GET"]}}],"collection":[{"href":"https:\/\/consignocloud.com\/fr\/wp-json\/wp\/v2\/pages"}],"about":[{"href":"https:\/\/consignocloud.com\/fr\/wp-json\/wp\/v2\/types\/page"}],"author":[{"embeddable":true,"href":"https:\/\/consignocloud.com\/fr\/wp-json\/wp\/v2\/users\/21"}],"replies":[{"embeddable":true,"href":"https:\/\/consignocloud.com\/fr\/wp-json\/wp\/v2\/comments?post=2296"}],"version-history":[{"count":0,"href":"https:\/\/consignocloud.com\/fr\/wp-json\/wp\/v2\/pages\/2296\/revisions"}],"wp:attachment":[{"href":"https:\/\/consignocloud.com\/fr\/wp-json\/wp\/v2\/media?parent=2296"}],"curies":[{"name":"wp","href":"https:\/\/api.w.org\/{rel}","templated":true}]}}