{"id":222,"date":"2017-09-23T22:32:13","date_gmt":"2017-09-23T22:32:13","guid":{"rendered":"https:\/\/consignocloud.wpengine.com\/contact-us\/"},"modified":"2025-07-30T13:58:47","modified_gmt":"2025-07-30T18:58:47","slug":"contact-us-2","status":"publish","type":"page","link":"https:\/\/consignocloud.com\/fr\/contact-us-2\/","title":{"rendered":"Contactez-nous"},"content":{"rendered":"<div class=\"wpb-content-wrapper\"><p>[vc_row el_class=\u00a0\u00bbcontact-us-title\u00a0\u00bb][vc_column][vc_column_text]<\/p>\n<h1 style=\"text-align: center;\"><span style=\"color: #0d8ac8;\">NOUS CONTACTER<\/span><\/h1>\n<p>[\/vc_column_text][\/vc_column][\/vc_row][vc_row gap=\u00a0\u00bb20&Prime;][vc_column width=\u00a0\u00bb1\/2&Prime; offset=\u00a0\u00bbvc_col-sm-offset-0&Prime; css=\u00a0\u00bb.vc_custom_1506908877539{padding-top: 20px !important;padding-right: 20px !important;padding-bottom: 20px !important;padding-left: 20px !important;background-color: #f9f9f9 !important;}\u00a0\u00bb el_class=\u00a0\u00bbcontact-us-box\u00a0\u00bb][vc_column_text]<\/p>\n<h2 style=\"text-align: center;\"><span style=\"color: #0d8ac8;\">SERVICE \u00c0 LA CLIENT\u00c8LE<\/span><\/h2>\n<h4 style=\"text-align: center;\"><strong>8 h 30 \u00e0 19 h (HE),<br \/>\ndu lundi au vendredi<\/strong><\/h4>\n<p style=\"text-align: center;\"><img decoding=\"async\" src=\"\/wp-content\/uploads\/2017\/09\/phone.png\" alt=\"\" width=\"20\" \/>\u00a0\u00a01 855 505-7272<\/p>\n<p style=\"text-align: center;\"><img decoding=\"async\" src=\"\/wp-content\/uploads\/2017\/09\/international.png\" alt=\"\" width=\"20\" \/> <img decoding=\"async\" src=\"\/wp-content\/uploads\/2017\/09\/phone.png\" alt=\"\" width=\"20\" \/> \u00a0+1 514 281-6533<\/p>\n<p>[\/vc_column_text][vc_raw_html]JTNDZGl2JTIwY2xhc3MlM0QlMjJncmVlbi1idXR0b24lMjBmdWxsLXdpZHRoJTIyJTNFJTNDYSUyMGNsYXNzJTNEJTIyY29udGFjdC11cyUyMiUyMGhyZWYlM0QlMjJqYXZhc2NyaXB0JTNBdm9pZCUyODAlMjklM0IlMjIlM0UlM0NzcGFuJTIwY2xhc3MlM0QlMjJjLWljb24lMjBpLWVtYWlsJTIyJTNFJTNDJTJGc3BhbiUzRUNPVVJSSUVMJTNDJTJGYSUzRSUzQyUyRmRpdiUzRQ==[\/vc_raw_html][vc_column_text el_class=\u00a0\u00bbcontact-us-form\u00a0\u00bb]\n<div class=\"wpcf7 no-js\" id=\"wpcf7-f375-o1\" lang=\"en-US\" dir=\"ltr\" data-wpcf7-id=\"375\">\n<div class=\"screen-reader-response\"><p role=\"status\" aria-live=\"polite\" aria-atomic=\"true\"><\/p> <ul><\/ul><\/div>\n<form action=\"\/fr\/wp-json\/wp\/v2\/pages\/222#wpcf7-f375-o1\" method=\"post\" class=\"wpcf7-form init\" aria-label=\"Contact form\" enctype=\"multipart\/form-data\" novalidate=\"novalidate\" data-status=\"init\">\n<fieldset class=\"hidden-fields-container\"><input type=\"hidden\" name=\"_wpcf7\" value=\"375\" \/><input type=\"hidden\" name=\"_wpcf7_version\" value=\"6.1\" \/><input type=\"hidden\" name=\"_wpcf7_locale\" value=\"en_US\" \/><input type=\"hidden\" name=\"_wpcf7_unit_tag\" value=\"wpcf7-f375-o1\" \/><input type=\"hidden\" name=\"_wpcf7_container_post\" value=\"0\" \/><input type=\"hidden\" name=\"_wpcf7_posted_data_hash\" value=\"\" \/><input type=\"hidden\" name=\"_wpcf7_recaptcha_response\" value=\"\" \/>\n<\/fieldset>\n<table width=\"80%\" border=\"0\" cellpadding=\"0\" cellspacing=\"0\">\n\t<tr>\n\t\t<td align=\"right\" class=\"title\">\n\t\t\t<p><a class=\"close\" href=\"javascript:void(0);\"><img decoding=\"async\" src=\"\/wp-content\/uploads\/2017\/09\/close.png\" alt=\"\" \/><\/a>\n\t\t\t<\/p>\n\t\t<\/td>\n\t<\/tr>\n\t<tr>\n\t\t<td>\n\t\t\t<p align=\"center\"><span style=\"color: red\"><b>Notre d\u00e9lai de r\u00e9ponse est de 1 jour ouvrable<\/b><\/span>.<br \/>\n&nbsp;\n\t\t\t<\/p>\n\t\t\t<p align=\"center\"><mark>Consultez notre <a href=\"\/fr\/aide\/guide-dutilisation\/\">guide&nbsp;d'utilisation<\/a>; la r\u00e9ponse \u00e0 la majorit\u00e9 des questions s'y trouve!<\/mark>\n\t\t\t<\/p>\n\t\t\t<p align=\"center\">&nbsp;\n\t\t\t<\/p>\n\t\t<\/td>\n\t<\/tr>\n\t<tr>\n\t\t<td class=\"label\">\n\t\t\t<p>Pr\u00e9nom\n\t\t\t<\/p>\n\t\t<\/td>\n\t<\/tr>\n\t<tr>\n\t\t<td>\n\t\t\t<p><span class=\"wpcf7-form-control-wrap\" data-name=\"text-331\"><input size=\"40\" maxlength=\"400\" class=\"wpcf7-form-control wpcf7-text wpcf7-validates-as-required\" id=\"first-name\" aria-required=\"true\" aria-invalid=\"false\" value=\"\" type=\"text\" name=\"text-331\" \/><\/span>\n\t\t\t<\/p>\n\t\t<\/td>\n\t<\/tr>\n\t<tr>\n\t\t<td class=\"label\">\n\t\t\t<p>Nom\n\t\t\t<\/p>\n\t\t<\/td>\n\t<\/tr>\n\t<tr>\n\t\t<td>\n\t\t\t<p><span class=\"wpcf7-form-control-wrap\" data-name=\"text-332\"><input size=\"40\" maxlength=\"400\" class=\"wpcf7-form-control wpcf7-text wpcf7-validates-as-required\" id=\"last-name\" aria-required=\"true\" aria-invalid=\"false\" value=\"\" type=\"text\" name=\"text-332\" \/><\/span>\n\t\t\t<\/p>\n\t\t<\/td>\n\t<\/tr>\n\t<tr>\n\t\t<td class=\"label\">\n\t\t\t<p>Courriel\n\t\t\t<\/p>\n\t\t<\/td>\n\t<\/tr>\n\t<tr>\n\t\t<td>\n\t\t\t<p><span class=\"wpcf7-form-control-wrap\" data-name=\"email-959\"><input size=\"40\" maxlength=\"400\" class=\"wpcf7-form-control wpcf7-email wpcf7-validates-as-required wpcf7-text wpcf7-validates-as-email\" id=\"email\" aria-required=\"true\" aria-invalid=\"false\" value=\"\" type=\"email\" name=\"email-959\" \/><\/span>\n\t\t\t<\/p>\n\t\t<\/td>\n\t<\/tr>\n\t<tr>\n\t\t<td class=\"label\">\n\t\t\t<p>T\u00e9l\u00e9phone\n\t\t\t<\/p>\n\t\t<\/td>\n\t<\/tr>\n\t<tr>\n\t\t<td>\n\t\t\t<p><span class=\"wpcf7-form-control-wrap\" data-name=\"tel-822\"><input size=\"40\" maxlength=\"400\" class=\"wpcf7-form-control wpcf7-tel wpcf7-validates-as-required wpcf7-text wpcf7-validates-as-tel\" id=\"phone\" aria-required=\"true\" aria-invalid=\"false\" value=\"\" type=\"tel\" name=\"tel-822\" \/><\/span>\n\t\t\t<\/p>\n\t\t<\/td>\n\t<\/tr>\n\t<tr>\n\t\t<td class=\"label\">\n\t\t\t<p>Compagnie\n\t\t\t<\/p>\n\t\t<\/td>\n\t<\/tr>\n\t<tr>\n\t\t<td>\n\t\t\t<p><span class=\"wpcf7-form-control-wrap\" data-name=\"text-333\"><input size=\"40\" maxlength=\"400\" class=\"wpcf7-form-control wpcf7-text wpcf7-validates-as-required\" id=\"business-name\" aria-required=\"true\" aria-invalid=\"false\" value=\"\" type=\"text\" name=\"text-333\" \/><\/span>\n\t\t\t<\/p>\n\t\t<\/td>\n\t<\/tr>\n\t<tr>\n\t\t<td class=\"label\">\n\t\t\t<p>Message\n\t\t\t<\/p>\n\t\t<\/td>\n\t<\/tr>\n\t<tr>\n\t\t<td>\n\t\t\t<p><span class=\"wpcf7-form-control-wrap\" data-name=\"textarea-93\"><textarea cols=\"40\" rows=\"4\" maxlength=\"2000\" class=\"wpcf7-form-control wpcf7-textarea\" aria-invalid=\"false\" name=\"textarea-93\"><\/textarea><\/span>\n\t\t\t<\/p>\n\t\t<\/td>\n\t<\/tr>\n\t<tr>\n\t\t<td class=\"label\">\n\t\t\t<p>Joindre un fichier\n\t\t\t<\/p>\n\t\t<\/td>\n\t<\/tr>\n\t<tr>\n\t\t<td>\n\t\t\t<p><span class=\"wpcf7-form-control-wrap\" data-name=\"file\"><input size=\"40\" class=\"wpcf7-form-control wpcf7-file\" id=\"sac-file-upload\" accept=\".doc,.pdf,.jpg,.png\" aria-invalid=\"false\" type=\"file\" name=\"file\" \/><\/span><a class=\"input-file\" href=\"javascript:document.getElementById('sac-file-upload').click();\">Parcourir... <span><\/span><\/a>\n\t\t\t<\/p>\n\t\t<\/td>\n\t<\/tr>\n\t<tr>\n\t\t<td>\n\t\t<div class=\"wpcf7-response-output\" aria-hidden=\"true\"><\/div>\n\t\t<\/td>\n\t<\/tr>\n\t<tr>\n\t\t<td align=\"center\">\n\t\t\t<p><input class=\"wpcf7-form-control wpcf7-submit has-spinner fr\" type=\"submit\" value=\"Envoyer\" \/>\n\t\t\t<\/p>\n\t\t<\/td>\n\t<\/tr>\n<\/table>\n<\/form>\n<\/div>\n[\/vc_column_text][\/vc_column][vc_column width=\u00a0\u00bb1\/2&Prime; css=\u00a0\u00bb.vc_custom_1506908883818{padding-top: 20px !important;padding-right: 20px !important;padding-bottom: 20px !important;padding-left: 20px !important;background-color: #f9f9f9 !important;}\u00a0\u00bb el_class=\u00a0\u00bbcontact-us-box\u00a0\u00bb][vc_column_text css=\u00a0\u00bb\u00a0\u00bb]<\/p>\n<h2 style=\"text-align: center;\"><span style=\"color: #0d8ac8;\">VENTES \/ ADMINISTRATION<\/span><\/h2>\n<h4 style=\"text-align: center;\"><strong>8 h 30 \u00e0 17 h (HE),<br \/>\ndu lundi au vendredi<\/strong><\/h4>\n<p style=\"text-align: center;\"><img decoding=\"async\" src=\"\/wp-content\/uploads\/2017\/09\/phone.png\" alt=\"\" width=\"20\" \/>\u00a0 1 888 588-0011<\/p>\n<p style=\"text-align: center;\"><img decoding=\"async\" src=\"\/wp-content\/uploads\/2017\/09\/international.png\" alt=\"\" width=\"20\" \/> <img decoding=\"async\" src=\"\/wp-content\/uploads\/2017\/09\/phone.png\" alt=\"\" width=\"20\" \/>\u00a0 +1 514 281-1577<\/p>\n<p style=\"text-align: center;\"><img decoding=\"async\" src=\"\/wp-content\/uploads\/2017\/09\/fax.png\" alt=\"\" width=\"20\" \/>\u00a0 +1 514 281-1226<\/p>\n<p>[\/vc_column_text][vc_raw_html]JTNDZGl2JTIwY2xhc3MlM0QlMjJncmVlbi1idXR0b24lMjBmdWxsLXdpZHRoJTIyJTNFJTNDYSUyMGNsYXNzJTNEJTIyY29udGFjdC11cyUyMiUyMGhyZWYlM0QlMjJqYXZhc2NyaXB0JTNBdm9pZCUyODAlMjklM0IlMjIlM0UlM0NzcGFuJTIwY2xhc3MlM0QlMjJjLWljb24lMjBpLWVtYWlsJTIyJTNFJTNDJTJGc3BhbiUzRUNPVVJSSUVMJTNDJTJGYSUzRSUzQyUyRmRpdiUzRQ==[\/vc_raw_html][vc_column_text css=\u00a0\u00bb\u00a0\u00bb el_class=\u00a0\u00bbcontact-us-form\u00a0\u00bb]<\/p>\n<p style=\"text-align: right; padding-right: 24px;\"><a class=\"close\"><img decoding=\"async\" src=\"\/wp-content\/uploads\/2017\/09\/close.png\" alt=\"Close\" \/><\/a><\/p>\n<p><script type=\"text\/javascript\" src=\"\/\/info.portagecybertech.net\/form\/generate.js?id=29\"><\/script><\/p>\n<p style=\"font-size: 12px !important; padding: 24px;\">Vous pouvez vous d\u00e9sabonner de ces communications \u00e0 tout moment. Pour plus d&rsquo;informations sur la mani\u00e8re de se d\u00e9sinscrire, sur nos pratiques en mati\u00e8re de protection de la vie priv\u00e9e et sur notre engagement \u00e0 prot\u00e9ger et \u00e0 respecter votre vie priv\u00e9e, veuillez consulter notre <strong><a href=\"https:\/\/www.notarius.com\/hubfs\/document\/fr\/Politique_Confidentialite.pdf\" rel=\"noopener\">politique en mati\u00e8re de protection de la vie priv\u00e9e<\/a><\/strong>. En soumettant ce formulaire, vous consentez \u00e0 ce que vos donn\u00e9es soient stock\u00e9es sur des serveurs situ\u00e9s hors du Qu\u00e9bec.<\/p>\n<p>[\/vc_column_text][\/vc_column][\/vc_row][vc_row el_class=\u00a0\u00bbcontact-us-google-map\u00a0\u00bb css=\u00a0\u00bb.vc_custom_1507079136967{margin-bottom: 50px !important;}\u00a0\u00bb][vc_column][vc_raw_html]JTNDZGl2JTIwY2xhc3MlM0QlMjJnb29nbGUtbWFwLWNvbnRhaW5lciUyMiUzRSUzQ2RpdiUyMGlkJTNEJTIyZ29vZ2xlLW1hcCUyMiUzRSUzQyUyRmRpdiUzRSUzQyUyRmRpdiUzRQ==[\/vc_raw_html][\/vc_column][\/vc_row]<\/p>\n<\/div>","protected":false},"excerpt":{"rendered":"<p>[vc_row el_class=\u00a0\u00bbcontact-us-title\u00a0\u00bb][vc_column][vc_column_text] NOUS CONTACTER [\/vc_column_text][\/vc_column][\/vc_row][vc_row gap=\u00a0\u00bb20&Prime;][vc_column width=\u00a0\u00bb1\/2&Prime; offset=\u00a0\u00bbvc_col-sm-offset-0&Prime; css=\u00a0\u00bb.vc_custom_1506908877539{padding-top: 20px !important;padding-right: 20px !important;padding-bottom: 20px !important;padding-left: 20px !important;background-color: #f9f9f9 !important;}\u00a0\u00bb el_class=\u00a0\u00bbcontact-us-box\u00a0\u00bb][vc_column_text] SERVICE \u00c0 LA CLIENT\u00c8LE 8 h 30 \u00e0 19 h (HE), du lundi au vendredi \u00a0\u00a01 855 505-7272 \u00a0+1 514 281-6533 [\/vc_column_text][vc_raw_html]JTNDZGl2JTIwY2xhc3MlM0QlMjJncmVlbi1idXR0b24lMjBmdWxsLXdpZHRoJTIyJTNFJTNDYSUyMGNsYXNzJTNEJTIyY29udGFjdC11cyUyMiUyMGhyZWYlM0QlMjJqYXZhc2NyaXB0JTNBdm9pZCUyODAlMjklM0IlMjIlM0UlM0NzcGFuJTIwY2xhc3MlM0QlMjJjLWljb24lMjBpLWVtYWlsJTIyJTNFJTNDJTJGc3BhbiUzRUNPVVJSSUVMJTNDJTJGYSUzRSUzQyUyRmRpdiUzRQ==[\/vc_raw_html][vc_column_text el_class=\u00a0\u00bbcontact-us-form\u00a0\u00bb][\/vc_column_text][\/vc_column][vc_column width=\u00a0\u00bb1\/2&Prime; css=\u00a0\u00bb.vc_custom_1506908883818{padding-top: 20px !important;padding-right: 20px !important;padding-bottom: 20px !important;padding-left: 20px !important;background-color: #f9f9f9 !important;}\u00a0\u00bb&hellip;<\/p>\n","protected":false},"author":33,"featured_media":0,"parent":0,"menu_order":0,"comment_status":"closed","ping_status":"closed","template":"","meta":{"footnotes":""},"class_list":["post-222","page","type-page","status-publish","hentry","description-off"],"_links":{"self":[{"href":"https:\/\/consignocloud.com\/fr\/wp-json\/wp\/v2\/pages\/222","targetHints":{"allow":["GET"]}}],"collection":[{"href":"https:\/\/consignocloud.com\/fr\/wp-json\/wp\/v2\/pages"}],"about":[{"href":"https:\/\/consignocloud.com\/fr\/wp-json\/wp\/v2\/types\/page"}],"author":[{"embeddable":true,"href":"https:\/\/consignocloud.com\/fr\/wp-json\/wp\/v2\/users\/33"}],"replies":[{"embeddable":true,"href":"https:\/\/consignocloud.com\/fr\/wp-json\/wp\/v2\/comments?post=222"}],"version-history":[{"count":0,"href":"https:\/\/consignocloud.com\/fr\/wp-json\/wp\/v2\/pages\/222\/revisions"}],"wp:attachment":[{"href":"https:\/\/consignocloud.com\/fr\/wp-json\/wp\/v2\/media?parent=222"}],"curies":[{"name":"wp","href":"https:\/\/api.w.org\/{rel}","templated":true}]}}