{"id":2184,"date":"2021-10-04T11:38:49","date_gmt":"2021-10-04T16:38:49","guid":{"rendered":"http:\/\/consignostage.wpenginepowered.com\/?page_id=2184"},"modified":"2021-10-04T11:39:37","modified_gmt":"2021-10-04T16:39:37","slug":"la-corbeille","status":"publish","type":"page","link":"https:\/\/consignocloud.com\/fr\/la-corbeille\/","title":{"rendered":"La corbeille"},"content":{"rendered":"<div class=\"wpb-content-wrapper\"><p>[vc_row el_class=\u00a0\u00bbhelp-text-block\u00a0\u00bb][vc_column][vc_column_text el_class=\u00a0\u00bbhelp-title\u00a0\u00bb]<\/p>\n<h1 style=\"text-align: center;\">AIDE<\/h1>\n<p>[\/vc_column_text][vc_column_text el_class=\u00a0\u00bbhelp-subtitle\u00a0\u00bb]<\/p>\n<h2 style=\"text-align: center;\">Guide d\u2019utilisation de ConsignO Cloud<\/h2>\n<p>[\/vc_column_text][\/vc_column][\/vc_row][vc_row el_class=\u00a0\u00bbhelp-text-block\u00a0\u00bb][vc_column][vc_column_text el_class=\u00a0\u00bbhelp-title-text\u00a0\u00bb]<\/p>\n<h3 style=\"text-align: center;\">La corbeille<\/h3>\n<p>[\/vc_column_text][vc_raw_html]JTNDcCUzRURpc3BvbmlibGUlMjBhdmVjJTIwJTNBJTIwJTNDc3BhbiUyMGNsYXNzJTNEJTIydHlwZS1wcm9kdWN0LWluc2lkZSUyMiUzRSUzQ2klMjBjbGFzcyUzRCUyMmZhcyUyMGZhLWNpcmNsZSUyMGJsYWNrJTIyJTNFJTNDJTJGaSUzRSUyMEZvcmZhaXQlMjBpbmRpdmlkdWVsJTIwJTNDaSUyMGNsYXNzJTNEJTIyZmFzJTIwZmEtY2lyY2xlJTIwYmx1ZSUyMiUzRSUzQyUyRmklM0UlMjBGb3JmYWl0JTIwYWZmYWlyZXMlMjAlM0NpJTIwY2xhc3MlM0QlMjJmYXMlMjBmYS1jaXJjbGUlMjBvcmFuZ2UlMjIlM0UlM0MlMkZpJTNFJTIwRm9yZmFpdCUyMGVudHJlcHJpc2UlM0MlMkZzcGFuJTNFJTNDJTJGcCUzRQ==[\/vc_raw_html][vc_column_text]La corbeille permet de t\u00e9l\u00e9charger les documents des projets de signatures qui ont \u00e9t\u00e9 supprim\u00e9s depuis moins de 30 jours.<\/p>\n<p>&nbsp;<\/p>\n<p><em><strong>Note :<\/strong> Les projets de signature supprim\u00e9s depuis plus de 30 jours sont supprim\u00e9s d\u00e9finitivement et les documents li\u00e9s ne peuvent pas \u00eatre r\u00e9cup\u00e9r\u00e9s.<\/em><\/p>\n<p>&nbsp;<\/p>\n<p>Depuis l\u2019option de la corbeille sur la barre de menu de gauche, une liste des projets de signature r\u00e9cemment supprim\u00e9s est affich\u00e9e.<\/p>\n<p><img loading=\"lazy\" decoding=\"async\" class=\"aligncenter size-large wp-image-2186\" src=\"http:\/\/consignocloud.com\/wp-content\/uploads\/2021\/09\/image-20210917-202644-1024x669.png\" alt=\"\" width=\"1024\" height=\"669\" srcset=\"https:\/\/consignocloud.com\/wp-content\/uploads\/2021\/09\/image-20210917-202644-1024x669.png 1024w, https:\/\/consignocloud.com\/wp-content\/uploads\/2021\/09\/image-20210917-202644-300x196.png 300w, https:\/\/consignocloud.com\/wp-content\/uploads\/2021\/09\/image-20210917-202644-768x502.png 768w, https:\/\/consignocloud.com\/wp-content\/uploads\/2021\/09\/image-20210917-202644.png 1459w\" sizes=\"auto, (max-width: 1024px) 100vw, 1024px\" \/><\/p>\n<p>Pour les projets de signature termin\u00e9s, si les documents sign\u00e9s ainsi que le journal d\u2019audit doivent \u00eatre r\u00e9cup\u00e9r\u00e9s, il suffit d\u2019appuyer sur le bouton de t\u00e9l\u00e9chargement li\u00e9 pour les sauvegarder sur votre poste.<\/p>\n<p>&nbsp;<\/p>\n<p>Pour les projets de signature non termin\u00e9s, le bouton de t\u00e9l\u00e9chargement permet de r\u00e9cup\u00e9rer le ou les documents dans leurs \u00e9tats actuels et au besoin, initier un nouveau projet de signature \u00e0 partir de ceux-ci.<\/p>\n<p>&nbsp;<\/p>\n<p>Dans tous les cas, il reste possible de dupliquer un projet de signature supprim\u00e9. Ceci cr\u00e9era un nouveau projet de signature dans l&rsquo;\u00e9tat initial du projet original, c\u2019est-\u00e0-dire avant la r\u00e9ception des signatures.<\/p>\n<p>&nbsp;<\/p>\n<p>La colonne \u201cSuppression d\u00e9finitive dans\u201d indique le d\u00e9lai restant avant la suppression d\u00e9finitive de la plateforme ConsignO Cloud des projets de signature et des documents li\u00e9s. Une fois ce d\u00e9lai \u00e9coul\u00e9, les donn\u00e9es sont supprim\u00e9es de mani\u00e8re permanente et sont irr\u00e9cup\u00e9rables; ces projets de signature n\u2019appara\u00eetront plus sous la corbeille.[\/vc_column_text][\/vc_column][\/vc_row]<\/p>\n<\/div>","protected":false},"excerpt":{"rendered":"<p>[vc_row el_class=\u00a0\u00bbhelp-text-block\u00a0\u00bb][vc_column][vc_column_text el_class=\u00a0\u00bbhelp-title\u00a0\u00bb] AIDE [\/vc_column_text][vc_column_text el_class=\u00a0\u00bbhelp-subtitle\u00a0\u00bb] Guide d\u2019utilisation de ConsignO Cloud [\/vc_column_text][\/vc_column][\/vc_row][vc_row el_class=\u00a0\u00bbhelp-text-block\u00a0\u00bb][vc_column][vc_column_text el_class=\u00a0\u00bbhelp-title-text\u00a0\u00bb] La corbeille [\/vc_column_text][vc_raw_html]JTNDcCUzRURpc3BvbmlibGUlMjBhdmVjJTIwJTNBJTIwJTNDc3BhbiUyMGNsYXNzJTNEJTIydHlwZS1wcm9kdWN0LWluc2lkZSUyMiUzRSUzQ2klMjBjbGFzcyUzRCUyMmZhcyUyMGZhLWNpcmNsZSUyMGJsYWNrJTIyJTNFJTNDJTJGaSUzRSUyMEZvcmZhaXQlMjBpbmRpdmlkdWVsJTIwJTNDaSUyMGNsYXNzJTNEJTIyZmFzJTIwZmEtY2lyY2xlJTIwYmx1ZSUyMiUzRSUzQyUyRmklM0UlMjBGb3JmYWl0JTIwYWZmYWlyZXMlMjAlM0NpJTIwY2xhc3MlM0QlMjJmYXMlMjBmYS1jaXJjbGUlMjBvcmFuZ2UlMjIlM0UlM0MlMkZpJTNFJTIwRm9yZmFpdCUyMGVudHJlcHJpc2UlM0MlMkZzcGFuJTNFJTNDJTJGcCUzRQ==[\/vc_raw_html][vc_column_text]La corbeille permet de t\u00e9l\u00e9charger les documents des projets de signatures qui ont \u00e9t\u00e9 supprim\u00e9s depuis moins de 30 jours. &nbsp; Note : Les projets de signature supprim\u00e9s depuis plus de 30 jours sont supprim\u00e9s d\u00e9finitivement et les documents&hellip;<\/p>\n","protected":false},"author":21,"featured_media":0,"parent":0,"menu_order":0,"comment_status":"closed","ping_status":"closed","template":"","meta":{"footnotes":""},"class_list":["post-2184","page","type-page","status-publish","hentry","description-off"],"_links":{"self":[{"href":"https:\/\/consignocloud.com\/fr\/wp-json\/wp\/v2\/pages\/2184","targetHints":{"allow":["GET"]}}],"collection":[{"href":"https:\/\/consignocloud.com\/fr\/wp-json\/wp\/v2\/pages"}],"about":[{"href":"https:\/\/consignocloud.com\/fr\/wp-json\/wp\/v2\/types\/page"}],"author":[{"embeddable":true,"href":"https:\/\/consignocloud.com\/fr\/wp-json\/wp\/v2\/users\/21"}],"replies":[{"embeddable":true,"href":"https:\/\/consignocloud.com\/fr\/wp-json\/wp\/v2\/comments?post=2184"}],"version-history":[{"count":0,"href":"https:\/\/consignocloud.com\/fr\/wp-json\/wp\/v2\/pages\/2184\/revisions"}],"wp:attachment":[{"href":"https:\/\/consignocloud.com\/fr\/wp-json\/wp\/v2\/media?parent=2184"}],"curies":[{"name":"wp","href":"https:\/\/api.w.org\/{rel}","templated":true}]}}