{"id":2166,"date":"2021-10-04T08:07:02","date_gmt":"2021-10-04T13:07:02","guid":{"rendered":"http:\/\/consignostage.wpenginepowered.com\/?page_id=2166"},"modified":"2021-10-04T08:07:02","modified_gmt":"2021-10-04T13:07:02","slug":"reassignation-de-projet-de-signature","status":"publish","type":"page","link":"https:\/\/consignocloud.com\/fr\/reassignation-de-projet-de-signature\/","title":{"rendered":"R\u00e9assignation de projet de signature"},"content":{"rendered":"<div class=\"wpb-content-wrapper\"><p>[vc_row el_class=\u00a0\u00bbhelp-text-block\u00a0\u00bb][vc_column][vc_column_text el_class=\u00a0\u00bbhelp-title\u00a0\u00bb]<\/p>\n<h1 style=\"text-align: center;\">AIDE<\/h1>\n<p>[\/vc_column_text][vc_column_text el_class=\u00a0\u00bbhelp-subtitle\u00a0\u00bb]<\/p>\n<h2 style=\"text-align: center;\">Guide d\u2019utilisation de ConsignO Cloud<\/h2>\n<p>[\/vc_column_text][\/vc_column][\/vc_row][vc_row el_class=\u00a0\u00bbhelp-text-block\u00a0\u00bb][vc_column][vc_column_text el_class=\u00a0\u00bbhelp-title-text\u00a0\u00bb]<\/p>\n<h3 style=\"text-align: center;\">R\u00e9assignation de projet de signature<\/h3>\n<p>[\/vc_column_text][vc_raw_html]JTNDcCUzRURpc3BvbmlibGUlMjBhdmVjJTIwJTNBJTIwJTNDc3BhbiUyMGNsYXNzJTNEJTIydHlwZS1wcm9kdWN0LWluc2lkZSUyMiUzRSUzQ2klMjBjbGFzcyUzRCUyMmZhcyUyMGZhLWNpcmNsZSUyMGJsdWUlMjIlM0UlM0MlMkZpJTNFJTIwRm9yZmFpdCUyMGFmZmFpcmVzJTIwJTNDaSUyMGNsYXNzJTNEJTIyZmFzJTIwZmEtY2lyY2xlJTIwb3JhbmdlJTIyJTNFJTNDJTJGaSUzRSUyMEZvcmZhaXQlMjBlbnRyZXByaXNlJTNDJTJGc3BhbiUzRSUzQyUyRnAlM0U=[\/vc_raw_html][vc_column_text]La fonction de r\u00e9assignation permet de transf\u00e9rer la responsabilit\u00e9 de gestion d\u2019un projet de signature d\u2019un instrumentant \u00e0 une autre. Ainsi, l\u2019instrumentant qui a initi\u00e9 un projet de signature qui est r\u00e9assign\u00e9 n\u2019en sera plus le superviseur et n\u2019y aura pu acc\u00e8s.<\/p>\n<p>La fonction de r\u00e9assignation de projets de signature est activ\u00e9e par d\u00e9faut pour les Administrateurs et Gestionnaires d\u2019une organisation. Ces derniers peuvent ainsi r\u00e9assigner des projets de signature qu\u2019ils ont initi\u00e9 ou tout autre auquel ils ont acc\u00e8s sous le tableau de bord de l\u2019organisation.<\/p>\n<p>Comme cette fonction n\u2019est pas activ\u00e9e par d\u00e9faut pour les autres instrumentants de l\u2019organisation, les Administrateurs et Gestionnaires peuvent autoriser cette permission sp\u00e9ciale via la page de gestion des utilisateurs.<\/p>\n<ul>\n<li>En acc\u00e9dant \u00e0 l\u2019option d&rsquo;\u00e9dition de l\u2019utilisateur, la fen\u00eatre pr\u00e9sente les options de r\u00f4les ainsi que la section des permissions sp\u00e9ciales. C\u2019est sous cette derni\u00e8re qu\u2019il est possible d\u2019autoriser la fonction de r\u00e9assignation pour un instrumentant donn\u00e9.<\/li>\n<\/ul>\n<p><img loading=\"lazy\" decoding=\"async\" class=\"aligncenter size-full wp-image-2168\" src=\"http:\/\/consignocloud.com\/wp-content\/uploads\/2021\/09\/image-20210921-193617.png\" alt=\"\" width=\"1886\" height=\"1042\" srcset=\"https:\/\/consignocloud.com\/wp-content\/uploads\/2021\/09\/image-20210921-193617.png 1886w, https:\/\/consignocloud.com\/wp-content\/uploads\/2021\/09\/image-20210921-193617-300x166.png 300w, https:\/\/consignocloud.com\/wp-content\/uploads\/2021\/09\/image-20210921-193617-1024x566.png 1024w, https:\/\/consignocloud.com\/wp-content\/uploads\/2021\/09\/image-20210921-193617-768x424.png 768w, https:\/\/consignocloud.com\/wp-content\/uploads\/2021\/09\/image-20210921-193617-1536x849.png 1536w\" sizes=\"auto, (max-width: 1886px) 100vw, 1886px\" \/><\/p>\n<p>Lorsque la permissions de r\u00e9assignation de projets est active pour un instrumentant, ce dernier peut y acc\u00e9der de via deux options :<\/p>\n<ul>\n<li>Via le menu d\u2019options contextuel \u00e0 chaque projet de signature :<\/li>\n<\/ul>\n<p><img loading=\"lazy\" decoding=\"async\" class=\"aligncenter size-full wp-image-2174\" src=\"http:\/\/consignocloud.com\/wp-content\/uploads\/2021\/09\/image-20210921-194104.png\" alt=\"\" width=\"1895\" height=\"1034\" srcset=\"https:\/\/consignocloud.com\/wp-content\/uploads\/2021\/09\/image-20210921-194104.png 1895w, https:\/\/consignocloud.com\/wp-content\/uploads\/2021\/09\/image-20210921-194104-300x164.png 300w, https:\/\/consignocloud.com\/wp-content\/uploads\/2021\/09\/image-20210921-194104-1024x559.png 1024w, https:\/\/consignocloud.com\/wp-content\/uploads\/2021\/09\/image-20210921-194104-768x419.png 768w, https:\/\/consignocloud.com\/wp-content\/uploads\/2021\/09\/image-20210921-194104-1536x838.png 1536w\" sizes=\"auto, (max-width: 1895px) 100vw, 1895px\" \/><\/p>\n<ul>\n<li>Ou encore, via l\u2019option de s\u00e9lection multiple :<\/li>\n<\/ul>\n<p><img loading=\"lazy\" decoding=\"async\" class=\"aligncenter size-full wp-image-2172\" src=\"http:\/\/consignocloud.com\/wp-content\/uploads\/2021\/09\/image-20210921-194213.png\" alt=\"\" width=\"1893\" height=\"1048\" srcset=\"https:\/\/consignocloud.com\/wp-content\/uploads\/2021\/09\/image-20210921-194213.png 1893w, https:\/\/consignocloud.com\/wp-content\/uploads\/2021\/09\/image-20210921-194213-300x166.png 300w, https:\/\/consignocloud.com\/wp-content\/uploads\/2021\/09\/image-20210921-194213-1024x567.png 1024w, https:\/\/consignocloud.com\/wp-content\/uploads\/2021\/09\/image-20210921-194213-768x425.png 768w, https:\/\/consignocloud.com\/wp-content\/uploads\/2021\/09\/image-20210921-194213-1536x850.png 1536w\" sizes=\"auto, (max-width: 1893px) 100vw, 1893px\" \/><\/p>\n<p>&nbsp;<\/p>\n<p>\u00c0 la s\u00e9lection de l\u2019option, une fen\u00eatre de r\u00e9assignation du ou des projets est pr\u00e9sent\u00e9e et permet d\u2019entrer l\u2019adresse courriel d\u2019un autre instrumentant de l\u2019organisation.<\/p>\n<p><img loading=\"lazy\" decoding=\"async\" class=\"aligncenter size-full wp-image-2170\" src=\"http:\/\/consignocloud.com\/wp-content\/uploads\/2021\/09\/image-20210921-194559.png\" alt=\"\" width=\"1896\" height=\"1048\" srcset=\"https:\/\/consignocloud.com\/wp-content\/uploads\/2021\/09\/image-20210921-194559.png 1896w, https:\/\/consignocloud.com\/wp-content\/uploads\/2021\/09\/image-20210921-194559-300x166.png 300w, https:\/\/consignocloud.com\/wp-content\/uploads\/2021\/09\/image-20210921-194559-1024x566.png 1024w, https:\/\/consignocloud.com\/wp-content\/uploads\/2021\/09\/image-20210921-194559-768x425.png 768w, https:\/\/consignocloud.com\/wp-content\/uploads\/2021\/09\/image-20210921-194559-1536x849.png 1536w\" sizes=\"auto, (max-width: 1896px) 100vw, 1896px\" \/><br \/>\nUne fois l\u2019adresse courriel entr\u00e9e, veuillez cocher la case avisant du transfert de la propri\u00e9t\u00e9 du projet de signature et appuyer sur Confirmer pour compl\u00e9ter la r\u00e9assignation.<\/p>\n<p>[\/vc_column_text][\/vc_column][\/vc_row]<\/p>\n<\/div>","protected":false},"excerpt":{"rendered":"<p>[vc_row el_class=\u00a0\u00bbhelp-text-block\u00a0\u00bb][vc_column][vc_column_text el_class=\u00a0\u00bbhelp-title\u00a0\u00bb] AIDE [\/vc_column_text][vc_column_text el_class=\u00a0\u00bbhelp-subtitle\u00a0\u00bb] Guide d\u2019utilisation de ConsignO Cloud [\/vc_column_text][\/vc_column][\/vc_row][vc_row el_class=\u00a0\u00bbhelp-text-block\u00a0\u00bb][vc_column][vc_column_text el_class=\u00a0\u00bbhelp-title-text\u00a0\u00bb] R\u00e9assignation de projet de signature [\/vc_column_text][vc_raw_html]JTNDcCUzRURpc3BvbmlibGUlMjBhdmVjJTIwJTNBJTIwJTNDc3BhbiUyMGNsYXNzJTNEJTIydHlwZS1wcm9kdWN0LWluc2lkZSUyMiUzRSUzQ2klMjBjbGFzcyUzRCUyMmZhcyUyMGZhLWNpcmNsZSUyMGJsdWUlMjIlM0UlM0MlMkZpJTNFJTIwRm9yZmFpdCUyMGFmZmFpcmVzJTIwJTNDaSUyMGNsYXNzJTNEJTIyZmFzJTIwZmEtY2lyY2xlJTIwb3JhbmdlJTIyJTNFJTNDJTJGaSUzRSUyMEZvcmZhaXQlMjBlbnRyZXByaXNlJTNDJTJGc3BhbiUzRSUzQyUyRnAlM0U=[\/vc_raw_html][vc_column_text]La fonction de r\u00e9assignation permet de transf\u00e9rer la responsabilit\u00e9 de gestion d\u2019un projet de signature d\u2019un instrumentant \u00e0 une autre. Ainsi, l\u2019instrumentant qui a initi\u00e9 un projet de signature qui est r\u00e9assign\u00e9 n\u2019en sera plus le&hellip;<\/p>\n","protected":false},"author":21,"featured_media":0,"parent":0,"menu_order":0,"comment_status":"closed","ping_status":"closed","template":"","meta":{"footnotes":""},"class_list":["post-2166","page","type-page","status-publish","hentry","description-off"],"_links":{"self":[{"href":"https:\/\/consignocloud.com\/fr\/wp-json\/wp\/v2\/pages\/2166","targetHints":{"allow":["GET"]}}],"collection":[{"href":"https:\/\/consignocloud.com\/fr\/wp-json\/wp\/v2\/pages"}],"about":[{"href":"https:\/\/consignocloud.com\/fr\/wp-json\/wp\/v2\/types\/page"}],"author":[{"embeddable":true,"href":"https:\/\/consignocloud.com\/fr\/wp-json\/wp\/v2\/users\/21"}],"replies":[{"embeddable":true,"href":"https:\/\/consignocloud.com\/fr\/wp-json\/wp\/v2\/comments?post=2166"}],"version-history":[{"count":0,"href":"https:\/\/consignocloud.com\/fr\/wp-json\/wp\/v2\/pages\/2166\/revisions"}],"wp:attachment":[{"href":"https:\/\/consignocloud.com\/fr\/wp-json\/wp\/v2\/media?parent=2166"}],"curies":[{"name":"wp","href":"https:\/\/api.w.org\/{rel}","templated":true}]}}