{"id":2102,"date":"2021-06-15T13:54:34","date_gmt":"2021-06-15T18:54:34","guid":{"rendered":"http:\/\/consignostage.wpenginepowered.com\/?page_id=2102"},"modified":"2021-06-15T13:55:00","modified_gmt":"2021-06-15T18:55:00","slug":"signer-numeriquement","status":"publish","type":"page","link":"https:\/\/consignocloud.com\/fr\/signer-numeriquement\/","title":{"rendered":"Signer num\u00e9riquement un projet ConsignO Cloud"},"content":{"rendered":"<div class=\"wpb-content-wrapper\"><p>[vc_row el_class=\u00a0\u00bbhelp-text-block\u00a0\u00bb][vc_column][vc_column_text el_class=\u00a0\u00bbhelp-title\u00a0\u00bb]<\/p>\n<h1 style=\"text-align: center;\">AIDE<\/h1>\n<p>[\/vc_column_text][vc_column_text el_class=\u00a0\u00bbhelp-subtitle\u00a0\u00bb]<\/p>\n<h2 style=\"text-align: center;\">Guide d\u2019utilisation de ConsignO Cloud<\/h2>\n<p>[\/vc_column_text][\/vc_column][\/vc_row][vc_row el_class=\u00a0\u00bbhelp-text-block\u00a0\u00bb][vc_column][vc_column_text el_class=\u00a0\u00bbhelp-title-text\u00a0\u00bb]<\/p>\n<h3 style=\"text-align: center;\">Je veux signer num\u00e9riquement un projet ConsignO Cloud.<\/h3>\n<p>[\/vc_column_text][vc_raw_html]JTNDcCUzRURpc3BvbmlibGUlMjBhdmVjJTIwJTNBJTIwJTNDc3BhbiUyMGNsYXNzJTNEJTIydHlwZS1wcm9kdWN0LWluc2lkZSUyMiUzRSUzQ2klMjBjbGFzcyUzRCUyMmZhcyUyMGZhLWNpcmNsZSUyMGJsYWNrJTIyJTNFJTNDJTJGaSUzRSUyMEZvcmZhaXQlMjBpbmRpdmlkdWVsJTIwJTNDaSUyMGNsYXNzJTNEJTIyZmFzJTIwZmEtY2lyY2xlJTIwYmx1ZSUyMiUzRSUzQyUyRmklM0UlMjBGb3JmYWl0JTIwYWZmYWlyZXMlMjAlM0NpJTIwY2xhc3MlM0QlMjJmYXMlMjBmYS1jaXJjbGUlMjBvcmFuZ2UlMjIlM0UlM0MlMkZpJTNFJTIwRm9yZmFpdCUyMGVudHJlcHJpc2UlM0MlMkZzcGFuJTNFJTNDJTJGcCUzRQ==[\/vc_raw_html][vc_column_text]<em>Une signature num\u00e9rique CertifiO est \u00e9mise \u00e0 une personne par une Association professionnelle ou une organisation et est d\u00e9livr\u00e9e par Notarius. Pour signer num\u00e9riquement sur notre plateforme en ligne ConsignO Cloud, assurez-vous que vous ou vos signataires avez adh\u00e9r\u00e9 \u00e0 une de nos signatures CertifiO.<\/em><\/p>\n<p>&nbsp;<\/p>\n<p>Pour signer num\u00e9riquement dans ConsignO Cloud, assurez-vous de signer \u00e0 partir d\u2019un ordinateur o\u00f9 votre signature num\u00e9rique (fichier .epf) est accessible.<\/p>\n<p>&nbsp;<\/p>\n<p><strong>Choisissez votre situation:<\/strong><\/p>\n<ul>\n<li><strong><a href=\"#Cloud\">Je veux signer num\u00e9riquement un projet ConsignO Cloud.\u00a0<\/a><\/strong><\/li>\n<li><strong><a href=\"#Desktop\">Je veux signer num\u00e9riquement un projet Consigno Cloud via l\u2019application ConsignO Desktop.<\/a><\/strong><\/li>\n<\/ul>\n<p>[\/vc_column_text][\/vc_column][\/vc_row][vc_row][vc_column][vc_column_text el_class=\u00a0\u00bbhelp-highlights-title\u00a0\u00bb]<\/p>\n<h3 id=\"Cloud\">Je veux signer num\u00e9riquement un projet ConsignO Cloud.<\/h3>\n<p>[\/vc_column_text][vc_column_text]Durant ce processus, nous allons signer un projet ConsignO Cloud re\u00e7u. Si vous d\u00e9sirez cr\u00e9er un projet ConsignO Cloud vous-m\u00eame, visitez la section <a href=\"https:\/\/consignocloud.com\/fr\/creer-un-projet-de-signature\/\">Cr\u00e9er un projet de signature<\/a>.<\/p>\n<p>Suivez ces \u00e9tapes :<\/p>\n<p>a. <strong>Ouvrez le courriel<\/strong> envoy\u00e9 par consignocloud@notarius.com vous invitant \u00e0 signer le projet de signature ConsignO Cloud. Puis, <strong>Cliquez sur le lien.<\/strong><\/p>\n<p>&nbsp;<\/p>\n<p><img loading=\"lazy\" decoding=\"async\" class=\"aligncenter wp-image-2106 size-full\" src=\"http:\/\/consignocloud.com\/wp-content\/uploads\/2021\/06\/Consigno-Cloud.png\" alt=\"\" width=\"720\" height=\"357\" srcset=\"https:\/\/consignocloud.com\/wp-content\/uploads\/2021\/06\/Consigno-Cloud.png 720w, https:\/\/consignocloud.com\/wp-content\/uploads\/2021\/06\/Consigno-Cloud-300x149.png 300w\" sizes=\"auto, (max-width: 720px) 100vw, 720px\" \/><\/p>\n<p>&nbsp;<\/p>\n<p>b. Entrez <strong>le code envoy\u00e9 par SMS<\/strong> \u00e0 votre num\u00e9ro de cellulaire associ\u00e9.<\/p>\n<p>&nbsp;<\/p>\n<p><img loading=\"lazy\" decoding=\"async\" class=\"aligncenter wp-image-2108 size-full\" src=\"http:\/\/consignocloud.com\/wp-content\/uploads\/2021\/06\/Consigno-Cloud2.png\" alt=\"\" width=\"406\" height=\"282\" srcset=\"https:\/\/consignocloud.com\/wp-content\/uploads\/2021\/06\/Consigno-Cloud2.png 406w, https:\/\/consignocloud.com\/wp-content\/uploads\/2021\/06\/Consigno-Cloud2-300x208.png 300w\" sizes=\"auto, (max-width: 406px) 100vw, 406px\" \/><\/p>\n<p>&nbsp;<\/p>\n<p>c. Visionnez le projet et cliquez sur <strong>Approuver et signer.<\/strong><\/p>\n<p>&nbsp;<\/p>\n<p><img loading=\"lazy\" decoding=\"async\" class=\"aligncenter wp-image-2110 size-full\" src=\"http:\/\/consignocloud.com\/wp-content\/uploads\/2021\/06\/Consigno-Cloud3.png\" alt=\"\" width=\"1100\" height=\"692\" srcset=\"https:\/\/consignocloud.com\/wp-content\/uploads\/2021\/06\/Consigno-Cloud3.png 1100w, https:\/\/consignocloud.com\/wp-content\/uploads\/2021\/06\/Consigno-Cloud3-300x189.png 300w, https:\/\/consignocloud.com\/wp-content\/uploads\/2021\/06\/Consigno-Cloud3-1024x644.png 1024w, https:\/\/consignocloud.com\/wp-content\/uploads\/2021\/06\/Consigno-Cloud3-768x483.png 768w\" sizes=\"auto, (max-width: 1100px) 100vw, 1100px\" \/><\/p>\n<p>&nbsp;<\/p>\n<p>d. Une fen\u00eatre <strong>Entrust<\/strong> appara\u00eetra vous invitant \u00e0 entrer le mot de passe de votre signature num\u00e9rique. <strong>Entrez votre mot de passe et cliquez sur OK<\/strong>.<br \/>\n<em>i. Votre signature num\u00e9rique (fichier .epf) doit se trouver sur l\u2019ordinateur \u00e0 partir duquel vous signez.<\/em><\/p>\n<p>&nbsp;<\/p>\n<p><img loading=\"lazy\" decoding=\"async\" class=\"aligncenter wp-image-2112 size-full\" src=\"http:\/\/consignocloud.com\/wp-content\/uploads\/2021\/06\/Consigno-Cloud4.png\" alt=\"\" width=\"1100\" height=\"692\" srcset=\"https:\/\/consignocloud.com\/wp-content\/uploads\/2021\/06\/Consigno-Cloud4.png 1100w, https:\/\/consignocloud.com\/wp-content\/uploads\/2021\/06\/Consigno-Cloud4-300x189.png 300w, https:\/\/consignocloud.com\/wp-content\/uploads\/2021\/06\/Consigno-Cloud4-1024x644.png 1024w, https:\/\/consignocloud.com\/wp-content\/uploads\/2021\/06\/Consigno-Cloud4-768x483.png 768w\" sizes=\"auto, (max-width: 1100px) 100vw, 1100px\" \/><\/p>\n<p>&nbsp;<\/p>\n<p>Vous avez sign\u00e9 num\u00e9riquement un document sur ConsignO Cloud. Lorsque toutes les parties auront sign\u00e9. Vous pourrez t\u00e9l\u00e9charger le document final et le journal d\u2019audit.[\/vc_column_text][\/vc_column][\/vc_row][vc_row][vc_column][vc_column_text el_class=\u00a0\u00bbhelp-highlights-title\u00a0\u00bb]<\/p>\n<h3 id=\"Desktop\">Je veux signer num\u00e9riquement un projet Consigno Cloud via l\u2019application ConsignO Desktop.<\/h3>\n<p>[\/vc_column_text][\/vc_column][\/vc_row][vc_row][vc_column][vc_column_text]Durant ce processus, nous allons signer un projet ConsignO Cloud re\u00e7u dans l\u2019application ConsignO Desktop. Si vous d\u00e9sirez cr\u00e9er un projet ConsignO Cloud vous-m\u00eame, visitez la section Cr\u00e9er un projet de signature.<\/p>\n<p>Suivez ces \u00e9tapes :<\/p>\n<p>a. <strong>Ouvrez le courriel<\/strong> envoy\u00e9 par consignocloud@notarius.com vous invitant \u00e0 signer le projet de signature ConsignO Cloud. Puis, <strong>Cliquez sur le lien.<\/strong><\/p>\n<p>&nbsp;<\/p>\n<p><img loading=\"lazy\" decoding=\"async\" class=\"aligncenter wp-image-2106 size-full\" src=\"http:\/\/consignocloud.com\/wp-content\/uploads\/2021\/06\/Consigno-Cloud.png\" alt=\"\" width=\"720\" height=\"357\" srcset=\"https:\/\/consignocloud.com\/wp-content\/uploads\/2021\/06\/Consigno-Cloud.png 720w, https:\/\/consignocloud.com\/wp-content\/uploads\/2021\/06\/Consigno-Cloud-300x149.png 300w\" sizes=\"auto, (max-width: 720px) 100vw, 720px\" \/><\/p>\n<p>&nbsp;<\/p>\n<p>b. Entrez <strong>le code envoy\u00e9 par SMS<\/strong> \u00e0 votre num\u00e9ro de cellulaire associ\u00e9.<\/p>\n<p>&nbsp;<\/p>\n<p><img loading=\"lazy\" decoding=\"async\" class=\"aligncenter wp-image-2108 size-full\" src=\"http:\/\/consignocloud.com\/wp-content\/uploads\/2021\/06\/Consigno-Cloud2.png\" alt=\"\" width=\"406\" height=\"282\" srcset=\"https:\/\/consignocloud.com\/wp-content\/uploads\/2021\/06\/Consigno-Cloud2.png 406w, https:\/\/consignocloud.com\/wp-content\/uploads\/2021\/06\/Consigno-Cloud2-300x208.png 300w\" sizes=\"auto, (max-width: 406px) 100vw, 406px\" \/><\/p>\n<p>&nbsp;<\/p>\n<p>c. Visionnez le projet et cliquez sur <strong>Signer avec ConsignO Desktop<\/strong>. Une page nomm\u00e9e <strong>Envoyer votre document sign\u00e9<\/strong> devrait s\u2019ouvrir et vous allez t\u00e9l\u00e9charger le projet en format PDF. Pour faciliter le processus, conservez votre navigateur ouvert sur la page.<\/p>\n<p>&nbsp;<\/p>\n<p><img loading=\"lazy\" decoding=\"async\" class=\"aligncenter wp-image-2116 size-full\" src=\"http:\/\/consignocloud.com\/wp-content\/uploads\/2021\/06\/Consigno-Cloud6.png\" alt=\"\" width=\"912\" height=\"473\" srcset=\"https:\/\/consignocloud.com\/wp-content\/uploads\/2021\/06\/Consigno-Cloud6.png 912w, https:\/\/consignocloud.com\/wp-content\/uploads\/2021\/06\/Consigno-Cloud6-300x156.png 300w, https:\/\/consignocloud.com\/wp-content\/uploads\/2021\/06\/Consigno-Cloud6-768x398.png 768w\" sizes=\"auto, (max-width: 912px) 100vw, 912px\" \/><\/p>\n<p>&nbsp;<\/p>\n<p>d.<strong> Ouvrez ConsignO Desktop<\/strong> et <strong>Ouvrez le document PDF<\/strong> t\u00e9l\u00e9charg\u00e9 dans l\u2019application.<\/p>\n<p>&nbsp;<\/p>\n<p><img loading=\"lazy\" decoding=\"async\" class=\"aligncenter wp-image-2118 size-large\" src=\"http:\/\/consignocloud.com\/wp-content\/uploads\/2021\/06\/Consigno-Cloud7-1024x813.png\" alt=\"\" width=\"1024\" height=\"813\" srcset=\"https:\/\/consignocloud.com\/wp-content\/uploads\/2021\/06\/Consigno-Cloud7-1024x813.png 1024w, https:\/\/consignocloud.com\/wp-content\/uploads\/2021\/06\/Consigno-Cloud7-300x238.png 300w, https:\/\/consignocloud.com\/wp-content\/uploads\/2021\/06\/Consigno-Cloud7-768x610.png 768w, https:\/\/consignocloud.com\/wp-content\/uploads\/2021\/06\/Consigno-Cloud7.png 1100w\" sizes=\"auto, (max-width: 1024px) 100vw, 1024px\" \/><\/p>\n<p>&nbsp;<\/p>\n<p>e. Cliquez sur <strong>Signer<\/strong>.<\/p>\n<p>&nbsp;<\/p>\n<p><img loading=\"lazy\" decoding=\"async\" class=\"aligncenter wp-image-2120 size-full\" src=\"http:\/\/consignocloud.com\/wp-content\/uploads\/2021\/06\/Consigno-Cloud8.png\" alt=\"\" width=\"720\" height=\"97\" srcset=\"https:\/\/consignocloud.com\/wp-content\/uploads\/2021\/06\/Consigno-Cloud8.png 720w, https:\/\/consignocloud.com\/wp-content\/uploads\/2021\/06\/Consigno-Cloud8-300x40.png 300w\" sizes=\"auto, (max-width: 720px) 100vw, 720px\" \/><\/p>\n<p>&nbsp;<\/p>\n<p>f. Dans la fen\u00eatre de l\u2019Assistant de signature, s\u00e9lectionnez la signature num\u00e9rique requise, puis cliquez sur <strong>Signer<\/strong>.<\/p>\n<p>&nbsp;<\/p>\n<p><img loading=\"lazy\" decoding=\"async\" class=\"aligncenter wp-image-2122 size-full\" src=\"http:\/\/consignocloud.com\/wp-content\/uploads\/2021\/06\/Consigno-Cloud9.png\" alt=\"\" width=\"720\" height=\"580\" srcset=\"https:\/\/consignocloud.com\/wp-content\/uploads\/2021\/06\/Consigno-Cloud9.png 720w, https:\/\/consignocloud.com\/wp-content\/uploads\/2021\/06\/Consigno-Cloud9-300x242.png 300w\" sizes=\"auto, (max-width: 720px) 100vw, 720px\" \/><\/p>\n<p>&nbsp;<\/p>\n<p>g. Une fen\u00eatre <strong>Entrust<\/strong> appara\u00eetra vous invitant \u00e0 entrer le mot de passe de votre signature num\u00e9rique. Entrez votre mot de passe et cliquez sur <strong>OK<\/strong>.<br \/>\n<em>i. Votre signature num\u00e9rique (fichier .epf) doit se trouver sur l\u2019ordinateur \u00e0 partir duquel vous signez.<\/em><\/p>\n<p>&nbsp;<\/p>\n<p><img loading=\"lazy\" decoding=\"async\" class=\"aligncenter wp-image-2124 size-full\" src=\"http:\/\/consignocloud.com\/wp-content\/uploads\/2021\/06\/Consigno-Cloud10.png\" alt=\"\" width=\"330\" height=\"236\" srcset=\"https:\/\/consignocloud.com\/wp-content\/uploads\/2021\/06\/Consigno-Cloud10.png 330w, https:\/\/consignocloud.com\/wp-content\/uploads\/2021\/06\/Consigno-Cloud10-300x215.png 300w\" sizes=\"auto, (max-width: 330px) 100vw, 330px\" \/><\/p>\n<p>&nbsp;<\/p>\n<p>h. Retournez dans votre navigateur et <strong>T\u00e9l\u00e9versez le document PDF sign\u00e9<\/strong>. Puis, cliquez sur <strong>Envoyer le document sign\u00e9.<\/strong><\/p>\n<p>&nbsp;<\/p>\n<p><img loading=\"lazy\" decoding=\"async\" class=\"aligncenter wp-image-2126 size-full\" src=\"http:\/\/consignocloud.com\/wp-content\/uploads\/2021\/06\/Consigno-Cloud11.png\" alt=\"\" width=\"382\" height=\"368\" srcset=\"https:\/\/consignocloud.com\/wp-content\/uploads\/2021\/06\/Consigno-Cloud11.png 382w, https:\/\/consignocloud.com\/wp-content\/uploads\/2021\/06\/Consigno-Cloud11-300x289.png 300w\" sizes=\"auto, (max-width: 382px) 100vw, 382px\" \/><\/p>\n<p>&nbsp;<\/p>\n<p>i. Un encadr\u00e9 vous indiquera que le document PDF sign\u00e9 a bien \u00e9t\u00e9 t\u00e9l\u00e9vers\u00e9.<\/p>\n<p>&nbsp;<\/p>\n<p><img loading=\"lazy\" decoding=\"async\" class=\"aligncenter wp-image-2104 size-full\" src=\"http:\/\/consignocloud.com\/wp-content\/uploads\/2021\/06\/Consigno-Cloud12.png\" alt=\"\" width=\"480\" height=\"56\" srcset=\"https:\/\/consignocloud.com\/wp-content\/uploads\/2021\/06\/Consigno-Cloud12.png 480w, https:\/\/consignocloud.com\/wp-content\/uploads\/2021\/06\/Consigno-Cloud12-300x35.png 300w\" sizes=\"auto, (max-width: 480px) 100vw, 480px\" \/><\/p>\n<p>&nbsp;<\/p>\n<p>Vous avez sign\u00e9 num\u00e9riquement un document sur ConsignO Cloud. Lorsque toutes les parties auront sign\u00e9. Vous pourrez t\u00e9l\u00e9charger le document final et le journal d\u2019audit.[\/vc_column_text][\/vc_column][\/vc_row]<\/p>\n<\/div>","protected":false},"excerpt":{"rendered":"<p>[vc_row el_class=\u00a0\u00bbhelp-text-block\u00a0\u00bb][vc_column][vc_column_text el_class=\u00a0\u00bbhelp-title\u00a0\u00bb] AIDE [\/vc_column_text][vc_column_text el_class=\u00a0\u00bbhelp-subtitle\u00a0\u00bb] Guide d\u2019utilisation de ConsignO Cloud [\/vc_column_text][\/vc_column][\/vc_row][vc_row el_class=\u00a0\u00bbhelp-text-block\u00a0\u00bb][vc_column][vc_column_text el_class=\u00a0\u00bbhelp-title-text\u00a0\u00bb] Je veux signer num\u00e9riquement un projet ConsignO Cloud. [\/vc_column_text][vc_raw_html]JTNDcCUzRURpc3BvbmlibGUlMjBhdmVjJTIwJTNBJTIwJTNDc3BhbiUyMGNsYXNzJTNEJTIydHlwZS1wcm9kdWN0LWluc2lkZSUyMiUzRSUzQ2klMjBjbGFzcyUzRCUyMmZhcyUyMGZhLWNpcmNsZSUyMGJsYWNrJTIyJTNFJTNDJTJGaSUzRSUyMEZvcmZhaXQlMjBpbmRpdmlkdWVsJTIwJTNDaSUyMGNsYXNzJTNEJTIyZmFzJTIwZmEtY2lyY2xlJTIwYmx1ZSUyMiUzRSUzQyUyRmklM0UlMjBGb3JmYWl0JTIwYWZmYWlyZXMlMjAlM0NpJTIwY2xhc3MlM0QlMjJmYXMlMjBmYS1jaXJjbGUlMjBvcmFuZ2UlMjIlM0UlM0MlMkZpJTNFJTIwRm9yZmFpdCUyMGVudHJlcHJpc2UlM0MlMkZzcGFuJTNFJTNDJTJGcCUzRQ==[\/vc_raw_html][vc_column_text]Une signature num\u00e9rique CertifiO est \u00e9mise \u00e0 une personne par une Association professionnelle ou une organisation et est d\u00e9livr\u00e9e par Notarius. Pour signer num\u00e9riquement sur notre plateforme en ligne ConsignO Cloud, assurez-vous que&hellip;<\/p>\n","protected":false},"author":21,"featured_media":0,"parent":0,"menu_order":0,"comment_status":"closed","ping_status":"closed","template":"","meta":{"footnotes":""},"class_list":["post-2102","page","type-page","status-publish","hentry","description-off"],"_links":{"self":[{"href":"https:\/\/consignocloud.com\/fr\/wp-json\/wp\/v2\/pages\/2102","targetHints":{"allow":["GET"]}}],"collection":[{"href":"https:\/\/consignocloud.com\/fr\/wp-json\/wp\/v2\/pages"}],"about":[{"href":"https:\/\/consignocloud.com\/fr\/wp-json\/wp\/v2\/types\/page"}],"author":[{"embeddable":true,"href":"https:\/\/consignocloud.com\/fr\/wp-json\/wp\/v2\/users\/21"}],"replies":[{"embeddable":true,"href":"https:\/\/consignocloud.com\/fr\/wp-json\/wp\/v2\/comments?post=2102"}],"version-history":[{"count":0,"href":"https:\/\/consignocloud.com\/fr\/wp-json\/wp\/v2\/pages\/2102\/revisions"}],"wp:attachment":[{"href":"https:\/\/consignocloud.com\/fr\/wp-json\/wp\/v2\/media?parent=2102"}],"curies":[{"name":"wp","href":"https:\/\/api.w.org\/{rel}","templated":true}]}}