{"id":2086,"date":"2021-05-03T11:06:47","date_gmt":"2021-05-03T16:06:47","guid":{"rendered":"http:\/\/consignostage.wpenginepowered.com\/?page_id=2086"},"modified":"2025-08-11T11:24:20","modified_gmt":"2025-08-11T16:24:20","slug":"sharepoint","status":"publish","type":"page","link":"https:\/\/consignocloud.com\/fr\/sharepoint\/","title":{"rendered":"Sharepoint"},"content":{"rendered":"<div class=\"wpb-content-wrapper\"><p>[vc_row el_class=\u00a0\u00bbhelp-text-block\u00a0\u00bb][vc_column][vc_column_text el_class=\u00a0\u00bbhelp-title\u00a0\u00bb]<\/p>\n<h1 style=\"text-align: center;\">AIDE<\/h1>\n<p>[\/vc_column_text][vc_column_text el_class=\u00a0\u00bbhelp-subtitle\u00a0\u00bb]<\/p>\n<h2 style=\"text-align: center;\">Guide d\u2019utilisation de ConsignO Cloud<\/h2>\n<p>[\/vc_column_text][\/vc_column][\/vc_row][vc_row el_class=\u00a0\u00bbhelp-text-block\u00a0\u00bb][vc_column][vc_column_text el_class=\u00a0\u00bbhelp-title-text\u00a0\u00bb]<\/p>\n<h3 style=\"text-align: center;\">Documentation sur le connecteur SharePoint pour ConsignO Cloud<\/h3>\n<p>[\/vc_column_text][vc_raw_html]JTNDcCUzRURpc3BvbmlibGUlMjBhdmVjJTIwJTNBJTIwJTNDc3BhbiUyMGNsYXNzJTNEJTIydHlwZS1wcm9kdWN0LWluc2lkZSUyMiUzRSUzQ2klMjBjbGFzcyUzRCUyMmZhcyUyMGZhLWNpcmNsZSUyMGJsYWNrJTIyJTNFJTNDJTJGaSUzRSUyMEZvcmZhaXQlMjBpbmRpdmlkdWVsJTIwJTNDaSUyMGNsYXNzJTNEJTIyZmFzJTIwZmEtY2lyY2xlJTIwYmx1ZSUyMiUzRSUzQyUyRmklM0UlMjBGb3JmYWl0JTIwYWZmYWlyZXMlMjAlM0NpJTIwY2xhc3MlM0QlMjJmYXMlMjBmYS1jaXJjbGUlMjBvcmFuZ2UlMjIlM0UlM0MlMkZpJTNFJTIwRm9yZmFpdCUyMGVudHJlcHJpc2UlM0MlMkZzcGFuJTNFJTNDJTJGcCUzRQ==[\/vc_raw_html][vc_column_text css=\u00a0\u00bb\u00a0\u00bb]<\/p>\n<h2>\u00c9tape 1: Installation par votre administrateur<\/h2>\n<p>&nbsp;<\/p>\n<p>Le connecteur doit tout d&rsquo;abord \u00eatre install\u00e9 par l&rsquo;administrateur de votre site Sharepoint pour pouvoir \u00eatre utilis\u00e9:<\/p>\n<ul>\n<li><a href=\"https:\/\/cloud.consigno.com\/sharepoint\/v2\/documentation\/fr\" target=\"_blank\" rel=\"noopener\">Documentation sur le connecteur SharePoint pour ConsignO Cloud<\/a><\/li>\n<\/ul>\n<p>&nbsp;<\/p>\n<h2>\u00c9tape 2: Utilisation et gestion du connecteur<\/h2>\n<p>&nbsp;<\/p>\n<p>Le connecteur SharePoint peut \u00eatre utilis\u00e9 par un instrumentant pour deux actions principales\u00a0:<\/p>\n<ul>\n<li>Cr\u00e9ation de projet de signature<\/li>\n<li>T\u00e9l\u00e9chargement des documents sign\u00e9s depuis le compte ConsignO Cloud vers SharePoint<\/li>\n<\/ul>\n<p>&nbsp;<\/p>\n<ol>\n<li><a href=\"#_Toc201068623\">Cr\u00e9er un projet de signature<\/a><\/li>\n<li><a href=\"#_Toc201068624\">Synchronisation et t\u00e9l\u00e9chargement de documents sign\u00e9s (Synchroniser)<\/a><\/li>\n<li><a href=\"#_Toc201068625\">Guide pratique de gestion et de d\u00e9pannage<\/a>\n<ul>\n<li>a. <a href=\"#_Toc201068626\">Valider le compte<\/a><\/li>\n<li>b. <a href=\"#_Toc201068627\">Supprimer le connecteur<\/a><\/li>\n<\/ul>\n<\/li>\n<\/ol>\n<p>&nbsp;<\/p>\n<h3><a name=\"_Toc201068623\"><\/a>1. Cr\u00e9er un projet de signature<\/h3>\n<p>Pour cr\u00e9er un projet de signature \u00e0 partir de SharePoint, deux options sont disponibles\u00a0:<\/p>\n<ul>\n<li>S\u00e9lectionnez un ou plusieurs fichiers, puis dans le menu, choisissez Cr\u00e9er un projet<\/li>\n<\/ul>\n<p>&nbsp;<\/p>\n<p><img loading=\"lazy\" decoding=\"async\" class=\"wp-image-3928 aligncenter\" src=\"https:\/\/consignocloud.com\/wp-content\/uploads\/2025\/06\/Picture1-1-300x150.png\" alt=\"\" width=\"766\" height=\"383\" srcset=\"https:\/\/consignocloud.com\/wp-content\/uploads\/2025\/06\/Picture1-1-300x150.png 300w, https:\/\/consignocloud.com\/wp-content\/uploads\/2025\/06\/Picture1-1-768x384.png 768w, https:\/\/consignocloud.com\/wp-content\/uploads\/2025\/06\/Picture1-1.png 864w\" sizes=\"auto, (max-width: 766px) 100vw, 766px\" \/><\/p>\n<p>&nbsp;<\/p>\n<ul>\n<li>Ou, \u00e0 partir du bouton Option sur le c\u00f4t\u00e9 droit du fichier, s\u00e9lectionnez l&rsquo;option ConsignO Cloud &#8211; Cr\u00e9er un projet<\/li>\n<\/ul>\n<p>&nbsp;<\/p>\n<p><img loading=\"lazy\" decoding=\"async\" class=\"wp-image-3930 aligncenter\" src=\"https:\/\/consignocloud.com\/wp-content\/uploads\/2025\/06\/Picture2-1-300x147.png\" alt=\"\" width=\"763\" height=\"374\" srcset=\"https:\/\/consignocloud.com\/wp-content\/uploads\/2025\/06\/Picture2-1-300x147.png 300w, https:\/\/consignocloud.com\/wp-content\/uploads\/2025\/06\/Picture2-1-768x375.png 768w, https:\/\/consignocloud.com\/wp-content\/uploads\/2025\/06\/Picture2-1.png 864w\" sizes=\"auto, (max-width: 763px) 100vw, 763px\" \/><\/p>\n<p>&nbsp;<\/p>\n<ul>\n<li>L&rsquo;utilisateur sera redirig\u00e9 vers la page de cr\u00e9ation du projet de signature telle qu&rsquo;elle serait normalement affich\u00e9e lors de la cr\u00e9ation d&rsquo;un projet directement via l&rsquo;interface ConsignO Cloud.<\/li>\n<\/ul>\n<p>&nbsp;<\/p>\n<p><img loading=\"lazy\" decoding=\"async\" class=\"wp-image-3932 aligncenter\" src=\"https:\/\/consignocloud.com\/wp-content\/uploads\/2025\/06\/Picture3-1-300x144.png\" alt=\"\" width=\"767\" height=\"368\" srcset=\"https:\/\/consignocloud.com\/wp-content\/uploads\/2025\/06\/Picture3-1-300x144.png 300w, https:\/\/consignocloud.com\/wp-content\/uploads\/2025\/06\/Picture3-1-768x368.png 768w, https:\/\/consignocloud.com\/wp-content\/uploads\/2025\/06\/Picture3-1.png 864w\" sizes=\"auto, (max-width: 767px) 100vw, 767px\" \/><\/p>\n<p>&nbsp;<\/p>\n<ul>\n<li>Il sera ensuite possible de d\u00e9finir les signataires et de d\u00e9poser les zones de signature sur le document avant de lancer le projet.<\/li>\n<\/ul>\n<p>&nbsp;<\/p>\n<h3><a name=\"_Toc201068624\"><\/a>2. Synchronisation et t\u00e9l\u00e9chargement de documents sign\u00e9s (Synchroniser)<\/h3>\n<p>Il n&rsquo;y a pas de t\u00e9l\u00e9chargement automatique des documents dans le r\u00e9pertoire SharePoint. L\u2019instrumentant recevra une notification par courriel une fois le projet termin\u00e9 et devra ensuite se connecter \u00e0 SharePoint pour t\u00e9l\u00e9charger et enregistrer le projet sign\u00e9.<\/p>\n<p>Il est conseill\u00e9 de s\u00e9lectionner au pr\u00e9alable un dossier sp\u00e9cifique. Cette \u00e9tape est obligatoire et a \u00e9t\u00e9 privil\u00e9gi\u00e9e pour offrir plus de flexibilit\u00e9 \u00e0 l&rsquo;utilisateur final et lui permettre d&rsquo;enregistrer les projets termin\u00e9s dans un dossier distinct si n\u00e9cessaire, sans \u00e9craser le document d&rsquo;origine.<\/p>\n<p>Pour t\u00e9l\u00e9charger un projet termin\u00e9\u00a0:<\/p>\n<p>Dans la section \u00ab\u00a0Documents\u00a0\u00bb, s\u00e9lectionnez simplement le dossier dans lequel vous souhaitez enregistrer les documents sign\u00e9s. Ensuite, dans le menu, s\u00e9lectionnez l&rsquo;option \u00ab\u00a0Synchroniser\u00a0\u00bb.<\/p>\n<p>&nbsp;<\/p>\n<p><img loading=\"lazy\" decoding=\"async\" class=\"wp-image-3934 aligncenter\" src=\"https:\/\/consignocloud.com\/wp-content\/uploads\/2025\/06\/Picture4-1-300x144.png\" alt=\"\" width=\"806\" height=\"387\" srcset=\"https:\/\/consignocloud.com\/wp-content\/uploads\/2025\/06\/Picture4-1-300x144.png 300w, https:\/\/consignocloud.com\/wp-content\/uploads\/2025\/06\/Picture4-1-768x370.png 768w, https:\/\/consignocloud.com\/wp-content\/uploads\/2025\/06\/Picture4-1.png 864w\" sizes=\"auto, (max-width: 806px) 100vw, 806px\" \/><\/p>\n<p>&nbsp;<\/p>\n<ul>\n<li>Vous pouvez \u00e9galement s\u00e9lectionner cette \u00e9tape dans le menu d\u2019options (vertical\u2026) \u00e0 c\u00f4t\u00e9 du dossier s\u00e9lectionn\u00e9.<\/li>\n<\/ul>\n<p>&nbsp;<\/p>\n<p><img loading=\"lazy\" decoding=\"async\" class=\"wp-image-3936 aligncenter\" src=\"https:\/\/consignocloud.com\/wp-content\/uploads\/2025\/06\/Picture5-1-300x156.png\" alt=\"\" width=\"763\" height=\"397\" srcset=\"https:\/\/consignocloud.com\/wp-content\/uploads\/2025\/06\/Picture5-1-300x156.png 300w, https:\/\/consignocloud.com\/wp-content\/uploads\/2025\/06\/Picture5-1.png 864w\" sizes=\"auto, (max-width: 763px) 100vw, 763px\" \/><\/p>\n<p>&nbsp;<\/p>\n<ul>\n<li>Vous devriez ensuite \u00eatre redirig\u00e9 vers un tableau de bord o\u00f9 vous pourrez voir tous les projets termin\u00e9s disponibles pour t\u00e9l\u00e9chargement.<\/li>\n<\/ul>\n<p>&nbsp;<\/p>\n<p><img loading=\"lazy\" decoding=\"async\" class=\"wp-image-3938 aligncenter\" src=\"https:\/\/consignocloud.com\/wp-content\/uploads\/2025\/06\/Picture6-1-300x151.png\" alt=\"\" width=\"763\" height=\"384\" srcset=\"https:\/\/consignocloud.com\/wp-content\/uploads\/2025\/06\/Picture6-1-300x151.png 300w, https:\/\/consignocloud.com\/wp-content\/uploads\/2025\/06\/Picture6-1-768x388.png 768w, https:\/\/consignocloud.com\/wp-content\/uploads\/2025\/06\/Picture6-1.png 864w\" sizes=\"auto, (max-width: 763px) 100vw, 763px\" \/><\/p>\n<p>&nbsp;<\/p>\n<ul>\n<li>S\u00e9lectionnez les projets \u00e0 synchroniser et \u00e0 t\u00e9l\u00e9charger sur SharePoint, puis cliquez sur le bouton \u00ab\u00a0Synchroniser\u00a0\u00bb.<\/li>\n<li>Un nouveau dossier sera cr\u00e9\u00e9 pour chaque projet. Ce dossier contient le document sign\u00e9 ainsi que le journal d&rsquo;audit.<\/li>\n<\/ul>\n<p>&nbsp;<\/p>\n<p><img loading=\"lazy\" decoding=\"async\" class=\"wp-image-3940 aligncenter\" src=\"https:\/\/consignocloud.com\/wp-content\/uploads\/2025\/06\/Picture7-1-300x151.png\" alt=\"\" width=\"763\" height=\"384\" srcset=\"https:\/\/consignocloud.com\/wp-content\/uploads\/2025\/06\/Picture7-1-300x151.png 300w, https:\/\/consignocloud.com\/wp-content\/uploads\/2025\/06\/Picture7-1-768x388.png 768w, https:\/\/consignocloud.com\/wp-content\/uploads\/2025\/06\/Picture7-1.png 864w\" sizes=\"auto, (max-width: 763px) 100vw, 763px\" \/><\/p>\n<p>&nbsp;<\/p>\n<p><img loading=\"lazy\" decoding=\"async\" class=\"wp-image-3942 aligncenter\" src=\"https:\/\/consignocloud.com\/wp-content\/uploads\/2025\/06\/Picture8-1-300x100.png\" alt=\"\" width=\"765\" height=\"255\" srcset=\"https:\/\/consignocloud.com\/wp-content\/uploads\/2025\/06\/Picture8-1-300x100.png 300w, https:\/\/consignocloud.com\/wp-content\/uploads\/2025\/06\/Picture8-1-768x256.png 768w, https:\/\/consignocloud.com\/wp-content\/uploads\/2025\/06\/Picture8-1.png 864w\" sizes=\"auto, (max-width: 765px) 100vw, 765px\" \/><\/p>\n<p>&nbsp;<\/p>\n<h3><a name=\"_Toc201068625\"><\/a>3. Guide pratique de gestion et de d\u00e9pannage<\/h3>\n<p>Il peut arriver que certaines configurations soient perdues lors des mises \u00e0 jour de ConsignO Cloud ou SharePoint. Voici quelques conseils de d\u00e9pannage.<\/p>\n<p>&nbsp;<\/p>\n<p><a name=\"_Toc201068626\"><\/a><strong>a. Valider le compte<\/strong><\/p>\n<p>La premi\u00e8re \u00e9tape doit toujours \u00eatre de v\u00e9rifier et au besoin de lier \u00e0 nouveau les comptes.<\/p>\n<ul>\n<li>\u00c0 l\u2019aide du menu, s\u00e9lectionnez \u00ab ConsignO Cloud \u2013 G\u00e9rer mon compte \u00bb<\/li>\n<\/ul>\n<p>&nbsp;<\/p>\n<p><img loading=\"lazy\" decoding=\"async\" class=\"wp-image-3944 aligncenter\" src=\"https:\/\/consignocloud.com\/wp-content\/uploads\/2025\/06\/Picture9-1-300x104.png\" alt=\"\" width=\"762\" height=\"264\" srcset=\"https:\/\/consignocloud.com\/wp-content\/uploads\/2025\/06\/Picture9-1-300x104.png 300w, https:\/\/consignocloud.com\/wp-content\/uploads\/2025\/06\/Picture9-1-768x267.png 768w, https:\/\/consignocloud.com\/wp-content\/uploads\/2025\/06\/Picture9-1.png 864w\" sizes=\"auto, (max-width: 762px) 100vw, 762px\" \/><\/p>\n<p>&nbsp;<\/p>\n<p>Vous serez ensuite redirig\u00e9 vers la page d&rsquo;informations de ConsignO Cloud, o\u00f9 vous pourrez acc\u00e9der aux informations du compte.<\/p>\n<p>De l\u00e0, les utilisateurs peuvent modifier le compte et associer un nouveau compte \u00e0 SharePoint, ou simplement supprimer un compte de SharePoint.<\/p>\n<p>&nbsp;<\/p>\n<p><img loading=\"lazy\" decoding=\"async\" class=\"wp-image-3946 aligncenter\" src=\"https:\/\/consignocloud.com\/wp-content\/uploads\/2025\/06\/Picture10-1-300x165.png\" alt=\"\" width=\"804\" height=\"442\" srcset=\"https:\/\/consignocloud.com\/wp-content\/uploads\/2025\/06\/Picture10-1-300x165.png 300w, https:\/\/consignocloud.com\/wp-content\/uploads\/2025\/06\/Picture10-1-768x421.png 768w, https:\/\/consignocloud.com\/wp-content\/uploads\/2025\/06\/Picture10-1.png 864w\" sizes=\"auto, (max-width: 804px) 100vw, 804px\" \/><\/p>\n<p>&nbsp;<\/p>\n<p>Lorsqu&rsquo;un compte est configur\u00e9 dans SharePoint, une r\u00e9f\u00e9rence \u00e0 celui-ci est visible dans le compte ConsignO Cloud. Acc\u00e9dez au menu <em>Pr\u00e9f\u00e9rences<\/em> de ConsignO Cloud, puis \u00e0 <em>Mot de passe d\u2019applications tierces<\/em>.<\/p>\n<p>Vous devriez voir une entr\u00e9e ConsignO Cloud SharePoint, comme celle illustr\u00e9e ci-dessous\u00a0: S&rsquo;il n&rsquo;y en a pas ou qu&rsquo;il y en a plusieurs, il peut \u00eatre judicieux de les supprimer toutes et de recommencer directement depuis SharePoint.<\/p>\n<p>&nbsp;<\/p>\n<p><img loading=\"lazy\" decoding=\"async\" class=\"wp-image-3948 aligncenter\" src=\"https:\/\/consignocloud.com\/wp-content\/uploads\/2025\/06\/Picture11-1-300x130.png\" alt=\"\" width=\"805\" height=\"349\" srcset=\"https:\/\/consignocloud.com\/wp-content\/uploads\/2025\/06\/Picture11-1-300x130.png 300w, https:\/\/consignocloud.com\/wp-content\/uploads\/2025\/06\/Picture11-1-768x332.png 768w, https:\/\/consignocloud.com\/wp-content\/uploads\/2025\/06\/Picture11-1.png 864w\" sizes=\"auto, (max-width: 805px) 100vw, 805px\" \/><\/p>\n<p>&nbsp;<\/p>\n<p><a name=\"_Toc201068627\"><\/a><strong>b. Supprimer le connecteur<\/strong><\/p>\n<p>Attention\u00a0: Ceci devrait \u00eatre votre dernier recours. Vous supprimerez l&rsquo;application, puis la r\u00e9installerez.<\/p>\n<p>Dans le menu de gauche, s\u00e9lectionnez \u00ab\u00a0Contenu du site\u00a0\u00bb, puis \u00ab\u00a0Applications pour SharePoint\u00a0\u00bb.<\/p>\n<p>&nbsp;<\/p>\n<p><img loading=\"lazy\" decoding=\"async\" class=\"wp-image-3950 aligncenter\" src=\"https:\/\/consignocloud.com\/wp-content\/uploads\/2025\/06\/Picture12-1-300x99.png\" alt=\"\" width=\"803\" height=\"265\" srcset=\"https:\/\/consignocloud.com\/wp-content\/uploads\/2025\/06\/Picture12-1-300x99.png 300w, https:\/\/consignocloud.com\/wp-content\/uploads\/2025\/06\/Picture12-1-768x252.png 768w, https:\/\/consignocloud.com\/wp-content\/uploads\/2025\/06\/Picture12-1.png 864w\" sizes=\"auto, (max-width: 803px) 100vw, 803px\" \/><\/p>\n<p>&nbsp;<\/p>\n<p>\u00ab\u00a0Une fois sur la page, rep\u00e9rez ConsignO Cloud, cliquez sur les \u201c\u2026\u201d puis \u00e0 nouveau sur les \u201c\u2026\u201d pour afficher plus d\u2019options, y compris l\u2019option \u201cSupprimer\u201d.\u00a0\u00bb<\/p>\n<p>&nbsp;<\/p>\n<p><img loading=\"lazy\" decoding=\"async\" class=\"wp-image-3952 aligncenter\" src=\"https:\/\/consignocloud.com\/wp-content\/uploads\/2025\/06\/Picture13-1-300x117.png\" alt=\"\" width=\"803\" height=\"313\" srcset=\"https:\/\/consignocloud.com\/wp-content\/uploads\/2025\/06\/Picture13-1-300x117.png 300w, https:\/\/consignocloud.com\/wp-content\/uploads\/2025\/06\/Picture13-1-768x299.png 768w, https:\/\/consignocloud.com\/wp-content\/uploads\/2025\/06\/Picture13-1.png 864w\" sizes=\"auto, (max-width: 803px) 100vw, 803px\" \/>[\/vc_column_text][\/vc_column][\/vc_row]<\/p>\n<\/div>","protected":false},"excerpt":{"rendered":"<p>[vc_row el_class=\u00a0\u00bbhelp-text-block\u00a0\u00bb][vc_column][vc_column_text el_class=\u00a0\u00bbhelp-title\u00a0\u00bb] AIDE [\/vc_column_text][vc_column_text el_class=\u00a0\u00bbhelp-subtitle\u00a0\u00bb] Guide d\u2019utilisation de ConsignO Cloud [\/vc_column_text][\/vc_column][\/vc_row][vc_row el_class=\u00a0\u00bbhelp-text-block\u00a0\u00bb][vc_column][vc_column_text el_class=\u00a0\u00bbhelp-title-text\u00a0\u00bb] Documentation sur le connecteur SharePoint pour ConsignO Cloud [\/vc_column_text][vc_raw_html]JTNDcCUzRURpc3BvbmlibGUlMjBhdmVjJTIwJTNBJTIwJTNDc3BhbiUyMGNsYXNzJTNEJTIydHlwZS1wcm9kdWN0LWluc2lkZSUyMiUzRSUzQ2klMjBjbGFzcyUzRCUyMmZhcyUyMGZhLWNpcmNsZSUyMGJsYWNrJTIyJTNFJTNDJTJGaSUzRSUyMEZvcmZhaXQlMjBpbmRpdmlkdWVsJTIwJTNDaSUyMGNsYXNzJTNEJTIyZmFzJTIwZmEtY2lyY2xlJTIwYmx1ZSUyMiUzRSUzQyUyRmklM0UlMjBGb3JmYWl0JTIwYWZmYWlyZXMlMjAlM0NpJTIwY2xhc3MlM0QlMjJmYXMlMjBmYS1jaXJjbGUlMjBvcmFuZ2UlMjIlM0UlM0MlMkZpJTNFJTIwRm9yZmFpdCUyMGVudHJlcHJpc2UlM0MlMkZzcGFuJTNFJTNDJTJGcCUzRQ==[\/vc_raw_html][vc_column_text css=\u00a0\u00bb\u00a0\u00bb] \u00c9tape 1: Installation par votre administrateur &nbsp; Le connecteur doit tout d&rsquo;abord \u00eatre install\u00e9 par l&rsquo;administrateur de votre site Sharepoint pour pouvoir \u00eatre utilis\u00e9: Documentation sur le connecteur SharePoint pour ConsignO&hellip;<\/p>\n","protected":false},"author":21,"featured_media":0,"parent":0,"menu_order":0,"comment_status":"closed","ping_status":"closed","template":"","meta":{"footnotes":""},"class_list":["post-2086","page","type-page","status-publish","hentry","description-off"],"_links":{"self":[{"href":"https:\/\/consignocloud.com\/fr\/wp-json\/wp\/v2\/pages\/2086","targetHints":{"allow":["GET"]}}],"collection":[{"href":"https:\/\/consignocloud.com\/fr\/wp-json\/wp\/v2\/pages"}],"about":[{"href":"https:\/\/consignocloud.com\/fr\/wp-json\/wp\/v2\/types\/page"}],"author":[{"embeddable":true,"href":"https:\/\/consignocloud.com\/fr\/wp-json\/wp\/v2\/users\/21"}],"replies":[{"embeddable":true,"href":"https:\/\/consignocloud.com\/fr\/wp-json\/wp\/v2\/comments?post=2086"}],"version-history":[{"count":0,"href":"https:\/\/consignocloud.com\/fr\/wp-json\/wp\/v2\/pages\/2086\/revisions"}],"wp:attachment":[{"href":"https:\/\/consignocloud.com\/fr\/wp-json\/wp\/v2\/media?parent=2086"}],"curies":[{"name":"wp","href":"https:\/\/api.w.org\/{rel}","templated":true}]}}