{"id":1849,"date":"2020-06-30T21:20:24","date_gmt":"2020-07-01T02:20:24","guid":{"rendered":"http:\/\/consignostage.wpenginepowered.com\/?page_id=1849"},"modified":"2020-07-02T19:08:18","modified_gmt":"2020-07-03T00:08:18","slug":"la-copie-conforme","status":"publish","type":"page","link":"https:\/\/consignocloud.com\/fr\/la-copie-conforme\/","title":{"rendered":"La copie conforme"},"content":{"rendered":"<div class=\"wpb-content-wrapper\"><p>[vc_row el_class=\u00a0\u00bbhelp-text-block\u00a0\u00bb][vc_column][vc_column_text el_class=\u00a0\u00bbhelp-title\u00a0\u00bb]<\/p>\n<h1 style=\"text-align: center;\">AIDE<\/h1>\n<p>[\/vc_column_text][vc_column_text el_class=\u00a0\u00bbhelp-subtitle\u00a0\u00bb]<\/p>\n<h2 style=\"text-align: center;\">Guide d\u2019utilisation de ConsignO Cloud<\/h2>\n<p>[\/vc_column_text][\/vc_column][\/vc_row][vc_row el_class=\u00a0\u00bbhelp-text-block\u00a0\u00bb][vc_column][vc_column_text el_class=\u00a0\u00bbhelp-title-text\u00a0\u00bb]<\/p>\n<h3 style=\"text-align: center;\">La copie conforme<\/h3>\n<p>[\/vc_column_text][vc_raw_html]JTNDcCUzRURpc3BvbmlibGUlMjBhdmVjJTIwJTNBJTIwJTNDc3BhbiUyMGNsYXNzJTNEJTIydHlwZS1wcm9kdWN0LWluc2lkZSUyMiUzRSUzQ2klMjBjbGFzcyUzRCUyMmZhcyUyMGZhLWNpcmNsZSUyMG9yYW5nZSUyMiUzRSUzQyUyRmklM0UlMjBGb3JmYWl0JTIwZW50cmVwcmlzZSUzQyUyRnNwYW4lM0UlM0MlMkZwJTNF[\/vc_raw_html][vc_column_text]La copie conforme permet la diffusion d&rsquo;un document au grand public sans partager les informations sur l&rsquo;identit\u00e9 des signataires incluses dans les signatures num\u00e9riques (courriel et num\u00e9ro de t\u00e9l\u00e9phone).<\/p>\n<p>La copie conforme va permettre de supprimer les signatures num\u00e9riques tout en gardant leurs apparences. Le document sera alors \u201cestampiller\u201d conforme \u00e0 l\u2019original et servira notamment \u00e0 la diffusion du grand public.<\/p>\n<p>Pour d\u00e9marrer, dirigez-vous sur le tableau de bord <strong>Mes projets<\/strong> ou <strong>Projets de l\u2019organisation<\/strong>\u00a0en le s\u00e9lectionnant \u00e0 partir de la barre lat\u00e9rale gauche mentionn\u00e9e dans l&rsquo;image ci-dessous.[\/vc_column_text][vc_column_text el_class=\u00a0\u00bbhelp-highlights-title\u00a0\u00bb]<\/p>\n<h3><strong>T\u00c9L\u00c9CHARGER LA COPIE CONFORME<\/strong><\/h3>\n<p>[\/vc_column_text][vc_column_text]Dans le tableau de bord de l&rsquo;instrumentant ou de l&rsquo;organisation cliquez sur le bouton <strong>Options<\/strong> puis l&rsquo;option <strong>T\u00e9l\u00e9charger la copie conforme<\/strong> du projet de signature termin\u00e9[\/vc_column_text][vc_single_image image=\u00a0\u00bb1907&Prime; img_size=\u00a0\u00bbfull\u00a0\u00bb el_class=\u00a0\u00bbhelp-highlights-img\u00a0\u00bb][vc_column_text]Une copie conforme sera t\u00e9l\u00e9charg\u00e9e; cette copie affiche les apparences de signature sans la signature num\u00e9rique original. Par contre une signature num\u00e9rique invisible est ajout\u00e9e afin de garantir l&rsquo;int\u00e9grit\u00e9 de la copie conforme. Le d\u00e9tail de cette signature num\u00e9rique indiquera la mention <strong>copie conforme \u00e0 l&rsquo;original, pour usage au public<\/strong> (voir ci-dessous). Un horodatage du document sera \u00e9galement pr\u00e9sent.[\/vc_column_text][vc_single_image image=\u00a0\u00bb1909&Prime; img_size=\u00a0\u00bbfull\u00a0\u00bb el_class=\u00a0\u00bbhelp-highlights-img\u00a0\u00bb][vc_single_image image=\u00a0\u00bb1911&Prime; img_size=\u00a0\u00bbfull\u00a0\u00bb el_class=\u00a0\u00bbhelp-highlights-img\u00a0\u00bb][vc_column_text el_class=\u00a0\u00bbhelp-highlights-title\u00a0\u00bb]<\/p>\n<h3><strong>TRANSF\u00c9RER LA COPIE CONFORME<\/strong><\/h3>\n<p>[\/vc_column_text][vc_column_text]\u00c0 partir du tableau de bord de l&rsquo;instrumentant ou de l\u2019organisation, cliquez sur le bouton <strong>Options<\/strong> puis l&rsquo;option <strong>Transf\u00e9rer la copie conforme<\/strong>\u00a0du projet de signature termin\u00e9.[\/vc_column_text][vc_single_image image=\u00a0\u00bb1913&Prime; img_size=\u00a0\u00bbfull\u00a0\u00bb el_class=\u00a0\u00bbhelp-highlights-img\u00a0\u00bb][vc_column_text]S\u00e9lectionner le ou les destinataires dans le carnet d&rsquo;adresses \u00e0 qui on voudrait envoyer la copie conforme du projet de signature termin\u00e9, puis cliquer sur le bouton <strong>Transf\u00e9rer<\/strong>.[\/vc_column_text][vc_single_image image=\u00a0\u00bb1915&Prime; img_size=\u00a0\u00bbfull\u00a0\u00bb el_class=\u00a0\u00bbhelp-highlights-img\u00a0\u00bb][vc_column_text]Un message confirmant l&rsquo;envoi de la copie conforme va \u00eatre affich\u00e9 dans le tableau de bord.[\/vc_column_text][vc_single_image image=\u00a0\u00bb1917&Prime; img_size=\u00a0\u00bbfull\u00a0\u00bb el_class=\u00a0\u00bbhelp-highlights-img\u00a0\u00bb][vc_column_text]Le ou les destinataire(s) \u00e0 qui ont envoy\u00e9 la copie conforme vont recevoir un courriel indiquant le nom du projet avec un bouton <strong>T\u00e9l\u00e9charger<\/strong>.[\/vc_column_text][vc_single_image image=\u00a0\u00bb1919&Prime; img_size=\u00a0\u00bbfull\u00a0\u00bb el_class=\u00a0\u00bbhelp-highlights-img\u00a0\u00bb][vc_column_text]Le clic sur le bouton <strong>T\u00e9l\u00e9charger<\/strong>\u00a0va diriger sur une page de connexion \u00e0 ConsignO Cloud o\u00f9 le destinataire devra entrer son second facteur d\u2019authentification avant de pouvoir acc\u00e9der \u00e0 la copie conforme.[\/vc_column_text][vc_single_image image=\u00a0\u00bb1921&Prime; img_size=\u00a0\u00bbfull\u00a0\u00bb el_class=\u00a0\u00bbhelp-highlights-img\u00a0\u00bb][vc_column_text]La saisie du second facteur donne acc\u00e8s au t\u00e9l\u00e9chargement automatique de la copie conforme ainsi qu\u2019au lien de t\u00e9l\u00e9chargement.[\/vc_column_text][vc_single_image image=\u00a0\u00bb1923&Prime; img_size=\u00a0\u00bbfull\u00a0\u00bb el_class=\u00a0\u00bbhelp-highlights-img\u00a0\u00bb][vc_empty_space height=\u00a0\u00bb80px\u00a0\u00bb][\/vc_column][\/vc_row]<\/p>\n<\/div>","protected":false},"excerpt":{"rendered":"<p>[vc_row el_class=\u00a0\u00bbhelp-text-block\u00a0\u00bb][vc_column][vc_column_text el_class=\u00a0\u00bbhelp-title\u00a0\u00bb] AIDE [\/vc_column_text][vc_column_text el_class=\u00a0\u00bbhelp-subtitle\u00a0\u00bb] Guide d\u2019utilisation de ConsignO Cloud [\/vc_column_text][\/vc_column][\/vc_row][vc_row el_class=\u00a0\u00bbhelp-text-block\u00a0\u00bb][vc_column][vc_column_text el_class=\u00a0\u00bbhelp-title-text\u00a0\u00bb] La copie conforme [\/vc_column_text][vc_raw_html]JTNDcCUzRURpc3BvbmlibGUlMjBhdmVjJTIwJTNBJTIwJTNDc3BhbiUyMGNsYXNzJTNEJTIydHlwZS1wcm9kdWN0LWluc2lkZSUyMiUzRSUzQ2klMjBjbGFzcyUzRCUyMmZhcyUyMGZhLWNpcmNsZSUyMG9yYW5nZSUyMiUzRSUzQyUyRmklM0UlMjBGb3JmYWl0JTIwZW50cmVwcmlzZSUzQyUyRnNwYW4lM0UlM0MlMkZwJTNF[\/vc_raw_html][vc_column_text]La copie conforme permet la diffusion d&rsquo;un document au grand public sans partager les informations sur l&rsquo;identit\u00e9 des signataires incluses dans les signatures num\u00e9riques (courriel et num\u00e9ro de t\u00e9l\u00e9phone). La copie conforme va permettre de supprimer les signatures&hellip;<\/p>\n","protected":false},"author":21,"featured_media":0,"parent":0,"menu_order":0,"comment_status":"closed","ping_status":"closed","template":"","meta":{"footnotes":""},"class_list":["post-1849","page","type-page","status-publish","hentry","description-off"],"_links":{"self":[{"href":"https:\/\/consignocloud.com\/fr\/wp-json\/wp\/v2\/pages\/1849","targetHints":{"allow":["GET"]}}],"collection":[{"href":"https:\/\/consignocloud.com\/fr\/wp-json\/wp\/v2\/pages"}],"about":[{"href":"https:\/\/consignocloud.com\/fr\/wp-json\/wp\/v2\/types\/page"}],"author":[{"embeddable":true,"href":"https:\/\/consignocloud.com\/fr\/wp-json\/wp\/v2\/users\/21"}],"replies":[{"embeddable":true,"href":"https:\/\/consignocloud.com\/fr\/wp-json\/wp\/v2\/comments?post=1849"}],"version-history":[{"count":0,"href":"https:\/\/consignocloud.com\/fr\/wp-json\/wp\/v2\/pages\/1849\/revisions"}],"wp:attachment":[{"href":"https:\/\/consignocloud.com\/fr\/wp-json\/wp\/v2\/media?parent=1849"}],"curies":[{"name":"wp","href":"https:\/\/api.w.org\/{rel}","templated":true}]}}