{"id":1800,"date":"2020-05-20T14:11:52","date_gmt":"2020-05-20T19:11:52","guid":{"rendered":"http:\/\/consignostage.wpenginepowered.com\/?page_id=1800"},"modified":"2025-03-28T14:40:14","modified_gmt":"2025-03-28T19:40:14","slug":"videos","status":"publish","type":"page","link":"https:\/\/consignocloud.com\/fr\/aide\/videos\/","title":{"rendered":"Vid\u00e9os"},"content":{"rendered":"<div class=\"wpb-content-wrapper\"><p>[vc_row][vc_column][vc_column_text]<\/p>\n<h1 style=\"text-align: center;\"><span style=\"color: #2690c8;\">Vid\u00e9os de formation<\/span><\/h1>\n<p style=\"text-align: center;\">Pour les vid\u00e9os sp\u00e9cifiques \u00e0 l\u2019acte notari\u00e9 technologique, consultez la page <a href=\"https:\/\/consignocloud.com\/fr\/acte-notarie-video\/\">suivante<\/a>.<\/p>\n<p>[\/vc_column_text][vc_empty_space][\/vc_column][\/vc_row][vc_row][vc_column][vc_message color=\u00a0\u00bbinfo\u00a0\u00bb css=\u00a0\u00bb\u00a0\u00bb]<\/p>\n<p style=\"text-align: center;\">Les W\u00e9binaires ConsignO\u00a0Cloud sont d\u00e9sormais arr\u00eat\u00e9s depuis Mars 2025, vous pouvez acc\u00e9der au contenu de ces W\u00e9binaires gr\u00e2ce \u00e0 nos vid\u00e9os en ligne\u00a0disponibles ci-dessous.<\/p>\n<p>[\/vc_message][\/vc_column][\/vc_row][vc_row][vc_column width=\u00a0\u00bb1\/2&Prime;][vc_column_text]<\/p>\n<h2 style=\"text-align: center;\">Fonctionnalit\u00e9s de base<\/h2>\n<p style=\"text-align: left;\"><a href=\"https:\/\/www.youtube.com\/watch?v=KCxjhg4Ddl0\"><img loading=\"lazy\" decoding=\"async\" class=\"aligncenter wp-image-2380 size-full\" src=\"https:\/\/consignocloud.com\/wp-content\/uploads\/2023\/02\/coc-base.png\" alt=\"\" width=\"500\" height=\"260\" srcset=\"https:\/\/consignocloud.com\/wp-content\/uploads\/2023\/02\/coc-base.png 500w, https:\/\/consignocloud.com\/wp-content\/uploads\/2023\/02\/coc-base-300x156.png 300w\" sizes=\"auto, (max-width: 500px) 100vw, 500px\" \/><\/a><br \/>\nAllez directement au sujet qui vous int\u00e9resse:<\/p>\n<p style=\"text-align: left;\">\u00a0 \u00a0 \u00a0 \u00a0 \u00a0 \u00a0 \u00a0 \u00a0 \u00a0 \u00a0 \u00a0 \u00a0 \u00a0 \u00a0 \u00a0 <a class=\"vp-a vp-yt-type\" title=\"title\" href=\"https:\/\/www.youtube.com\/watch?v=KCxjhg4Ddl0&amp;start=22&amp;end=61\" data-time=\"22\" data-endtime=\"61\" data-ytid=\"LTAjkP709A0\" data-autoplay=\"1\">Connexion<\/a><\/p>\n<p style=\"text-align: left;\">\u00a0 \u00a0 \u00a0 \u00a0 \u00a0 \u00a0 \u00a0 \u00a0 \u00a0 \u00a0 \u00a0 \u00a0 \u00a0 \u00a0 \u00a0 <a class=\"vp-a vp-yt-type\" title=\"title\" href=\"https:\/\/www.youtube.com\/watch?v=KCxjhg4Ddl0&amp;start=62&amp;end=204\" data-time=\"62\" data-endtime=\"204\" data-ytid=\"LTAjkP709A0\" data-autoplay=\"1\">Information de base<\/a><\/p>\n<p style=\"text-align: left;\">\u00a0 \u00a0 \u00a0 \u00a0 \u00a0 \u00a0 \u00a0 \u00a0 \u00a0 \u00a0 \u00a0 \u00a0 \u00a0 \u00a0 \u00a0 <a class=\"vp-a vp-yt-type\" title=\"title\" href=\"https:\/\/www.youtube.com\/watch?v=KCxjhg4Ddl0&amp;start=204&amp;end=234\" data-time=\"204\" data-endtime=\"234\" data-ytid=\"LTAjkP709A0\" data-autoplay=\"1\">Cr\u00e9ation de projet de signature<\/a><\/p>\n<p style=\"text-align: left;\">\u00a0 \u00a0 \u00a0 \u00a0 \u00a0 \u00a0 \u00a0 \u00a0 \u00a0 \u00a0 \u00a0 \u00a0 \u00a0 \u00a0 \u00a0 <a class=\"vp-a vp-yt-type\" title=\"title\" href=\"https:\/\/www.youtube.com\/watch?v=KCxjhg4Ddl0&amp;start=234&amp;end=321\" data-time=\"234\" data-endtime=\"321\" data-ytid=\"LTAjkP709A0\" data-autoplay=\"1\">Ajout de signataires<\/a><\/p>\n<p style=\"text-align: left;\">\u00a0 \u00a0 \u00a0 \u00a0 \u00a0 \u00a0 \u00a0 \u00a0 \u00a0 \u00a0 \u00a0 \u00a0 \u00a0 \u00a0 \u00a0 <a class=\"vp-a vp-yt-type\" title=\"title\" href=\"https:\/\/www.youtube.com\/watch?v=KCxjhg4Ddl0&amp;start=321&amp;end=351\" data-time=\"321\" data-endtime=\"351\" data-ytid=\"LTAjkP709A0\" data-autoplay=\"1\">Ajout d&rsquo;un message g\u00e9n\u00e9ral<\/a><\/p>\n<p style=\"text-align: left;\">\u00a0 \u00a0 \u00a0 \u00a0 \u00a0 \u00a0 \u00a0 \u00a0 \u00a0 \u00a0 \u00a0 \u00a0 \u00a0 \u00a0 \u00a0 <a class=\"vp-a vp-yt-type\" title=\"title\" href=\"https:\/\/www.youtube.com\/watch?v=KCxjhg4Ddl0&amp;start=351&amp;end=391\" data-time=\"351\" data-endtime=\"391\" data-ytid=\"LTAjkP709A0\" data-autoplay=\"1\">V\u00e9rification et lancement du projet de signature<\/a><\/p>\n<p style=\"text-align: left;\">\u00a0 \u00a0 \u00a0 \u00a0 \u00a0 \u00a0 \u00a0 \u00a0 \u00a0 \u00a0 \u00a0 \u00a0 \u00a0 \u00a0 \u00a0 <a class=\"vp-a vp-yt-type\" title=\"title\" href=\"https:\/\/www.youtube.com\/watch?v=KCxjhg4Ddl0&amp;start=391&amp;end=416\" data-time=\"391\" data-endtime=\"416\" data-ytid=\"LTAjkP709A0\" data-autoplay=\"1\">Ajout d&rsquo;une notification<\/a><\/p>\n<p style=\"text-align: left;\">\u00a0 \u00a0 \u00a0 \u00a0 \u00a0 \u00a0 \u00a0 \u00a0 \u00a0 \u00a0 \u00a0 \u00a0 \u00a0 \u00a0 \u00a0 <a class=\"vp-a vp-yt-type\" title=\"title\" href=\"https:\/\/www.youtube.com\/watch?v=KCxjhg4Ddl0&amp;start=416&amp;end=439\" data-time=\"416\" data-endtime=\"439\" data-ytid=\"LTAjkP709A0\" data-autoplay=\"1\">Aide<\/a><\/p>\n<p>[\/vc_column_text][\/vc_column][vc_column width=\u00a0\u00bb1\/2&Prime;][vc_column_text]<\/p>\n<h2 style=\"text-align: center;\">Fonctionnalit\u00e9s interm\u00e9diaires<\/h2>\n<p style=\"text-align: left;\"><a href=\"https:\/\/www.youtube.com\/watch?v=OQYuwWhRGP8\"><img loading=\"lazy\" decoding=\"async\" class=\"wp-image-2382 size-full aligncenter\" src=\"https:\/\/consignocloud.com\/wp-content\/uploads\/2023\/02\/coc-intermediaire.png\" alt=\"\" width=\"500\" height=\"260\" srcset=\"https:\/\/consignocloud.com\/wp-content\/uploads\/2023\/02\/coc-intermediaire.png 500w, https:\/\/consignocloud.com\/wp-content\/uploads\/2023\/02\/coc-intermediaire-300x156.png 300w\" sizes=\"auto, (max-width: 500px) 100vw, 500px\" \/><\/a><br \/>\nAllez directement au sujet qui vous int\u00e9resse:<\/p>\n<p style=\"text-align: left;\">\u00a0 \u00a0 \u00a0 \u00a0 \u00a0 \u00a0 \u00a0 \u00a0 \u00a0 \u00a0 \u00a0 \u00a0 \u00a0 \u00a0 \u00a0 <a class=\"vp-a vp-yt-type\" title=\"title\" href=\"https:\/\/www.youtube.com\/watch?v=OQYuwWhRGP8&amp;start=38&amp;end=76\" data-time=\"38\" data-endtime=\"76\" data-ytid=\"LTAjkP709A0\" data-autoplay=\"1\">Ajout d&rsquo;un message personnalis\u00e9<\/a><\/p>\n<p style=\"text-align: left;\">\u00a0 \u00a0 \u00a0 \u00a0 \u00a0 \u00a0 \u00a0 \u00a0 \u00a0 \u00a0 \u00a0 \u00a0 \u00a0 \u00a0 \u00a0 <a class=\"vp-a vp-yt-type\" title=\"title\" href=\"https:\/\/www.youtube.com\/watch?v=OQYuwWhRGP8&amp;start=76&amp;end=99\" data-time=\"76\" data-endtime=\"99\" data-ytid=\"LTAjkP709A0\" data-autoplay=\"1\">Ajout d&rsquo;un deuxi\u00e8me document au projet<\/a><\/p>\n<p style=\"text-align: left;\">\u00a0 \u00a0 \u00a0 \u00a0 \u00a0 \u00a0 \u00a0 \u00a0 \u00a0 \u00a0 \u00a0 \u00a0 \u00a0 \u00a0 \u00a0 <a class=\"vp-a vp-yt-type\" title=\"title\" href=\"https:\/\/www.youtube.com\/watch?v=OQYuwWhRGP8&amp;start=99&amp;end=132\" data-time=\"99\" data-endtime=\"132\" data-ytid=\"LTAjkP709A0\" data-autoplay=\"1\">Ajout d&rsquo;un champ de texte<\/a><\/p>\n<p style=\"text-align: left;\">\u00a0 \u00a0 \u00a0 \u00a0 \u00a0 \u00a0 \u00a0 \u00a0 \u00a0 \u00a0 \u00a0 \u00a0 \u00a0 \u00a0 \u00a0 <a class=\"vp-a vp-yt-type\" title=\"title\" href=\"https:\/\/www.youtube.com\/watch?v=OQYuwWhRGP8&amp;start=132&amp;end=164\" data-time=\"132\" data-endtime=\"164\" data-ytid=\"LTAjkP709A0\" data-autoplay=\"1\">Ordre des signataires<\/a><\/p>\n<p style=\"text-align: left;\">\u00a0 \u00a0 \u00a0 \u00a0 \u00a0 \u00a0 \u00a0 \u00a0 \u00a0 \u00a0 \u00a0 \u00a0 \u00a0 \u00a0 \u00a0 <a class=\"vp-a vp-yt-type\" title=\"title\" href=\"https:\/\/www.youtube.com\/watch?v=OQYuwWhRGP8&amp;start=164&amp;end=225\" data-time=\"164\" data-endtime=\"225\" data-ytid=\"LTAjkP709A0\" data-autoplay=\"1\">Cr\u00e9ation de mod\u00e8les<\/a><\/p>\n<p>[\/vc_column_text][\/vc_column][\/vc_row][vc_row][vc_column][vc_empty_space height=\u00a0\u00bb52px\u00a0\u00bb][\/vc_column][\/vc_row][vc_row][vc_column width=\u00a0\u00bb1\/2&Prime;][vc_column_text]<\/p>\n<h2 style=\"text-align: center;\">Fonctionnalit\u00e9s avanc\u00e9es<\/h2>\n<p style=\"text-align: left;\"><a href=\"https:\/\/www.youtube.com\/watch?v=StUa7pS-7ZA\"><img loading=\"lazy\" decoding=\"async\" class=\"aligncenter wp-image-2384 size-full\" src=\"https:\/\/consignocloud.com\/wp-content\/uploads\/2023\/02\/coc-avance.png\" alt=\"\" width=\"500\" height=\"260\" srcset=\"https:\/\/consignocloud.com\/wp-content\/uploads\/2023\/02\/coc-avance.png 500w, https:\/\/consignocloud.com\/wp-content\/uploads\/2023\/02\/coc-avance-300x156.png 300w\" sizes=\"auto, (max-width: 500px) 100vw, 500px\" \/><\/a><br \/>\nAllez directement au sujet qui vous int\u00e9resse:<\/p>\n<p style=\"text-align: left;\">\u00a0 \u00a0 \u00a0 \u00a0 \u00a0 \u00a0 \u00a0 \u00a0 \u00a0 \u00a0 \u00a0 \u00a0 \u00a0 \u00a0 \u00a0 <a class=\"vp-a vp-yt-type\" title=\"title\" href=\"https:\/\/www.youtube.com\/watch?v=StUa7pS-7ZA&amp;start=25&amp;end=58\" data-time=\"25\" data-endtime=\"58\" data-ytid=\"LTAjkP709A0\" data-autoplay=\"1\">Ajout d&rsquo;un approbateur<\/a><\/p>\n<p style=\"text-align: left;\">\u00a0 \u00a0 \u00a0 \u00a0 \u00a0 \u00a0 \u00a0 \u00a0 \u00a0 \u00a0 \u00a0 \u00a0 \u00a0 \u00a0 \u00a0 <a class=\"vp-a vp-yt-type\" title=\"title\" href=\"https:\/\/www.youtube.com\/watch?v=StUa7pS-7ZA&amp;start=59&amp;end=89\" data-time=\"59\" data-endtime=\"89\" data-ytid=\"LTAjkP709A0\" data-autoplay=\"1\">Ajout d&rsquo;annotations<\/a><\/p>\n<p style=\"text-align: left;\">\u00a0 \u00a0 \u00a0 \u00a0 \u00a0 \u00a0 \u00a0 \u00a0 \u00a0 \u00a0 \u00a0 \u00a0 \u00a0 \u00a0 \u00a0 <a class=\"vp-a vp-yt-type\" title=\"title\" href=\"https:\/\/www.youtube.com\/watch?v=StUa7pS-7ZA&amp;start=90&amp;end=119\" data-time=\"90\" data-endtime=\"119\" data-ytid=\"LTAjkP709A0\" data-autoplay=\"1\">Duplication de projets<\/a><\/p>\n<p style=\"text-align: left;\">\u00a0 \u00a0 \u00a0 \u00a0 \u00a0 \u00a0 \u00a0 \u00a0 \u00a0 \u00a0 \u00a0 \u00a0 \u00a0 \u00a0 \u00a0 <a class=\"vp-a vp-yt-type\" title=\"title\" href=\"https:\/\/www.youtube.com\/watch?v=StUa7pS-7ZA&amp;start=120&amp;end=155\" data-time=\"120\" data-endtime=\"155\" data-ytid=\"LTAjkP709A0\" data-autoplay=\"1\">Changer les signataires<\/a><\/p>\n<p>[\/vc_column_text][\/vc_column][vc_column width=\u00a0\u00bb1\/2&Prime;][vc_column_text]<\/p>\n<h2 style=\"text-align: center;\">Exp\u00e9rience signataire<\/h2>\n<p style=\"text-align: left;\"><a href=\"https:\/\/www.youtube.com\/watch?v=eX69cUiMkLQ\"><img loading=\"lazy\" decoding=\"async\" class=\"aligncenter wp-image-2386 size-full\" src=\"https:\/\/consignocloud.com\/wp-content\/uploads\/2023\/02\/coc-exp-signataire.png\" alt=\"\" width=\"500\" height=\"260\" srcset=\"https:\/\/consignocloud.com\/wp-content\/uploads\/2023\/02\/coc-exp-signataire.png 500w, https:\/\/consignocloud.com\/wp-content\/uploads\/2023\/02\/coc-exp-signataire-300x156.png 300w\" sizes=\"auto, (max-width: 500px) 100vw, 500px\" \/><\/a><br \/>\nAllez directement au sujet qui vous int\u00e9resse:<\/p>\n<p style=\"text-align: left;\">\u00a0 \u00a0 \u00a0 \u00a0 \u00a0 \u00a0 \u00a0 \u00a0 \u00a0 \u00a0 \u00a0 \u00a0 \u00a0 \u00a0 \u00a0 <a class=\"vp-a vp-yt-type\" title=\"title\" href=\"https:\/\/www.youtube.com\/watch?v=eX69cUiMkLQ&amp;start=19&amp;end=73\" data-time=\"19\" data-endtime=\"73\" data-ytid=\"LTAjkP709A0\" data-autoplay=\"1\">Signature \u00e0 distance des parties<\/a><\/p>\n<p style=\"text-align: left;\">\u00a0 \u00a0 \u00a0 \u00a0 \u00a0 \u00a0 \u00a0 \u00a0 \u00a0 \u00a0 \u00a0 \u00a0 \u00a0 \u00a0 \u00a0 <a class=\"vp-a vp-yt-type\" title=\"title\" href=\"https:\/\/www.youtube.com\/watch?v=eX69cUiMkLQ&amp;start=74&amp;end=124\" data-time=\"74\" data-endtime=\"124\" data-ytid=\"LTAjkP709A0\" data-autoplay=\"1\">Signature de l&rsquo;instrumentant<\/a><\/p>\n<p style=\"text-align: left;\">\u00a0 \u00a0 \u00a0 \u00a0 \u00a0 \u00a0 \u00a0 \u00a0 \u00a0 \u00a0 \u00a0 \u00a0 \u00a0 \u00a0 \u00a0 <a class=\"vp-a vp-yt-type\" title=\"title\" href=\"https:\/\/www.youtube.com\/watch?v=eX69cUiMkLQ&amp;start=125&amp;end=159\" data-time=\"125\" data-endtime=\"159\" data-ytid=\"LTAjkP709A0\" data-autoplay=\"1\">T\u00e9l\u00e9chargement des documents sign\u00e9s<\/a><\/p>\n<p style=\"text-align: left;\">\u00a0 \u00a0 \u00a0 \u00a0 \u00a0 \u00a0 \u00a0 \u00a0 \u00a0 \u00a0 \u00a0 \u00a0 \u00a0 \u00a0 \u00a0 <a class=\"vp-a vp-yt-type\" title=\"title\" href=\"https:\/\/www.youtube.com\/watch?v=eX69cUiMkLQ&amp;start=160&amp;end=193\" data-time=\"160\" data-endtime=\"193\" data-ytid=\"LTAjkP709A0\" data-autoplay=\"1\">T\u00e9l\u00e9chargement du journal d&rsquo;audit<\/a><\/p>\n<p>[\/vc_column_text][\/vc_column][\/vc_row][vc_row][vc_column][vc_empty_space height=\u00a0\u00bb60px\u00a0\u00bb][\/vc_column][\/vc_row]<\/p>\n<\/div>","protected":false},"excerpt":{"rendered":"<p>[vc_row][vc_column][vc_column_text] Vid\u00e9os de formation Pour les vid\u00e9os sp\u00e9cifiques \u00e0 l\u2019acte notari\u00e9 technologique, consultez la page suivante. [\/vc_column_text][vc_empty_space][\/vc_column][\/vc_row][vc_row][vc_column][vc_message color=\u00a0\u00bbinfo\u00a0\u00bb css=\u00a0\u00bb\u00a0\u00bb] Les W\u00e9binaires ConsignO\u00a0Cloud sont d\u00e9sormais arr\u00eat\u00e9s depuis Mars 2025, vous pouvez acc\u00e9der au contenu de ces W\u00e9binaires gr\u00e2ce \u00e0 nos vid\u00e9os en ligne\u00a0disponibles ci-dessous. [\/vc_message][\/vc_column][\/vc_row][vc_row][vc_column width=\u00a0\u00bb1\/2&Prime;][vc_column_text] Fonctionnalit\u00e9s de base Allez directement au sujet qui vous int\u00e9resse:&hellip;<\/p>\n","protected":false},"author":21,"featured_media":0,"parent":353,"menu_order":0,"comment_status":"closed","ping_status":"closed","template":"","meta":{"footnotes":""},"class_list":["post-1800","page","type-page","status-publish","hentry","description-off"],"_links":{"self":[{"href":"https:\/\/consignocloud.com\/fr\/wp-json\/wp\/v2\/pages\/1800","targetHints":{"allow":["GET"]}}],"collection":[{"href":"https:\/\/consignocloud.com\/fr\/wp-json\/wp\/v2\/pages"}],"about":[{"href":"https:\/\/consignocloud.com\/fr\/wp-json\/wp\/v2\/types\/page"}],"author":[{"embeddable":true,"href":"https:\/\/consignocloud.com\/fr\/wp-json\/wp\/v2\/users\/21"}],"replies":[{"embeddable":true,"href":"https:\/\/consignocloud.com\/fr\/wp-json\/wp\/v2\/comments?post=1800"}],"version-history":[{"count":0,"href":"https:\/\/consignocloud.com\/fr\/wp-json\/wp\/v2\/pages\/1800\/revisions"}],"up":[{"embeddable":true,"href":"https:\/\/consignocloud.com\/fr\/wp-json\/wp\/v2\/pages\/353"}],"wp:attachment":[{"href":"https:\/\/consignocloud.com\/fr\/wp-json\/wp\/v2\/media?parent=1800"}],"curies":[{"name":"wp","href":"https:\/\/api.w.org\/{rel}","templated":true}]}}