{"id":1766,"date":"2020-04-24T09:40:06","date_gmt":"2020-04-24T14:40:06","guid":{"rendered":"http:\/\/consignostage.wpenginepowered.com\/?page_id=1766"},"modified":"2020-05-01T07:28:04","modified_gmt":"2020-05-01T12:28:04","slug":"essai-gratuit-consigno-cloud","status":"publish","type":"page","link":"https:\/\/consignocloud.com\/fr\/essai-gratuit-consigno-cloud\/","title":{"rendered":"Essai gratuit de ConsignO Cloud"},"content":{"rendered":"<div class=\"wpb-content-wrapper\"><p>[vc_row][vc_column][vc_column_text]<\/p>\n<h1 style=\"text-align: center;\">Essai gratuit de ConsignO Cloud<\/h1>\n<p>[\/vc_column_text][\/vc_column][\/vc_row][vc_row][vc_column width=\u00a0\u00bb1\/4&Prime;][\/vc_column][vc_column width=\u00a0\u00bb1\/2&Prime;][vc_column_text]<\/p>\n<h2 style=\"text-align: center;\"><span style=\"text-align: center; background-color: #e7f6ff;\"><strong>Acc\u00e9dez aux principales fonctionnalit\u00e9s de la plateforme pendant 30 jours<\/strong><\/span><\/h2>\n<p>[\/vc_column_text][vc_raw_html]JTNDZGl2JTIwY2xhc3MlM0QlMjJncmVlbi1idXR0b24lMjIlM0UlM0NhJTIwY2xhc3MlM0QlMjIlMjIlMjBocmVmJTNEJTIyaHR0cHMlM0ElMkYlMkZjbG91ZC5jb25zaWduby5jb20lMkYlMjMlMkZzaWdudXAlM0ZpZCUzRDU3ZDg2MDQwNGQyNTllZjcwMDYwN2IzNCUyNmxhbmclM0RmciUyMiUyMHRpdGxlJTNEJTIyJTIyJTNFJTNDc3BhbiUyMGNsYXNzJTNEJTIyYy1pY29uJTIwaS1jaGVjayUyMiUzRSUzQyUyRnNwYW4lM0VDT01NRU5DRVIlMjBMJTI3RVNTQUklMjBHUkFUVUlUJTNDJTJGYSUzRSUzQyUyRmRpdiUzRQ==[\/vc_raw_html][vc_empty_space height=\u00a0\u00bb40px\u00a0\u00bb][vc_column_text]<\/p>\n<p style=\"text-align: center;\">Si vous \u00eates une organisation int\u00e9ress\u00e9e \u00e0 essayer les forfaits Affaires ou Entreprise, veuillez nous laisser vos coordonn\u00e9es, nous vous contacterons au plus vite.<\/p>\n<p>[\/vc_column_text][\/vc_column][vc_column width=\u00a0\u00bb1\/4&Prime;][\/vc_column][\/vc_row][vc_row][vc_column width=\u00a0\u00bb1\/4&Prime;][\/vc_column][vc_column width=\u00a0\u00bb1\/2&Prime;]\n<div class=\"wpcf7 no-js\" id=\"wpcf7-f1767-o1\" lang=\"en-US\" dir=\"ltr\" data-wpcf7-id=\"1767\">\n<div class=\"screen-reader-response\"><p role=\"status\" aria-live=\"polite\" aria-atomic=\"true\"><\/p> <ul><\/ul><\/div>\n<form action=\"\/fr\/wp-json\/wp\/v2\/pages\/1766#wpcf7-f1767-o1\" method=\"post\" class=\"wpcf7-form init\" aria-label=\"Contact form\" novalidate=\"novalidate\" data-status=\"init\">\n<fieldset class=\"hidden-fields-container\"><input type=\"hidden\" name=\"_wpcf7\" value=\"1767\" \/><input type=\"hidden\" name=\"_wpcf7_version\" value=\"6.1\" \/><input type=\"hidden\" name=\"_wpcf7_locale\" value=\"en_US\" \/><input type=\"hidden\" name=\"_wpcf7_unit_tag\" value=\"wpcf7-f1767-o1\" \/><input type=\"hidden\" name=\"_wpcf7_container_post\" value=\"0\" \/><input type=\"hidden\" name=\"_wpcf7_posted_data_hash\" value=\"\" \/><input type=\"hidden\" name=\"_wpcf7_recaptcha_response\" value=\"\" \/>\n<\/fieldset>\n<table width=\"80%\" border=\"0\" cellpadding=\"0\" cellspacing=\"0\">\n\t<tr>\n\t\t<td class=\"label\">\n\t\t\t<p>Pr\u00e9nom\n\t\t\t<\/p>\n\t\t<\/td>\n\t\t<td class=\"label\">\n\t\t\t<p>Nom\n\t\t\t<\/p>\n\t\t<\/td>\n\t<\/tr>\n\t<tr>\n\t\t<td>\n\t\t\t<p><span class=\"wpcf7-form-control-wrap\" data-name=\"text-331\"><input size=\"40\" maxlength=\"400\" class=\"wpcf7-form-control wpcf7-text wpcf7-validates-as-required\" id=\"first-name\" aria-required=\"true\" aria-invalid=\"false\" value=\"\" type=\"text\" name=\"text-331\" \/><\/span>\n\t\t\t<\/p>\n\t\t<\/td>\n\t\t<td>\n\t\t\t<p><span class=\"wpcf7-form-control-wrap\" data-name=\"text-332\"><input size=\"40\" maxlength=\"400\" class=\"wpcf7-form-control wpcf7-text wpcf7-validates-as-required\" id=\"last-name\" aria-required=\"true\" aria-invalid=\"false\" value=\"\" type=\"text\" name=\"text-332\" \/><\/span>\n\t\t\t<\/p>\n\t\t<\/td>\n\t<\/tr>\n\t<tr>\n\t\t<td class=\"label\">\n\t\t\t<p>Courriel\n\t\t\t<\/p>\n\t\t<\/td>\n\t\t<td class=\"label\">\n\t\t\t<p>T\u00e9l\u00e9phone\n\t\t\t<\/p>\n\t\t<\/td>\n\t<\/tr>\n\t<tr>\n\t\t<td>\n\t\t\t<p><span class=\"wpcf7-form-control-wrap\" data-name=\"email-959\"><input size=\"40\" maxlength=\"400\" class=\"wpcf7-form-control wpcf7-email wpcf7-validates-as-required wpcf7-text wpcf7-validates-as-email\" id=\"email\" aria-required=\"true\" aria-invalid=\"false\" value=\"\" type=\"email\" name=\"email-959\" \/><\/span>\n\t\t\t<\/p>\n\t\t<\/td>\n\t\t<td>\n\t\t\t<p><span class=\"wpcf7-form-control-wrap\" data-name=\"tel-822\"><input size=\"40\" maxlength=\"400\" class=\"wpcf7-form-control wpcf7-tel wpcf7-text wpcf7-validates-as-tel\" id=\"phone\" aria-invalid=\"false\" value=\"\" type=\"tel\" name=\"tel-822\" \/><\/span>\n\t\t\t<\/p>\n\t\t<\/td>\n\t<\/tr>\n\t<tr>\n\t\t<td class=\"label\" colspan=\"2\">\n\t\t\t<p>Compagnie\n\t\t\t<\/p>\n\t\t<\/td>\n\t<\/tr>\n\t<tr>\n\t\t<td colspan=\"2\">\n\t\t\t<p><span class=\"wpcf7-form-control-wrap\" data-name=\"text-333\"><input size=\"40\" maxlength=\"400\" class=\"wpcf7-form-control wpcf7-text wpcf7-validates-as-required\" id=\"business-name\" aria-required=\"true\" aria-invalid=\"false\" value=\"\" type=\"text\" name=\"text-333\" \/><\/span>\n\t\t\t<\/p>\n\t\t<\/td>\n\t<\/tr>\n\t<tr>\n\t\t<td class=\"label\" colspan=\"2\">\n\t\t\t<p>Quel forfait vous int\u00e9resse?\n\t\t\t<\/p>\n\t\t<\/td>\n\t<\/tr>\n\t<tr>\n\t\t<td colspan=\"2\">\n\t\t\t<p><span class=\"wpcf7-form-control-wrap\" data-name=\"Forfait\"><select class=\"wpcf7-form-control wpcf7-select wpcf7-validates-as-required\" aria-required=\"true\" aria-invalid=\"false\" name=\"Forfait\"><option value=\"\">&#8212;Please choose an option&#8212;<\/option><option value=\"Entreprise\">Entreprise<\/option><option value=\"Affaires 20\">Affaires 20<\/option><option value=\"Affaires 5\">Affaires 5<\/option><option value=\"Affaires 2\">Affaires 2<\/option><\/select><\/span>\n\t\t\t<\/p>\n\t\t<\/td>\n\t<\/tr>\n\t<tr>\n\t\t<td colspan=\"2\">\n\t\t<div class=\"wpcf7-response-output\" aria-hidden=\"true\"><\/div>\n\t\t<\/td>\n\t<\/tr>\n\t<tr>\n\t\t<td align=\"center\" colspan=\"2\">\n\t\t\t<p><input class=\"wpcf7-form-control wpcf7-submit has-spinner\" type=\"submit\" value=\"Envoyer\" \/>\n\t\t\t<\/p>\n\t\t<\/td>\n\t<\/tr>\n<\/table>\n<p>&nbsp;\n<\/p>\n<\/form>\n<\/div>\n[\/vc_column][vc_column width=\u00a0\u00bb1\/4&Prime;][\/vc_column][\/vc_row]<\/p>\n<\/div>","protected":false},"excerpt":{"rendered":"<p>[vc_row][vc_column][vc_column_text] Essai gratuit de ConsignO Cloud [\/vc_column_text][\/vc_column][\/vc_row][vc_row][vc_column width=\u00a0\u00bb1\/4&Prime;][\/vc_column][vc_column width=\u00a0\u00bb1\/2&Prime;][vc_column_text] Acc\u00e9dez aux principales fonctionnalit\u00e9s de la plateforme pendant 30 jours [\/vc_column_text][vc_raw_html]JTNDZGl2JTIwY2xhc3MlM0QlMjJncmVlbi1idXR0b24lMjIlM0UlM0NhJTIwY2xhc3MlM0QlMjIlMjIlMjBocmVmJTNEJTIyaHR0cHMlM0ElMkYlMkZjbG91ZC5jb25zaWduby5jb20lMkYlMjMlMkZzaWdudXAlM0ZpZCUzRDU3ZDg2MDQwNGQyNTllZjcwMDYwN2IzNCUyNmxhbmclM0RmciUyMiUyMHRpdGxlJTNEJTIyJTIyJTNFJTNDc3BhbiUyMGNsYXNzJTNEJTIyYy1pY29uJTIwaS1jaGVjayUyMiUzRSUzQyUyRnNwYW4lM0VDT01NRU5DRVIlMjBMJTI3RVNTQUklMjBHUkFUVUlUJTNDJTJGYSUzRSUzQyUyRmRpdiUzRQ==[\/vc_raw_html][vc_empty_space height=\u00a0\u00bb40px\u00a0\u00bb][vc_column_text] Si vous \u00eates une organisation int\u00e9ress\u00e9e \u00e0 essayer les forfaits Affaires ou Entreprise, veuillez nous laisser vos coordonn\u00e9es, nous vous contacterons au plus vite. [\/vc_column_text][\/vc_column][vc_column width=\u00a0\u00bb1\/4&Prime;][\/vc_column][\/vc_row][vc_row][vc_column width=\u00a0\u00bb1\/4&Prime;][\/vc_column][vc_column width=\u00a0\u00bb1\/2&Prime;][\/vc_column][vc_column width=\u00a0\u00bb1\/4&Prime;][\/vc_column][\/vc_row]<\/p>\n","protected":false},"author":7,"featured_media":0,"parent":0,"menu_order":0,"comment_status":"closed","ping_status":"closed","template":"","meta":{"footnotes":""},"class_list":["post-1766","page","type-page","status-publish","hentry","description-off"],"_links":{"self":[{"href":"https:\/\/consignocloud.com\/fr\/wp-json\/wp\/v2\/pages\/1766","targetHints":{"allow":["GET"]}}],"collection":[{"href":"https:\/\/consignocloud.com\/fr\/wp-json\/wp\/v2\/pages"}],"about":[{"href":"https:\/\/consignocloud.com\/fr\/wp-json\/wp\/v2\/types\/page"}],"author":[{"embeddable":true,"href":"https:\/\/consignocloud.com\/fr\/wp-json\/wp\/v2\/users\/7"}],"replies":[{"embeddable":true,"href":"https:\/\/consignocloud.com\/fr\/wp-json\/wp\/v2\/comments?post=1766"}],"version-history":[{"count":0,"href":"https:\/\/consignocloud.com\/fr\/wp-json\/wp\/v2\/pages\/1766\/revisions"}],"wp:attachment":[{"href":"https:\/\/consignocloud.com\/fr\/wp-json\/wp\/v2\/media?parent=1766"}],"curies":[{"name":"wp","href":"https:\/\/api.w.org\/{rel}","templated":true}]}}