{"id":1710,"date":"2020-03-31T20:53:13","date_gmt":"2020-04-01T01:53:13","guid":{"rendered":"http:\/\/consignostage.wpenginepowered.com\/?page_id=1710"},"modified":"2024-02-01T11:35:22","modified_gmt":"2024-02-01T16:35:22","slug":"acte-notarie-video","status":"publish","type":"page","link":"https:\/\/consignocloud.com\/fr\/acte-notarie-video\/","title":{"rendered":"Acte notari\u00e9 &#8211; Tutoriels vid\u00e9o"},"content":{"rendered":"<div class=\"wpb-content-wrapper\"><p>[vc_row][vc_column][vc_column_text]<\/p>\n<h1 style=\"text-align: center;\"><span style=\"color: #2690c8;\">Acte notari\u00e9 technologique<\/span><\/h1>\n<p>[\/vc_column_text][vc_column_text]<\/p>\n<h1 style=\"text-align: center;\">Tutoriels vid\u00e9o &#8211; Windows<\/h1>\n<p>[\/vc_column_text][\/vc_column][\/vc_row][vc_row][vc_column][vc_column_text]<\/p>\n<p style=\"text-align: center;\"><strong>Proc\u00e9durier Consigno Cloud pour l&rsquo;acte notari\u00e9 technologique pour Windows<br \/>\n<\/strong><em>(d\u00e9filer au bas de cette page pour MacOS)<\/em><\/p>\n<p class=\"vp-yt-paragraph\" align=\"center\"><a class=\"vp-a vp-yt-type\" title=\"Proc\u00e9durier - Acte notari\u00e9 technologique\" href=\"https:\/\/www.youtube.com\/watch?v=BvcoiE4rFkE\" data-ytimg=\"1\" data-ytid=\"LTAjkP709A0\" data-autoplay=\"1\"><img loading=\"lazy\" decoding=\"async\" class=\"vp-yt-img alignnone\" style=\"border: 1px solid #dbdbdb;\" src=\"\/wp-content\/uploads\/2020\/04\/acte-notarie-cover-play.png\" alt=\"\" width=\"378\" height=\"255\" \/><\/a><\/p>\n<p>Allez directement au sujet qui vous int\u00e9resse:<\/p>\n<ul style=\"line-height: 26px;\">\n<li style=\"line-height: 26px;\"><a class=\"vp-a vp-yt-type\" title=\"title\" href=\"https:\/\/www.youtube.com\/watch?v=BvcoiE4rFkE\" data-ytid=\"BvcoiE4rFkE\" data-autoplay=\"1\">Inscription \u00e0 Consigno Cloud<\/a><\/li>\n<li style=\"line-height: 26px;\"><a class=\"vp-a vp-yt-type\" title=\"title\" href=\"https:\/\/www.youtube.com\/watch?v=rOS_qFhXsdc\" data-ytid=\"rOS_qFhXsdc\" data-autoplay=\"1\">Cr\u00e9ation d\u2019un projet de signature<\/a><\/li>\n<li style=\"line-height: 26px;\"><a class=\"vp-a vp-yt-type\" title=\"title\" href=\"https:\/\/www.youtube.com\/watch?v=8yFLSykKC-E\" data-ytid=\"8yFLSykKC-E\" data-autoplay=\"1\">Ajout du notaire au carnet d&rsquo;adresses<\/a><\/li>\n<li style=\"line-height: 26px;\"><a class=\"vp-a vp-yt-type\" title=\"title\" href=\"https:\/\/www.youtube.com\/watch?v=Os5DNw7L9Mw\" data-ytid=\"Os5DNw7L9Mw\" data-autoplay=\"1\">Ajout des signataires<\/a><\/li>\n<li style=\"line-height: 26px;\"><a class=\"vp-a vp-yt-type\" title=\"title\" href=\"https:\/\/www.youtube.com\/watch?v=3DhMsEyZbfk\" data-ytid=\"3DhMsEyZbfk\" data-autoplay=\"1\">Ajout des champs de texte (date et # minute) et de la signature du notaire<\/a><\/li>\n<li style=\"line-height: 26px;\"><a class=\"vp-a vp-yt-type\" title=\"title\" href=\"https:\/\/www.youtube.com\/watch?v=l5_7ChEp9zk\" data-ytid=\"l5_7ChEp9zk\" data-autoplay=\"1\">Ordre et position des zones de signature<\/a><\/li>\n<li style=\"line-height: 26px;\"><a class=\"vp-a vp-yt-type\" title=\"title\" href=\"https:\/\/www.youtube.com\/watch?v=EaGqp4swV1s\" data-ytid=\"EaGqp4swV1s\" data-autoplay=\"1\">Lancement du projet<\/a><\/li>\n<li style=\"line-height: 26px;\"><a class=\"vp-a vp-yt-type\" title=\"title\" href=\"https:\/\/www.youtube.com\/watch?v=rRJFSD4iUqI\" data-ytid=\"rRJFSD4iUqI\" data-autoplay=\"1\">Signature \u00e0 distance des parties<\/a><\/li>\n<li style=\"line-height: 26px;\"><a class=\"vp-a vp-yt-type\" title=\"title\" href=\"https:\/\/www.youtube.com\/watch?v=ogAU15V7o0g\" data-ytid=\"ogAU15V7o0g\" data-autoplay=\"1\">Signature du notaire (incluant champs de texte)<\/a><\/li>\n<li style=\"line-height: 26px;\"><a class=\"vp-a vp-yt-type\" title=\"title\" href=\"https:\/\/www.youtube.com\/watch?v=X5hfSEgjJPY\" data-ytid=\"X5hfSEgjJPY\" data-autoplay=\"1\">T\u00e9l\u00e9chargement des documents sign\u00e9s et du journal d\u2019audit<\/a><\/li>\n<li><a href=\"https:\/\/youtu.be\/5Qb4uiApBLM\">Copie Conforme Authentique sans annexe<\/a><\/li>\n<li><a href=\"https:\/\/www.youtube.com\/watch?v=oGJfWtnc08g\">Copie Conforme Authentique avec annexes<\/a><\/li>\n<\/ul>\n<p>[\/vc_column_text][\/vc_column][\/vc_row][vc_row][vc_column][vc_column_text]<\/p>\n<h1 style=\"text-align: center;\">Tutoriels vid\u00e9o &#8211; MacOS<\/h1>\n<p>[\/vc_column_text][\/vc_column][\/vc_row][vc_row][vc_column][vc_column_text]<\/p>\n<p style=\"text-align: center;\"><strong>Proc\u00e9durier Consigno Cloud pour l&rsquo;acte notari\u00e9 technologique sous MacOS<\/strong><\/p>\n<p class=\"vp-yt-paragraph\" align=\"center\"><a class=\"vp-a vp-yt-type\" title=\"Proc\u00e9durier - Acte notari\u00e9 technologique (MacOS)\" href=\"https:\/\/www.youtube.com\/watch?v=IpX6Uln9qb4\" data-ytimg=\"1\" data-ytid=\"f_8x6R9nKCo\" data-autoplay=\"1\"><img loading=\"lazy\" decoding=\"async\" class=\"vp-yt-img alignnone\" style=\"border: 1px solid #dbdbdb;\" src=\"\/wp-content\/uploads\/2020\/04\/acte-notarie-cover-play.png\" alt=\"\" width=\"378\" height=\"255\" \/><\/a><\/p>\n<p>[\/vc_column_text][\/vc_column][\/vc_row]<\/p>\n<\/div>","protected":false},"excerpt":{"rendered":"<p>[vc_row][vc_column][vc_column_text] Acte notari\u00e9 technologique [\/vc_column_text][vc_column_text] Tutoriels vid\u00e9o &#8211; Windows [\/vc_column_text][\/vc_column][\/vc_row][vc_row][vc_column][vc_column_text] Proc\u00e9durier Consigno Cloud pour l&rsquo;acte notari\u00e9 technologique pour Windows (d\u00e9filer au bas de cette page pour MacOS) Allez directement au sujet qui vous int\u00e9resse: Inscription \u00e0 Consigno Cloud Cr\u00e9ation d\u2019un projet de signature Ajout du notaire au carnet d&rsquo;adresses Ajout des signataires Ajout des champs&hellip;<\/p>\n","protected":false},"author":29,"featured_media":0,"parent":0,"menu_order":0,"comment_status":"closed","ping_status":"closed","template":"","meta":{"footnotes":""},"class_list":["post-1710","page","type-page","status-publish","hentry","description-off"],"_links":{"self":[{"href":"https:\/\/consignocloud.com\/fr\/wp-json\/wp\/v2\/pages\/1710","targetHints":{"allow":["GET"]}}],"collection":[{"href":"https:\/\/consignocloud.com\/fr\/wp-json\/wp\/v2\/pages"}],"about":[{"href":"https:\/\/consignocloud.com\/fr\/wp-json\/wp\/v2\/types\/page"}],"author":[{"embeddable":true,"href":"https:\/\/consignocloud.com\/fr\/wp-json\/wp\/v2\/users\/29"}],"replies":[{"embeddable":true,"href":"https:\/\/consignocloud.com\/fr\/wp-json\/wp\/v2\/comments?post=1710"}],"version-history":[{"count":0,"href":"https:\/\/consignocloud.com\/fr\/wp-json\/wp\/v2\/pages\/1710\/revisions"}],"wp:attachment":[{"href":"https:\/\/consignocloud.com\/fr\/wp-json\/wp\/v2\/media?parent=1710"}],"curies":[{"name":"wp","href":"https:\/\/api.w.org\/{rel}","templated":true}]}}