{"id":1709,"date":"2020-03-31T20:47:02","date_gmt":"2020-04-01T01:47:02","guid":{"rendered":"http:\/\/consignostage.wpenginepowered.com\/?page_id=1709"},"modified":"2024-10-31T09:28:40","modified_gmt":"2024-10-31T14:28:40","slug":"acte-notarie-frais-utilisation","status":"publish","type":"page","link":"https:\/\/consignocloud.com\/fr\/acte-notarie-frais-utilisation\/","title":{"rendered":"Acte notari\u00e9 &#8211; Frais d&rsquo;utilisation"},"content":{"rendered":"<div class=\"wpb-content-wrapper\"><p>[vc_row][vc_column][vc_column_text]<\/p>\n<h1 style=\"text-align: center;\"><span style=\"color: #2690c8;\">Acte notari\u00e9 technologique<\/span><\/h1>\n<p>[\/vc_column_text][vc_column_text]<\/p>\n<h1 style=\"text-align: center;\">Frais d&rsquo;utilisation<\/h1>\n<p>[\/vc_column_text][\/vc_column][\/vc_row][vc_row][vc_column][vc_column_text css=\u00a0\u00bb\u00a0\u00bb]<\/p>\n<p style=\"font-weight: 400;\">\u00c0 partir du 1er d\u00e9cembre 2024, les projets de signature compl\u00e9t\u00e9s de type \u00ab\u00a0Acte Notari\u00e9 Technologique\u00a0\u00bb seront factur\u00e9s au co\u00fbt de 4.00$.<\/p>\n<p style=\"font-weight: 400;\">Tous les autres projets compl\u00e9t\u00e9s (Autres Documents, Copie Conforme) demeurent factur\u00e9s au co\u00fbt de\u00a02.25$.<\/p>\n<p style=\"font-weight: 400;\">Ces frais sont port\u00e9s au compte du notaire instrumentant, celui qui lance le projet de signature. Aucune charge suppl\u00e9mentaire est appliqu\u00e9e aux signataires.<\/p>\n<p style=\"font-weight: 400;\">La facturation de ces projets est incluse \u00e0 m\u00eame votre facturation mensuelle.<\/p>\n<p>[\/vc_column_text][\/vc_column][\/vc_row]<\/p>\n<\/div>","protected":false},"excerpt":{"rendered":"<p>[vc_row][vc_column][vc_column_text] Acte notari\u00e9 technologique [\/vc_column_text][vc_column_text] Frais d&rsquo;utilisation [\/vc_column_text][\/vc_column][\/vc_row][vc_row][vc_column][vc_column_text css=\u00a0\u00bb\u00a0\u00bb] \u00c0 partir du 1er d\u00e9cembre 2024, les projets de signature compl\u00e9t\u00e9s de type \u00ab\u00a0Acte Notari\u00e9 Technologique\u00a0\u00bb seront factur\u00e9s au co\u00fbt de 4.00$. Tous les autres projets compl\u00e9t\u00e9s (Autres Documents, Copie Conforme) demeurent factur\u00e9s au co\u00fbt de\u00a02.25$. Ces frais sont port\u00e9s au compte du notaire instrumentant, celui&hellip;<\/p>\n","protected":false},"author":7,"featured_media":0,"parent":0,"menu_order":0,"comment_status":"closed","ping_status":"closed","template":"","meta":{"footnotes":""},"class_list":["post-1709","page","type-page","status-publish","hentry","description-off"],"_links":{"self":[{"href":"https:\/\/consignocloud.com\/fr\/wp-json\/wp\/v2\/pages\/1709","targetHints":{"allow":["GET"]}}],"collection":[{"href":"https:\/\/consignocloud.com\/fr\/wp-json\/wp\/v2\/pages"}],"about":[{"href":"https:\/\/consignocloud.com\/fr\/wp-json\/wp\/v2\/types\/page"}],"author":[{"embeddable":true,"href":"https:\/\/consignocloud.com\/fr\/wp-json\/wp\/v2\/users\/7"}],"replies":[{"embeddable":true,"href":"https:\/\/consignocloud.com\/fr\/wp-json\/wp\/v2\/comments?post=1709"}],"version-history":[{"count":0,"href":"https:\/\/consignocloud.com\/fr\/wp-json\/wp\/v2\/pages\/1709\/revisions"}],"wp:attachment":[{"href":"https:\/\/consignocloud.com\/fr\/wp-json\/wp\/v2\/media?parent=1709"}],"curies":[{"name":"wp","href":"https:\/\/api.w.org\/{rel}","templated":true}]}}