{"id":1708,"date":"2020-03-31T20:40:45","date_gmt":"2020-04-01T01:40:45","guid":{"rendered":"http:\/\/consignostage.wpenginepowered.com\/?page_id=1708"},"modified":"2023-05-29T07:51:08","modified_gmt":"2023-05-29T12:51:08","slug":"acte-notarie-creation","status":"publish","type":"page","link":"https:\/\/consignocloud.com\/fr\/acte-notarie-creation\/","title":{"rendered":"Acte notari\u00e9 &#8211; Cr\u00e9ation d&rsquo;un acte"},"content":{"rendered":"<div class=\"wpb-content-wrapper\"><p>[vc_row][vc_column][vc_column_text]<\/p>\n<h1 style=\"text-align: center;\"><span style=\"color: #2690c8;\">Acte notari\u00e9 technologique<\/span><\/h1>\n<p>[\/vc_column_text][vc_column_text]<\/p>\n<h1 style=\"text-align: center;\">Cr\u00e9ation d&rsquo;un acte<\/h1>\n<p>[\/vc_column_text][\/vc_column][\/vc_row][vc_row][vc_column][vc_column_text]Toutes les instructions relatives \u00e0 la proc\u00e9dure \u00e0 suivre afin de produire un acte notari\u00e9 en minute sur support technologique sont fournies par la <strong>Chambre des notaires<\/strong>.<\/p>\n<p>SVP consultez la documentation sur la page d\u00e9di\u00e9e \u00e0 l\u2019acte technologique sur l\u2019Espace Notaire \/ Profession num\u00e9rique \/ Acte notari\u00e9 technologique. Pour plus de renseignements, veuillez contacter le support CNQ \u00e0 <a href=\"mailto:techno@cnq.org\">techno@cnq.org<\/a>.[\/vc_column_text][vc_column_text el_class=\u00a0\u00bbhelp-highlights-title\u00a0\u00bb]<\/p>\n<h3><strong>Nomenclature obligatoire du projet d\u2019acte dans ConsignO Cloud-CNQ (notaire.consigno.com)<\/strong><\/h3>\n<p>[\/vc_column_text][vc_column_text]<em>La section suivante est tir\u00e9e des lignes directrices \u00e9mises par la Chambre des notaires \u00e0 ses membres.<\/em><\/p>\n<p>Afin de faciliter le rep\u00e9rage de l\u2019acte notari\u00e9 technologique dans ConsignO Cloud-CNQ et sa correspondance avec le dossier du notaire, le nom du projet d\u2019acte dans ConsignO Cloud-CNQ doit obligatoirement d\u00e9buter de la fa\u00e7on suivante \u00e0 compter du 23 juin 2020 selon les lignes directrices<\/p>\n<p>&nbsp;<\/p>\n<p style=\"text-align: center;\"><strong>CodeNotaire_Num\u00e9roDossier_Minute<\/strong> OU <strong>CodeNotaire_NomParties_Minute<\/strong><\/p>\n<p>&nbsp;<\/p>\n<p>L\u2019insertion du mot \u00ab <strong>Minute<\/strong> \u00bb dans le nom du projet d\u2019acte a pour but de distinguer ce dernier des actes sous seing priv\u00e9 pouvant \u00e9galement \u00eatre sign\u00e9s par le truchement de Consigno Cloud-CNQ (<em>par exemple, les ajustements et d\u00e9bours\u00e9s dans le cadre d\u2019une vente<\/em>). Le mot \u00ab <strong>Minute<\/strong> \u00bb sera ou non suivi du num\u00e9ro de la minute dans la mesure o\u00f9 ce num\u00e9ro est connu au moment de l\u2019apposition des signatures \u00e0 l\u2019acte notari\u00e9 technologique.<\/p>\n<p>&nbsp;<\/p>\n<p>Enfin, il est fortement recommand\u00e9 d\u2019inclure la nature de l\u2019acte dans le <strong><em>nom du projet d\u2019acte<\/em><\/strong>.[\/vc_column_text][vc_column_text el_class=\u00a0\u00bbhelp-highlights\u00a0\u00bb]Ainsi, par exemple : <strong>B1234_2020375_Minute_Vente<\/strong> OU <strong>B1234_Couture_Gauthier_Minute_Vente<\/strong>[\/vc_column_text][vc_column_text]<\/p>\n<p>Le notaire conserve la discr\u00e9tion de nommer ses actes sous seing priv\u00e9 comme il l\u2019entend. La fa\u00e7on suivante a \u00e9t\u00e9 sugg\u00e9r\u00e9e dans la <em>Minute express du 16 avril 2020<\/em> : <strong>CodedeNotaire_DateActe_NatureActe_Parties<\/strong>[\/vc_column_text][vc_column_text el_class=\u00a0\u00bbhelp-highlights\u00a0\u00bb]Ainsi, par exemple : <strong>A1234_20200709_Procuration_LBeauchemin<\/strong>[\/vc_column_text][vc_column_text]Toutes questions touchant la cr\u00e9ation d&rsquo;actes technologiques doivent \u00eatre adress\u00e9es \u00e0 la Chambre des notaires directement.[\/vc_column_text][\/vc_column][\/vc_row]<\/p>\n<\/div>","protected":false},"excerpt":{"rendered":"<p>[vc_row][vc_column][vc_column_text] Acte notari\u00e9 technologique [\/vc_column_text][vc_column_text] Cr\u00e9ation d&rsquo;un acte [\/vc_column_text][\/vc_column][\/vc_row][vc_row][vc_column][vc_column_text]Toutes les instructions relatives \u00e0 la proc\u00e9dure \u00e0 suivre afin de produire un acte notari\u00e9 en minute sur support technologique sont fournies par la Chambre des notaires. SVP consultez la documentation sur la page d\u00e9di\u00e9e \u00e0 l\u2019acte technologique sur l\u2019Espace Notaire \/ Profession num\u00e9rique \/ Acte notari\u00e9&hellip;<\/p>\n","protected":false},"author":7,"featured_media":0,"parent":0,"menu_order":0,"comment_status":"closed","ping_status":"closed","template":"","meta":{"footnotes":""},"class_list":["post-1708","page","type-page","status-publish","hentry","description-off"],"_links":{"self":[{"href":"https:\/\/consignocloud.com\/fr\/wp-json\/wp\/v2\/pages\/1708","targetHints":{"allow":["GET"]}}],"collection":[{"href":"https:\/\/consignocloud.com\/fr\/wp-json\/wp\/v2\/pages"}],"about":[{"href":"https:\/\/consignocloud.com\/fr\/wp-json\/wp\/v2\/types\/page"}],"author":[{"embeddable":true,"href":"https:\/\/consignocloud.com\/fr\/wp-json\/wp\/v2\/users\/7"}],"replies":[{"embeddable":true,"href":"https:\/\/consignocloud.com\/fr\/wp-json\/wp\/v2\/comments?post=1708"}],"version-history":[{"count":0,"href":"https:\/\/consignocloud.com\/fr\/wp-json\/wp\/v2\/pages\/1708\/revisions"}],"wp:attachment":[{"href":"https:\/\/consignocloud.com\/fr\/wp-json\/wp\/v2\/media?parent=1708"}],"curies":[{"name":"wp","href":"https:\/\/api.w.org\/{rel}","templated":true}]}}