{"id":1706,"date":"2020-03-31T20:32:05","date_gmt":"2020-04-01T01:32:05","guid":{"rendered":"http:\/\/consignostage.wpenginepowered.com\/?page_id=1706"},"modified":"2020-04-22T10:46:46","modified_gmt":"2020-04-22T15:46:46","slug":"acte-notarie-requis-techno","status":"publish","type":"page","link":"https:\/\/consignocloud.com\/fr\/acte-notarie-requis-techno\/","title":{"rendered":"Acte notari\u00e9 &#8211; Requis techniques"},"content":{"rendered":"<div class=\"wpb-content-wrapper\"><p>[vc_row][vc_column][vc_column_text]<\/p>\n<h1 style=\"text-align: center;\"><span style=\"color: #2690c8;\">Acte notari\u00e9 technologique<\/span><\/h1>\n<p>[\/vc_column_text][vc_column_text]<\/p>\n<h1 style=\"text-align: center;\">Requis techniques<\/h1>\n<p>[\/vc_column_text][\/vc_column][\/vc_row][vc_row][vc_column][vc_column_text]Afin de pouvoir produire un \u00ab <strong>acte notari\u00e9 technologique<\/strong> \u00bb, vous devez:<\/p>\n<ul>\n<li>Poss\u00e9der une signature num\u00e9rique officielle de notaire (\u00e9mise par Notarius);<\/li>\n<li>Avoir un compte sur la plateforme Consigno Cloud d\u00e9di\u00e9e \u00e0 l&rsquo;acte notari\u00e9 technologique (<a href=\"https:\/\/notaire.consigno.com\/login\">https:\/\/notaire.consigno.com\/login<\/a>);<\/li>\n<li>Avoir les logiciel <strong>CertifiO Manager (Windows et Mac)<\/strong> et <strong>Entrust ESP<\/strong> (<strong>Windows uniquement<\/strong>) fournis par Notarius*<\/li>\n<li>Avoir une connexion internet haut d\u00e9bit;<\/li>\n<li>Avoir un t\u00e9l\u00e9phone mobile ou fixe (requis pour l\u2019envoie du deuxi\u00e8me facteur d\u2019authentification pour l\u2019inscription et l\u2019acte de signature).<\/li>\n<\/ul>\n<p>Compte tenu que les notaires doivent signer avec leur signature num\u00e9rique, il n\u2019est possible de proc\u00e9der que sur un ordinateur muni du syst\u00e8me d\u2019exploitation Windows ou MAC.<\/p>\n<p>Il n\u2019est ainsi pas possible pour le notaire de signer num\u00e9riquement sur un appareil iOS ou Android.<\/p>\n<p>&nbsp;<\/p>\n<p>* Les logiciels <strong>CertifiO Manager<\/strong> et <strong>Entrust ESP<\/strong> devraient \u00eatre d\u00e9j\u00e0 pr\u00e9sents sur votre poste de travail, car ils sont requis pour utiliser la signature num\u00e9rique avec les solutions de Telus et le portail Notarius. Si ce n&rsquo;est pas le cas, ils peuvent \u00eatre t\u00e9l\u00e9charg\u00e9s via la page <a href=\"https:\/\/notarius.com\/telechargement\/\">T\u00e9l\u00e9chargement<\/a> du site de Notarius.[\/vc_column_text][\/vc_column][\/vc_row]<\/p>\n<\/div>","protected":false},"excerpt":{"rendered":"<p>[vc_row][vc_column][vc_column_text] Acte notari\u00e9 technologique [\/vc_column_text][vc_column_text] Requis techniques [\/vc_column_text][\/vc_column][\/vc_row][vc_row][vc_column][vc_column_text]Afin de pouvoir produire un \u00ab acte notari\u00e9 technologique \u00bb, vous devez: Poss\u00e9der une signature num\u00e9rique officielle de notaire (\u00e9mise par Notarius); Avoir un compte sur la plateforme Consigno Cloud d\u00e9di\u00e9e \u00e0 l&rsquo;acte notari\u00e9 technologique (https:\/\/notaire.consigno.com\/login); Avoir les logiciel CertifiO Manager (Windows et Mac) et Entrust ESP (Windows&hellip;<\/p>\n","protected":false},"author":7,"featured_media":0,"parent":0,"menu_order":0,"comment_status":"closed","ping_status":"closed","template":"","meta":{"footnotes":""},"class_list":["post-1706","page","type-page","status-publish","hentry","description-off"],"_links":{"self":[{"href":"https:\/\/consignocloud.com\/fr\/wp-json\/wp\/v2\/pages\/1706","targetHints":{"allow":["GET"]}}],"collection":[{"href":"https:\/\/consignocloud.com\/fr\/wp-json\/wp\/v2\/pages"}],"about":[{"href":"https:\/\/consignocloud.com\/fr\/wp-json\/wp\/v2\/types\/page"}],"author":[{"embeddable":true,"href":"https:\/\/consignocloud.com\/fr\/wp-json\/wp\/v2\/users\/7"}],"replies":[{"embeddable":true,"href":"https:\/\/consignocloud.com\/fr\/wp-json\/wp\/v2\/comments?post=1706"}],"version-history":[{"count":0,"href":"https:\/\/consignocloud.com\/fr\/wp-json\/wp\/v2\/pages\/1706\/revisions"}],"wp:attachment":[{"href":"https:\/\/consignocloud.com\/fr\/wp-json\/wp\/v2\/media?parent=1706"}],"curies":[{"name":"wp","href":"https:\/\/api.w.org\/{rel}","templated":true}]}}