{"id":1703,"date":"2020-03-31T20:21:21","date_gmt":"2020-04-01T01:21:21","guid":{"rendered":"http:\/\/consignostage.wpenginepowered.com\/?page_id=1703"},"modified":"2025-05-07T07:00:14","modified_gmt":"2025-05-07T12:00:14","slug":"acte-notarie-inscription-acces","status":"publish","type":"page","link":"https:\/\/consignocloud.com\/fr\/acte-notarie-inscription-acces\/","title":{"rendered":"Acte notari\u00e9 &#8211; Inscription et acc\u00e8s"},"content":{"rendered":"<div class=\"wpb-content-wrapper\"><p>[vc_row][vc_column][vc_column_text]<\/p>\n<h1 style=\"text-align: center;\"><span style=\"color: #2690c8;\">Acte notari\u00e9 technologique<\/span><\/h1>\n<p>[\/vc_column_text][vc_column_text]<\/p>\n<h1 style=\"text-align: center;\">Inscription et acc\u00e8s<\/h1>\n<p>[\/vc_column_text][\/vc_column][\/vc_row][vc_row][vc_column][vc_column_text css=\u00a0\u00bb\u00a0\u00bb]<\/p>\n<h3>Plateforme permettant l&rsquo;acte notari\u00e9 technologique:<\/h3>\n<p>Pour acc\u00e9der \u00e0 ConsignO Cloud, que ce soit votre premi\u00e8re fois ou non, depuis le 18 mars 2025, vous devez utiliser les informations d\u2019authentification (identifiant et mot de passe) de l\u2019Espace notaire, les m\u00eames que celles utilis\u00e9es pour l\u2019acc\u00e8s aux demandes de recherche aux Registres, \u00e0 la mise \u00e0 jour annuelle des soci\u00e9t\u00e9s, etc. Cet identifiant est votre courriel de correspondance d\u00e9clar\u00e9e au tableau de l\u2019Ordre.<\/p>\n<ul>\n<li>Acc\u00e8s: <a href=\"https:\/\/notaire.consigno.com\/login\">https:\/\/notaire.consigno.com\/login<\/a><\/li>\n<\/ul>\n<p><strong>Note:<\/strong><\/p>\n<p>Avant d&rsquo;acc\u00e9der au service pour la premi\u00e8re fois, assurez-vous d&rsquo;harmoniser <a href=\"https:\/\/www.cnq.org\/connexion-espace-notaire\">votre courriel de l&rsquo;Espace Notaire<\/a> avec celui associ\u00e9 \u00e0 votre <a href=\"https:\/\/support.notarius.com\/aide\/article\/comment-changer-mes-coordonnees-depuis-mon-compte-notarius\/\">signature officielle num\u00e9rique<\/a>.<\/p>\n<p>[\/vc_column_text][\/vc_column][\/vc_row]<\/p>\n<\/div>","protected":false},"excerpt":{"rendered":"<p>[vc_row][vc_column][vc_column_text] Acte notari\u00e9 technologique [\/vc_column_text][vc_column_text] Inscription et acc\u00e8s [\/vc_column_text][\/vc_column][\/vc_row][vc_row][vc_column][vc_column_text css=\u00a0\u00bb\u00a0\u00bb] Plateforme permettant l&rsquo;acte notari\u00e9 technologique: Pour acc\u00e9der \u00e0 ConsignO Cloud, que ce soit votre premi\u00e8re fois ou non, depuis le 18 mars 2025, vous devez utiliser les informations d\u2019authentification (identifiant et mot de passe) de l\u2019Espace notaire, les m\u00eames que celles utilis\u00e9es pour l\u2019acc\u00e8s aux&hellip;<\/p>\n","protected":false},"author":29,"featured_media":0,"parent":0,"menu_order":0,"comment_status":"closed","ping_status":"closed","template":"","meta":{"footnotes":""},"class_list":["post-1703","page","type-page","status-publish","hentry","description-off"],"_links":{"self":[{"href":"https:\/\/consignocloud.com\/fr\/wp-json\/wp\/v2\/pages\/1703","targetHints":{"allow":["GET"]}}],"collection":[{"href":"https:\/\/consignocloud.com\/fr\/wp-json\/wp\/v2\/pages"}],"about":[{"href":"https:\/\/consignocloud.com\/fr\/wp-json\/wp\/v2\/types\/page"}],"author":[{"embeddable":true,"href":"https:\/\/consignocloud.com\/fr\/wp-json\/wp\/v2\/users\/29"}],"replies":[{"embeddable":true,"href":"https:\/\/consignocloud.com\/fr\/wp-json\/wp\/v2\/comments?post=1703"}],"version-history":[{"count":0,"href":"https:\/\/consignocloud.com\/fr\/wp-json\/wp\/v2\/pages\/1703\/revisions"}],"wp:attachment":[{"href":"https:\/\/consignocloud.com\/fr\/wp-json\/wp\/v2\/media?parent=1703"}],"curies":[{"name":"wp","href":"https:\/\/api.w.org\/{rel}","templated":true}]}}