{"id":1700,"date":"2020-03-31T18:56:59","date_gmt":"2020-03-31T23:56:59","guid":{"rendered":"http:\/\/consignostage.wpenginepowered.com\/?page_id=1700"},"modified":"2024-10-31T09:08:43","modified_gmt":"2024-10-31T14:08:43","slug":"acte-notarie-introduction","status":"publish","type":"page","link":"https:\/\/consignocloud.com\/fr\/acte-notarie-introduction\/","title":{"rendered":"Acte notari\u00e9 &#8211; Introduction"},"content":{"rendered":"<div class=\"wpb-content-wrapper\"><p>[vc_row][vc_column][vc_column_text]<\/p>\n<h1 style=\"text-align: center;\"><span style=\"color: #2690c8;\">Acte notari\u00e9 technologique<\/span><\/h1>\n<p>[\/vc_column_text][vc_column_text]<\/p>\n<h1 style=\"text-align: center;\">Introduction<\/h1>\n<p>[\/vc_column_text][\/vc_column][\/vc_row][vc_row][vc_column][vc_column_text css=\u00a0\u00bb\u00a0\u00bb]Dans le contexte du r\u00e8glement visant \u00e0 permettre\u00a0un\u00a0<strong>acte notari\u00e9 en minute<\/strong> sur un support technologique, Notarius s&rsquo;allie avec le Chambre des notaires afin de rendre disponible la plate-forme de signature ConsignO Cloud.<\/p>\n<p>Une instance de ConsignO Cloud personnalis\u00e9e aux couleurs de la Chambre des notaires est mise en place et d\u00e9di\u00e9e \u00e0 signature de \u00ab l\u2019<strong>acte notari\u00e9 technologique<\/strong>\u00a0\u00bb<\/p>\n<p>Il est ainsi<strong>\u00a0OBLIGATOIRE<\/strong> pour les notaires souhaitant recevoir des actes notari\u00e9s technologiques, de s\u2019inscrire sur cette nouvelle instance. Tout compte cr\u00e9\u00e9 pr\u00e9c\u00e9demment sur ConsignO Cloud, qu\u2019il soit gratuit ou payant, <strong>ne pourra \u00eatre utilis\u00e9<\/strong>\u00a0dans le contexte de ce r\u00e8glement, l\u2019instance de la Chambre ayant\u00a0<strong>des fonctionnalit\u00e9s distinctes pour ce type d\u2019acte r\u00e9serv\u00e9<\/strong><\/p>\n<p>Dans le cadre de ce r\u00e8glement et de la mise en place de cette solution, une facturation de la part de Notarius s\u2019appliquera \u00e9galement. Chaque projet de signature compl\u00e9t\u00e9 de type \u00ab\u00a0Acte notari\u00e9 technologique\u00a0\u00bb sera factur\u00e9 au co\u00fbt de 4.00$. Chaque projet de signature compl\u00e9t\u00e9 de type \u00ab\u00a0Autre document\u00a0\u00bb ou encore une \u00ab\u00a0Copie conforme authentique\u00a0\u00bb, sera factur\u00e9 au co\u00fbt de $2.25 au notaire instrumentant\u00a0\u00bb. Pour plus de d\u00e9tails se r\u00e9f\u00e9rer \u00e0 la section \u00ab\u00a0Frais d&rsquo;utilisation\u00a0\u00bb.<\/p>\n<p>Finalement, il est important de signaler que la proc\u00e9dure \u00e0 suivre afin de produire un acte notari\u00e9 en minute sur support technologique sera fournie par la\u00a0<strong>Chambre des notaires<\/strong>. Toutes questions touchant cette proc\u00e9dure doivent \u00eatre adress\u00e9es \u00e0 la Chambre des notaires directement et non \u00e0 Notarius.<\/p>\n<p>Veuillez consulter l\u2019Espace Notaire \/ Profession num\u00e9rique et les ressources disponibles sur l&rsquo;acte technologique pour plus d&rsquo;informations.[\/vc_column_text][\/vc_column][\/vc_row]<\/p>\n<\/div>","protected":false},"excerpt":{"rendered":"<p>[vc_row][vc_column][vc_column_text] Acte notari\u00e9 technologique [\/vc_column_text][vc_column_text] Introduction [\/vc_column_text][\/vc_column][\/vc_row][vc_row][vc_column][vc_column_text css=\u00a0\u00bb\u00a0\u00bb]Dans le contexte du r\u00e8glement visant \u00e0 permettre\u00a0un\u00a0acte notari\u00e9 en minute sur un support technologique, Notarius s&rsquo;allie avec le Chambre des notaires afin de rendre disponible la plate-forme de signature ConsignO Cloud. Une instance de ConsignO Cloud personnalis\u00e9e aux couleurs de la Chambre des notaires est mise en&hellip;<\/p>\n","protected":false},"author":7,"featured_media":0,"parent":0,"menu_order":0,"comment_status":"closed","ping_status":"closed","template":"","meta":{"footnotes":""},"class_list":["post-1700","page","type-page","status-publish","hentry","description-off"],"_links":{"self":[{"href":"https:\/\/consignocloud.com\/fr\/wp-json\/wp\/v2\/pages\/1700","targetHints":{"allow":["GET"]}}],"collection":[{"href":"https:\/\/consignocloud.com\/fr\/wp-json\/wp\/v2\/pages"}],"about":[{"href":"https:\/\/consignocloud.com\/fr\/wp-json\/wp\/v2\/types\/page"}],"author":[{"embeddable":true,"href":"https:\/\/consignocloud.com\/fr\/wp-json\/wp\/v2\/users\/7"}],"replies":[{"embeddable":true,"href":"https:\/\/consignocloud.com\/fr\/wp-json\/wp\/v2\/comments?post=1700"}],"version-history":[{"count":0,"href":"https:\/\/consignocloud.com\/fr\/wp-json\/wp\/v2\/pages\/1700\/revisions"}],"wp:attachment":[{"href":"https:\/\/consignocloud.com\/fr\/wp-json\/wp\/v2\/media?parent=1700"}],"curies":[{"name":"wp","href":"https:\/\/api.w.org\/{rel}","templated":true}]}}