{"id":1694,"date":"2020-03-30T15:02:14","date_gmt":"2020-03-30T20:02:14","guid":{"rendered":"http:\/\/consignostage.wpenginepowered.com\/?page_id=1694"},"modified":"2023-05-29T08:29:16","modified_gmt":"2023-05-29T13:29:16","slug":"guide-notaire","status":"publish","type":"page","link":"https:\/\/consignocloud.com\/fr\/aide\/guide-notaire\/","title":{"rendered":"Acte notari\u00e9 technologique"},"content":{"rendered":"<div class=\"wpb-content-wrapper\"><p>[vc_row][vc_column][vc_column_text el_class=\u00a0\u00bbhelp-subtitle\u00a0\u00bb]<\/p>\n<h1 style=\"text-align: center;\"><span style=\"color: #2690c8;\">Acte notari\u00e9 technologique<\/span><\/h1>\n<p style=\"text-align: center;\">Cette section d&rsquo;aide vise uniquement les notaires du Qu\u00e9bec<\/p>\n<p>[\/vc_column_text][\/vc_column][\/vc_row][vc_row][vc_column][vc_column_text]<\/p>\n<h2 style=\"text-align: left;\"><span style=\"color: #2690c8;\">Veuillez choisir la nature du support recherch\u00e9<\/span><\/h2>\n<p>[\/vc_column_text][\/vc_column][\/vc_row][vc_row][vc_column][vc_toggle title=\u00a0\u00bbProc\u00e9dure et cadre r\u00e9glementaire pour les actes notari\u00e9s technologiques\u00a0\u00bb]SVP consultez la documentation sur l\u2019Espace Notaire \/ Profession num\u00e9rique \/ Acte notari\u00e9 technologique. Pour plus de renseignements, veuillez contacter le support CNQ \u00e0 <a href=\"mailto:techno@cnq.org\">techno@cnq.org<\/a>.[\/vc_toggle][\/vc_column][\/vc_row][vc_row][vc_column][vc_toggle title=\u00a0\u00bbUtilisation de ConsignO Cloud\u00a0\u00bb]SVP consulter la <a href=\"https:\/\/consignocloud.com\/fr\/acte-notarie-introduction\/\">documentation d\u00e9di\u00e9e \u00e0 l\u2019acte notari\u00e9 technologique<\/a> et le <a href=\"\/fr\/aide\/guide-dutilisation\/\">Guide utilisateur pour ConsignO Cloud<\/a>. Pour plus de renseignements, veuillez <a href=\"https:\/\/consignocloud.com\/fr\/contact-us-2\/\">ouvrir un billet<\/a> ou contacter le service \u00e0 la client\u00e8le de Notarius au 1-855-505-7272[\/vc_toggle][\/vc_column][\/vc_row][vc_row][vc_column][vc_toggle title=\u00a0\u00bbUtilisation de votre logiciel de gestion d\u2019\u00e9tude ou de Microsoft Teams\u00a0\u00bb]<\/p>\n<h3>Pour les clients d&rsquo;Avancie<\/h3>\n<ul>\n<li>8h30 \u00e0 17h00 (support de connectivit\u00e9 jusqu\u2019\u00e0 21h), du lundi au vendredi.\n<ul>\n<li>Sur rendez-vous la fin de semaine.<\/li>\n<\/ul>\n<\/li>\n<li><strong>Para-Ma\u00eetre:<\/strong> <a href=\"tel:1-866-301-2476\">1-866-301-2476<\/a> \/ <a href=\"mailto:sac@avancie.com\">sac@avancie.com<\/a><\/li>\n<\/ul>\n<h3>Pour les clients d&rsquo;Acceo Solutions<\/h3>\n<ul>\n<li>8h30 \u00e0 17h00, du lundi au vendredi<\/li>\n<li><strong>Pronotaire<\/strong>: <a href=\"tel:1-800-862-5922\">1-800-862-5922<\/a> \/ <a href=\"mailto:service@pronotaire.com\">service@pronotaire.com<\/a><\/li>\n<li><strong>Procardex<\/strong>: <a href=\"tel:514-990-5069\">514-990-5069<\/a> \/ <a href=\"mailto:soutien@lasolutionint.com\">soutien@lasolutionint.com<\/a> ou bouton <img loading=\"lazy\" decoding=\"async\" class=\"alignnone size-full wp-image-1704\" style=\"margin-bottom: -5px;\" src=\"http:\/\/consignocloud.com\/wp-content\/uploads\/2020\/03\/aide-button.jpg\" alt=\"\" width=\"50\" height=\"23\" \/><\/li>\n<\/ul>\n<p>[\/vc_toggle][\/vc_column][\/vc_row]<\/p>\n<\/div>","protected":false},"excerpt":{"rendered":"<p>[vc_row][vc_column][vc_column_text el_class=\u00a0\u00bbhelp-subtitle\u00a0\u00bb] Acte notari\u00e9 technologique Cette section d&rsquo;aide vise uniquement les notaires du Qu\u00e9bec [\/vc_column_text][\/vc_column][\/vc_row][vc_row][vc_column][vc_column_text] Veuillez choisir la nature du support recherch\u00e9 [\/vc_column_text][\/vc_column][\/vc_row][vc_row][vc_column][vc_toggle title=\u00a0\u00bbProc\u00e9dure et cadre r\u00e9glementaire pour les actes notari\u00e9s technologiques\u00a0\u00bb]SVP consultez la documentation sur l\u2019Espace Notaire \/ Profession num\u00e9rique \/ Acte notari\u00e9 technologique. Pour plus de renseignements, veuillez contacter le support CNQ \u00e0&hellip;<\/p>\n","protected":false},"author":29,"featured_media":0,"parent":353,"menu_order":0,"comment_status":"closed","ping_status":"closed","template":"","meta":{"footnotes":""},"class_list":["post-1694","page","type-page","status-publish","hentry","description-off"],"_links":{"self":[{"href":"https:\/\/consignocloud.com\/fr\/wp-json\/wp\/v2\/pages\/1694","targetHints":{"allow":["GET"]}}],"collection":[{"href":"https:\/\/consignocloud.com\/fr\/wp-json\/wp\/v2\/pages"}],"about":[{"href":"https:\/\/consignocloud.com\/fr\/wp-json\/wp\/v2\/types\/page"}],"author":[{"embeddable":true,"href":"https:\/\/consignocloud.com\/fr\/wp-json\/wp\/v2\/users\/29"}],"replies":[{"embeddable":true,"href":"https:\/\/consignocloud.com\/fr\/wp-json\/wp\/v2\/comments?post=1694"}],"version-history":[{"count":0,"href":"https:\/\/consignocloud.com\/fr\/wp-json\/wp\/v2\/pages\/1694\/revisions"}],"up":[{"embeddable":true,"href":"https:\/\/consignocloud.com\/fr\/wp-json\/wp\/v2\/pages\/353"}],"wp:attachment":[{"href":"https:\/\/consignocloud.com\/fr\/wp-json\/wp\/v2\/media?parent=1694"}],"curies":[{"name":"wp","href":"https:\/\/api.w.org\/{rel}","templated":true}]}}