{"id":1653,"date":"2020-03-27T19:13:20","date_gmt":"2020-03-28T00:13:20","guid":{"rendered":"http:\/\/consignostage.wpenginepowered.com\/?page_id=1653"},"modified":"2020-03-27T20:29:33","modified_gmt":"2020-03-28T01:29:33","slug":"importer-des-contacts","status":"publish","type":"page","link":"https:\/\/consignocloud.com\/fr\/importer-des-contacts\/","title":{"rendered":"Importer des contacts dans le carnet d&rsquo;adresses"},"content":{"rendered":"<div class=\"wpb-content-wrapper\"><p>[vc_row el_class=\u00a0\u00bbhelp-text-block\u00a0\u00bb][vc_column][vc_column_text el_class=\u00a0\u00bbhelp-title\u00a0\u00bb]<\/p>\n<h1 style=\"text-align: center;\">AIDE<\/h1>\n<p>[\/vc_column_text][vc_column_text el_class=\u00a0\u00bbhelp-subtitle\u00a0\u00bb]<\/p>\n<h2 style=\"text-align: center;\">Guide d\u2019utilisation de ConsignO Cloud<\/h2>\n<p>[\/vc_column_text][\/vc_column][\/vc_row][vc_row el_class=\u00a0\u00bbhelp-text-block\u00a0\u00bb][vc_column][vc_column_text el_class=\u00a0\u00bbhelp-title-text\u00a0\u00bb]<\/p>\n<h3 style=\"text-align: center;\">Importer des contacts dans le carnet d&rsquo;adresses<\/h3>\n<h3 style=\"text-align: center;\"><\/h3>\n<p>[\/vc_column_text][vc_raw_html]JTNDcCUzRURpc3BvbmlibGUlMjBhdmVjJTIwJTNBJTIwJTNDc3BhbiUyMGNsYXNzJTNEJTIydHlwZS1wcm9kdWN0LWluc2lkZSUyMiUzRSUzQ2klMjBjbGFzcyUzRCUyMmZhcyUyMGZhLWNpcmNsZSUyMGJsYWNrJTIyJTNFJTNDJTJGaSUzRSUyMEZvcmZhaXQlMjBpbmRpdmlkdWVsJTIwJTNDaSUyMGNsYXNzJTNEJTIyZmFzJTIwZmEtY2lyY2xlJTIwYmx1ZSUyMiUzRSUzQyUyRmklM0UlMjBGb3JmYWl0JTIwYWZmYWlyZXMlMjAlM0NpJTIwY2xhc3MlM0QlMjJmYXMlMjBmYS1jaXJjbGUlMjBvcmFuZ2UlMjIlM0UlM0MlMkZpJTNFJTIwRm9yZmFpdCUyMGVudHJlcHJpc2UlM0MlMkZzcGFuJTNFJTNDJTJGcCUzRQ==[\/vc_raw_html][vc_column_text]La gestion du carnet d\u2019adresses peut \u00eatre facilit\u00e9e par l\u2019importation d\u2019un fichier CSV avec les informations des contacts \u00e0 ajouter. Le tout se fait g\u00e9n\u00e9ralement en deux \u00e9tapes.<\/p>\n<p><strong>\u00c9tape 1<\/strong>: T\u00e9l\u00e9chargement du gabarit et d\u00e9finition des entr\u00e9es sur votre poste de travail<\/p>\n<p><strong>\u00c9tape 2<\/strong>: Importation du fichier et des entr\u00e9es dans le carnet d\u2019adresses[\/vc_column_text][vc_column_text el_class=\u00a0\u00bbhelp-highlights-txt\u00a0\u00bb]<em><img loading=\"lazy\" decoding=\"async\" class=\"alignnone size-full wp-image-871\" src=\"http:\/\/consignocloud.com\/wp-content\/uploads\/2019\/02\/icon-infos-small.png\" alt=\"\" width=\"16\" height=\"16\" \/><\/em> Cette fonctionnalit\u00e9 ne permet d\u2019ajouter que des contacts de type <strong>Signature \u00e9lectronique de confiance<\/strong> et non pas des contacts du du type <strong>Signature num\u00e9rique CertifiO<\/strong>.[\/vc_column_text][vc_column_text el_class=\u00a0\u00bbhelp-highlights-title\u00a0\u00bb]<\/p>\n<h3><strong>\u00c9TAPE 1: T\u00e9l\u00e9chargement du gabarit et d\u00e9finition des entr\u00e9es<\/strong><\/h3>\n<p>[\/vc_column_text][vc_column_text]1. Pour d\u00e9marrer, cliquez sur la fl\u00e8che du menu d\u00e9roulant \u00e0 droite de votre nom, puis s\u00e9lectionnez <strong>Carnet d\u2019adresses<\/strong>.[\/vc_column_text][vc_single_image image=\u00a0\u00bb1655&Prime; img_size=\u00a0\u00bbfull\u00a0\u00bb el_class=\u00a0\u00bbhelp-highlights-img\u00a0\u00bb][vc_column_text]2. Cliquez sur le menu en haut \u00e0 droite, puis choisir l\u2019option <strong>Import CSV<\/strong>.[\/vc_column_text][vc_single_image image=\u00a0\u00bb1657&Prime; img_size=\u00a0\u00bbfull\u00a0\u00bb el_class=\u00a0\u00bbhelp-highlights-img\u00a0\u00bb][vc_column_text]3. Dans la fen\u00eatre <strong>Import de contacts<\/strong>, cliquez sur <strong>T\u00e9l\u00e9charger le gabarit<\/strong>. Cette action va t\u00e9l\u00e9charger le gabarit dans le r\u00e9pertoire de t\u00e9l\u00e9chargement associ\u00e9 \u00e0 votre navigateur. Ouvrez le fichier.[\/vc_column_text][vc_single_image image=\u00a0\u00bb1659&Prime; img_size=\u00a0\u00bbfull\u00a0\u00bb el_class=\u00a0\u00bbhelp-highlights-img\u00a0\u00bb][vc_column_text]4. Vous pouvez d\u00e9sormais entrer les contacts en suivant la structure d\u00e9finie dans le gabarit sur la premi\u00e8re ligne. La premi\u00e8re ligne du fichier sera ignor\u00e9e. <strong>Il est donc requis de la conserver telle quelle.<\/strong><\/p>\n<p>Les informations suivantes sont obligatoires en tout temps:<\/p>\n<ul>\n<li>Pr\u00e9nom<\/li>\n<li>Nom<\/li>\n<li>Courriel<\/li>\n<li>Second facteur (SMS ou appel ou secret partag\u00e9 ou SAML)\n<ul>\n<li>Doit exactement \u00eatre l\u2019une de ces valeurs:\n<ul>\n<li>sms<\/li>\n<li>appel\/call<\/li>\n<li>secret<\/li>\n<li>saml<\/li>\n<\/ul>\n<\/li>\n<\/ul>\n<\/li>\n<\/ul>\n<ol>\n<li style=\"list-style-type: none;\"><\/li>\n<\/ol>\n<ul>\n<li>Langue avec l\u2019une de ces valeurs:\n<ul>\n<li>en<\/li>\n<li>fr<\/li>\n<\/ul>\n<\/li>\n<\/ul>\n<p>Les informations suivantes sont obligatoires dans certains cas:<\/p>\n<ul>\n<li>Num\u00e9ro de t\u00e9l\u00e9phone\n<ul>\n<li>Doit \u00eatre obligatoirement saisi si second facteur est sms, appel ou call<\/li>\n<li>Doit \u00eatre au format international sans le + ex : 15145551234<\/li>\n<li>Si extension ajouter espace#&lt;num\u00e9ro d\u2019extension&gt; #1234<\/li>\n<li>C\u2019est le num\u00e9ro o\u00f9 le signataire recevra son second facteur<\/li>\n<\/ul>\n<\/li>\n<li>Question\n<ul>\n<li>Doit \u00eatre obligatoirement saisie si le second facteur est secret<\/li>\n<li>C\u2019est la question qui sera affich\u00e9e au signataire<\/li>\n<\/ul>\n<\/li>\n<li>R\u00e9ponse\n<ul>\n<li>Doit \u00eatre obligatoirement saisie si second facteur est secret<\/li>\n<li>C\u2019est la r\u00e9ponse que devra saisir le signataire \u00e0 la question qui sera affich\u00e9e<\/li>\n<\/ul>\n<\/li>\n<li>Nom de l\u2019idp (si vous utilisez saml)<\/li>\n<\/ul>\n<p>[\/vc_column_text][vc_column_text]5. Sauvergardez le fichier.[\/vc_column_text][vc_column_text el_class=\u00a0\u00bbhelp-highlights-title\u00a0\u00bb]<\/p>\n<h3><strong>\u00c9TAPE 2 : Importation du fichier et des entr\u00e9es dans le carnet d\u2019adresses<\/strong><\/h3>\n<p>[\/vc_column_text][vc_column_text]6. Pour importer le fichier, retournez au menu d\u2019importation de CSV du carnet d\u2019adresses. S\u00e9lectionnez sur quel carnet importer les contacts. En fonction de votre r\u00f4le dans l\u2019organisation, vous pourriez avoir diff\u00e9rentes options, soit Mon carnet d\u2019adresses ou Carnet d\u2019adresses de l\u2019organisation.[\/vc_column_text][vc_single_image image=\u00a0\u00bb1661&Prime; img_size=\u00a0\u00bbfull\u00a0\u00bb el_class=\u00a0\u00bbhelp-highlights-img\u00a0\u00bb][vc_column_text]7. S\u00e9lectionnez le fichier \u00e0 importer \u00e0 l\u2019aide du bouton <strong>S\u00e9lectionner le fichier<\/strong> ou simplement charger le fichier de gabarit \u00e0 importer par glisser-d\u00e9poser.[\/vc_column_text][vc_single_image image=\u00a0\u00bb1663&Prime; img_size=\u00a0\u00bbfull\u00a0\u00bb el_class=\u00a0\u00bbhelp-highlights-img\u00a0\u00bb][vc_column_text]Le nom du fichier devrait \u00eatre affich\u00e9 \u00e0 l\u2019\u00e9cran[\/vc_column_text][vc_single_image image=\u00a0\u00bb1665&Prime; img_size=\u00a0\u00bbfull\u00a0\u00bb el_class=\u00a0\u00bbhelp-highlights-img\u00a0\u00bb][vc_column_text]8. Cliquez sur <strong>Importer<\/strong>[\/vc_column_text][vc_single_image image=\u00a0\u00bb1667&Prime; img_size=\u00a0\u00bbfull\u00a0\u00bb el_class=\u00a0\u00bbhelp-highlights-img\u00a0\u00bb][vc_column_text]9. Cliquez sur <strong>Importer avec ou sans propagation<\/strong>.<\/p>\n<ul>\n<li>Le bouton est dynamique et sera diff\u00e9rent en fonction de l\u2019existence ou pas de contacts dans le carnet d\u2019adresses et de projets avec ces contacts<\/li>\n<\/ul>\n<p>[\/vc_column_text][vc_single_image image=\u00a0\u00bb1669&Prime; img_size=\u00a0\u00bbfull\u00a0\u00bb el_class=\u00a0\u00bbhelp-highlights-img\u00a0\u00bb][vc_column_text]10. Une fen\u00eatre <strong>R\u00e9sultat<\/strong> s\u2019affiche avec la confirmation de l\u2019importation ou avec les erreurs s\u2019il y en a. Les erreurs sont g\u00e9n\u00e9ralement associ\u00e9es \u00e0 un manque d\u2019informations obligatoires[\/vc_column_text][vc_single_image image=\u00a0\u00bb1671&Prime; img_size=\u00a0\u00bbfull\u00a0\u00bb el_class=\u00a0\u00bbhelp-highlights-img\u00a0\u00bb][vc_column_text]11. Cliquez sur Fermer<\/p>\n<p>Les contacts devraient \u00eatre d\u00e9sormais disponibles dans le carnet d\u2019adresses appropri\u00e9.[\/vc_column_text][vc_empty_space height=\u00a0\u00bb80px\u00a0\u00bb][\/vc_column][\/vc_row]<\/p>\n<\/div>","protected":false},"excerpt":{"rendered":"<p>[vc_row el_class=\u00a0\u00bbhelp-text-block\u00a0\u00bb][vc_column][vc_column_text el_class=\u00a0\u00bbhelp-title\u00a0\u00bb] AIDE [\/vc_column_text][vc_column_text el_class=\u00a0\u00bbhelp-subtitle\u00a0\u00bb] Guide d\u2019utilisation de ConsignO Cloud [\/vc_column_text][\/vc_column][\/vc_row][vc_row el_class=\u00a0\u00bbhelp-text-block\u00a0\u00bb][vc_column][vc_column_text el_class=\u00a0\u00bbhelp-title-text\u00a0\u00bb] Importer des contacts dans le carnet d&rsquo;adresses [\/vc_column_text][vc_raw_html]JTNDcCUzRURpc3BvbmlibGUlMjBhdmVjJTIwJTNBJTIwJTNDc3BhbiUyMGNsYXNzJTNEJTIydHlwZS1wcm9kdWN0LWluc2lkZSUyMiUzRSUzQ2klMjBjbGFzcyUzRCUyMmZhcyUyMGZhLWNpcmNsZSUyMGJsYWNrJTIyJTNFJTNDJTJGaSUzRSUyMEZvcmZhaXQlMjBpbmRpdmlkdWVsJTIwJTNDaSUyMGNsYXNzJTNEJTIyZmFzJTIwZmEtY2lyY2xlJTIwYmx1ZSUyMiUzRSUzQyUyRmklM0UlMjBGb3JmYWl0JTIwYWZmYWlyZXMlMjAlM0NpJTIwY2xhc3MlM0QlMjJmYXMlMjBmYS1jaXJjbGUlMjBvcmFuZ2UlMjIlM0UlM0MlMkZpJTNFJTIwRm9yZmFpdCUyMGVudHJlcHJpc2UlM0MlMkZzcGFuJTNFJTNDJTJGcCUzRQ==[\/vc_raw_html][vc_column_text]La gestion du carnet d\u2019adresses peut \u00eatre facilit\u00e9e par l\u2019importation d\u2019un fichier CSV avec les informations des contacts \u00e0 ajouter. Le tout se fait g\u00e9n\u00e9ralement en deux \u00e9tapes. \u00c9tape 1: T\u00e9l\u00e9chargement du gabarit et&hellip;<\/p>\n","protected":false},"author":21,"featured_media":0,"parent":0,"menu_order":0,"comment_status":"closed","ping_status":"closed","template":"","meta":{"footnotes":""},"class_list":["post-1653","page","type-page","status-publish","hentry","description-off"],"_links":{"self":[{"href":"https:\/\/consignocloud.com\/fr\/wp-json\/wp\/v2\/pages\/1653","targetHints":{"allow":["GET"]}}],"collection":[{"href":"https:\/\/consignocloud.com\/fr\/wp-json\/wp\/v2\/pages"}],"about":[{"href":"https:\/\/consignocloud.com\/fr\/wp-json\/wp\/v2\/types\/page"}],"author":[{"embeddable":true,"href":"https:\/\/consignocloud.com\/fr\/wp-json\/wp\/v2\/users\/21"}],"replies":[{"embeddable":true,"href":"https:\/\/consignocloud.com\/fr\/wp-json\/wp\/v2\/comments?post=1653"}],"version-history":[{"count":0,"href":"https:\/\/consignocloud.com\/fr\/wp-json\/wp\/v2\/pages\/1653\/revisions"}],"wp:attachment":[{"href":"https:\/\/consignocloud.com\/fr\/wp-json\/wp\/v2\/media?parent=1653"}],"curies":[{"name":"wp","href":"https:\/\/api.w.org\/{rel}","templated":true}]}}