{"id":1628,"date":"2020-01-27T14:16:19","date_gmt":"2020-01-27T19:16:19","guid":{"rendered":"http:\/\/consignostage.wpenginepowered.com\/?page_id=1628"},"modified":"2020-06-23T11:15:18","modified_gmt":"2020-06-23T16:15:18","slug":"envoyer-des-projets-en-lot","status":"publish","type":"page","link":"https:\/\/consignocloud.com\/fr\/envoyer-des-projets-en-lot\/","title":{"rendered":"Envoyer des projets en lot"},"content":{"rendered":"<div class=\"wpb-content-wrapper\"><p>[vc_row el_class=\u00a0\u00bbhelp-text-block\u00a0\u00bb][vc_column][vc_column_text el_class=\u00a0\u00bbhelp-title\u00a0\u00bb]<\/p>\n<h1 style=\"text-align: center;\">AIDE<\/h1>\n<p>[\/vc_column_text][vc_column_text el_class=\u00a0\u00bbhelp-subtitle\u00a0\u00bb]<\/p>\n<h2 style=\"text-align: center;\">Guide d\u2019utilisation de ConsignO Cloud<\/h2>\n<p>[\/vc_column_text][\/vc_column][\/vc_row][vc_row el_class=\u00a0\u00bbhelp-text-block\u00a0\u00bb][vc_column][vc_column_text el_class=\u00a0\u00bbhelp-title-text\u00a0\u00bb]<\/p>\n<h3 style=\"text-align: center;\">Envoyer des projets en lot<\/h3>\n<p>[\/vc_column_text][vc_raw_html]JTNDcCUzRURpc3BvbmlibGUlMjBhdmVjJTIwJTNBJTIwJTNDc3BhbiUyMGNsYXNzJTNEJTIydHlwZS1wcm9kdWN0LWluc2lkZSUyMiUzRSUyMCUzQ2klMjBjbGFzcyUzRCUyMmZhcyUyMGZhLWNpcmNsZSUyMGJsdWUlMjIlM0UlM0MlMkZpJTNFJTIwRm9yZmFpdHMlMjBhZmZhaXJlcyUyMDUlMjBldCUyMDIwJTIwJTNDaSUyMGNsYXNzJTNEJTIyZmFzJTIwZmEtY2lyY2xlJTIwb3JhbmdlJTIyJTNFJTNDJTJGaSUzRSUyMEZvcmZhaXQlMjBlbnRyZXByaXNlJTNDJTJGc3BhbiUzRSUzQyUyRnAlM0U=[\/vc_raw_html][vc_column_text]L&rsquo;envoi en lot de projets permet d&rsquo;envoyer plusieurs projets de signature, utilisant le ou les m\u00eames documents, \u00e0 une liste de signataires.<\/p>\n<p>Pour d\u00e9marrer, dirigez-vous sur le tableau de bord <strong>Mes projets en lot<\/strong> en le s\u00e9lectionnant \u00e0 partir de la barre lat\u00e9rale gauche.[\/vc_column_text][vc_column_text el_class=\u00a0\u00bbhelp-highlights-title\u00a0\u00bb]<\/p>\n<h3><strong>CR\u00c9ATION DE LA LISTE DES SIGNATAIRES<\/strong><\/h3>\n<p>[\/vc_column_text][vc_column_text]La premi\u00e8re \u00e9tape est de cr\u00e9er un projet en lot en cliquant sur le bouton \u00ab Nouveau projet en lot \u00bb :[\/vc_column_text][vc_single_image image=\u00a0\u00bb1606&Prime; img_size=\u00a0\u00bbfull\u00a0\u00bb el_class=\u00a0\u00bbhelp-highlights-img\u00a0\u00bb][vc_column_text]La page de cr\u00e9ation des projets en lot est similaire a la page de cr\u00e9ation d\u2019un projet individuel. Cependant, ici, vous avez de nouvelles fonctions sp\u00e9cifiques \u00e0 l\u2019envoi en lot.<\/p>\n<p>Vous pouvez commencer par importer une liste de destinataires \u00e0 qui s&rsquo;adressera les projets de signatures issus. Pour ce faire, cliquez sur \u00ab <strong>Signataires en lot <\/strong>\u00bb. Cette fonction vous permettra de t\u00e9l\u00e9charger un gabarit CSV \u00e0 partir duquel vous pourrez d\u00e9finir la liste des signataires \u00e0 inclure. Lorsque votre fichier CSV de contacts est pr\u00eat, s\u00e9lectionnez-le pour importer la liste de destinataire.[\/vc_column_text][vc_column_text el_class=\u00a0\u00bbhelp-highlights-txt\u00a0\u00bb]<em><img loading=\"lazy\" decoding=\"async\" class=\"alignnone size-full wp-image-870\" src=\"http:\/\/consignocloud.com\/wp-content\/uploads\/2019\/02\/icon-infos-small.png\" alt=\"\" width=\"16\" height=\"16\" \/><\/em> <strong>Astuce<\/strong> : si vos destinataires sont d\u00e9j\u00e0 dans votre carnet d&rsquo;adresses, utilisez la fonction d&rsquo;export CSV disponible \u00e0 partir de ce dernier pour cr\u00e9er votre fichier CSV.[\/vc_column_text][vc_single_image image=\u00a0\u00bb1608&Prime; img_size=\u00a0\u00bbfull\u00a0\u00bb el_class=\u00a0\u00bbhelp-highlights-img\u00a0\u00bb][vc_column_text]La liste ajout\u00e9e contiendra tous les destinataires pour ce projet en lot et un projet de signature sera cr\u00e9\u00e9 pour chaque destinataire :[\/vc_column_text][vc_single_image image=\u00a0\u00bb1610&Prime; img_size=\u00a0\u00bbfull\u00a0\u00bb el_class=\u00a0\u00bbhelp-highlights-img\u00a0\u00bb][vc_column_text]Faites glisser la zone sur le document \u00e0 l&rsquo;endroit ou vous souhaiter voir appara\u00eetre la signature. Vous allez lire \u00abPr\u00e9nom Nom\u00bb. Le pr\u00e9nom et le nom seront mis \u00e0 jour dynamiquement dans chaque projet :[\/vc_column_text][vc_single_image image=\u00a0\u00bb1612&Prime; img_size=\u00a0\u00bbfull\u00a0\u00bb el_class=\u00a0\u00bbhelp-highlights-img\u00a0\u00bb][vc_column_text el_class=\u00a0\u00bbhelp-highlights-title\u00a0\u00bb]<\/p>\n<h3><strong>OPTION : AJOUTER UN SIGNATAIRE STATIQUE<\/strong><\/h3>\n<p>[\/vc_column_text][vc_column_text]Si vous souhaitez ajouter un signataire qui sera toujours le m\u00eame dans tous les projets individuels lanc\u00e9s \u00e0 partir de ce projet en lot, cliquez sur la fl\u00e8che \u00e0 la suite de \u00ab <strong>Signataires en lot<\/strong> \u00bb pour afficher l&rsquo;option \u00ab <strong>Signataires<\/strong> \u00bb :[\/vc_column_text][vc_single_image image=\u00a0\u00bb1614&Prime; img_size=\u00a0\u00bbfull\u00a0\u00bb el_class=\u00a0\u00bbhelp-highlights-img\u00a0\u00bb][vc_column_text]S\u00e9lectionnez un signataire dans votre carnet d&rsquo;adresses et d\u00e9posez-le \u00e0 l&#8217;emplacement souhait\u00e9 sur le document :[\/vc_column_text][vc_single_image image=\u00a0\u00bb1616&Prime; img_size=\u00a0\u00bbfull\u00a0\u00bb el_class=\u00a0\u00bbhelp-highlights-img\u00a0\u00bb][vc_column_text el_class=\u00a0\u00bbhelp-highlights-title\u00a0\u00bb]<\/p>\n<h3><strong>OPTION : AJOUT DE CHAMPS DE TEXTE<\/strong><\/h3>\n<p>[\/vc_column_text][vc_column_text]Vous pouvez \u00e9galement ajouter des champs de texte qui s&rsquo;assigneront \u00e0 tous les participants d&rsquo;une liste donn\u00e9e de votre projet en lot. Pour ce faire, vous pouvez soit :<\/p>\n<ol>\n<li>Assigner un champ de texte \u00e0 la liste de signataires d\u00e9j\u00e0 cr\u00e9\u00e9e en s\u00e9lectionnant l&rsquo;option \u00ab\u00a0<strong>Ajouter un champ de texte en lot<\/strong>\u00a0\u00bb du menu d&rsquo;options situ\u00e9 \u00e0 la droite de la zone du signataire<\/li>\n<li>Utiliser une nouvelle liste de participants en important un nouveau fichier CSV via le bouton d&rsquo;action \u00ab <strong>Champs de texte en lot<\/strong> \u00bb<\/li>\n<\/ol>\n<p>[\/vc_column_text][vc_single_image image=\u00a0\u00bb1618&Prime; img_size=\u00a0\u00bbfull\u00a0\u00bb el_class=\u00a0\u00bbhelp-highlights-img\u00a0\u00bb][vc_column_text el_class=\u00a0\u00bbhelp-highlights-title\u00a0\u00bb]<\/p>\n<h3><strong>OPTION : PERSONNALISATION DU NOM DES PROJETS DE SIGNATURES<\/strong><\/h3>\n<p>[\/vc_column_text][vc_column_text]Un fois que vos listes de participants ont \u00e9t\u00e9 import\u00e9es, vous pouvez \u00e9galement personnaliser le nom des projets issus du projets en lot. Les noms et pr\u00e9noms figurant dans la liste s\u00e9lectionn\u00e9e appara\u00eetront dans tous les projets individuels et dans les lignes d&rsquo;objet des courriels de notifications.<\/p>\n<p>L\u2019action est assez simple, cliquez sur le bouton \u00ab <strong>Champ de fusion<\/strong> \u00bb situ\u00e9 \u00e0 la droite du nom du projet et s\u00e9lectionn\u00e9 la liste \u00e0 utiliser pour personnaliser le titre de chaque projet :[\/vc_column_text][vc_single_image image=\u00a0\u00bb1620&Prime; img_size=\u00a0\u00bbfull\u00a0\u00bb el_class=\u00a0\u00bbhelp-highlights-img\u00a0\u00bb][vc_single_image image=\u00a0\u00bb1622&Prime; img_size=\u00a0\u00bbfull\u00a0\u00bb el_class=\u00a0\u00bbhelp-highlights-img\u00a0\u00bb][vc_column_text el_class=\u00a0\u00bbhelp-highlights-title\u00a0\u00bb]<\/p>\n<h3>GESTION DES PROJETS EN LOT<\/h3>\n<p>[\/vc_column_text][vc_column_text]Apr\u00e8s le lancement de votre projet, un seul projet en lot appara\u00eetra dans la page <strong>Mes projets en lot<\/strong> et chaque projet individuel en d\u00e9coulant sera disponible dans la page <strong>Mes projets<\/strong>. Vous pouvez les g\u00e9rer individuellement sans aucune restriction ou d\u00e9pendance \u00e0 leur projet parent.<\/p>\n<p><strong>Mes projets en lot<\/strong> :[\/vc_column_text][vc_single_image image=\u00a0\u00bb1624&Prime; img_size=\u00a0\u00bbfull\u00a0\u00bb el_class=\u00a0\u00bbhelp-highlights-img\u00a0\u00bb][vc_column_text]<strong>Mes projets individuels<\/strong> :[\/vc_column_text][vc_single_image image=\u00a0\u00bb1626&Prime; img_size=\u00a0\u00bbfull\u00a0\u00bb el_class=\u00a0\u00bbhelp-highlights-img\u00a0\u00bb][vc_empty_space height=\u00a0\u00bb80px\u00a0\u00bb][\/vc_column][\/vc_row]<\/p>\n<\/div>","protected":false},"excerpt":{"rendered":"<p>[vc_row el_class=\u00a0\u00bbhelp-text-block\u00a0\u00bb][vc_column][vc_column_text el_class=\u00a0\u00bbhelp-title\u00a0\u00bb] AIDE [\/vc_column_text][vc_column_text el_class=\u00a0\u00bbhelp-subtitle\u00a0\u00bb] Guide d\u2019utilisation de ConsignO Cloud [\/vc_column_text][\/vc_column][\/vc_row][vc_row el_class=\u00a0\u00bbhelp-text-block\u00a0\u00bb][vc_column][vc_column_text el_class=\u00a0\u00bbhelp-title-text\u00a0\u00bb] Envoyer des projets en lot [\/vc_column_text][vc_raw_html]JTNDcCUzRURpc3BvbmlibGUlMjBhdmVjJTIwJTNBJTIwJTNDc3BhbiUyMGNsYXNzJTNEJTIydHlwZS1wcm9kdWN0LWluc2lkZSUyMiUzRSUyMCUzQ2klMjBjbGFzcyUzRCUyMmZhcyUyMGZhLWNpcmNsZSUyMGJsdWUlMjIlM0UlM0MlMkZpJTNFJTIwRm9yZmFpdHMlMjBhZmZhaXJlcyUyMDUlMjBldCUyMDIwJTIwJTNDaSUyMGNsYXNzJTNEJTIyZmFzJTIwZmEtY2lyY2xlJTIwb3JhbmdlJTIyJTNFJTNDJTJGaSUzRSUyMEZvcmZhaXQlMjBlbnRyZXByaXNlJTNDJTJGc3BhbiUzRSUzQyUyRnAlM0U=[\/vc_raw_html][vc_column_text]L&rsquo;envoi en lot de projets permet d&rsquo;envoyer plusieurs projets de signature, utilisant le ou les m\u00eames documents, \u00e0 une liste de signataires. Pour d\u00e9marrer, dirigez-vous sur le tableau de bord Mes projets en lot en le&hellip;<\/p>\n","protected":false},"author":33,"featured_media":0,"parent":0,"menu_order":0,"comment_status":"closed","ping_status":"closed","template":"","meta":{"footnotes":""},"class_list":["post-1628","page","type-page","status-publish","hentry","description-off"],"_links":{"self":[{"href":"https:\/\/consignocloud.com\/fr\/wp-json\/wp\/v2\/pages\/1628","targetHints":{"allow":["GET"]}}],"collection":[{"href":"https:\/\/consignocloud.com\/fr\/wp-json\/wp\/v2\/pages"}],"about":[{"href":"https:\/\/consignocloud.com\/fr\/wp-json\/wp\/v2\/types\/page"}],"author":[{"embeddable":true,"href":"https:\/\/consignocloud.com\/fr\/wp-json\/wp\/v2\/users\/33"}],"replies":[{"embeddable":true,"href":"https:\/\/consignocloud.com\/fr\/wp-json\/wp\/v2\/comments?post=1628"}],"version-history":[{"count":0,"href":"https:\/\/consignocloud.com\/fr\/wp-json\/wp\/v2\/pages\/1628\/revisions"}],"wp:attachment":[{"href":"https:\/\/consignocloud.com\/fr\/wp-json\/wp\/v2\/media?parent=1628"}],"curies":[{"name":"wp","href":"https:\/\/api.w.org\/{rel}","templated":true}]}}