{"id":1125,"date":"2019-02-02T01:56:17","date_gmt":"2019-02-02T01:56:17","guid":{"rendered":"http:\/\/consignostage.wpenginepowered.com\/?page_id=1125"},"modified":"2021-01-28T11:03:41","modified_gmt":"2021-01-28T16:03:41","slug":"lacces-a-lapi","status":"publish","type":"page","link":"https:\/\/consignocloud.com\/fr\/lacces-a-lapi\/","title":{"rendered":"L\u2019acc\u00e8s \u00e0 l\u2019API"},"content":{"rendered":"<div class=\"wpb-content-wrapper\"><p>[vc_row el_class=\u00a0\u00bbhelp-text-block\u00a0\u00bb][vc_column][vc_column_text el_class=\u00a0\u00bbhelp-title\u00a0\u00bb]<\/p>\n<h1 style=\"text-align: center;\">AIDE<\/h1>\n<p>[\/vc_column_text][vc_column_text el_class=\u00a0\u00bbhelp-subtitle\u00a0\u00bb]<\/p>\n<h2 style=\"text-align: center;\">Guide d\u2019utilisation de ConsignO Cloud<\/h2>\n<p>[\/vc_column_text][\/vc_column][\/vc_row][vc_row el_class=\u00a0\u00bbhelp-text-block\u00a0\u00bb][vc_column][vc_column_text el_class=\u00a0\u00bbhelp-title-text\u00a0\u00bb]<\/p>\n<h3 style=\"text-align: center;\">L&rsquo;acc\u00e8s \u00e0 l&rsquo;API<\/h3>\n<p>[\/vc_column_text][vc_raw_html]JTNDcCUzRURpc3BvbmlibGUlMjBhdmVjJTIwJTNBJTIwJTNDc3BhbiUyMGNsYXNzJTNEJTIydHlwZS1wcm9kdWN0LWluc2lkZSUyMiUzRSUzQ2klMjBjbGFzcyUzRCUyMmZhcyUyMGZhLWNpcmNsZSUyMG9yYW5nZSUyMiUzRSUzQyUyRmklM0UlMjBGb3JmYWl0JTIwZW50cmVwcmlzZSUzQyUyRnNwYW4lM0UlM0MlMkZwJTNF[\/vc_raw_html][vc_column_text]Pour pouvoir acc\u00e9der \u00e0 l&rsquo;API, la plateforme doit s&rsquo;authentifier \u00e0 l\u2019aide d\u2019une cl\u00e9 d&rsquo;authentification et d\u2019un code secret. Si vous d\u00e9tenez un r\u00f4le Administrateur ou Gestionnaire, vous pouvez acc\u00e9der \u00e0 l&rsquo;option <strong>Mon organisation<\/strong> depuis le menu principal afin d\u2019obtenir une telle combinaison cl\u00e9-secret.[\/vc_column_text][vc_single_image image=\u00a0\u00bb1126&Prime; img_size=\u00a0\u00bbfull\u00a0\u00bb el_class=\u00a0\u00bbhelp-highlights-img\u00a0\u00bb][vc_column_text]Au bas de la page Mon organisation se trouve une section API o\u00f9 vous pouvez g\u00e9n\u00e9rer la combinaison cl\u00e9-secret. Pour obtenir cette combinaison, appuyez sur\u00a0<strong>G\u00e9n\u00e9rer<\/strong>\u00a0<strong>une cl\u00e9 d&rsquo;API<\/strong>.[\/vc_column_text][vc_single_image image=\u00a0\u00bb1128&Prime; img_size=\u00a0\u00bbfull\u00a0\u00bb el_class=\u00a0\u00bbhelp-highlights-img\u00a0\u00bb][vc_column_text]Entrez ensuite le nom de la plateforme qui utilisera l&rsquo;API ainsi que l\u2019adresse de courriel qui sera utilis\u00e9e pour communiquer avec les signataires, puis appuyez sur <strong>G\u00e9n\u00e9rer<\/strong>.[\/vc_column_text][vc_single_image image=\u00a0\u00bb1130&Prime; img_size=\u00a0\u00bbfull\u00a0\u00bb el_class=\u00a0\u00bbhelp-highlights-img\u00a0\u00bb][vc_column_text]Une combinaison cl\u00e9-secret vous sera alors pr\u00e9sent\u00e9e. Assurez-vous de copier le secret \u00e0 cette \u00e9tape afin de pouvoir authentifier la plateforme. Une fois le secret sauvegard\u00e9, il ne sera plus possible de le voir.[\/vc_column_text][vc_single_image image=\u00a0\u00bb1132&Prime; img_size=\u00a0\u00bbfull\u00a0\u00bb el_class=\u00a0\u00bbhelp-highlights-img\u00a0\u00bb][vc_column_text]Vous resterez toutefois en mesure de modifier le nom de la plateforme et l\u2019adresse de courriel associ\u00e9e en cliquant sur l&rsquo;ic\u00f4ne du <strong>crayon<\/strong>.[\/vc_column_text][vc_single_image image=\u00a0\u00bb1134&Prime; img_size=\u00a0\u00bbfull\u00a0\u00bb el_class=\u00a0\u00bbhelp-highlights-img\u00a0\u00bb][vc_column_text]Pour g\u00e9n\u00e9rer une nouvelle combinaison cl\u00e9-secret, cliquez simplement sur l&rsquo;ic\u00f4ne de la <strong>cl\u00e9<\/strong>, puis sur <strong>G\u00e9n\u00e9rer<\/strong>. Une nouvelle combinaison vous sera fournie, mais la pr\u00e9c\u00e9dente ne sera plus valide.[\/vc_column_text][vc_single_image image=\u00a0\u00bb1136&Prime; img_size=\u00a0\u00bbfull\u00a0\u00bb el_class=\u00a0\u00bbhelp-highlights-img\u00a0\u00bb][vc_column_text]Pour plus d&rsquo;information sur l&rsquo;API de ConsignO Cloud, consultez la page suivante :<\/p>\n<p><a href=\"https:\/\/support.notarius.com\/wp-content\/uploads\/api\/consigno-cloud-api-en.html\">Documentation sur l&rsquo;API ConsignO Cloud (en anglais seulement)<\/a>[\/vc_column_text][vc_empty_space height=\u00a0\u00bb80px\u00a0\u00bb][\/vc_column][\/vc_row]<\/p>\n<\/div>","protected":false},"excerpt":{"rendered":"<p>[vc_row el_class=\u00a0\u00bbhelp-text-block\u00a0\u00bb][vc_column][vc_column_text el_class=\u00a0\u00bbhelp-title\u00a0\u00bb] AIDE [\/vc_column_text][vc_column_text el_class=\u00a0\u00bbhelp-subtitle\u00a0\u00bb] Guide d\u2019utilisation de ConsignO Cloud [\/vc_column_text][\/vc_column][\/vc_row][vc_row el_class=\u00a0\u00bbhelp-text-block\u00a0\u00bb][vc_column][vc_column_text el_class=\u00a0\u00bbhelp-title-text\u00a0\u00bb] L&rsquo;acc\u00e8s \u00e0 l&rsquo;API [\/vc_column_text][vc_raw_html]JTNDcCUzRURpc3BvbmlibGUlMjBhdmVjJTIwJTNBJTIwJTNDc3BhbiUyMGNsYXNzJTNEJTIydHlwZS1wcm9kdWN0LWluc2lkZSUyMiUzRSUzQ2klMjBjbGFzcyUzRCUyMmZhcyUyMGZhLWNpcmNsZSUyMG9yYW5nZSUyMiUzRSUzQyUyRmklM0UlMjBGb3JmYWl0JTIwZW50cmVwcmlzZSUzQyUyRnNwYW4lM0UlM0MlMkZwJTNF[\/vc_raw_html][vc_column_text]Pour pouvoir acc\u00e9der \u00e0 l&rsquo;API, la plateforme doit s&rsquo;authentifier \u00e0 l\u2019aide d\u2019une cl\u00e9 d&rsquo;authentification et d\u2019un code secret. Si vous d\u00e9tenez un r\u00f4le Administrateur ou Gestionnaire, vous pouvez acc\u00e9der \u00e0 l&rsquo;option Mon organisation depuis le menu principal afin&hellip;<\/p>\n","protected":false},"author":7,"featured_media":0,"parent":0,"menu_order":0,"comment_status":"closed","ping_status":"closed","template":"","meta":{"footnotes":""},"class_list":["post-1125","page","type-page","status-publish","hentry","description-off"],"_links":{"self":[{"href":"https:\/\/consignocloud.com\/fr\/wp-json\/wp\/v2\/pages\/1125","targetHints":{"allow":["GET"]}}],"collection":[{"href":"https:\/\/consignocloud.com\/fr\/wp-json\/wp\/v2\/pages"}],"about":[{"href":"https:\/\/consignocloud.com\/fr\/wp-json\/wp\/v2\/types\/page"}],"author":[{"embeddable":true,"href":"https:\/\/consignocloud.com\/fr\/wp-json\/wp\/v2\/users\/7"}],"replies":[{"embeddable":true,"href":"https:\/\/consignocloud.com\/fr\/wp-json\/wp\/v2\/comments?post=1125"}],"version-history":[{"count":0,"href":"https:\/\/consignocloud.com\/fr\/wp-json\/wp\/v2\/pages\/1125\/revisions"}],"wp:attachment":[{"href":"https:\/\/consignocloud.com\/fr\/wp-json\/wp\/v2\/media?parent=1125"}],"curies":[{"name":"wp","href":"https:\/\/api.w.org\/{rel}","templated":true}]}}