{"id":1092,"date":"2019-02-02T01:45:00","date_gmt":"2019-02-02T01:45:00","guid":{"rendered":"http:\/\/consignostage.wpenginepowered.com\/?page_id=1092"},"modified":"2021-04-16T15:30:19","modified_gmt":"2021-04-16T20:30:19","slug":"creer-des-groupes-et-partager-des-projets","status":"publish","type":"page","link":"https:\/\/consignocloud.com\/fr\/creer-des-groupes-et-partager-des-projets\/","title":{"rendered":"Cr\u00e9er des groupes et partager des projets"},"content":{"rendered":"<div class=\"wpb-content-wrapper\"><p>[vc_row el_class=\u00a0\u00bbhelp-text-block\u00a0\u00bb][vc_column][vc_column_text el_class=\u00a0\u00bbhelp-title\u00a0\u00bb]<\/p>\n<h1 style=\"text-align: center;\">AIDE<\/h1>\n<p>[\/vc_column_text][vc_column_text el_class=\u00a0\u00bbhelp-subtitle\u00a0\u00bb]<\/p>\n<h2 style=\"text-align: center;\">Guide d\u2019utilisation de ConsignO Cloud<\/h2>\n<p>[\/vc_column_text][\/vc_column][\/vc_row][vc_row el_class=\u00a0\u00bbhelp-text-block\u00a0\u00bb][vc_column][vc_column_text el_class=\u00a0\u00bbhelp-title-text\u00a0\u00bb]<\/p>\n<h3 style=\"text-align: center;\">Cr\u00e9er des groupes et partager des projets<\/h3>\n<p>[\/vc_column_text][vc_raw_html]JTNDcCUzRURpc3BvbmlibGUlMjBhdmVjJTIwJTNBJTIwJTNDc3BhbiUyMGNsYXNzJTNEJTIydHlwZS1wcm9kdWN0LWluc2lkZSUyMiUzRSUyMCUzQ2klMjBjbGFzcyUzRCUyMmZhcyUyMGZhLWNpcmNsZSUyMGJsdWUlMjIlM0UlM0MlMkZpJTNFJTIwRm9yZmFpdHMlMjBhZmZhaXJlcyUyMDUlMjBldCUyMDIwJTIwJTNDaSUyMGNsYXNzJTNEJTIyZmFzJTIwZmEtY2lyY2xlJTIwb3JhbmdlJTIyJTNFJTNDJTJGaSUzRSUyMEZvcmZhaXQlMjBlbnRyZXByaXNlJTNDJTJGc3BhbiUzRSUzQyUyRnAlM0U=[\/vc_raw_html][vc_column_text]La cr\u00e9ation d\u2019un groupe dans ConsignO Cloud permet de partager des projets, un carnet d&rsquo;adresses et des mod\u00e8les de projet entre plusieurs utilisateurs ou de simplement regrouper des projets de signature \u00e0 des fins de gestion. Vous pouvez <a href=\"https:\/\/consignocloud.com\/fr\/gerer-les-droits-dans-un-groupe\/\">g\u00e9rer les droits des utilisateurs d\u2019un groupe<\/a> en fonction des besoins li\u00e9s aux projets du groupe.[\/vc_column_text][vc_raw_html]JTNDYSUyMG5hbWUlM0QlMjJjcmVhdGlvbi11bi1ncm91cGUlMjIlMjBjbGFzcyUzRCUyMmFuY2hvci10b3AlMjIlM0UlM0MlMkZhJTNF[\/vc_raw_html][vc_column_text el_class=\u00a0\u00bbhelp-highlights-title\u00a0\u00bb]<\/p>\n<h3><strong>CR\u00c9ER UN GROUPE<\/strong><\/h3>\n<p>[\/vc_column_text][vc_column_text]1. \u00c0 partir du tableau de bord, cliquez sur le bouton <strong>Nouveau groupe<\/strong>.[\/vc_column_text][vc_single_image image=\u00a0\u00bb1093&Prime; img_size=\u00a0\u00bbfull\u00a0\u00bb el_class=\u00a0\u00bbhelp-highlights-img\u00a0\u00bb][vc_column_text]2. <strong>Nommez<\/strong>\u00a0le groupe, puis\u00a0<strong>ajoutez<\/strong>\u00a0un ou des utilisateurs de l\u2019organisation.[\/vc_column_text][vc_single_image image=\u00a0\u00bb1095&Prime; img_size=\u00a0\u00bbfull\u00a0\u00bb el_class=\u00a0\u00bbhelp-highlights-img\u00a0\u00bb][vc_single_image image=\u00a0\u00bb1097&Prime; img_size=\u00a0\u00bbfull\u00a0\u00bb el_class=\u00a0\u00bbhelp-highlights-img\u00a0\u00bb][vc_column_text]3. Cliquez sur l&rsquo;ic\u00f4ne du\u00a0<strong>crayon<\/strong> pour afficher la page des niveaux de droits de l\u2019utilisateur s\u00e9lectionn\u00e9.[\/vc_column_text][vc_single_image image=\u00a0\u00bb1099&Prime; img_size=\u00a0\u00bbfull\u00a0\u00bb el_class=\u00a0\u00bbhelp-highlights-img\u00a0\u00bb][vc_column_text]4. S\u00e9lectionnez le niveau de droits que vous voulez accorder \u00e0 l&rsquo;utilisateur, puis cliquez sur <strong>Sauvegarder<\/strong>.[\/vc_column_text][vc_single_image image=\u00a0\u00bb2064&Prime; img_size=\u00a0\u00bbfull\u00a0\u00bb el_class=\u00a0\u00bbhelp-highlights-img\u00a0\u00bb][vc_column_text]5. Cliquez sur <strong>Cr\u00e9er<\/strong>\u00a0pour terminer la cr\u00e9ation de votre groupe.[\/vc_column_text][vc_single_image image=\u00a0\u00bb1103&Prime; img_size=\u00a0\u00bbfull\u00a0\u00bb el_class=\u00a0\u00bbhelp-highlights-img\u00a0\u00bb][vc_column_text el_class=\u00a0\u00bbhelp-highlights-title\u00a0\u00bb]<\/p>\n<h3><strong>MODIFIER UN GROUPE EXISTANT<\/strong><\/h3>\n<p>[\/vc_column_text][vc_column_text]1. Cliquez sur l&rsquo;ic\u00f4ne du\u00a0<strong>crayon<\/strong>\u00a0afin de modifier les informations relatives au groupe.[\/vc_column_text][vc_single_image image=\u00a0\u00bb1105&Prime; img_size=\u00a0\u00bbfull\u00a0\u00bb el_class=\u00a0\u00bbhelp-highlights-img\u00a0\u00bb][vc_column_text]2.\u00a0Modifiez le nom du groupe ou l\u2019information sur les utilisateurs, puis cliquez sur\u00a0<strong>Sauvegarder<\/strong>\u00a0pour appliquer les changements.[\/vc_column_text][vc_single_image image=\u00a0\u00bb1107&Prime; img_size=\u00a0\u00bbfull\u00a0\u00bb el_class=\u00a0\u00bbhelp-highlights-img\u00a0\u00bb][vc_column_text el_class=\u00a0\u00bbhelp-highlights-title\u00a0\u00bb]<\/p>\n<h3><strong>SUPPRIMER UN GROUPE EXISTANT<\/strong><\/h3>\n<p>[\/vc_column_text][vc_column_text]1. Cliquez sur la\u00a0<strong>corbeille<\/strong>\u00a0afin de supprimer un groupe.[\/vc_column_text][vc_single_image image=\u00a0\u00bb1109&Prime; img_size=\u00a0\u00bbfull\u00a0\u00bb el_class=\u00a0\u00bbhelp-highlights-img\u00a0\u00bb][vc_raw_html]JTNDYSUyMG5hbWUlM0QlMjJwYXJ0YWdlci1wcm9qZXRzJTIyJTIwY2xhc3MlM0QlMjJhbmNob3ItdG9wJTIyJTNFJTNDJTJGYSUzRQ==[\/vc_raw_html][vc_column_text]<\/p>\n<h3><strong>ASSIGNER UN PROJET \u00c0 UN AUTRE GROUPE<\/strong><\/h3>\n<p>[\/vc_column_text][vc_column_text]1. Pour<u> assigner un projet\u00a0en cours\u00a0\u00e0 un autre groupe<\/u>, cliquez sur l&rsquo;ic\u00f4ne du\u00a0<strong>crayon<\/strong>.[\/vc_column_text][vc_single_image image=\u00a0\u00bb1111&Prime; img_size=\u00a0\u00bbfull\u00a0\u00bb el_class=\u00a0\u00bbhelp-highlights-img\u00a0\u00bb][vc_column_text]2. Cliquez ensuite sur la\u00a0<strong>fl\u00e8che\u00a0<\/strong>\u00e0 droite du nom du groupe actuel, puis s\u00e9lectionnez le\u00a0groupe auquel vous souhaitez assigner le projet.[\/vc_column_text][vc_single_image image=\u00a0\u00bb1113&Prime; img_size=\u00a0\u00bbfull\u00a0\u00bb el_class=\u00a0\u00bbhelp-highlights-img\u00a0\u00bb][vc_single_image image=\u00a0\u00bb1115&Prime; img_size=\u00a0\u00bbfull\u00a0\u00bb el_class=\u00a0\u00bbhelp-highlights-img\u00a0\u00bb][vc_column_text]3. Une fois le nouveau groupe s\u00e9lectionn\u00e9, cliquez sur\u00a0<strong>Appliquer<\/strong>.[\/vc_column_text][vc_single_image image=\u00a0\u00bb1117&Prime; img_size=\u00a0\u00bbfull\u00a0\u00bb el_class=\u00a0\u00bbhelp-highlights-img\u00a0\u00bb][vc_column_text]Le projet ne s\u2019affiche plus dans les projets de l\u2019ancien groupe.[\/vc_column_text][vc_single_image image=\u00a0\u00bb1119&Prime; img_size=\u00a0\u00bbfull\u00a0\u00bb el_class=\u00a0\u00bbhelp-highlights-img\u00a0\u00bb][vc_column_text]4. Le projet s\u2019affiche d\u00e9sormais <u>dans les projets du nouveau groupe<\/u>. Pour afficher les projets du nouveau groupe, cliquez sur la\u00a0<strong>fl\u00e8che<\/strong>\u00a0du menu d\u00e9roulant vous permettant de s\u00e9lectionner un groupe depuis le tableau de bord, puis s\u00e9lectionnez le nom du nouveau groupe.[\/vc_column_text][vc_single_image image=\u00a0\u00bb1121&Prime; img_size=\u00a0\u00bbfull\u00a0\u00bb el_class=\u00a0\u00bbhelp-highlights-img\u00a0\u00bb][vc_single_image image=\u00a0\u00bb1123&Prime; img_size=\u00a0\u00bbfull\u00a0\u00bb el_class=\u00a0\u00bbhelp-highlights-img\u00a0\u00bb][vc_empty_space height=\u00a0\u00bb80px\u00a0\u00bb][\/vc_column][\/vc_row]<\/p>\n<\/div>","protected":false},"excerpt":{"rendered":"<p>[vc_row el_class=\u00a0\u00bbhelp-text-block\u00a0\u00bb][vc_column][vc_column_text el_class=\u00a0\u00bbhelp-title\u00a0\u00bb] AIDE [\/vc_column_text][vc_column_text el_class=\u00a0\u00bbhelp-subtitle\u00a0\u00bb] Guide d\u2019utilisation de ConsignO Cloud [\/vc_column_text][\/vc_column][\/vc_row][vc_row el_class=\u00a0\u00bbhelp-text-block\u00a0\u00bb][vc_column][vc_column_text el_class=\u00a0\u00bbhelp-title-text\u00a0\u00bb] Cr\u00e9er des groupes et partager des projets [\/vc_column_text][vc_raw_html]JTNDcCUzRURpc3BvbmlibGUlMjBhdmVjJTIwJTNBJTIwJTNDc3BhbiUyMGNsYXNzJTNEJTIydHlwZS1wcm9kdWN0LWluc2lkZSUyMiUzRSUyMCUzQ2klMjBjbGFzcyUzRCUyMmZhcyUyMGZhLWNpcmNsZSUyMGJsdWUlMjIlM0UlM0MlMkZpJTNFJTIwRm9yZmFpdHMlMjBhZmZhaXJlcyUyMDUlMjBldCUyMDIwJTIwJTNDaSUyMGNsYXNzJTNEJTIyZmFzJTIwZmEtY2lyY2xlJTIwb3JhbmdlJTIyJTNFJTNDJTJGaSUzRSUyMEZvcmZhaXQlMjBlbnRyZXByaXNlJTNDJTJGc3BhbiUzRSUzQyUyRnAlM0U=[\/vc_raw_html][vc_column_text]La cr\u00e9ation d\u2019un groupe dans ConsignO Cloud permet de partager des projets, un carnet d&rsquo;adresses et des mod\u00e8les de projet entre plusieurs utilisateurs ou de simplement regrouper des projets de signature \u00e0 des fins&hellip;<\/p>\n","protected":false},"author":7,"featured_media":0,"parent":0,"menu_order":0,"comment_status":"closed","ping_status":"closed","template":"","meta":{"footnotes":""},"class_list":["post-1092","page","type-page","status-publish","hentry","description-off"],"_links":{"self":[{"href":"https:\/\/consignocloud.com\/fr\/wp-json\/wp\/v2\/pages\/1092","targetHints":{"allow":["GET"]}}],"collection":[{"href":"https:\/\/consignocloud.com\/fr\/wp-json\/wp\/v2\/pages"}],"about":[{"href":"https:\/\/consignocloud.com\/fr\/wp-json\/wp\/v2\/types\/page"}],"author":[{"embeddable":true,"href":"https:\/\/consignocloud.com\/fr\/wp-json\/wp\/v2\/users\/7"}],"replies":[{"embeddable":true,"href":"https:\/\/consignocloud.com\/fr\/wp-json\/wp\/v2\/comments?post=1092"}],"version-history":[{"count":0,"href":"https:\/\/consignocloud.com\/fr\/wp-json\/wp\/v2\/pages\/1092\/revisions"}],"wp:attachment":[{"href":"https:\/\/consignocloud.com\/fr\/wp-json\/wp\/v2\/media?parent=1092"}],"curies":[{"name":"wp","href":"https:\/\/api.w.org\/{rel}","templated":true}]}}