{"id":1085,"date":"2019-02-02T01:13:11","date_gmt":"2019-02-02T01:13:11","guid":{"rendered":"http:\/\/consignostage.wpenginepowered.com\/?page_id=1085"},"modified":"2021-04-21T08:25:24","modified_gmt":"2021-04-21T13:25:24","slug":"gerer-les-droits-dans-un-groupe","status":"publish","type":"page","link":"https:\/\/consignocloud.com\/fr\/gerer-les-droits-dans-un-groupe\/","title":{"rendered":"G\u00e9rer les droits dans un groupe"},"content":{"rendered":"<div class=\"wpb-content-wrapper\"><p>[vc_row el_class=\u00a0\u00bbhelp-text-block\u00a0\u00bb][vc_column][vc_column_text el_class=\u00a0\u00bbhelp-title\u00a0\u00bb]<\/p>\n<h1 style=\"text-align: center;\">AIDE<\/h1>\n<p>[\/vc_column_text][vc_column_text el_class=\u00a0\u00bbhelp-subtitle\u00a0\u00bb]<\/p>\n<h2 style=\"text-align: center;\">Guide d\u2019utilisation de ConsignO Cloud<\/h2>\n<p>[\/vc_column_text][\/vc_column][\/vc_row][vc_row el_class=\u00a0\u00bbhelp-text-block\u00a0\u00bb][vc_column][vc_column_text el_class=\u00a0\u00bbhelp-title-text\u00a0\u00bb]<\/p>\n<h3 style=\"text-align: center;\">G\u00e9rer les droits dans un groupe<\/h3>\n<p>[\/vc_column_text][vc_raw_html]JTNDcCUzRURpc3BvbmlibGUlMjBhdmVjJTIwJTNBJTIwJTNDc3BhbiUyMGNsYXNzJTNEJTIydHlwZS1wcm9kdWN0LWluc2lkZSUyMiUzRSUyMCUzQ2klMjBjbGFzcyUzRCUyMmZhcyUyMGZhLWNpcmNsZSUyMGJsdWUlMjIlM0UlM0MlMkZpJTNFJTIwRm9yZmFpdHMlMjBhZmZhaXJlcyUyMDUlMjBldCUyMDIwJTIwJTNDaSUyMGNsYXNzJTNEJTIyZmFzJTIwZmEtY2lyY2xlJTIwb3JhbmdlJTIyJTNFJTNDJTJGaSUzRSUyMEZvcmZhaXQlMjBlbnRyZXByaXNlJTNDJTJGc3BhbiUzRSUzQyUyRnAlM0U=[\/vc_raw_html][vc_column_text]Les utilisateurs d\u2019un groupe peuvent avoir des droits diff\u00e9rents en fonction des besoins li\u00e9s aux projets de signature. Si vous d\u00e9tenez un r\u00f4le Administrateur ou Gestionnaire, vous pouvez attribuer ou modifier le niveau de droits des utilisateurs d\u2019un groupe donn\u00e9.<\/p>\n<p>Pour assigner ou modifier les droits d\u2019un utilisateur, appuyez sur l&rsquo;ic\u00f4ne du <strong>crayon<\/strong> correspondant au groupe en question.[\/vc_column_text][vc_column_text el_class=\u00a0\u00bbhelp-highlights-txt\u00a0\u00bb]<em><img loading=\"lazy\" decoding=\"async\" class=\"alignnone size-full wp-image-871\" src=\"http:\/\/consignocloud.com\/wp-content\/uploads\/2019\/02\/icon-infos-small.png\" alt=\"\" width=\"16\" height=\"16\" \/><\/em>\u00a0Assurez-vous que l&rsquo;utilisateur fait bien partie du groupe.[\/vc_column_text][vc_single_image image=\u00a0\u00bb1086&Prime; img_size=\u00a0\u00bbfull\u00a0\u00bb el_class=\u00a0\u00bbhelp-highlights-img\u00a0\u00bb][vc_column_text]Une fois sur la page Modifier le groupe, s\u00e9lectionnez l&rsquo;ic\u00f4ne du <strong>crayon<\/strong> correspondant \u00e0 l&rsquo;utilisateur en question.[\/vc_column_text][vc_single_image image=\u00a0\u00bb1088&Prime; img_size=\u00a0\u00bbfull\u00a0\u00bb el_class=\u00a0\u00bbhelp-highlights-img\u00a0\u00bb][vc_column_text]S\u00e9lectionnez ensuite le niveau de droits que vous souhaitez attribuer \u00e0 l&rsquo;utilisateur, puis appuyez sur\u00a0<strong>Sauvegarder<\/strong>.[\/vc_column_text][vc_single_image image=\u00a0\u00bb2064&Prime; img_size=\u00a0\u00bbfull\u00a0\u00bb el_class=\u00a0\u00bbhelp-highlights-img\u00a0\u00bb][vc_empty_space height=\u00a0\u00bb10px\u00a0\u00bb][vc_single_image image=\u00a0\u00bb2079&Prime; img_size=\u00a0\u00bbfull\u00a0\u00bb][\/vc_column][\/vc_row]<\/p>\n<\/div>","protected":false},"excerpt":{"rendered":"<p>[vc_row el_class=\u00a0\u00bbhelp-text-block\u00a0\u00bb][vc_column][vc_column_text el_class=\u00a0\u00bbhelp-title\u00a0\u00bb] AIDE [\/vc_column_text][vc_column_text el_class=\u00a0\u00bbhelp-subtitle\u00a0\u00bb] Guide d\u2019utilisation de ConsignO Cloud [\/vc_column_text][\/vc_column][\/vc_row][vc_row el_class=\u00a0\u00bbhelp-text-block\u00a0\u00bb][vc_column][vc_column_text el_class=\u00a0\u00bbhelp-title-text\u00a0\u00bb] G\u00e9rer les droits dans un groupe [\/vc_column_text][vc_raw_html]JTNDcCUzRURpc3BvbmlibGUlMjBhdmVjJTIwJTNBJTIwJTNDc3BhbiUyMGNsYXNzJTNEJTIydHlwZS1wcm9kdWN0LWluc2lkZSUyMiUzRSUyMCUzQ2klMjBjbGFzcyUzRCUyMmZhcyUyMGZhLWNpcmNsZSUyMGJsdWUlMjIlM0UlM0MlMkZpJTNFJTIwRm9yZmFpdHMlMjBhZmZhaXJlcyUyMDUlMjBldCUyMDIwJTIwJTNDaSUyMGNsYXNzJTNEJTIyZmFzJTIwZmEtY2lyY2xlJTIwb3JhbmdlJTIyJTNFJTNDJTJGaSUzRSUyMEZvcmZhaXQlMjBlbnRyZXByaXNlJTNDJTJGc3BhbiUzRSUzQyUyRnAlM0U=[\/vc_raw_html][vc_column_text]Les utilisateurs d\u2019un groupe peuvent avoir des droits diff\u00e9rents en fonction des besoins li\u00e9s aux projets de signature. Si vous d\u00e9tenez un r\u00f4le Administrateur ou Gestionnaire, vous pouvez attribuer ou modifier le niveau de droits&hellip;<\/p>\n","protected":false},"author":29,"featured_media":0,"parent":0,"menu_order":0,"comment_status":"closed","ping_status":"closed","template":"","meta":{"footnotes":""},"class_list":["post-1085","page","type-page","status-publish","hentry","description-off"],"_links":{"self":[{"href":"https:\/\/consignocloud.com\/fr\/wp-json\/wp\/v2\/pages\/1085","targetHints":{"allow":["GET"]}}],"collection":[{"href":"https:\/\/consignocloud.com\/fr\/wp-json\/wp\/v2\/pages"}],"about":[{"href":"https:\/\/consignocloud.com\/fr\/wp-json\/wp\/v2\/types\/page"}],"author":[{"embeddable":true,"href":"https:\/\/consignocloud.com\/fr\/wp-json\/wp\/v2\/users\/29"}],"replies":[{"embeddable":true,"href":"https:\/\/consignocloud.com\/fr\/wp-json\/wp\/v2\/comments?post=1085"}],"version-history":[{"count":0,"href":"https:\/\/consignocloud.com\/fr\/wp-json\/wp\/v2\/pages\/1085\/revisions"}],"wp:attachment":[{"href":"https:\/\/consignocloud.com\/fr\/wp-json\/wp\/v2\/media?parent=1085"}],"curies":[{"name":"wp","href":"https:\/\/api.w.org\/{rel}","templated":true}]}}