{"id":1076,"date":"2019-02-02T01:03:12","date_gmt":"2019-02-02T01:03:12","guid":{"rendered":"http:\/\/consignostage.wpenginepowered.com\/?page_id=1076"},"modified":"2019-02-02T01:03:12","modified_gmt":"2019-02-02T01:03:12","slug":"gerer-le-carnet-dadresses-de-lorganisation","status":"publish","type":"page","link":"https:\/\/consignocloud.com\/fr\/gerer-le-carnet-dadresses-de-lorganisation\/","title":{"rendered":"G\u00e9rer le carnet d\u2019adresses de l\u2019organisation"},"content":{"rendered":"<div class=\"wpb-content-wrapper\"><p>[vc_row el_class=\u00a0\u00bbhelp-text-block\u00a0\u00bb][vc_column][vc_column_text el_class=\u00a0\u00bbhelp-title\u00a0\u00bb]<\/p>\n<h1 style=\"text-align: center;\">AIDE<\/h1>\n<p>[\/vc_column_text][vc_column_text el_class=\u00a0\u00bbhelp-subtitle\u00a0\u00bb]<\/p>\n<h2 style=\"text-align: center;\">Guide d\u2019utilisation de ConsignO Cloud<\/h2>\n<p>[\/vc_column_text][\/vc_column][\/vc_row][vc_row el_class=\u00a0\u00bbhelp-text-block\u00a0\u00bb][vc_column][vc_column_text el_class=\u00a0\u00bbhelp-title-text\u00a0\u00bb]<\/p>\n<h3 style=\"text-align: center;\">G\u00e9rer le carnet d&rsquo;adresses de l&rsquo;organisation<\/h3>\n<p>[\/vc_column_text][vc_raw_html]JTNDcCUzRURpc3BvbmlibGUlMjBhdmVjJTIwJTNBJTIwJTNDc3BhbiUyMGNsYXNzJTNEJTIydHlwZS1wcm9kdWN0LWluc2lkZSUyMiUzRSUzQ2klMjBjbGFzcyUzRCUyMmZhcyUyMGZhLWNpcmNsZSUyMGJsdWUlMjIlM0UlM0MlMkZpJTNFJTIwRm9yZmFpdCUyMGFmZmFpcmVzJTIwJTNDaSUyMGNsYXNzJTNEJTIyZmFzJTIwZmEtY2lyY2xlJTIwb3JhbmdlJTIyJTNFJTNDJTJGaSUzRSUyMEZvcmZhaXQlMjBlbnRyZXByaXNlJTNDJTJGc3BhbiUzRSUzQyUyRnAlM0U=[\/vc_raw_html][vc_column_text]Tous les utilisateurs de l\u2019organisation ont acc\u00e8s au carnet d&rsquo;adresses de l&rsquo;organisation, mais seuls les utilisateurs ayant l\u2019un des r\u00f4les additionnels suivants peuvent le modifier :<\/p>\n<ul>\n<li>Administrateur<\/li>\n<li>Gestionnaire<\/li>\n<li>Secr\u00e9taire<\/li>\n<li>\u00c9diteur<\/li>\n<\/ul>\n<p>L&rsquo;ajout d\u2019un signataire ainsi que les modifications se font de la m\u00eame mani\u00e8re que pour le carnet d&rsquo;adresses personnel (voir <a href=\"https:\/\/consignocloud.com\/fr\/gerer-le-carnet-dadresses\/\">G\u00e9rer le carnet d&rsquo;adresses<\/a>).[\/vc_column_text][vc_column_text el_class=\u00a0\u00bbhelp-highlights-title\u00a0\u00bb]<\/p>\n<h3><strong>ACC\u00c9DER AU CARNET D&rsquo;ADRESSES DE L\u2019ORGANISATION<\/strong><\/h3>\n<p>[\/vc_column_text][vc_column_text]Depuis le tableau de bord, cliquez sur\u00a0<strong>la fl\u00e8che du menu d\u00e9roulant \u00e0 droite de votre\u00a0nom<\/strong>, puis s\u00e9lectionnez\u00a0<strong>Carnet d&rsquo;adresses<\/strong> pour ouvrir le carnet d&rsquo;adresses.[\/vc_column_text][vc_single_image image=\u00a0\u00bb1077&Prime; img_size=\u00a0\u00bbfull\u00a0\u00bb el_class=\u00a0\u00bbhelp-highlights-img\u00a0\u00bb][vc_single_image image=\u00a0\u00bb1079&Prime; img_size=\u00a0\u00bbfull\u00a0\u00bb el_class=\u00a0\u00bbhelp-highlights-img\u00a0\u00bb][vc_column_text el_class=\u00a0\u00bbhelp-highlights-txt\u00a0\u00bb]<em><img loading=\"lazy\" decoding=\"async\" class=\"alignnone size-full wp-image-871\" src=\"http:\/\/consignocloud.com\/wp-content\/uploads\/2019\/02\/icon-infos-small.png\" alt=\"\" width=\"16\" height=\"16\" \/><\/em>\u00a0L\u2019ic\u00f4ne bleue de l\u2019organisation s\u2019affiche \u00e0 droite du nom des contacts faisant partie du carnet d&rsquo;adresses de l&rsquo;organisation.[\/vc_column_text][vc_column_text]Cliquez sur le bouton\u00a0<strong>Tous<\/strong> pour afficher tous les contacts ou s\u00e9lectionnez le carnet d\u2019adresses que vous souhaitez consulter.[\/vc_column_text][vc_single_image image=\u00a0\u00bb1081&Prime; img_size=\u00a0\u00bbfull\u00a0\u00bb el_class=\u00a0\u00bbhelp-highlights-img\u00a0\u00bb][vc_column_text el_class=\u00a0\u00bbhelp-highlights-title\u00a0\u00bb]<\/p>\n<h3><strong>S\u00c9LECTIONNER DANS QUEL CARNET D&rsquo;ADRESSES AJOUTER UN CONTACT<\/strong><\/h3>\n<p>[\/vc_column_text][vc_column_text]Si vous d\u00e9tenez un r\u00f4le suppl\u00e9mentaire vous permettant de modifier le carnet d\u2019adresses de l\u2019organisation, vous devez s\u00e9lectionner dans quel carnet d\u2019adresses vous souhaitez ajouter un contact (le v\u00f4tre ou celui de l\u2019organisation).[\/vc_column_text][vc_single_image image=\u00a0\u00bb1083&Prime; img_size=\u00a0\u00bbfull\u00a0\u00bb el_class=\u00a0\u00bbhelp-highlights-img\u00a0\u00bb][vc_empty_space height=\u00a0\u00bb80px\u00a0\u00bb][\/vc_column][\/vc_row]<\/p>\n<\/div>","protected":false},"excerpt":{"rendered":"<p>[vc_row el_class=\u00a0\u00bbhelp-text-block\u00a0\u00bb][vc_column][vc_column_text el_class=\u00a0\u00bbhelp-title\u00a0\u00bb] AIDE [\/vc_column_text][vc_column_text el_class=\u00a0\u00bbhelp-subtitle\u00a0\u00bb] Guide d\u2019utilisation de ConsignO Cloud [\/vc_column_text][\/vc_column][\/vc_row][vc_row el_class=\u00a0\u00bbhelp-text-block\u00a0\u00bb][vc_column][vc_column_text el_class=\u00a0\u00bbhelp-title-text\u00a0\u00bb] G\u00e9rer le carnet d&rsquo;adresses de l&rsquo;organisation [\/vc_column_text][vc_raw_html]JTNDcCUzRURpc3BvbmlibGUlMjBhdmVjJTIwJTNBJTIwJTNDc3BhbiUyMGNsYXNzJTNEJTIydHlwZS1wcm9kdWN0LWluc2lkZSUyMiUzRSUzQ2klMjBjbGFzcyUzRCUyMmZhcyUyMGZhLWNpcmNsZSUyMGJsdWUlMjIlM0UlM0MlMkZpJTNFJTIwRm9yZmFpdCUyMGFmZmFpcmVzJTIwJTNDaSUyMGNsYXNzJTNEJTIyZmFzJTIwZmEtY2lyY2xlJTIwb3JhbmdlJTIyJTNFJTNDJTJGaSUzRSUyMEZvcmZhaXQlMjBlbnRyZXByaXNlJTNDJTJGc3BhbiUzRSUzQyUyRnAlM0U=[\/vc_raw_html][vc_column_text]Tous les utilisateurs de l\u2019organisation ont acc\u00e8s au carnet d&rsquo;adresses de l&rsquo;organisation, mais seuls les utilisateurs ayant l\u2019un des r\u00f4les additionnels suivants peuvent le modifier : Administrateur Gestionnaire Secr\u00e9taire \u00c9diteur L&rsquo;ajout d\u2019un signataire ainsi que&hellip;<\/p>\n","protected":false},"author":29,"featured_media":0,"parent":0,"menu_order":0,"comment_status":"closed","ping_status":"closed","template":"","meta":{"footnotes":""},"class_list":["post-1076","page","type-page","status-publish","hentry","description-off"],"_links":{"self":[{"href":"https:\/\/consignocloud.com\/fr\/wp-json\/wp\/v2\/pages\/1076","targetHints":{"allow":["GET"]}}],"collection":[{"href":"https:\/\/consignocloud.com\/fr\/wp-json\/wp\/v2\/pages"}],"about":[{"href":"https:\/\/consignocloud.com\/fr\/wp-json\/wp\/v2\/types\/page"}],"author":[{"embeddable":true,"href":"https:\/\/consignocloud.com\/fr\/wp-json\/wp\/v2\/users\/29"}],"replies":[{"embeddable":true,"href":"https:\/\/consignocloud.com\/fr\/wp-json\/wp\/v2\/comments?post=1076"}],"version-history":[{"count":0,"href":"https:\/\/consignocloud.com\/fr\/wp-json\/wp\/v2\/pages\/1076\/revisions"}],"wp:attachment":[{"href":"https:\/\/consignocloud.com\/fr\/wp-json\/wp\/v2\/media?parent=1076"}],"curies":[{"name":"wp","href":"https:\/\/api.w.org\/{rel}","templated":true}]}}