{"id":1053,"date":"2019-02-02T00:21:31","date_gmt":"2019-02-02T00:21:31","guid":{"rendered":"http:\/\/consignostage.wpenginepowered.com\/?page_id=1053"},"modified":"2022-05-10T14:53:58","modified_gmt":"2022-05-10T19:53:58","slug":"gerer-les-utilisateurs","status":"publish","type":"page","link":"https:\/\/consignocloud.com\/fr\/gerer-les-utilisateurs\/","title":{"rendered":"G\u00e9rer les utilisateurs"},"content":{"rendered":"<div class=\"wpb-content-wrapper\"><p>[vc_row el_class=\u00a0\u00bbhelp-text-block\u00a0\u00bb][vc_column][vc_column_text el_class=\u00a0\u00bbhelp-title\u00a0\u00bb]<\/p>\n<h1 style=\"text-align: center;\">AIDE<\/h1>\n<p>[\/vc_column_text][vc_column_text el_class=\u00a0\u00bbhelp-subtitle\u00a0\u00bb]<\/p>\n<h2 style=\"text-align: center;\">Guide d\u2019utilisation de ConsignO Cloud<\/h2>\n<p>[\/vc_column_text][\/vc_column][\/vc_row][vc_row el_class=\u00a0\u00bbhelp-text-block\u00a0\u00bb][vc_column][vc_column_text el_class=\u00a0\u00bbhelp-title-text\u00a0\u00bb]<\/p>\n<h3 style=\"text-align: center;\">G\u00e9rer les utilisateurs<\/h3>\n<p>[\/vc_column_text][vc_raw_html]JTNDcCUzRURpc3BvbmlibGUlMjBhdmVjJTIwJTNBJTIwJTNDc3BhbiUyMGNsYXNzJTNEJTIydHlwZS1wcm9kdWN0LWluc2lkZSUyMiUzRSUzQ2klMjBjbGFzcyUzRCUyMmZhcyUyMGZhLWNpcmNsZSUyMGJsdWUlMjIlM0UlM0MlMkZpJTNFJTIwRm9yZmFpdCUyMGFmZmFpcmVzJTIwJTNDaSUyMGNsYXNzJTNEJTIyZmFzJTIwZmEtY2lyY2xlJTIwb3JhbmdlJTIyJTNFJTNDJTJGaSUzRSUyMEZvcmZhaXQlMjBlbnRyZXByaXNlJTNDJTJGc3BhbiUzRSUzQyUyRnAlM0U=[\/vc_raw_html][vc_column_text]Seuls les utilisateurs qui d\u00e9tiennent un r\u00f4le <strong>Administrateur<\/strong> ou <strong>Gestionnaire<\/strong> associ\u00e9 \u00e0 un forfait <strong>Affaires<\/strong> ou <strong>Entreprise<\/strong> ont acc\u00e8s \u00e0 l\u2019option de gestion des utilisateurs.[\/vc_column_text][vc_column_text]1. Vous pouvez acc\u00e9der \u00e0 la page de gestion des utilisateurs en cliquant sur l&rsquo;ic\u00f4ne de gestion des utilisateurs situ\u00e9e dans la barre lat\u00e9rale gauche.[\/vc_column_text][vc_single_image image=\u00a0\u00bb1054&Prime; img_size=\u00a0\u00bbfull\u00a0\u00bb el_class=\u00a0\u00bbhelp-highlights-img\u00a0\u00bb][vc_column_text]2. La liste des utilisateurs li\u00e9s au compte de votre organisation s\u2019affichera.[\/vc_column_text][vc_single_image image=\u00a0\u00bb1056&Prime; img_size=\u00a0\u00bbfull\u00a0\u00bb el_class=\u00a0\u00bbhelp-highlights-img\u00a0\u00bb][vc_raw_html]JTNDYSUyMG5hbWUlM0QlMjJnZXJlci1sZXMtdXRpbGlzYXRldXJzJTIyJTIwY2xhc3MlM0QlMjJhbmNob3ItdG9wJTIyJTNFJTNDJTJGYSUzRQ==[\/vc_raw_html][vc_column_text]3. Vous pouvez assigner un r\u00f4le suppl\u00e9mentaire \u00e0 l&rsquo;utilisateur s\u00e9lectionn\u00e9 en cliquant sur l&rsquo;ic\u00f4ne de modification des r\u00f4les.<\/p>\n<p>Les r\u00f4les additionnels disponibles sont* :<\/p>\n<ul>\n<li>Administrateur : Droits de modifier tous les projets de l&rsquo;organisation, le contenu partag\u00e9, les param\u00e8tres de l&rsquo;organisation, la gestion des utilisateurs et la facturation;<\/li>\n<li>Gestionnaire : Droits de modifier le contenu partag\u00e9, les param\u00e8tres de l&rsquo;organisation, la gestion des utilisateurs et la facturation;<\/li>\n<li>Secr\u00e9taire : Droits d\u2019acc\u00e9der aux projets termin\u00e9s de l&rsquo;organisation et de modifier le contenu partag\u00e9;<\/li>\n<li>\u00c9diteur : Droits de modifier le contenu partag\u00e9;<\/li>\n<li>Instrumentant : Droits sur les projets cr\u00e9\u00e9s par l\u2019utilisateur et acc\u00e8s au contenu partag\u00e9;<\/li>\n<li>Instrumentant restreint aux groupes:\u00a0Doit faire parti d&rsquo;un groupe pour lancer des projets, n&rsquo;a pas acc\u00e8s \u00e0 un carnet d&rsquo;adresses individuel et ne peut \u00e9diter les signataires ajout\u00e9s \u00e0 un projet de signature.<\/li>\n<\/ul>\n<p><sup>* <\/sup>Les r\u00f4les disponibles et les droits qui y sont li\u00e9s peuvent varier en fonction des param\u00e8tres \u00e9tablis par votre organisation.[\/vc_column_text][vc_single_image image=\u00a0\u00bb1058&Prime; img_size=\u00a0\u00bbfull\u00a0\u00bb el_class=\u00a0\u00bbhelp-highlights-img\u00a0\u00bb][vc_single_image image=\u00a0\u00bb2254&Prime; img_size=\u00a0\u00bbfull\u00a0\u00bb el_class=\u00a0\u00bbhelp-highlights-img\u00a0\u00bb][vc_column_text]4. Vous pouvez retirer un utilisateur du compte de l\u2019organisation en cliquant sur la corbeille. La personne qui retire un utilisateur devra alors s&rsquo;assigner les projets de l\u2019utilisateur ou les assigner \u00e0 une autre personne li\u00e9e au compte de l&rsquo;organisation.[\/vc_column_text][vc_single_image image=\u00a0\u00bb1062&Prime; img_size=\u00a0\u00bbfull\u00a0\u00bb el_class=\u00a0\u00bbhelp-highlights-img\u00a0\u00bb][vc_single_image image=\u00a0\u00bb1064&Prime; img_size=\u00a0\u00bbfull\u00a0\u00bb el_class=\u00a0\u00bbhelp-highlights-img\u00a0\u00bb][vc_column_text]5. A) Vous pouvez \u00e9galement inviter un instrumentant (utilisateur) \u00e0 s\u2019inscrire dans le compte de l&rsquo;organisation.[\/vc_column_text][vc_single_image image=\u00a0\u00bb1066&Prime; img_size=\u00a0\u00bbfull\u00a0\u00bb el_class=\u00a0\u00bbhelp-highlights-img\u00a0\u00bb][vc_column_text]5. B) Entrez les informations requises sur l&rsquo;utilisateur que vous souhaitez inviter, puis cliquez sur <strong>Inviter<\/strong>. Pour le forfait <strong>Affaires<\/strong>, assurez-vous d\u2019avoir une licence disponible avant d&rsquo;inviter un nouvel utilisateur.[\/vc_column_text][vc_single_image image=\u00a0\u00bb1068&Prime; img_size=\u00a0\u00bbfull\u00a0\u00bb el_class=\u00a0\u00bbhelp-highlights-img\u00a0\u00bb][vc_column_text]5. C) L\u2019utilisateur recevra un courriel l\u2019invitant \u00e0 s\u2019inscrire.[\/vc_column_text][vc_single_image image=\u00a0\u00bb1070&Prime; img_size=\u00a0\u00bbfull\u00a0\u00bb el_class=\u00a0\u00bbhelp-highlights-img\u00a0\u00bb][vc_single_image image=\u00a0\u00bb1072&Prime; img_size=\u00a0\u00bbfull\u00a0\u00bb el_class=\u00a0\u00bbhelp-highlights-img\u00a0\u00bb][vc_column_text]5. D) Apr\u00e8s avoir cliqu\u00e9 sur le lien fourni, l\u2019utilisateur aura \u00e0 remplir un formulaire d\u2019invitation, puis \u00e0 valider ses informations \u00e0 l\u2019aide d\u2019un second facteur d&rsquo;authentification.[\/vc_column_text][vc_single_image image=\u00a0\u00bb1074&Prime; img_size=\u00a0\u00bbfull\u00a0\u00bb el_class=\u00a0\u00bbhelp-highlights-img\u00a0\u00bb][vc_empty_space height=\u00a0\u00bb80px\u00a0\u00bb][\/vc_column][\/vc_row]<\/p>\n<\/div>","protected":false},"excerpt":{"rendered":"<p>[vc_row el_class=\u00a0\u00bbhelp-text-block\u00a0\u00bb][vc_column][vc_column_text el_class=\u00a0\u00bbhelp-title\u00a0\u00bb] AIDE [\/vc_column_text][vc_column_text el_class=\u00a0\u00bbhelp-subtitle\u00a0\u00bb] Guide d\u2019utilisation de ConsignO Cloud [\/vc_column_text][\/vc_column][\/vc_row][vc_row el_class=\u00a0\u00bbhelp-text-block\u00a0\u00bb][vc_column][vc_column_text el_class=\u00a0\u00bbhelp-title-text\u00a0\u00bb] G\u00e9rer les utilisateurs [\/vc_column_text][vc_raw_html]JTNDcCUzRURpc3BvbmlibGUlMjBhdmVjJTIwJTNBJTIwJTNDc3BhbiUyMGNsYXNzJTNEJTIydHlwZS1wcm9kdWN0LWluc2lkZSUyMiUzRSUzQ2klMjBjbGFzcyUzRCUyMmZhcyUyMGZhLWNpcmNsZSUyMGJsdWUlMjIlM0UlM0MlMkZpJTNFJTIwRm9yZmFpdCUyMGFmZmFpcmVzJTIwJTNDaSUyMGNsYXNzJTNEJTIyZmFzJTIwZmEtY2lyY2xlJTIwb3JhbmdlJTIyJTNFJTNDJTJGaSUzRSUyMEZvcmZhaXQlMjBlbnRyZXByaXNlJTNDJTJGc3BhbiUzRSUzQyUyRnAlM0U=[\/vc_raw_html][vc_column_text]Seuls les utilisateurs qui d\u00e9tiennent un r\u00f4le Administrateur ou Gestionnaire associ\u00e9 \u00e0 un forfait Affaires ou Entreprise ont acc\u00e8s \u00e0 l\u2019option de gestion des utilisateurs.[\/vc_column_text][vc_column_text]1. Vous pouvez acc\u00e9der \u00e0 la page de gestion des utilisateurs en cliquant sur&hellip;<\/p>\n","protected":false},"author":29,"featured_media":0,"parent":0,"menu_order":0,"comment_status":"closed","ping_status":"closed","template":"","meta":{"footnotes":""},"class_list":["post-1053","page","type-page","status-publish","hentry","description-off"],"_links":{"self":[{"href":"https:\/\/consignocloud.com\/fr\/wp-json\/wp\/v2\/pages\/1053","targetHints":{"allow":["GET"]}}],"collection":[{"href":"https:\/\/consignocloud.com\/fr\/wp-json\/wp\/v2\/pages"}],"about":[{"href":"https:\/\/consignocloud.com\/fr\/wp-json\/wp\/v2\/types\/page"}],"author":[{"embeddable":true,"href":"https:\/\/consignocloud.com\/fr\/wp-json\/wp\/v2\/users\/29"}],"replies":[{"embeddable":true,"href":"https:\/\/consignocloud.com\/fr\/wp-json\/wp\/v2\/comments?post=1053"}],"version-history":[{"count":0,"href":"https:\/\/consignocloud.com\/fr\/wp-json\/wp\/v2\/pages\/1053\/revisions"}],"wp:attachment":[{"href":"https:\/\/consignocloud.com\/fr\/wp-json\/wp\/v2\/media?parent=1053"}],"curies":[{"name":"wp","href":"https:\/\/api.w.org\/{rel}","templated":true}]}}